{"id":76999,"date":"2026-03-19T15:43:06","date_gmt":"2026-03-19T15:43:06","guid":{"rendered":"https:\/\/soydeaqui.ddns.net\/pachuca\/index.php\/producto\/video-telefono-ip-empresarial-android-con-pantalla-tactil-1280x800-hasta-16-lineas-y-16-cuentas-sip\/"},"modified":"2026-03-19T15:43:20","modified_gmt":"2026-03-19T15:43:20","slug":"video-telefono-ip-empresarial-android-con-pantalla-tactil-1280x800-hasta-16-lineas-y-16-cuentas-sip","status":"publish","type":"product","link":"https:\/\/soydeaqui.ddns.net\/pachuca\/index.php\/producto\/video-telefono-ip-empresarial-android-con-pantalla-tactil-1280x800-hasta-16-lineas-y-16-cuentas-sip\/","title":{"rendered":"Video tel\u00e9fono IP  empresarial Android con pantalla t\u00e1ctil (1280&#215;800) hasta 16 l\u00edneas y 16 cuentas SIP"},"content":{"rendered":"<div style='width: 100%; max-width: 1200px; margin: 0 auto; font-family: sans-serif; line-height: 1.6; color: inherit; background-color: transparent;'>\n<div style='margin-bottom: 30px;'>\n<p style='font-size: 15px; color: inherit; margin-top: 0; margin-bottom: 15px;'>GXV3380&comma; combina un tel\u00e9fono de video IP de 16 l\u00edneas con una soluci\u00f3n de colaboraci\u00f3n multiplataforma y la funcionalidad de una tableta Android para ofrecer una soluci\u00f3n de comunicaciones todo en uno. Este tel\u00e9fono ofrece una experiencia poderosa a trav\u00e9s de su pantalla t\u00e1ctil capacitiva (1280&#215;800) de 8 pulgadas&comma; c\u00e1mara de 2 megap\u00edxeles&comma; entrada\/salida HDMI para compartir contenido&comma; micr\u00f3fonos duales y soporte para video HD de 1080p. El GXV3380 agrega dos puertos Gigabit con PoE \/ PoE +&comma; Wi-Fi (802.11ac) y compatibilidad con Bluetooth. Tambi\u00e9n ejecuta Android 7.x y ofrece acceso instant\u00e1neo a cientos de miles de aplicaciones. Al combinar un tel\u00e9fono de video IP de vanguardia&comma; una soluci\u00f3n avanzada de colaboraci\u00f3n y la funcionalidad de una tableta Android&comma; el GXV3380 ofrece a las empresas de todo el mundo una potente soluci\u00f3n de productividad y comunicaci\u00f3n de escritorio.<\/p>\n<\/p><\/div>\n<div style='margin-bottom: 30px;'>\n<h3 style='font-size: 22px; border-bottom: 2px solid currentColor; padding-bottom: 5px; margin-top: 0; color: inherit; opacity: 0.8;'>Caracter\u00edsticas Principales<\/h3>\n<ul style='padding-left: 20px; font-size: 15px; color: inherit; list-style-type: disc;'>\n<li style='margin-bottom: 5px;'>16 l\u00edneas con 16 cuentas SIP<\/li>\n<li style='margin-bottom: 5px;'>C\u00e1mara integrada de 2 megap\u00edxeles para videollamadas con obturador de privacidad<\/li>\n<li style='margin-bottom: 5px;'>Funciona con el sistema operativo Android 7.1.1<\/li>\n<li style='margin-bottom: 5px;'>Wifi 802.11 a\/b\/g\/n integrado de doble banda<\/li>\n<li style='margin-bottom: 5px;'>Altavoz HD de doble micr\u00f3fono con cancelaci\u00f3n de eco avanzada<\/li>\n<li style='margin-bottom: 5px;'>Procesador Quad-Core de 64 bits&comma; RAM de 2GB y memoria Flash de 16GB<\/li>\n<li style='margin-bottom: 5px;'>Pantalla LCD IPS t\u00e1ctil capacitiva de 10 puntos de 8 pulgadas (1280 x 800)<\/li>\n<li style='margin-bottom: 5px;'>Capacidad de conferencia de audio HD para 7 participantes y de video HD para 3 participantes<\/li>\n<li style='margin-bottom: 5px;'>Adaptador de corriente universal incluido: Entrada 100-240VAC 50-60Hz; Salida 12VDC<\/li>\n<li style='margin-bottom: 5px;'>Puerto PoE \/ PoE+ incorporado para alimentaci\u00f3n y conexi\u00f3n a la red 1.5A (18W) * 802.3af Clase 3&comma; PoE + 802.3at&comma; Clase 4<\/li>\n<\/ul><\/div>\n<div style='margin-bottom: 30px;'>\n<h3 style='font-size: 22px; border-bottom: 2px solid currentColor; padding-bottom: 5px; margin-top: 0; color: inherit; opacity: 0.8;'>Contenido de la Caja<\/h3>\n<p style='font-size: 15px; color: inherit; margin-bottom: 0;'>Tel\u00e9fono GXV3380&comma; auricular con cable&comma; base&comma; fuente de alimentaci\u00f3n universal&comma; cable de red&comma; pa\u00f1o de limpieza de pantalla&comma; gu\u00eda de instalaci\u00f3n r\u00e1pida&comma; folleto&comma; licencia GPL<\/p>\n<\/p><\/div>\n<div style='margin-bottom: 30px;'>\n<h3 style='font-size: 22px; border-bottom: 2px solid currentColor; padding-bottom: 5px; margin-top: 0; color: inherit; opacity: 0.8;'>Especificaciones T\u00e9cnicas<\/h3>\n<div style='display: flex; flex-wrap: wrap; gap: 20px;'>\n<div style='flex: 1 1 250px; border: 1px solid rgba(150&comma; 150&comma; 150&comma; 0.4); border-radius: 8px; overflow: hidden; display: flex; flex-direction: column;'>\n<div style='padding: 15px; border-bottom: 1px solid rgba(150&comma; 150&comma; 150&comma; 0.2); font-weight: bold; font-size: 18px; color: inherit;'>Interfaces de Red<\/div>\n<div style='padding: 15px; color: inherit;'>\n<ul style='padding-left: 20px; margin: 0; font-size: 14px; list-style-type: disc;'>\n<li style='margin-bottom: 5px;'>Dos puertos conmutados de 10\/100\/1000 Mbps con PoE\/PoE+ integrado<\/li>\n<\/ul><\/div>\n<\/p><\/div>\n<div style='flex: 1 1 250px; border: 1px solid rgba(150&comma; 150&comma; 150&comma; 0.4); border-radius: 8px; overflow: hidden; display: flex; flex-direction: column;'>\n<div style='padding: 15px; border-bottom: 1px solid rgba(150&comma; 150&comma; 150&comma; 0.2); font-weight: bold; font-size: 18px; color: inherit;'>Visualizaci\u00f3n Gr\u00e1fica<\/div>\n<div style='padding: 15px; color: inherit;'>\n<ul style='padding-left: 20px; margin: 0; font-size: 14px; list-style-type: disc;'>\n<li style='margin-bottom: 5px;'>Pantalla LCD IPS t\u00e1ctil capacitiva de 8 pulgadas (1280\u00d7800) (10 puntos)<\/li>\n<\/ul><\/div>\n<\/p><\/div>\n<div style='flex: 1 1 250px; border: 1px solid rgba(150&comma; 150&comma; 150&comma; 0.4); border-radius: 8px; overflow: hidden; display: flex; flex-direction: column;'>\n<div style='padding: 15px; border-bottom: 1px solid rgba(150&comma; 150&comma; 150&comma; 0.2); font-weight: bold; font-size: 18px; color: inherit;'>C\u00e1mara<\/div>\n<div style='padding: 15px; color: inherit;'>\n<ul style='padding-left: 20px; margin: 0; font-size: 14px; list-style-type: disc;'>\n<li style='margin-bottom: 5px;'>C\u00e1mara CMOS inclinable de 2 megap\u00edxeles con obturador de privacidad&comma; 1080p@30fps<\/li>\n<\/ul><\/div>\n<\/p><\/div>\n<div style='flex: 1 1 250px; border: 1px solid rgba(150&comma; 150&comma; 150&comma; 0.4); border-radius: 8px; overflow: hidden; display: flex; flex-direction: column;'>\n<div style='padding: 15px; border-bottom: 1px solid rgba(150&comma; 150&comma; 150&comma; 0.2); font-weight: bold; font-size: 18px; color: inherit;'>Bluetooth<\/div>\n<div style='padding: 15px; color: inherit;'>\n<ul style='padding-left: 20px; margin: 0; font-size: 14px; list-style-type: disc;'>\n<li style='margin-bottom: 5px;'>S\u00ed&comma; Bluetooth 4.2 integrado + EDR<\/li>\n<\/ul><\/div>\n<\/p><\/div>\n<div style='flex: 1 1 250px; border: 1px solid rgba(150&comma; 150&comma; 150&comma; 0.4); border-radius: 8px; overflow: hidden; display: flex; flex-direction: column;'>\n<div style='padding: 15px; border-bottom: 1px solid rgba(150&comma; 150&comma; 150&comma; 0.2); font-weight: bold; font-size: 18px; color: inherit;'>Teclas de Funci\u00f3n<\/div>\n<div style='padding: 15px; color: inherit;'>\n<ul style='padding-left: 20px; margin: 0; font-size: 14px; list-style-type: disc;'>\n<li style='margin-bottom: 5px;'>2 teclas de funci\u00f3n VOLUMEN +\/-&comma; 3 teclas Android dedicadas INICIO&comma; MEN\u00da&comma; y REGRESAR<\/li>\n<\/ul><\/div>\n<\/p><\/div>\n<div style='flex: 1 1 250px; border: 1px solid rgba(150&comma; 150&comma; 150&comma; 0.4); border-radius: 8px; overflow: hidden; display: flex; flex-direction: column;'>\n<div style='padding: 15px; border-bottom: 1px solid rgba(150&comma; 150&comma; 150&comma; 0.2); font-weight: bold; font-size: 18px; color: inherit;'>Implementaci\u00f3n de Aplicaciones<\/div>\n<div style='padding: 15px; color: inherit;'>\n<ul style='padding-left: 20px; margin: 0; font-size: 14px; list-style-type: disc;'>\n<li style='margin-bottom: 5px;'>Soporta aplicaciones compatibles con Android 7 que ser\u00e1n desarrolladas&comma; descargadas e integradas en el dispositivo con control de aprovisionamiento<\/li>\n<\/ul><\/div>\n<\/p><\/div>\n<div style='flex: 1 1 250px; border: 1px solid rgba(150&comma; 150&comma; 150&comma; 0.4); border-radius: 8px; overflow: hidden; display: flex; flex-direction: column;'>\n<div style='padding: 15px; border-bottom: 1px solid rgba(150&comma; 150&comma; 150&comma; 0.2); font-weight: bold; font-size: 18px; color: inherit;'>C\u00f3decs de Voz<\/div>\n<div style='padding: 15px; color: inherit;'>\n<ul style='padding-left: 20px; margin: 0; font-size: 14px; list-style-type: disc;'>\n<li style='margin-bottom: 5px;'>G.711\u00b5\/a&comma; G.722 (banda ancha)&comma; G.726-32&comma; iLBC&comma; Opus&comma; G.729A\/B&comma; DTMF en la banda y fuera de la banda (Audio de entrada&comma; RFC2833&comma; SIP INFO)&comma; VAD&comma; CNG&comma; AEC&comma; PLC&comma; AJB&comma; AGC&comma; ANS<\/li>\n<\/ul><\/div>\n<\/p><\/div>\n<\/p><\/div>\n<\/p><\/div>\n<hr style='border: 0; border-top: 1px solid rgba(150&comma; 150&comma; 150&comma; 0.3); margin: 30px 0;'> <\/div>\n","protected":false},"excerpt":{"rendered":"<p>Video tel\u00e9fono IP  empresarial Android con pantalla t\u00e1ctil (1280&#215;800) hasta 16 l\u00edneas y 16 cuentas SIP<\/p>\n","protected":false},"featured_media":76998,"comment_status":"open","ping_status":"closed","template":"","meta":[],"product_brand":[],"product_cat":[2003],"product_tag":[909,2005,2004],"class_list":{"0":"post-76999","1":"product","2":"type-product","3":"status-publish","4":"has-post-thumbnail","6":"product_cat-telefonos-ip","7":"product_tag-grandstream","8":"product_tag-telefonos-ip","9":"product_tag-voip-telefonia-ip-videoconferencia","11":"first","12":"outofstock","13":"sale","14":"shipping-taxable","15":"purchasable","16":"product-type-simple"},"_links":{"self":[{"href":"https:\/\/soydeaqui.ddns.net\/pachuca\/index.php\/wp-json\/wp\/v2\/product\/76999","targetHints":{"allow":["GET"]}}],"collection":[{"href":"https:\/\/soydeaqui.ddns.net\/pachuca\/index.php\/wp-json\/wp\/v2\/product"}],"about":[{"href":"https:\/\/soydeaqui.ddns.net\/pachuca\/index.php\/wp-json\/wp\/v2\/types\/product"}],"replies":[{"embeddable":true,"href":"https:\/\/soydeaqui.ddns.net\/pachuca\/index.php\/wp-json\/wp\/v2\/comments?post=76999"}],"wp:featuredmedia":[{"embeddable":true,"href":"https:\/\/soydeaqui.ddns.net\/pachuca\/index.php\/wp-json\/wp\/v2\/media\/76998"}],"wp:attachment":[{"href":"https:\/\/soydeaqui.ddns.net\/pachuca\/index.php\/wp-json\/wp\/v2\/media?parent=76999"}],"wp:term":[{"taxonomy":"product_brand","embeddable":true,"href":"https:\/\/soydeaqui.ddns.net\/pachuca\/index.php\/wp-json\/wp\/v2\/product_brand?post=76999"},{"taxonomy":"product_cat","embeddable":true,"href":"https:\/\/soydeaqui.ddns.net\/pachuca\/index.php\/wp-json\/wp\/v2\/product_cat?post=76999"},{"taxonomy":"product_tag","embeddable":true,"href":"https:\/\/soydeaqui.ddns.net\/pachuca\/index.php\/wp-json\/wp\/v2\/product_tag?post=76999"}],"curies":[{"name":"wp","href":"https:\/\/api.w.org\/{rel}","templated":true}]}}