{"id":76984,"date":"2026-03-19T15:42:33","date_gmt":"2026-03-19T15:42:33","guid":{"rendered":"https:\/\/soydeaqui.ddns.net\/pachuca\/index.php\/producto\/switch-de-escritorio-gigabit-de-5-puertos-10-100-1000mbps-carcasa-metalica\/"},"modified":"2026-03-19T15:42:46","modified_gmt":"2026-03-19T15:42:46","slug":"switch-de-escritorio-gigabit-de-5-puertos-10-100-1000mbps-carcasa-metalica","status":"publish","type":"product","link":"https:\/\/soydeaqui.ddns.net\/pachuca\/index.php\/producto\/switch-de-escritorio-gigabit-de-5-puertos-10-100-1000mbps-carcasa-metalica\/","title":{"rendered":"Switch de escritorio Gigabit de 5 puertos 10\/100\/1000Mbps, carcasa met\u00e1lica"},"content":{"rendered":"<div style='width: 100%; max-width: 1200px; margin: 0 auto; font-family: sans-serif; line-height: 1.6; color: inherit; background-color: transparent;'>\n<div style='margin: 30px 0;'>\n<p style='color: #32343a; font-size: 20px; text-align: center; text-stroke: 1px rgba(0&comma; 0&comma; 0&comma; 0); background-color: #ffffff;'> Los conmutadores no administrados de la serie TP-Link LiteWave proporcionan una forma f\u00e1cil y econ\u00f3mica de expandir su red cableada. Son f\u00e1ciles de usar y confiables. Con estos conmutadores plug-and-play&comma; puedes expandir tus conexiones de red a m\u00faltiples dispositivos al instante. Con todos los puertos compatibles con Auto-MDI \/ MDIX&comma; no hay necesidad de preocuparse por el tipo de cable a utilizar. <\/p>\n<\/p><\/div>\n<div style='margin: 30px 0;'>\n<h3 style='font-size: 22px; border-bottom: 2px solid currentColor; padding-bottom: 5px; margin-top: 0; color: inherit; opacity: 0.8;'>Caracter\u00edsticas principales<\/h3>\n<ul style='padding-left: 20px; font-size: 15px; color: inherit;'>\n<li style='margin-bottom: 5px;'>Puerto RJ45 de negociaci\u00f3n autom\u00e1tica de 10\/100 \/ 1000Mbos que admite Auto-MDI \/ MDIX<\/li>\n<li style='margin-bottom: 5px;'>La tecnolog\u00eda Green Ethernet ahorra energ\u00eda<\/li>\n<li style='margin-bottom: 5px;'>El control de flujo IEEE 802.3X proporciona transferencia de datos confiable<\/li>\n<li style='margin-bottom: 5px;'>Carcasa de acero&comma; dise\u00f1o de escritorio o montaje en pared.<\/li>\n<li style='margin-bottom: 5px;'>Admite la funci\u00f3n 802.1p \/ DSCP QoS<\/li>\n<\/ul><\/div>\n<div style='display: flex; flex-wrap: wrap; gap: 30px; margin: 30px 0;'>\n<div style='flex: 1 1 300px; min-width: 280px;'>\n<h3 style='font-size: 22px; border-bottom: 2px solid currentColor; padding-bottom: 5px; margin-top: 0; color: inherit; opacity: 0.8;'>CARACTER\u00cdSTICAS DE HARDWARE<\/h3>\n<ul style='padding-left: 20px; font-size: 14px; color: inherit;'>\n<li style='margin-bottom: 5px;'><strong>Est\u00e1ndares y Protocolos:<\/strong> IEEE 802.3i\/802.3u\/ 802.3ab\/802.3x&comma; IEEE 802.1p<\/li>\n<li style='margin-bottom: 5px;'><strong>Interface:<\/strong> 5 10\/100\/1000Mbps&comma; Auto-Negotiation&comma; Auto-MDI\/MDIX Ports<\/li>\n<li style='margin-bottom: 5px;'><strong>Cantidad de Ventiladores:<\/strong> Fanless<\/li>\n<li style='margin-bottom: 5px;'><strong>Fuente de Alimentaci\u00f3n Externa:<\/strong> External Power Adapter (Output: 5VDC \/ 0.6A)<\/li>\n<li style='margin-bottom: 5px;'><strong>Indicador LED:<\/strong> System Power&comma; Link\/Act indicators per port built into each RJ-45 port<\/li>\n<li style='margin-bottom: 5px;'><strong>Dimensiones (W X D X H):<\/strong> 3.9 x 3.9 x 1.0 in. (99.8 x 98 x 25 mm)<\/li>\n<li style='margin-bottom: 5px;'><strong>Consumo M\u00e1ximo de energ\u00eda:<\/strong> 2.776W (220V\/50Hz)<\/li>\n<li style='margin-bottom: 5px;'><strong>Disipaci\u00f3n M\u00e1xima de Calor:<\/strong> 9.466 BTU\/h<\/li>\n<\/ul><\/div>\n<div style='flex: 1 1 300px; min-width: 280px;'>\n<h3 style='font-size: 22px; border-bottom: 2px solid currentColor; padding-bottom: 5px; margin-top: 0; color: inherit; opacity: 0.8;'>RENDIMIENTO<\/h3>\n<ul style='padding-left: 20px; font-size: 14px; color: inherit;'>\n<li style='margin-bottom: 5px;'><strong>Tasa de Reenv\u00edo de Paquetes:<\/strong> 7.4 Mpps<\/li>\n<li style='margin-bottom: 5px;'><strong>Tabla de MAC Address:<\/strong> 2K<\/li>\n<li style='margin-bottom: 5px;'><strong>Paquetes de Memoria de b\u00fafer:<\/strong> 1 Mb<\/li>\n<li style='margin-bottom: 5px;'><strong>Jumbo Frame:<\/strong> 16 KB<\/li>\n<\/ul><\/div>\n<\/p><\/div>\n<hr style='border: 0; border-top: 1px solid rgba(150&comma; 150&comma; 150&comma; 0.3); margin: 30px 0;'> <\/div>\n","protected":false},"excerpt":{"rendered":"<p>Switch de escritorio Gigabit de 5 puertos 10\/100\/1000Mbps, carcasa met\u00e1lica<\/p>\n","protected":false},"featured_media":76983,"comment_status":"open","ping_status":"closed","template":"","meta":[],"product_brand":[],"product_cat":[1970],"product_tag":[664,1971,71],"class_list":{"0":"post-76984","1":"product","2":"type-product","3":"status-publish","4":"has-post-thumbnail","6":"product_cat-switches","7":"product_tag-networking","8":"product_tag-switches","9":"product_tag-tp-link","11":"first","12":"instock","13":"sale","14":"shipping-taxable","15":"purchasable","16":"product-type-simple"},"_links":{"self":[{"href":"https:\/\/soydeaqui.ddns.net\/pachuca\/index.php\/wp-json\/wp\/v2\/product\/76984","targetHints":{"allow":["GET"]}}],"collection":[{"href":"https:\/\/soydeaqui.ddns.net\/pachuca\/index.php\/wp-json\/wp\/v2\/product"}],"about":[{"href":"https:\/\/soydeaqui.ddns.net\/pachuca\/index.php\/wp-json\/wp\/v2\/types\/product"}],"replies":[{"embeddable":true,"href":"https:\/\/soydeaqui.ddns.net\/pachuca\/index.php\/wp-json\/wp\/v2\/comments?post=76984"}],"wp:featuredmedia":[{"embeddable":true,"href":"https:\/\/soydeaqui.ddns.net\/pachuca\/index.php\/wp-json\/wp\/v2\/media\/76983"}],"wp:attachment":[{"href":"https:\/\/soydeaqui.ddns.net\/pachuca\/index.php\/wp-json\/wp\/v2\/media?parent=76984"}],"wp:term":[{"taxonomy":"product_brand","embeddable":true,"href":"https:\/\/soydeaqui.ddns.net\/pachuca\/index.php\/wp-json\/wp\/v2\/product_brand?post=76984"},{"taxonomy":"product_cat","embeddable":true,"href":"https:\/\/soydeaqui.ddns.net\/pachuca\/index.php\/wp-json\/wp\/v2\/product_cat?post=76984"},{"taxonomy":"product_tag","embeddable":true,"href":"https:\/\/soydeaqui.ddns.net\/pachuca\/index.php\/wp-json\/wp\/v2\/product_tag?post=76984"}],"curies":[{"name":"wp","href":"https:\/\/api.w.org\/{rel}","templated":true}]}}