{"id":76928,"date":"2026-03-19T15:40:16","date_gmt":"2026-03-19T15:40:16","guid":{"rendered":"https:\/\/soydeaqui.ddns.net\/pachuca\/index.php\/producto\/antena-sectorial-de-70-de-apertura-en-2-4-ghz-de-14-dbi-conectores-n-hembra-polaridad-cruzada\/"},"modified":"2026-03-19T15:40:27","modified_gmt":"2026-03-19T15:40:27","slug":"antena-sectorial-de-70-de-apertura-en-2-4-ghz-de-14-dbi-conectores-n-hembra-polaridad-cruzada","status":"publish","type":"product","link":"https:\/\/soydeaqui.ddns.net\/pachuca\/index.php\/producto\/antena-sectorial-de-70-de-apertura-en-2-4-ghz-de-14-dbi-conectores-n-hembra-polaridad-cruzada\/","title":{"rendered":"Antena Sectorial de 70\u00b0 de Apertura en 2.4 GHz de 14 dBi, Conectores N-Hembra, Polaridad Cruzada"},"content":{"rendered":"<div style='width: 100%; max-width: 1200px; margin: 0 auto; font-family: sans-serif; line-height: 1.6; color: inherit; background-color: transparent;'> <!-- Imagen principal --> <img style='width: 100%; height: auto; border: 1px solid rgba(150&comma;150&comma;150&comma;0.3); border-radius: 8px; display: block; margin: 0 auto 30px; max-width: 400px;' src='https:\/\/ftp3.syscom.mx\/usuarios\/hortega\/Altai\/Altai.png' alt='Antena Sectorial 2.4 GHz'> <!-- Secci\u00f3n de caracter\u00edsticas en grid --> <\/p>\n<div style='display: grid; grid-template-columns: repeat(auto-fit&comma; minmax(280px&comma; 1fr)); gap: 30px; margin-bottom: 40px;'> <!-- Caracter\u00edsticas principales --> <\/p>\n<div style='border: 1px solid rgba(150&comma;150&comma;150&comma;0.3); border-radius: 8px; padding: 20px; background-color: rgba(255&comma;0&comma;0&comma;0.05);'>\n<h3 style='font-size: 18px; border-bottom: 2px solid currentColor; padding-bottom: 5px; margin-top: 0; margin-bottom: 15px; color: inherit; opacity: 0.8;'>Caracter\u00edsticas principales<\/h3>\n<ul style='padding-left: 20px; font-size: 14px; color: inherit; list-style-type: disc;'>\n<li style='margin-bottom: 8px;'><strong>Frecuencia:<\/strong> 2.4 &#8211; 2.5 GHz<\/li>\n<li style='margin-bottom: 8px;'><strong>Ganancia:<\/strong> 14 dBi<\/li>\n<li style='margin-bottom: 8px;'><strong>Polarizaci\u00f3n:<\/strong> Dual Slant \u00b145\u00b0<\/li>\n<li style='margin-bottom: 8px;'><strong>Ancho de haz horizontal:<\/strong> 70\u00ba (-3 dB)<\/li>\n<li style='margin-bottom: 8px;'><strong>Ancho de haz vertical:<\/strong> 12\u00ba (-3 dB)<\/li>\n<li style='margin-bottom: 8px;'><strong>VSWR:<\/strong> 2<\/li>\n<li style='margin-bottom: 8px;'><strong>F\/B Ratio:<\/strong> -25 dB (max)<\/li>\n<li style='margin-bottom: 8px;'><strong>Aislamiento:<\/strong> 20 dB (min)<\/li>\n<li style='margin-bottom: 8px;'><strong>Impedancia:<\/strong> 50 \u03a9<\/li>\n<\/ul><\/div>\n<p> <!-- Caracter\u00edsticas f\u00edsicas y el\u00e9ctricas --> <\/p>\n<div style='border: 1px solid rgba(150&comma;150&comma;150&comma;0.3); border-radius: 8px; padding: 20px; background-color: rgba(255&comma;0&comma;0&comma;0.05);'>\n<h3 style='font-size: 18px; border-bottom: 2px solid currentColor; padding-bottom: 5px; margin-top: 0; margin-bottom: 15px; color: inherit; opacity: 0.8;'>Caracter\u00edsticas F\u00edsicas y El\u00e9ctricas<\/h3>\n<ul style='padding-left: 20px; font-size: 14px; color: inherit; list-style-type: disc;'>\n<li style='margin-bottom: 8px;'><strong>Temperatura:<\/strong> -40 a 60\u00b0 C<\/li>\n<li style='margin-bottom: 8px;'><strong>Resistencia al viento:<\/strong> 216 km\/h (134 mph)<\/li>\n<li style='margin-bottom: 8px;'><strong>Color:<\/strong> Gris<\/li>\n<li style='margin-bottom: 8px;'><strong>Material:<\/strong> Fibra de vidrio resistente a rayos UV<\/li>\n<li style='margin-bottom: 8px;'><strong>Peso:<\/strong> 1.085 kg<\/li>\n<li style='margin-bottom: 8px;'><strong>Dimensiones:<\/strong> 680 x 112 mm<\/li>\n<li style='margin-bottom: 8px;'><strong>Conectores:<\/strong> 2 N-Hembra<\/li>\n<li style='margin-bottom: 8px;'><strong>Inclinaci\u00f3n mec\u00e1nica:<\/strong> \u00b130\u00b0 (max)<\/li>\n<\/ul><\/div>\n<p> <!-- Contenido de la caja --> <\/p>\n<div style='border: 1px solid rgba(150&comma;150&comma;150&comma;0.3); border-radius: 8px; padding: 20px; background-color: rgba(255&comma;0&comma;0&comma;0.05);'>\n<h3 style='font-size: 18px; border-bottom: 2px solid currentColor; padding-bottom: 5px; margin-top: 0; margin-bottom: 15px; color: inherit; opacity: 0.8;'>Contenido de la caja<\/h3>\n<ul style='padding-left: 20px; font-size: 14px; color: inherit; list-style-type: disc;'>\n<li style='margin-bottom: 8px;'>1 Antena SP.AN-2S14-01<\/li>\n<li style='margin-bottom: 8px;'>Kit de montaje<\/li>\n<\/ul><\/div>\n<\/p><\/div>\n<p> <!-- Videos de instalaci\u00f3n --> <\/p>\n<div style='margin: 40px 0;'>\n<h3 style='font-size: 18px; border-bottom: 2px solid currentColor; padding-bottom: 5px; margin-top: 0; margin-bottom: 20px; color: inherit; opacity: 0.8;'>Videos de instalaci\u00f3n y configuraci\u00f3n<\/h3>\n<p> <!-- Video 1 --> <\/p>\n<div style='position: relative; padding-bottom: 56.25%; height: 0; overflow: hidden; margin-bottom: 30px;'>   <\/div>\n<p> <!-- Video 2 --> <\/p>\n<div style='position: relative; padding-bottom: 56.25%; height: 0; overflow: hidden; margin-bottom: 30px;'>   <\/div>\n<p> <!-- Video 3 --> <\/p>\n<div style='position: relative; padding-bottom: 56.25%; height: 0; overflow: hidden; margin-bottom: 30px;'>   <\/div>\n<p> <!-- Video 4 --> <\/p>\n<div style='position: relative; padding-bottom: 56.25%; height: 0; overflow: hidden; margin-bottom: 30px;'>   <\/div>\n<p> <!-- Video 5 --> <\/p>\n<div style='position: relative; padding-bottom: 56.25%; height: 0; overflow: hidden; margin-bottom: 30px;'>   <\/div>\n<\/p><\/div>\n<p> <!-- Nota importante --> <\/p>\n<div style='margin-top: 30px; padding: 15px; border-left: 4px solid #ff0000; background-color: rgba(255&comma;0&comma;0&comma;0.05);'>\n<p style='margin: 0; font-size: 14px; color: inherit;'> <em>La m\u00e1xima distancia en cobertura&comma; capacidad de dispositivos m\u00f3viles WiFi&comma; velocidades de conexi\u00f3n&comma; etc.&comma; depender\u00e1 particularmente de cada sitio de instalaci\u00f3n&comma; l\u00ednea de vista plena 100%&comma; niveles de ruido e interferencia&comma; tipo de dispositivos WiFi&comma; alineaci\u00f3n y altura de las antenas.<\/em> <\/p>\n<\/p><\/div>\n<\/div>\n","protected":false},"excerpt":{"rendered":"<p>Antena Sectorial de 70\u00b0 de Apertura en 2.4 GHz de 14 dBi, Conectores N-Hembra, Polaridad Cruzada<\/p>\n","protected":false},"featured_media":76927,"comment_status":"open","ping_status":"closed","template":"","meta":[],"product_brand":[],"product_cat":[1895],"product_tag":[1950,1404,1896],"class_list":{"0":"post-76928","1":"product","2":"type-product","3":"status-publish","4":"has-post-thumbnail","6":"product_cat-sectoriales","7":"product_tag-altai-technologies","8":"product_tag-antenas","9":"product_tag-sectoriales","11":"first","12":"instock","13":"sale","14":"shipping-taxable","15":"purchasable","16":"product-type-simple"},"_links":{"self":[{"href":"https:\/\/soydeaqui.ddns.net\/pachuca\/index.php\/wp-json\/wp\/v2\/product\/76928","targetHints":{"allow":["GET"]}}],"collection":[{"href":"https:\/\/soydeaqui.ddns.net\/pachuca\/index.php\/wp-json\/wp\/v2\/product"}],"about":[{"href":"https:\/\/soydeaqui.ddns.net\/pachuca\/index.php\/wp-json\/wp\/v2\/types\/product"}],"replies":[{"embeddable":true,"href":"https:\/\/soydeaqui.ddns.net\/pachuca\/index.php\/wp-json\/wp\/v2\/comments?post=76928"}],"wp:featuredmedia":[{"embeddable":true,"href":"https:\/\/soydeaqui.ddns.net\/pachuca\/index.php\/wp-json\/wp\/v2\/media\/76927"}],"wp:attachment":[{"href":"https:\/\/soydeaqui.ddns.net\/pachuca\/index.php\/wp-json\/wp\/v2\/media?parent=76928"}],"wp:term":[{"taxonomy":"product_brand","embeddable":true,"href":"https:\/\/soydeaqui.ddns.net\/pachuca\/index.php\/wp-json\/wp\/v2\/product_brand?post=76928"},{"taxonomy":"product_cat","embeddable":true,"href":"https:\/\/soydeaqui.ddns.net\/pachuca\/index.php\/wp-json\/wp\/v2\/product_cat?post=76928"},{"taxonomy":"product_tag","embeddable":true,"href":"https:\/\/soydeaqui.ddns.net\/pachuca\/index.php\/wp-json\/wp\/v2\/product_tag?post=76928"}],"curies":[{"name":"wp","href":"https:\/\/api.w.org\/{rel}","templated":true}]}}