{"id":76913,"date":"2026-03-19T15:39:41","date_gmt":"2026-03-19T15:39:41","guid":{"rendered":"https:\/\/soydeaqui.ddns.net\/pachuca\/index.php\/producto\/otdr-para-pruebas-en-enlaces-de-fibra-ptica-lambdas-1310-1550-1625-nm-prueba-fibra-viva\/"},"modified":"2026-03-19T15:39:46","modified_gmt":"2026-03-19T15:39:46","slug":"otdr-para-pruebas-en-enlaces-de-fibra-ptica-lambdas-1310-1550-1625-nm-prueba-fibra-viva","status":"publish","type":"product","link":"https:\/\/soydeaqui.ddns.net\/pachuca\/index.php\/producto\/otdr-para-pruebas-en-enlaces-de-fibra-ptica-lambdas-1310-1550-1625-nm-prueba-fibra-viva\/","title":{"rendered":"OTDR para Pruebas en Enlaces de Fibra ?ptica, Lambdas 1310\/1550\/1625 nm \/ Prueba Fibra Viva"},"content":{"rendered":"<div style='width: 100%; max-width: 1200px; margin: 0 auto; font-family: sans-serif; line-height: 1.6; color: inherit; background-color: transparent;'>\n<div style='display: flex; flex-wrap: wrap; justify-content: center; margin-bottom: 30px;'> <img style='width: 100%; max-width: 270px; height: auto; border: 1px solid rgba(150&comma;150&comma;150&comma;0.3); border-radius: 8px;' src='https:\/\/ftp3.syscom.mx\/usuarios\/orobles\/GREENLEE\/TEMPO-COMMUNICATIONS-lg.jpg' alt=''> <\/div>\n<div style='display: flex; flex-wrap: wrap; gap: 30px; margin-bottom: 30px;'>\n<div style='flex: 1 1 300px; min-width: 280px;'>\n<h3 style='font-size: 22px; border-bottom: 2px solid currentColor; padding-bottom: 5px; margin-top: 0; color: inherit; opacity: 0.8;'>Caracter\u00edsticas<\/h3>\n<ul style='padding-left: 20px; font-size: 15px; color: inherit;'>\n<li style='margin-bottom: 5px;'><strong style='color: inherit;'>R\u00c1PIDO<\/strong><\/li>\n<\/ul><\/div>\n<\/p><\/div>\n<div style='display: flex; flex-wrap: wrap; gap: 30px; margin-bottom: 30px;'>\n<div style='flex: 1 1 300px; min-width: 280px;'>\n<h4 style='font-size: 18px; margin-top: 0; color: inherit; opacity: 0.7;'>Funciones de prueba con un bot\u00f3n<\/h4>\n<p style='font-size: 14px; color: inherit; margin: 0 0 10px 0;'>Comienza las mediciones con tan solo presionar un bot\u00f3n.<\/p>\n<\/p><\/div>\n<div style='flex: 1 1 300px; min-width: 280px;'>\n<h4 style='font-size: 18px; margin-top: 0; color: inherit; opacity: 0.7;'>Prueba autom\u00e1tica<\/h4>\n<p style='font-size: 14px; color: inherit; margin: 0 0 10px 0;'>Establece de manera autom\u00e1tica los par\u00e1metros de prueba para obtener resultados \u00f3ptimos de prueba.<\/p>\n<\/p><\/div>\n<\/p><\/div>\n<div style='display: flex; flex-wrap: wrap; gap: 30px; margin-bottom: 30px;'>\n<div style='flex: 1 1 300px; min-width: 280px;'>\n<h3 style='font-size: 22px; border-bottom: 2px solid currentColor; padding-bottom: 5px; margin-top: 0; color: inherit; opacity: 0.8;'>Precisi\u00f3n<\/h3>\n<ul style='padding-left: 20px; font-size: 15px; color: inherit;'>\n<li style='margin-bottom: 5px;'><strong style='color: inherit;'>Interfaz gr\u00e1fica<\/strong>: F\u00e1cil de leer&comma; incluso en condiciones de luz baja o brillante.<\/li>\n<li style='margin-bottom: 5px;'><strong style='color: inherit;'>Rango din\u00e1mico de hasta 38 dB<\/strong>: Examina cables m\u00e1s largos y observa reflexiones menores.<\/li>\n<li style='margin-bottom: 5px;'><strong style='color: inherit;'>Longitud y defectos de medidas<\/strong>: Encuentra fallas r\u00e1pidamente.<\/li>\n<\/ul><\/div>\n<\/p><\/div>\n<div style='display: flex; flex-wrap: wrap; gap: 30px; margin-bottom: 30px;'>\n<div style='flex: 1 1 300px; min-width: 280px;'>\n<h3 style='font-size: 22px; border-bottom: 2px solid currentColor; padding-bottom: 5px; margin-top: 0; color: inherit; opacity: 0.8;'>Confiabilidad<\/h3>\n<ul style='padding-left: 20px; font-size: 15px; color: inherit;'>\n<li style='margin-bottom: 5px;'>El visor de enlaces anota el enlace de fibra completo en un formato de aprobado\/falla f\u00e1cil de interpretar.<\/li>\n<li style='margin-bottom: 5px;'>El an\u00e1lisis de macrocurvatura ubica las p\u00e9rdidas de fibra problem\u00e1ticas a 1550 nm.<\/li>\n<li style='margin-bottom: 5px;'>Informes de aceptaci\u00f3n de cable. Genera informes personalizados que incluyen firma de trazo y eventos de fibras.<\/li>\n<li style='margin-bottom: 5px;'>Bater\u00eda de larga duraci\u00f3n. Funciona por m\u00e1s tiempo sin carga. Hasta 8 horas de uso continuo.<\/li>\n<li style='margin-bottom: 5px;'>Construcci\u00f3n resistente. Prueba de ca\u00edda de 2 m&comma; resistente a los impactos y construido para funcionar (certificado por GR-196).<\/li>\n<li style='margin-bottom: 5px;'>Normas BellCore requeridas por las mayores empresas de telecomunicaciones.<\/li>\n<\/ul><\/div>\n<\/p><\/div>\n<div style='display: flex; flex-wrap: wrap; gap: 30px; margin-bottom: 30px;'>\n<div style='flex: 1 1 300px; min-width: 280px;'>\n<h4 style='font-size: 18px; margin-top: 0; color: inherit; opacity: 0.7;'>Normas BellCore<\/h4>\n<ul style='padding-left: 20px; font-size: 14px; color: inherit;'>\n<li style='margin-bottom: 5px;'>Cumple con todas las especificaciones en los extremos de temperatura especificados.<\/li>\n<li style='margin-bottom: 5px;'>Operacional y dentro de las especificaciones luego de una tormenta de polvo simulada.<\/li>\n<li style='margin-bottom: 5px;'>Resistente a EMI de acuerdo con GR-1089.<\/li>\n<li style='margin-bottom: 5px;'>Resistente a la lluvia sin trayectorias directas.<\/li>\n<\/ul><\/div>\n<\/p><\/div>\n<div style='display: flex; flex-wrap: wrap; gap: 30px; margin-bottom: 30px;'>\n<div style='flex: 1 1 300px; min-width: 280px;'>\n<h3 style='font-size: 22px; border-bottom: 2px solid currentColor; padding-bottom: 5px; margin-top: 0; color: inherit; opacity: 0.8;'>Compatibilidad<\/h3>\n<ul style='padding-left: 20px; font-size: 15px; color: inherit;'>\n<li style='margin-bottom: 5px;'>Compatible con Fibra \u00d3ptica Monomodo<\/li>\n<\/ul><\/div>\n<\/p><\/div>\n<hr style='border: 0; border-top: 1px solid rgba(150&comma; 150&comma; 150&comma; 0.3); margin: 30px 0;'> <\/div>\n","protected":false},"excerpt":{"rendered":"<p>OTDR para Pruebas en Enlaces de Fibra ?ptica, Lambdas 1310\/1550\/1625 nm \/ Prueba Fibra Viva<\/p>\n","protected":false},"featured_media":76912,"comment_status":"open","ping_status":"closed","template":"","meta":[],"product_brand":[],"product_cat":[636],"product_tag":[611,25,658],"class_list":{"0":"post-76913","1":"product","2":"type-product","3":"status-publish","4":"has-post-thumbnail","6":"product_cat-herramientas-fibra-optica","7":"product_tag-fibra-optica","8":"product_tag-herramientas","9":"product_tag-tempo","11":"first","12":"instock","13":"sale","14":"shipping-taxable","15":"purchasable","16":"product-type-simple"},"_links":{"self":[{"href":"https:\/\/soydeaqui.ddns.net\/pachuca\/index.php\/wp-json\/wp\/v2\/product\/76913","targetHints":{"allow":["GET"]}}],"collection":[{"href":"https:\/\/soydeaqui.ddns.net\/pachuca\/index.php\/wp-json\/wp\/v2\/product"}],"about":[{"href":"https:\/\/soydeaqui.ddns.net\/pachuca\/index.php\/wp-json\/wp\/v2\/types\/product"}],"replies":[{"embeddable":true,"href":"https:\/\/soydeaqui.ddns.net\/pachuca\/index.php\/wp-json\/wp\/v2\/comments?post=76913"}],"wp:featuredmedia":[{"embeddable":true,"href":"https:\/\/soydeaqui.ddns.net\/pachuca\/index.php\/wp-json\/wp\/v2\/media\/76912"}],"wp:attachment":[{"href":"https:\/\/soydeaqui.ddns.net\/pachuca\/index.php\/wp-json\/wp\/v2\/media?parent=76913"}],"wp:term":[{"taxonomy":"product_brand","embeddable":true,"href":"https:\/\/soydeaqui.ddns.net\/pachuca\/index.php\/wp-json\/wp\/v2\/product_brand?post=76913"},{"taxonomy":"product_cat","embeddable":true,"href":"https:\/\/soydeaqui.ddns.net\/pachuca\/index.php\/wp-json\/wp\/v2\/product_cat?post=76913"},{"taxonomy":"product_tag","embeddable":true,"href":"https:\/\/soydeaqui.ddns.net\/pachuca\/index.php\/wp-json\/wp\/v2\/product_tag?post=76913"}],"curies":[{"name":"wp","href":"https:\/\/api.w.org\/{rel}","templated":true}]}}