{"id":76838,"date":"2026-03-19T15:36:39","date_gmt":"2026-03-19T15:36:39","guid":{"rendered":"https:\/\/soydeaqui.ddns.net\/pachuca\/index.php\/producto\/caja-de-empalme-de-fibra-ptica-exterior-ip65-instalacin-area-hasta-144-empalmes\/"},"modified":"2026-03-19T15:36:54","modified_gmt":"2026-03-19T15:36:54","slug":"caja-de-empalme-de-fibra-ptica-exterior-ip65-instalacin-area-hasta-144-empalmes","status":"publish","type":"product","link":"https:\/\/soydeaqui.ddns.net\/pachuca\/index.php\/producto\/caja-de-empalme-de-fibra-ptica-exterior-ip65-instalacin-area-hasta-144-empalmes\/","title":{"rendered":"Caja de Empalme de Fibra ?ptica, Exterior IP65, Instalaci?n A?rea, Hasta 144 Empalmes"},"content":{"rendered":"<div style='width: 100%; max-width: 1200px; margin: 0 auto; font-family: sans-serif; line-height: 1.6; color: inherit; background-color: transparent;'> <!-- Logo de la marca --> <\/p>\n<div style='width: 100%; margin-bottom: 30px;'> <img style='width: 100%; max-width: 472px; height: auto; border: 1px solid rgba(150&comma;150&comma;150&comma;0.3); border-radius: 8px;' src='https:\/\/ftp3.syscom.mx\/usuarios\/orobles\/FiberHome\/GPON\/fiberhome_logo.png' alt='Logo FiberHome'> <\/div>\n<p> <!-- Descripci\u00f3n principal --> <\/p>\n<div style='width: 100%; margin-bottom: 30px;'>\n<p style='font-size: 16px; margin: 0 0 15px; color: inherit;'>El modelo GJS-2019 es una caja de empalme de fibra \u00f3ptica para suscriptores que se utiliza para construir la primera capa en las redes FTTH.<\/p>\n<p style='font-size: 16px; margin: 0 0 15px; color: inherit;'>Est\u00e1 dise\u00f1ado para aplicaciones en l\u00ednea para proporcionar un punto de acceso protegido entre el cable de alimentaci\u00f3n y el cable de distribuci\u00f3n. Este producto puede mantener los componentes internos alejados del da\u00f1o ambiental al aire libre. Su configuraci\u00f3n flexible admite 2 entradas de cable y 2 salidas de cable. Permite agregar splitters de 900um para proporcionar una funci\u00f3n de rango medio. El rendimiento IP65 es \u00fatil en entornos hostiles. La serie GJS-2019 es adecuada para la aplicaci\u00f3n en LCP en la distribuci\u00f3n de arquitectura PON.<\/p>\n<\/p><\/div>\n<p> <!-- Caracter\u00edsticas --> <\/p>\n<div style='display: flex; flex-wrap: wrap; gap: 30px; margin-bottom: 30px;'>\n<div style='flex: 1 1 300px; min-width: 280px;'>\n<h3 style='font-size: 22px; border-bottom: 2px solid currentColor; padding-bottom: 5px; margin-top: 0; color: inherit; opacity: 0.8;'>Caracter\u00edsticas<\/h3>\n<ul style='padding-left: 20px; font-size: 15px; color: inherit;'>\n<li style='margin-bottom: 5px;'>Excelente Protecci\u00f3n contra rayos UV<\/li>\n<li style='margin-bottom: 5px;'>IP65<\/li>\n<li style='margin-bottom: 5px;'>6 charolas de 24 empalmes (Hasta 144 empalmes)<\/li>\n<li style='margin-bottom: 5px;'>4 entradas de fibra principales para cable \u03a64 &#8211; 16 mm<\/li>\n<li style='margin-bottom: 5px;'>8 salidas para cable drop de cada lado<\/li>\n<li style='margin-bottom: 5px;'>Temperatura de Operaci\u00f3n -40 a +65\u00b0C<\/li>\n<li style='margin-bottom: 5px;'>Dimensiones 350x210x110 mm<\/li>\n<li style='margin-bottom: 5px;'>6 espacios para micro splitter (1:2&comma; 1:4&comma; 1:8) (No incluidos)<\/li>\n<li style='margin-bottom: 5px;'>Compatible con fibra ADSS&comma; Mini ADSS y Mini Figura 8*<\/li>\n<li style='margin-bottom: 5px;'>Para instalaci\u00f3n a\u00e9rea<\/li>\n<\/ul>\n<p style='font-size: 14px; margin-top: 15px; color: inherit;'>*Se recomienda agregar m\u00e1s cinta de fusi\u00f3n (sealing mud) en la entrada de cable cuando se utilice con fibra Mini Figura 8 <a style='color: #005cb9; text-decoration: none;' href='https:\/\/www.syscom.mx\/principal\/searchcont?route=OC-FIG8-06C-FIBERHOME-172099&#038;autodetect=ocfig8'>OC-FIG8-06C<\/a>&comma; <a style='color: #005cb9; text-decoration: none;' href='https:\/\/www.syscom.mx\/principal\/searchcont?route=OC-FIG8-12C-FIBERHOME-172100&#038;autodetect=ocfig8'>OC-FIG8-12C<\/a><\/p>\n<\/p><\/div>\n<\/p><\/div>\n<p> <!-- Contenido incluido --> <\/p>\n<div style='display: flex; flex-wrap: wrap; gap: 20px; margin-bottom: 30px;'>\n<div style='flex: 1 1 300px; min-width: 280px;'>\n<h3 style='font-size: 22px; border-bottom: 2px solid currentColor; padding-bottom: 5px; margin-top: 0; color: inherit; opacity: 0.8;'>Contenido del Paquete<\/h3>\n<ul style='padding-left: 20px; font-size: 15px; color: inherit;'>\n<li style='margin-bottom: 5px;'>1 caja de empalme con 6 charolas<\/li>\n<li style='margin-bottom: 5px;'>1 tubo de protecci\u00f3n para fibra desnuda (2 m)<\/li>\n<li style='margin-bottom: 5px;'>1 rollo de cinta aislante<\/li>\n<li style='margin-bottom: 5px;'>1 tubo espiral (1 m)<\/li>\n<li style='margin-bottom: 5px;'>24 cinchos\/corbatas<\/li>\n<li style='margin-bottom: 5px;'>1 cinta de fusi\u00f3n<\/li>\n<li style='margin-bottom: 5px;'>144 mangas de empalme<\/li>\n<li style='margin-bottom: 5px;'>1 toallita para limpieza de fibra \u00f3ptica<\/li>\n<li style='margin-bottom: 5px;'>Instructivo<\/li>\n<li style='margin-bottom: 5px;'>1 set de 2 ganchos para montaje a\u00e9reo<\/li>\n<li style='margin-bottom: 5px;'>1 lija<\/li>\n<\/ul><\/div>\n<\/p><\/div>\n<p> <!-- Separador --> <\/p>\n<hr style='border: 0; border-top: 1px solid rgba(150&comma; 150&comma; 150&comma; 0.3); margin: 30px 0;'> <\/div>\n","protected":false},"excerpt":{"rendered":"<p>Caja de Empalme de Fibra ?ptica, Exterior IP65, Instalaci?n A?rea, Hasta 144 Empalmes<\/p>\n","protected":false},"featured_media":76837,"comment_status":"open","ping_status":"closed","template":"","meta":[],"product_brand":[],"product_cat":[621],"product_tag":[622,639,611],"class_list":{"0":"post-76838","1":"product","2":"type-product","3":"status-publish","4":"has-post-thumbnail","6":"product_cat-distribuidores-de-fibra-optica","7":"product_tag-distribuidores-de-fibra-optica","8":"product_tag-fiberhome","9":"product_tag-fibra-optica","11":"first","12":"outofstock","13":"sale","14":"shipping-taxable","15":"purchasable","16":"product-type-simple"},"_links":{"self":[{"href":"https:\/\/soydeaqui.ddns.net\/pachuca\/index.php\/wp-json\/wp\/v2\/product\/76838","targetHints":{"allow":["GET"]}}],"collection":[{"href":"https:\/\/soydeaqui.ddns.net\/pachuca\/index.php\/wp-json\/wp\/v2\/product"}],"about":[{"href":"https:\/\/soydeaqui.ddns.net\/pachuca\/index.php\/wp-json\/wp\/v2\/types\/product"}],"replies":[{"embeddable":true,"href":"https:\/\/soydeaqui.ddns.net\/pachuca\/index.php\/wp-json\/wp\/v2\/comments?post=76838"}],"wp:featuredmedia":[{"embeddable":true,"href":"https:\/\/soydeaqui.ddns.net\/pachuca\/index.php\/wp-json\/wp\/v2\/media\/76837"}],"wp:attachment":[{"href":"https:\/\/soydeaqui.ddns.net\/pachuca\/index.php\/wp-json\/wp\/v2\/media?parent=76838"}],"wp:term":[{"taxonomy":"product_brand","embeddable":true,"href":"https:\/\/soydeaqui.ddns.net\/pachuca\/index.php\/wp-json\/wp\/v2\/product_brand?post=76838"},{"taxonomy":"product_cat","embeddable":true,"href":"https:\/\/soydeaqui.ddns.net\/pachuca\/index.php\/wp-json\/wp\/v2\/product_cat?post=76838"},{"taxonomy":"product_tag","embeddable":true,"href":"https:\/\/soydeaqui.ddns.net\/pachuca\/index.php\/wp-json\/wp\/v2\/product_tag?post=76838"}],"curies":[{"name":"wp","href":"https:\/\/api.w.org\/{rel}","templated":true}]}}