{"id":76813,"date":"2026-03-19T15:35:38","date_gmt":"2026-03-19T15:35:38","guid":{"rendered":"https:\/\/soydeaqui.ddns.net\/pachuca\/index.php\/producto\/caja-de-distribucin-de-fibra-ptica-para-48-empalmes-con-16-acopladores-sc-apc-enterrado-directo-ip68\/"},"modified":"2026-03-19T15:36:00","modified_gmt":"2026-03-19T15:36:00","slug":"caja-de-distribucin-de-fibra-ptica-para-48-empalmes-con-16-acopladores-sc-apc-enterrado-directo-ip68","status":"publish","type":"product","link":"https:\/\/soydeaqui.ddns.net\/pachuca\/index.php\/producto\/caja-de-distribucin-de-fibra-ptica-para-48-empalmes-con-16-acopladores-sc-apc-enterrado-directo-ip68\/","title":{"rendered":"Caja de Distribuci?n de Fibra ?ptica para 48 Empalmes con 16 Acopladores SC\/APC, Enterrado Directo, IP68"},"content":{"rendered":"<div style='width: 100%; max-width: 1200px; margin: 0 auto; font-family: sans-serif; line-height: 1.6; color: inherit; background-color: transparent;'>\n<div style='display: flex; flex-wrap: wrap; gap: 30px; margin-bottom: 30px;'>\n<div style='flex: 1 1 300px; min-width: 280px;'> <img style='width: 100%; height: auto; border: 1px solid rgba(150&comma;150&comma;150&comma;0.3); border-radius: 8px;' src='https:\/\/ftp3.syscom.mx\/usuarios\/orobles\/FiberHome\/GPON\/fiberhome_logo.png' alt=''> <\/div>\n<div style='flex: 1 1 300px; min-width: 280px;'>\n<h3 style='font-size: 22px; border-bottom: 2px solid currentColor; padding-bottom: 5px; margin-top: 0; color: inherit; opacity: 0.8;'>Caracter\u00edsticas Principales<\/h3>\n<p style='font-size: 15px; color: inherit; margin-top: 0; margin-bottom: 15px;'>Las cajas FDP-430D se pueden usar como caja de distribuci\u00f3n de fibra o cajas terminales de acceso. Est\u00e1 dise\u00f1ada para enterrado directo o para instalaci\u00f3n en registros subterr\u00e1neos o ductos que pueden mantener los componentes internos alejados del da\u00f1o ambiental exterior y proporcionar un punto de acceso protegido. La fibra de distribuci\u00f3n se puede empalmar con un splitter y las salidas con cable drop.<\/p>\n<\/p><\/div>\n<\/p><\/div>\n<div style='display: flex; flex-wrap: wrap; gap: 20px; margin-bottom: 30px;'>\n<div style='flex: 1 1 250px; border: 1px solid rgba(150&comma; 150&comma; 150&comma; 0.4); border-radius: 8px; overflow: hidden; display: flex; flex-direction: column;'>\n<div style='padding: 15px; border-bottom: 1px solid rgba(150&comma; 150&comma; 150&comma; 0.2); font-weight: bold; font-size: 18px; color: inherit;'>Especificaciones<\/div>\n<div style='padding: 15px; color: inherit;'>\n<ul style='padding-left: 20px; margin: 0; font-size: 14px; list-style-type: disc;'>\n<li style='margin-bottom: 5px;'>Enterrado directo o instalaci\u00f3n en ducto<\/li>\n<li style='margin-bottom: 5px;'>Construido de Polipropileno de alta calidad para una alta resistencia<\/li>\n<li style='margin-bottom: 5px;'>IP68<\/li>\n<li style='margin-bottom: 5px;'>Flexibilidad de instalaci\u00f3n: puede instalarse en pared o en registro subterr\u00e1neo<\/li>\n<li style='margin-bottom: 5px;'>F\u00e1cil accesibilidad<\/li>\n<li style='margin-bottom: 5px;'>4 charolas de 12 empalmes (48 en total)<\/li>\n<li style='margin-bottom: 5px;'>3 entradas para cable de distribuci\u00f3n<\/li>\n<li style='margin-bottom: 5px;'>16 salidas para cable drop<\/li>\n<li style='margin-bottom: 5px;'>Incluye 16 acopladores SC\/APC<\/li>\n<\/ul><\/div>\n<\/p><\/div>\n<\/p><\/div>\n<hr style='border: 0; border-top: 1px solid rgba(150&comma; 150&comma; 150&comma; 0.3); margin: 30px 0;'> <\/div>\n","protected":false},"excerpt":{"rendered":"<p>Caja de Distribuci?n de Fibra ?ptica para 48 Empalmes con 16 Acopladores SC\/APC, Enterrado Directo, IP68<\/p>\n","protected":false},"featured_media":76812,"comment_status":"open","ping_status":"closed","template":"","meta":[],"product_brand":[],"product_cat":[621],"product_tag":[622,639,611],"class_list":{"0":"post-76813","1":"product","2":"type-product","3":"status-publish","4":"has-post-thumbnail","6":"product_cat-distribuidores-de-fibra-optica","7":"product_tag-distribuidores-de-fibra-optica","8":"product_tag-fiberhome","9":"product_tag-fibra-optica","11":"first","12":"outofstock","13":"sale","14":"shipping-taxable","15":"purchasable","16":"product-type-simple"},"_links":{"self":[{"href":"https:\/\/soydeaqui.ddns.net\/pachuca\/index.php\/wp-json\/wp\/v2\/product\/76813","targetHints":{"allow":["GET"]}}],"collection":[{"href":"https:\/\/soydeaqui.ddns.net\/pachuca\/index.php\/wp-json\/wp\/v2\/product"}],"about":[{"href":"https:\/\/soydeaqui.ddns.net\/pachuca\/index.php\/wp-json\/wp\/v2\/types\/product"}],"replies":[{"embeddable":true,"href":"https:\/\/soydeaqui.ddns.net\/pachuca\/index.php\/wp-json\/wp\/v2\/comments?post=76813"}],"wp:featuredmedia":[{"embeddable":true,"href":"https:\/\/soydeaqui.ddns.net\/pachuca\/index.php\/wp-json\/wp\/v2\/media\/76812"}],"wp:attachment":[{"href":"https:\/\/soydeaqui.ddns.net\/pachuca\/index.php\/wp-json\/wp\/v2\/media?parent=76813"}],"wp:term":[{"taxonomy":"product_brand","embeddable":true,"href":"https:\/\/soydeaqui.ddns.net\/pachuca\/index.php\/wp-json\/wp\/v2\/product_brand?post=76813"},{"taxonomy":"product_cat","embeddable":true,"href":"https:\/\/soydeaqui.ddns.net\/pachuca\/index.php\/wp-json\/wp\/v2\/product_cat?post=76813"},{"taxonomy":"product_tag","embeddable":true,"href":"https:\/\/soydeaqui.ddns.net\/pachuca\/index.php\/wp-json\/wp\/v2\/product_tag?post=76813"}],"curies":[{"name":"wp","href":"https:\/\/api.w.org\/{rel}","templated":true}]}}