{"id":76809,"date":"2026-03-19T15:35:31","date_gmt":"2026-03-19T15:35:31","guid":{"rendered":"https:\/\/soydeaqui.ddns.net\/pachuca\/index.php\/producto\/disco-duro-wd-de-8tb-7200rpm-optimizado-para-videovigilancia\/"},"modified":"2026-03-19T15:35:32","modified_gmt":"2026-03-19T15:35:32","slug":"disco-duro-wd-de-8tb-7200rpm-optimizado-para-videovigilancia","status":"publish","type":"product","link":"https:\/\/soydeaqui.ddns.net\/pachuca\/index.php\/producto\/disco-duro-wd-de-8tb-7200rpm-optimizado-para-videovigilancia\/","title":{"rendered":"Disco duro WD de 8TB \/ 7200RPM \/ Optimizado para Videovigilancia"},"content":{"rendered":"<div style='width: 100%; max-width: 1200px; margin: 0 auto; font-family: sans-serif; line-height: 1.6; color: inherit; background-color: transparent;'>\n<div style='display: flex; flex-wrap: wrap; gap: 30px; margin-bottom: 30px;'>\n<div style='flex: 1 1 300px; min-width: 280px;'>\n<h3 style='font-size: 22px; border-bottom: 2px solid currentColor; padding-bottom: 5px; margin-top: 0; color: inherit; opacity: 0.8;'>Caracter\u00edsticas principales<\/h3>\n<ul style='padding-left: 20px; font-size: 15px; color: inherit;'>\n<li style='margin-bottom: 5px;'>Asegure el funcionamiento de su sistema y reduzca enormemente los costos de operaci\u00f3n<\/li>\n<li style='margin-bottom: 5px;'>Almacenamiento definitivo para estar protegido<\/li>\n<li style='margin-bottom: 5px;'>Creado para sistemas de seguridad de alta definici\u00f3n que operan de forma ininterrumpida (24\/7)<\/li>\n<li style='margin-bottom: 5px;'>Carga de trabajo de hasta 180TB\/a\u00f1o<\/li>\n<li style='margin-bottom: 5px;'>Soporta hasta 64 c\u00e1maras<\/li>\n<li style='margin-bottom: 5px;'>Optimizado para sistemas de videovigilancia<\/li>\n<\/ul><\/div>\n<\/p><\/div>\n<div style='display: flex; flex-wrap: wrap; gap: 30px; margin-bottom: 30px;'>\n<div style='flex: 1 1 300px; min-width: 280px;'>\n<h3 style='font-size: 22px; border-bottom: 2px solid currentColor; padding-bottom: 5px; margin-top: 0; color: inherit; opacity: 0.8;'>Caracter\u00edsticas t\u00e9cnicas<\/h3>\n<ul style='padding-left: 20px; font-size: 15px; color: inherit;'>\n<li style='margin-bottom: 5px;'><strong>Capacidad:<\/strong> 8 TB<\/li>\n<li style='margin-bottom: 5px;'><strong>Factor de forma:<\/strong> 3.5 pulgadas<\/li>\n<li style='margin-bottom: 5px;'><strong>Velocidad de transferencia:<\/strong> B\u00fafer a host: 6Gb\/s | Host a\/desde disco: 175 MB\/s<\/li>\n<li style='margin-bottom: 5px;'><strong>Cache:<\/strong> 64 MB<\/li>\n<li style='margin-bottom: 5px;'><strong>Velocidad de rotaci\u00f3n:<\/strong> 7200 RPM<\/li>\n<li style='margin-bottom: 5px;'><strong>Interfaz:<\/strong> SATA III&comma; 6.0 Gb\/s<\/li>\n<li style='margin-bottom: 5px;'><strong>Aplicaci\u00f3n:<\/strong> Optimizado para aplicaciones de videovigilancia<\/li>\n<li style='margin-bottom: 5px;'><strong>Cantidad de bah\u00edas:<\/strong> De 1 a 16<\/li>\n<li style='margin-bottom: 5px;'><strong>Cantidad de c\u00e1maras:<\/strong> De 1 a 64<\/li>\n<\/ul><\/div>\n<div style='flex: 1 1 300px; min-width: 280px;'>\n<h3 style='font-size: 22px; border-bottom: 2px solid currentColor; padding-bottom: 5px; margin-top: 0; color: inherit; opacity: 0.8;'>Caracter\u00edsticas f\u00edsicas y el\u00e9ctricas<\/h3>\n<ul style='padding-left: 20px; font-size: 15px; color: inherit;'>\n<li style='margin-bottom: 5px;'><strong>Temperatura de operaci\u00f3n:<\/strong><br \/>En funcionamiento: 0 &#8211; 65 \u00baC | Inactivo: -40 &#8211; 70 \u00baC<\/li>\n<li style='margin-bottom: 5px;'><strong>Consumo el\u00e9ctrico:<\/strong><br \/>Lectura\/Escritura: 3.3W | Inactivo: 2.9W | Espera y suspensi\u00f3n: 0.4W<\/li>\n<li style='margin-bottom: 5px;'><strong>Dimensiones:<\/strong> 25.4 x 147 x 101.6mm<\/li>\n<li style='margin-bottom: 5px;'><strong>Peso:<\/strong> 750g<\/li>\n<\/ul><\/div>\n<div style='flex: 1 1 300px; min-width: 280px;'>\n<h3 style='font-size: 22px; border-bottom: 2px solid currentColor; padding-bottom: 5px; margin-top: 0; color: inherit; opacity: 0.8;'>Caracter\u00edsticas de rendimiento<\/h3>\n<ul style='padding-left: 20px; font-size: 15px; color: inherit;'>\n<li style='margin-bottom: 5px;'><strong>Integraci\u00f3n:<\/strong> Compatibilidad con dispositivos y chipsets l\u00edderes en el sector<\/li>\n<li style='margin-bottom: 5px;'><strong>Tecnolog\u00eda:<\/strong> Tecnolog\u00eda IntelliSeek para reducir vibraciones y ruido ambiental<\/li>\n<li style='margin-bottom: 5px;'><strong>Optimizaci\u00f3n:<\/strong> Tecnolog\u00eda AllFrame4k\u2122 para mejor reproducci\u00f3n y rendimiento<\/li>\n<li style='margin-bottom: 5px;'><strong>Dise\u00f1o:<\/strong> Dise\u00f1ado espec\u00edficamente para sistemas de seguridad 24\/7<\/li>\n<li style='margin-bottom: 5px;'><strong>Carga de trabajo:<\/strong> Triple de los discos para PC convencionales<\/li>\n<\/ul><\/div>\n<\/p><\/div>\n<div style='display: flex; flex-wrap: wrap; gap: 30px; margin-bottom: 30px;'>\n<div style='flex: 1 1 100%; min-width: 280px;'>\n<h3 style='font-size: 22px; border-bottom: 2px solid currentColor; padding-bottom: 5px; margin-top: 0; color: inherit; opacity: 0.8;'>Video de presentaci\u00f3n<\/h3>\n<div style='position: relative; padding-bottom: 56.25%; height: 0; overflow: hidden; margin-bottom: 30px;'>   <\/div>\n<\/p><\/div>\n<\/p><\/div>\n<div style='display: flex; flex-wrap: wrap; gap: 30px; margin-bottom: 30px;'>\n<div style='flex: 1 1 300px; min-width: 280px;'>\n<h3 style='font-size: 22px; border-bottom: 2px solid currentColor; padding-bottom: 5px; margin-top: 0; color: inherit; opacity: 0.8;'>Garant\u00eda<\/h3>\n<p style='font-size: 15px; color: inherit; margin: 0;'>3 a\u00f1os de garant\u00eda. SYSCOM \u00fanico distribuidor autorizado para ofrecer garant\u00eda de discos duros sin complicaciones<\/p>\n<\/p><\/div>\n<\/p><\/div>\n<\/p><\/div>\n","protected":false},"excerpt":{"rendered":"<p>Disco duro WD de 8TB \/ 7200RPM \/ Optimizado para Videovigilancia<\/p>\n","protected":false},"featured_media":76808,"comment_status":"open","ping_status":"closed","template":"","meta":[],"product_brand":[],"product_cat":[2021],"product_tag":[1974,2022,2023],"class_list":{"0":"post-76809","1":"product","2":"type-product","3":"status-publish","4":"has-post-thumbnail","6":"product_cat-discos-duros-mecanicos-hdd","7":"product_tag-almacenamiento","8":"product_tag-discos-duros-mecanicos-hdd","9":"product_tag-western-digital-wd","11":"first","12":"outofstock","13":"sale","14":"shipping-taxable","15":"purchasable","16":"product-type-simple"},"_links":{"self":[{"href":"https:\/\/soydeaqui.ddns.net\/pachuca\/index.php\/wp-json\/wp\/v2\/product\/76809","targetHints":{"allow":["GET"]}}],"collection":[{"href":"https:\/\/soydeaqui.ddns.net\/pachuca\/index.php\/wp-json\/wp\/v2\/product"}],"about":[{"href":"https:\/\/soydeaqui.ddns.net\/pachuca\/index.php\/wp-json\/wp\/v2\/types\/product"}],"replies":[{"embeddable":true,"href":"https:\/\/soydeaqui.ddns.net\/pachuca\/index.php\/wp-json\/wp\/v2\/comments?post=76809"}],"wp:featuredmedia":[{"embeddable":true,"href":"https:\/\/soydeaqui.ddns.net\/pachuca\/index.php\/wp-json\/wp\/v2\/media\/76808"}],"wp:attachment":[{"href":"https:\/\/soydeaqui.ddns.net\/pachuca\/index.php\/wp-json\/wp\/v2\/media?parent=76809"}],"wp:term":[{"taxonomy":"product_brand","embeddable":true,"href":"https:\/\/soydeaqui.ddns.net\/pachuca\/index.php\/wp-json\/wp\/v2\/product_brand?post=76809"},{"taxonomy":"product_cat","embeddable":true,"href":"https:\/\/soydeaqui.ddns.net\/pachuca\/index.php\/wp-json\/wp\/v2\/product_cat?post=76809"},{"taxonomy":"product_tag","embeddable":true,"href":"https:\/\/soydeaqui.ddns.net\/pachuca\/index.php\/wp-json\/wp\/v2\/product_tag?post=76809"}],"curies":[{"name":"wp","href":"https:\/\/api.w.org\/{rel}","templated":true}]}}