{"id":76802,"date":"2026-03-19T15:35:09","date_gmt":"2026-03-19T15:35:09","guid":{"rendered":"https:\/\/soydeaqui.ddns.net\/pachuca\/index.php\/producto\/cloud-core-router-cpu-9-nucleos7-puertos-gigabit-1-combo-tp-sfp-1-puerto-sfp-2-gb-memoria-y-enfriamiento-pasivo\/"},"modified":"2026-03-19T15:35:09","modified_gmt":"2026-03-19T15:35:09","slug":"cloud-core-router-cpu-9-nucleos7-puertos-gigabit-1-combo-tp-sfp-1-puerto-sfp-2-gb-memoria-y-enfriamiento-pasivo","status":"publish","type":"product","link":"https:\/\/soydeaqui.ddns.net\/pachuca\/index.php\/producto\/cloud-core-router-cpu-9-nucleos7-puertos-gigabit-1-combo-tp-sfp-1-puerto-sfp-2-gb-memoria-y-enfriamiento-pasivo\/","title":{"rendered":"Cloud Core Router, CPU 9 N\u00facleos,7 Puertos Gigabit, 1 Combo TP\/SFP, 1 puerto SFP+, 2 GB memoria y enfriamiento pasivo"},"content":{"rendered":"<div style='width: 100%; max-width: 1200px; margin: 0 auto; font-family: sans-serif; line-height: 1.6; color: inherit; background-color: transparent;'>\n<div style='width: 100%;'> <img style='width: 100%; height: auto; border: 1px solid rgba(150&comma;150&comma;150&comma;0.3); border-radius: 8px;' src='https:\/\/ftp3.syscom.mx\/usuarios\/fotos\/CCR10097G1C1S+PC\/174814-ccr1009-7g-1c-1s+pc.png' alt=''> <\/div>\n<div style='margin-top: 30px;'>\n<p style='margin: 0; padding: 10px 0; font-size: 14px; color: inherit; opacity: 0.8;'>La nueva actualizacion del CCR1009. Hemos tratado de combinar todos los comentarios de los clientes y las mejores pr\u00e1cticas en la fabricaci\u00f3n de dispositivos de CCR que hemos aprendido en los \u00faltimos tres a\u00f1os&comma; desde que se pusieron en marcha los primeros dispositivos CCR1009.<\/p>\n<p style='margin: 0; padding: 10px 0; font-size: 14px; color: inherit; opacity: 0.8;'><strong>Cambios importantes:<\/strong><\/p>\n<ul style='padding-left: 20px; font-size: 14px; color: inherit;'>\n<li style='margin-bottom: 10px;'>Sin chip de switch&comma; el dispositivo ahora s\u00f3lo es plenamente puertos Ethernet independientes&comma; cada uno con una conexi\u00f3n directa a la CPU&comma; lo que permite superar la limitaci\u00f3n anterior 1 Gbit compartido de los Switch-chip y utilizar todo el potencial de poder de procesamiento de la CPU en esos puertos.<\/li>\n<li style='margin-bottom: 10px;'>Combo puerto una \u00fanica interfaz de 1 Gbit que tiene dos interfaces de hardware&comma; una ranura SFP y un puerto Gigabit Ethernet&comma; lo que permite utilizar cualquier tipo de conexi\u00f3n a su disposici\u00f3n. Tambi\u00e9n es posible cambiar entre las dos interfaces f\u00edsicas en el RouterOS. En un caso de desconexi\u00f3n de la combinaci\u00f3n de puertos proporciona hardware de conmutaci\u00f3n por error funci\u00f3n.<\/li>\n<li style='margin-bottom: 10px;'>Soporta 100Mbps SFP &#8211; este es nuestro primer dispositivo que soporta m\u00f3dulos de fibra 100BASE-LX \/ 100BASE-SX \/ 100BASE-BX&comma; as\u00ed como m\u00f3dulos est\u00e1ndar de 1&comma;25 G SFP.<\/li>\n<li style='margin-bottom: 10px;'>M\u00e1s rendimiento &#8211; debido a que los puertos est\u00e1n conectados directamente a la CPU&comma; la nueva CCR1009 puede lograr incluso un mayor rendimiento.<\/li>\n<li style='margin-bottom: 10px;'>Esta unidad est\u00e1 equipada con chasis de enfriamiento pasivo&comma; dos tubos de calor y un disipador de calor especialmente dise\u00f1ado&comma; por lo que es completamente silencioso. Es impulsado por un adaptador 24V 2.5A AC\/DC externa y soporta la redundancia de alimentaci\u00f3n si tambi\u00e9n la conecte al puerto de entrada de PoE.<\/li>\n<li>La unidad tambi\u00e9n incluye una pantalla t\u00e1ctil LCD&comma; ranura para tarjeta inteligente&comma; microSD y un puerto SFP+ para conexiones 10G.<\/li>\n<\/ul><\/div>\n<div style='margin: 30px 0;'> <a href='http:\/\/soporte.syscom.mx\/networking#mikrotik'> <img style='width: 100%; height: auto; border: 1px solid rgba(150&comma;150&comma;150&comma;0.3); border-radius: 8px;' src='https:\/\/ftp3.syscom.mx\/usuarios\/raragon\/Imagenes_Generales\/Manuales_de_configuracion.jpg' alt=''> <\/a> <\/div>\n<div style='margin: 30px 0;'>\n<h2 style='font-size: 22px; border-bottom: 2px solid currentColor; padding-bottom: 5px; margin: 0 0 20px 0; color: inherit; opacity: 0.8;'><a style='color: inherit; text-decoration: none;' href='http:\/\/soporte.syscom.mx\/networking\/mikrotik\/mikrotik-caracteristicas-principales-de-routeros'>Caracter\u00edsticas principales de RouterOS<\/a><\/h2>\n<div style='width: 100%;'> <img style='width: 100%; height: auto; border: 1px solid rgba(150&comma;150&comma;150&comma;0.3); border-radius: 8px;' src='https:\/\/img.routerboard.com\/mimg\/1227_l.jpg' alt=''> <\/div>\n<\/p><\/div>\n<div style='margin: 30px 0;'>\n<h2 style='font-size: 22px; border-bottom: 2px solid currentColor; padding-bottom: 5px; margin: 0 0 20px 0; color: inherit; opacity: 0.8;'>Especificaciones<\/h2>\n<div style='display: flex; flex-wrap: wrap; gap: 20px;'>\n<div style='flex: 1 1 250px; border: 1px solid rgba(150&comma; 150&comma; 150&comma; 0.4); border-radius: 8px; overflow: hidden; display: flex; flex-direction: column;'>\n<div style='padding: 15px; border-bottom: 1px solid rgba(150&comma; 150&comma; 150&comma; 0.2); font-weight: bold; font-size: 18px; color: inherit;'>General<\/div>\n<div style='padding: 15px; color: inherit;'>\n<ul style='padding-left: 20px; margin: 0; font-size: 14px; list-style-type: disc;'>\n<li style='margin-bottom: 5px;'><strong>C\u00f3digo de producto:<\/strong> CCR1009-7G-1C-1S+PC<\/li>\n<li style='margin-bottom: 5px;'><strong>Arquitectura:<\/strong> TILE<\/li>\n<li style='margin-bottom: 5px;'><strong>CPU:<\/strong> TLR4-00980<\/li>\n<li style='margin-bottom: 5px;'><strong>N\u00facleos de CPU:<\/strong> 9<\/li>\n<li style='margin-bottom: 5px;'><strong>Frecuencia CPU:<\/strong> 1 GHz<\/li>\n<li style='margin-bottom: 5px;'><strong>Dimensiones:<\/strong> 272 x 190 x 44 mm<\/li>\n<li style='margin-bottom: 5px;'><strong>Nivel de licencia:<\/strong> 6<\/li>\n<li style='margin-bottom: 5px;'><strong>Sistema operativo:<\/strong> <a style='color: inherit; text-decoration: underline;' href='https:\/\/wiki.mikrotik.com\/wiki\/Manual:TOC' target='_blank' rel='noopener'>RouterOS<\/a><\/li>\n<\/ul><\/div>\n<\/p><\/div>\n<div style='flex: 1 1 250px; border: 1px solid rgba(150&comma; 150&comma; 150&comma; 0.4); border-radius: 8px; overflow: hidden; display: flex; flex-direction: column;'>\n<div style='padding: 15px; border-bottom: 1px solid rgba(150&comma; 150&comma; 150&comma; 0.2); font-weight: bold; font-size: 18px; color: inherit;'>Memoria<\/div>\n<div style='padding: 15px; color: inherit;'>\n<ul style='padding-left: 20px; margin: 0; font-size: 14px; list-style-type: disc;'>\n<li style='margin-bottom: 5px;'><strong>RAM:<\/strong> 2 GB<\/li>\n<li style='margin-bottom: 5px;'><strong>Almacenamiento:<\/strong> 128 MB NAND<\/li>\n<\/ul><\/div>\n<\/p><\/div>\n<div style='flex: 1 1 250px; border: 1px solid rgba(150&comma; 150&comma; 150&comma; 0.4); border-radius: 8px; overflow: hidden; display: flex; flex-direction: column;'>\n<div style='padding: 15px; border-bottom: 1px solid rgba(150&comma; 150&comma; 150&comma; 0.2); font-weight: bold; font-size: 18px; color: inherit;'>Temperatura<\/div>\n<div style='padding: 15px; color: inherit;'>\n<ul style='padding-left: 20px; margin: 0; font-size: 14px; list-style-type: disc;'>\n<li style='margin-bottom: 5px;'><strong>Rango de operaci\u00f3n:<\/strong> -20 \u00b0C hasta 60 \u00b0C<\/li>\n<\/ul><\/div>\n<\/p><\/div>\n<\/p><\/div>\n<\/p><\/div>\n<div style='margin: 30px 0;'>\n<h2 style='font-size: 22px; border-bottom: 2px solid currentColor; padding-bottom: 5px; margin: 0 0 20px 0; color: inherit; opacity: 0.8;'>Alimentaci\u00f3n<\/h2>\n<div style='display: flex; flex-wrap: wrap; gap: 20px;'>\n<div style='flex: 1 1 250px; border: 1px solid rgba(150&comma; 150&comma; 150&comma; 0.4); border-radius: 8px; overflow: hidden; display: flex; flex-direction: column;'>\n<div style='padding: 15px; border-bottom: 1px solid rgba(150&comma; 150&comma; 150&comma; 0.2); font-weight: bold; font-size: 18px; color: inherit;'>Entrada<\/div>\n<div style='padding: 15px; color: inherit;'>\n<ul style='padding-left: 20px; margin: 0; font-size: 14px; list-style-type: disc;'>\n<li style='margin-bottom: 5px;'><strong>PoE en:<\/strong> PoE pasivo<\/li>\n<li style='margin-bottom: 5px;'><strong>Voltaje PoE:<\/strong> 18-57 V<\/li>\n<li style='margin-bottom: 5px;'><strong>Entradas DC:<\/strong> 2 (PoE-IN&comma; toma de CC)<\/li>\n<li style='margin-bottom: 5px;'><strong>Voltaje entrada DC:<\/strong> 18-57 V<\/li>\n<\/ul><\/div>\n<\/p><\/div>\n<div style='flex: 1 1 250px; border: 1px solid rgba(150&comma; 150&comma; 150&comma; 0.4); border-radius: 8px; overflow: hidden; display: flex; flex-direction: column;'>\n<div style='padding: 15px; border-bottom: 1px solid rgba(150&comma; 150&comma; 150&comma; 0.2); font-weight: bold; font-size: 18px; color: inherit;'>Consumo<\/div>\n<div style='padding: 15px; color: inherit;'>\n<ul style='padding-left: 20px; margin: 0; font-size: 14px; list-style-type: disc;'>\n<li style='margin-bottom: 5px;'><strong>M\u00e1ximo consumo:<\/strong> 38 W<\/li>\n<li style='margin-bottom: 5px;'><strong>M\u00e1ximo sin accesorios:<\/strong> 33 W<\/li>\n<\/ul><\/div>\n<\/p><\/div>\n<\/p><\/div>\n<\/p><\/div>\n<div style='margin: 30px 0;'>\n<h2 style='font-size: 22px; border-bottom: 2px solid currentColor; padding-bottom: 5px; margin: 0 0 20px 0; color: inherit; opacity: 0.8;'>Conectividad<\/h2>\n<div style='display: flex; flex-wrap: wrap; gap: 20px;'>\n<div style='flex: 1 1 250px; border: 1px solid rgba(150&comma; 150&comma; 150&comma; 0.4); border-radius: 8px; overflow: hidden; display: flex; flex-direction: column;'>\n<div style='padding: 15px; border-bottom: 1px solid rgba(150&comma; 150&comma; 150&comma; 0.2); font-weight: bold; font-size: 18px; color: inherit;'>Ethernet<\/div>\n<div style='padding: 15px; color: inherit;'>\n<ul style='padding-left: 20px; margin: 0; font-size: 14px; list-style-type: disc;'>\n<li style='margin-bottom: 5px;'><strong>Puertos 10\/100\/1000:<\/strong> 7<\/li>\n<li style='margin-bottom: 5px;'><strong>Puertos combo:<\/strong> 1<\/li>\n<\/ul><\/div>\n<\/p><\/div>\n<div style='flex: 1 1 250px; border: 1px solid rgba(150&comma; 150&comma; 150&comma; 0.4); border-radius: 8px; overflow: hidden; display: flex; flex-direction: column;'>\n<div style='padding: 15px; border-bottom: 1px solid rgba(150&comma; 150&comma; 150&comma; 0.2); font-weight: bold; font-size: 18px; color: inherit;'>Fibra<\/div>\n<div style='padding: 15px; color: inherit;'>\n<ul style='padding-left: 20px; margin: 0; font-size: 14px; list-style-type: disc;'>\n<li style='margin-bottom: 5px;'><strong>Puertos SFP+:<\/strong> 1<\/li>\n<\/ul><\/div>\n<\/p><\/div>\n<\/p><\/div>\n<\/p><\/div>\n<div style='margin: 30px 0;'>\n<h2 style='font-size: 22px; border-bottom: 2px solid currentColor; padding-bottom: 5px; margin: 0 0 20px 0; color: inherit; opacity: 0.8;'>Perif\u00e9ricos<\/h2>\n<div style='display: flex; flex-wrap: wrap; gap: 20px;'>\n<div style='flex: 1 1 250px; border: 1px solid rgba(150&comma; 150&comma; 150&comma; 0.4); border-radius: 8px; overflow: hidden; display: flex; flex-direction: column;'>\n<div style='padding: 15px; border-bottom: 1px solid rgba(150&comma; 150&comma; 150&comma; 0.2); font-weight: bold; font-size: 18px; color: inherit;'>Interfaces<\/div>\n<div style='padding: 15px; color: inherit;'>\n<ul style='padding-left: 20px; margin: 0; font-size: 14px; list-style-type: disc;'>\n<li style='margin-bottom: 5px;'><strong>Ranura SIM:<\/strong> 1 tarjeta inteligente (Mini SIM)<\/li>\n<li style='margin-bottom: 5px;'><strong>Tipo de almacenamiento:<\/strong> microSD<\/li>\n<li style='margin-bottom: 5px;'><strong>Tarjetas de memoria:<\/strong> 1<\/li>\n<li style='margin-bottom: 5px;'><strong>Puerto serial:<\/strong> RS232<\/li>\n<li style='margin-bottom: 5px;'><strong>Puertos USB:<\/strong> 1 (microUSB tipo AB)<\/li>\n<\/ul><\/div>\n<\/p><\/div>\n<div style='flex: 1 1 250px; border: 1px solid rgba(150&comma; 150&comma; 150&comma; 0.4); border-radius: 8px; overflow: hidden; display: flex; flex-direction: column;'>\n<div style='padding: 15px; border-bottom: 1px solid rgba(150&comma; 150&comma; 150&comma; 0.2); font-weight: bold; font-size: 18px; color: inherit;'>Monitores<\/div>\n<div style='padding: 15px; color: inherit;'>\n<ul style='padding-left: 20px; margin: 0; font-size: 14px; list-style-type: disc;'>\n<li style='margin-bottom: 5px;'><strong>Temperatura CPU:<\/strong> S\u00ed<\/li>\n<li style='margin-bottom: 5px;'><strong>Temperatura PCB:<\/strong> S\u00ed<\/li>\n<li style='margin-bottom: 5px;'><strong>Voltaje:<\/strong> S\u00ed<\/li>\n<li style='margin-bottom: 5px;'><strong>Corriente:<\/strong> S\u00ed<\/li>\n<\/ul><\/div>\n<\/p><\/div>\n<\/p><\/div>\n<\/p><\/div>\n<div style='margin: 30px 0;'>\n<h2 style='font-size: 22px; border-bottom: 2px solid currentColor; padding-bottom: 5px; margin: 0 0 20px 0; color: inherit; opacity: 0.8;'>Certificaciones<\/h2>\n<div style='display: flex; flex-wrap: wrap; gap: 20px;'>\n<div style='flex: 1 1 250px; border: 1px solid rgba(150&comma; 150&comma; 150&comma; 0.4); border-radius: 8px; overflow: hidden; display: flex; flex-direction: column;'>\n<div style='padding: 15px; color: inherit;'>\n<ul style='padding-left: 20px; margin: 0; font-size: 14px; list-style-type: disc;'>\n<li style='margin-bottom: 5px;'><strong>Certificaciones:<\/strong> CE\/RED&comma; EAC&comma; ROHS<\/li>\n<\/ul><\/div>\n<\/p><\/div>\n<\/p><\/div>\n<\/p><\/div>\n<div style='margin: 30px 0;'>\n<h2 style='font-size: 22px; border-bottom: 2px solid currentColor; padding-bottom: 5px; margin: 0 0 20px 0; color: inherit; opacity: 0.8;'>Partes incluidas<\/h2>\n<div style='display: flex; flex-wrap: wrap; gap: 20px;'>\n<div style='flex: 1 1 250px; border: 1px solid rgba(150&comma; 150&comma; 150&comma; 0.4); border-radius: 8px; overflow: hidden; display: flex; flex-direction: column;'>\n<div style='padding: 15px; color: inherit;'>\n<ul style='padding-left: 20px; margin: 0; font-size: 14px; list-style-type: none; display: grid; grid-template-columns: repeat(auto-fill&comma; minmax(120px&comma; 1fr)); gap: 15px;'>\n<li style='margin-bottom: 10px; display: flex; flex-direction: column; align-items: center;'> <a style='color: inherit; text-decoration: none;' href='https:\/\/i.mt.lv\/cdn\/rb_images\/part41391160693m.jpg' target='_blank'> <img style='width: 80px; height: auto; border: 1px solid rgba(150&comma;150&comma;150&comma;0.3); border-radius: 4px; margin-bottom: 8px;' src='https:\/\/i.mt.lv\/cdn\/rb_images\/part41391160693s.jpg' alt='Cable IEC'> <span>Cable IEC<\/span> <\/a> <\/li>\n<li style='margin-bottom: 10px; display: flex; flex-direction: column; align-items: center;'> <a style='color: inherit; text-decoration: none;' href='https:\/\/i.mt.lv\/cdn\/rb_images\/part151391160298m.jpg' target='_blank'> <img style='width: 80px; height: auto; border: 1px solid rgba(150&comma;150&comma;150&comma;0.3); border-radius: 4px; margin-bottom: 8px;' src='https:\/\/i.mt.lv\/cdn\/rb_images\/part151391160298s.jpg' alt='Cable USB OTG'> <span>Cable USB OTG<\/span> <\/a> <\/li>\n<li style='margin-bottom: 10px; display: flex; flex-direction: column; align-items: center;'> <a style='color: inherit; text-decoration: none;' href='https:\/\/i.mt.lv\/cdn\/rb_images\/part21391161421m.jpg' target='_blank'> <img style='width: 80px; height: auto; border: 1px solid rgba(150&comma;150&comma;150&comma;0.3); border-radius: 4px; margin-bottom: 8px;' src='https:\/\/i.mt.lv\/cdn\/rb_images\/part21391161421s.jpg' alt='Adaptador 24V 2.5A'> <span>Adaptador 24V 2.5A<\/span> <\/a> <\/li>\n<li style='margin-bottom: 10px; display: flex; flex-direction: column; align-items: center;'> <a style='color: inherit; text-decoration: none;' href='https:\/\/i.mt.lv\/cdn\/rb_images\/part441414762206m.jpg' target='_blank'> <img style='width: 80px; height: auto; border: 1px solid rgba(150&comma;150&comma;150&comma;0.3); border-radius: 4px; margin-bottom: 8px;' src='https:\/\/i.mt.lv\/cdn\/rb_images\/part441414762206s.jpg' alt='Orejas'> <span>Orejas<\/span> <\/a> <\/li>\n<\/ul><\/div>\n<\/p><\/div>\n<\/p><\/div>\n<\/p><\/div>\n<div style='margin: 30px 0;'>\n<div style='width: 100%;'> <a href='https:\/\/example.com\/garantia' style='display: block;'> <img style='width: 100%; height: auto; border: 1px solid rgba(150&comma;150&comma;150&comma;0.3); border-radius: 8px;' src='https:\/\/ftp3.syscom.mx\/usuarios\/fotos\/CCR10097G1C1S+PC\/137052-garantia1.png' alt='Garant\u00eda'> <\/a> <\/div>\n<\/p><\/div>\n<\/p><\/div>\n","protected":false},"excerpt":{"rendered":"<p>Cloud Core Router, CPU 9 N\u00facleos,7 Puertos Gigabit, 1 Combo TP\/SFP, 1 puerto SFP+, 2 GB memoria y enfriamiento pasivo<\/p>\n","protected":false},"featured_media":76801,"comment_status":"open","ping_status":"closed","template":"","meta":[],"product_brand":[],"product_cat":[2036,2035,2034],"product_tag":[2039,2038,643,664,2037],"class_list":{"0":"post-76802","1":"product","2":"type-product","3":"status-publish","4":"has-post-thumbnail","6":"product_cat-balanceadores","7":"product_cat-firewalls","8":"product_cat-routers","9":"product_tag-balanceadores","10":"product_tag-firewalls","11":"product_tag-mikrotik","12":"product_tag-networking","13":"product_tag-routers","15":"first","16":"outofstock","17":"sale","18":"shipping-taxable","19":"purchasable","20":"product-type-simple"},"_links":{"self":[{"href":"https:\/\/soydeaqui.ddns.net\/pachuca\/index.php\/wp-json\/wp\/v2\/product\/76802","targetHints":{"allow":["GET"]}}],"collection":[{"href":"https:\/\/soydeaqui.ddns.net\/pachuca\/index.php\/wp-json\/wp\/v2\/product"}],"about":[{"href":"https:\/\/soydeaqui.ddns.net\/pachuca\/index.php\/wp-json\/wp\/v2\/types\/product"}],"replies":[{"embeddable":true,"href":"https:\/\/soydeaqui.ddns.net\/pachuca\/index.php\/wp-json\/wp\/v2\/comments?post=76802"}],"wp:featuredmedia":[{"embeddable":true,"href":"https:\/\/soydeaqui.ddns.net\/pachuca\/index.php\/wp-json\/wp\/v2\/media\/76801"}],"wp:attachment":[{"href":"https:\/\/soydeaqui.ddns.net\/pachuca\/index.php\/wp-json\/wp\/v2\/media?parent=76802"}],"wp:term":[{"taxonomy":"product_brand","embeddable":true,"href":"https:\/\/soydeaqui.ddns.net\/pachuca\/index.php\/wp-json\/wp\/v2\/product_brand?post=76802"},{"taxonomy":"product_cat","embeddable":true,"href":"https:\/\/soydeaqui.ddns.net\/pachuca\/index.php\/wp-json\/wp\/v2\/product_cat?post=76802"},{"taxonomy":"product_tag","embeddable":true,"href":"https:\/\/soydeaqui.ddns.net\/pachuca\/index.php\/wp-json\/wp\/v2\/product_tag?post=76802"}],"curies":[{"name":"wp","href":"https:\/\/api.w.org\/{rel}","templated":true}]}}