{"id":76800,"date":"2026-03-19T15:35:05","date_gmt":"2026-03-19T15:35:05","guid":{"rendered":"https:\/\/soydeaqui.ddns.net\/pachuca\/index.php\/producto\/sensor-de-monitoreo-ambiental-de-temperatura-y-humedad-para-gabinetes-de-telecomunicaciones-o-centros-de-datos-compatible-con-pdus-g5-smartzone-de-panduit-con-cable-de-2-metros\/"},"modified":"2026-03-19T15:35:06","modified_gmt":"2026-03-19T15:35:06","slug":"sensor-de-monitoreo-ambiental-de-temperatura-y-humedad-para-gabinetes-de-telecomunicaciones-o-centros-de-datos-compatible-con-pdus-g5-smartzone-de-panduit-con-cable-de-2-metros","status":"publish","type":"product","link":"https:\/\/soydeaqui.ddns.net\/pachuca\/index.php\/producto\/sensor-de-monitoreo-ambiental-de-temperatura-y-humedad-para-gabinetes-de-telecomunicaciones-o-centros-de-datos-compatible-con-pdus-g5-smartzone-de-panduit-con-cable-de-2-metros\/","title":{"rendered":"Sensor de Monitoreo Ambiental de Temperatura y Humedad, Para Gabinetes de Telecomunicaciones o Centros de Datos, Compatible con PDU&#8217;s G5 SmartZone de Panduit, Con Cable de 2 Metros"},"content":{"rendered":"<div style='width: 100%; max-width: 1200px; margin: 0 auto; font-family: sans-serif; line-height: 1.6; color: inherit; background-color: transparent;'> <!-- Secci\u00f3n de descripci\u00f3n --> <\/p>\n<div style='margin-bottom: 30px; font-size: 15px; color: inherit;'>\n<p>Los sensores de temperatura y humedad de Panduit est\u00e1n dise\u00f1ados para agregar un monitoreo ambiental integral a cualquier iPDU G5. Los sensores ambientales est\u00e1n dise\u00f1ados con un microchip incorporado que convierte las se\u00f1ales anal\u00f3gicas a formato digital antes de que los datos viajen a la iPDU&comma; proporcionando una mayor precisi\u00f3n de la informaci\u00f3n.<\/p>\n<p>La instalaci\u00f3n de los sensores y el mantenimiento continuo del equipo se ven facilitados por el uso del acoplador de desconexi\u00f3n r\u00e1pida y el cable de conexi\u00f3n Ethernet&comma; que permiten la extensi\u00f3n conveniente de los sensores&comma; el movimiento del equipo y un m\u00e9todo de desconexi\u00f3n f\u00e1cil para quitar las puertas del gabinete.<\/p>\n<\/p><\/div>\n<p> <!-- Secci\u00f3n de especificaciones --> <\/p>\n<div style='display: flex; flex-wrap: wrap; gap: 20px; margin-bottom: 30px;'>\n<div style='flex: 1 1 250px; border: 1px solid rgba(150&comma; 150&comma; 150&comma; 0.4); border-radius: 8px; overflow: hidden; display: flex; flex-direction: column;'>\n<div style='padding: 15px; border-bottom: 1px solid rgba(150&comma; 150&comma; 150&comma; 0.2); font-weight: bold; font-size: 18px; color: inherit;'>Especificaciones t\u00e9cnicas<\/div>\n<div style='padding: 15px; color: inherit;'>\n<ul style='padding-left: 20px; margin: 0; font-size: 14px; list-style-type: disc;'>\n<li style='margin-bottom: 5px;'>Conexi\u00f3n RJ45 est\u00e1ndar<\/li>\n<li style='margin-bottom: 5px;'>Color: Negro<\/li>\n<li style='margin-bottom: 5px;'>Voltaje de operaci\u00f3n: 5 Vcc<\/li>\n<li style='margin-bottom: 5px;'>Exactitud: \u00b15% RH at 5-50\u00b0C 10~90% RH<\/li>\n<li style='margin-bottom: 5px;'>Rango de medici\u00f3n: 0\u00b0C~+65\u00b0C&comma; 10 \u2013 90% RH&comma; sin condensaci\u00f3n<\/li>\n<li style='margin-bottom: 5px;'>Longitud: 2 m<\/li>\n<li style='margin-bottom: 5px;'>Cumple con RoHS<\/li>\n<\/ul><\/div>\n<\/p><\/div>\n<\/p><\/div>\n<p> <!-- Separador --> <\/p>\n<hr style='border: 0; border-top: 1px solid rgba(150&comma; 150&comma; 150&comma; 0.3); margin: 30px 0;'> <\/div>\n","protected":false},"excerpt":{"rendered":"<p>Sensor de Monitoreo Ambiental de Temperatura y Humedad, Para Gabinetes de Telecomunicaciones o Centros de Datos, Compatible con PDU&#8217;s G5 SmartZone de Panduit, Con Cable de 2 Metros<\/p>\n","protected":false},"featured_media":76799,"comment_status":"open","ping_status":"closed","template":"","meta":[],"product_brand":[],"product_cat":[604],"product_tag":[606,445,605],"class_list":{"0":"post-76800","1":"product","2":"type-product","3":"status-publish","4":"has-post-thumbnail","6":"product_cat-accesorios-para-racks-y-gabinetes","7":"product_tag-accesorios-para-racks-y-gabinetes","8":"product_tag-panduit","9":"product_tag-racks-y-gabinetes","11":"first","12":"instock","13":"sale","14":"shipping-taxable","15":"purchasable","16":"product-type-simple"},"_links":{"self":[{"href":"https:\/\/soydeaqui.ddns.net\/pachuca\/index.php\/wp-json\/wp\/v2\/product\/76800","targetHints":{"allow":["GET"]}}],"collection":[{"href":"https:\/\/soydeaqui.ddns.net\/pachuca\/index.php\/wp-json\/wp\/v2\/product"}],"about":[{"href":"https:\/\/soydeaqui.ddns.net\/pachuca\/index.php\/wp-json\/wp\/v2\/types\/product"}],"replies":[{"embeddable":true,"href":"https:\/\/soydeaqui.ddns.net\/pachuca\/index.php\/wp-json\/wp\/v2\/comments?post=76800"}],"wp:featuredmedia":[{"embeddable":true,"href":"https:\/\/soydeaqui.ddns.net\/pachuca\/index.php\/wp-json\/wp\/v2\/media\/76799"}],"wp:attachment":[{"href":"https:\/\/soydeaqui.ddns.net\/pachuca\/index.php\/wp-json\/wp\/v2\/media?parent=76800"}],"wp:term":[{"taxonomy":"product_brand","embeddable":true,"href":"https:\/\/soydeaqui.ddns.net\/pachuca\/index.php\/wp-json\/wp\/v2\/product_brand?post=76800"},{"taxonomy":"product_cat","embeddable":true,"href":"https:\/\/soydeaqui.ddns.net\/pachuca\/index.php\/wp-json\/wp\/v2\/product_cat?post=76800"},{"taxonomy":"product_tag","embeddable":true,"href":"https:\/\/soydeaqui.ddns.net\/pachuca\/index.php\/wp-json\/wp\/v2\/product_tag?post=76800"}],"curies":[{"name":"wp","href":"https:\/\/api.w.org\/{rel}","templated":true}]}}