{"id":76798,"date":"2026-03-19T15:34:58","date_gmt":"2026-03-19T15:34:58","guid":{"rendered":"https:\/\/soydeaqui.ddns.net\/pachuca\/index.php\/producto\/net-cover-advanced-1-ano-para-at-fl-vista-cb10-1yr\/"},"modified":"2026-03-19T15:35:00","modified_gmt":"2026-03-19T15:35:00","slug":"net-cover-advanced-1-ano-para-at-fl-vista-cb10-1yr","status":"publish","type":"product","link":"https:\/\/soydeaqui.ddns.net\/pachuca\/index.php\/producto\/net-cover-advanced-1-ano-para-at-fl-vista-cb10-1yr\/","title":{"rendered":"Net.Cover Advanced 1 A\u00f1o para AT-FL-VISTA-CB10-1YR"},"content":{"rendered":"<div style='width: 100%; max-width: 1200px; margin: 0 auto; font-family: sans-serif; line-height: 1.6; color: inherit; background-color: transparent;'>\n<div style='display: flex; flex-wrap: wrap; gap: 30px; margin-bottom: 30px;'>\n<div style='flex: 1 1 300px; min-width: 280px;'>\n<h3 style='font-size: 22px; border-bottom: 2px solid currentColor; padding-bottom: 5px; margin-top: 0; color: inherit; opacity: 0.8;'>Programas de soporte<\/h3>\n<ul style='padding-left: 20px; font-size: 15px; color: inherit;'>\n<li style='margin-bottom: 5px;'>Allied Telesis Net.Cover\u00ae programas de soporte&comma; est\u00e1n dise\u00f1ados para proporcionar una cobertura completa y dedicada para su red.<\/li>\n<li style='margin-bottom: 5px;'>Brindar los m\u00e1s altos niveles de soporte t\u00e9cnico&comma; medidas superiores de mitigaci\u00f3n de riesgos y servicios proactivos&comma; para garantizar alta disponibilidad&comma; continuidad comercial y tranquilidad.<\/li>\n<li style='margin-bottom: 5px;'>Entre los servicios disponibles con nuestros programas de soporte Net.Cover se encuentran el soporte t\u00e9cnico telef\u00f3nico de varios niveles&comma; las colas de prioridad y el reemplazo avanzado de productos; asegurando el m\u00e1ximo tiempo de actividad y facilitando la resoluci\u00f3n de problemas de hardware y software de red vitales.<\/li>\n<\/ul><\/div>\n<\/p><\/div>\n<div style='display: flex; flex-wrap: wrap; gap: 30px; margin-bottom: 30px;'>\n<div style='flex: 1 1 300px; min-width: 280px;'>\n<h3 style='font-size: 22px; border-bottom: 2px solid currentColor; padding-bottom: 5px; margin-top: 0; color: inherit; opacity: 0.8;'>Duraci\u00f3n<\/h3>\n<ul style='padding-left: 20px; font-size: 15px; color: inherit;'>\n<li style='margin-bottom: 5px;'>Disponible por per\u00edodos de uno&comma; tres y cinco a\u00f1os<\/li>\n<li style='margin-bottom: 5px;'>Opciones de soporte para los clientes que deseen mejorar las caracter\u00edsticas ofrecidas por la garant\u00eda est\u00e1ndar<\/li>\n<li style='margin-bottom: 5px;'>Permite proteger a\u00fan m\u00e1s su red y simplificar su presupuesto de mantenimiento con una tarifa \u00fanica<\/li>\n<\/ul><\/div>\n<\/p><\/div>\n<div style='display: flex; flex-wrap: wrap; gap: 30px; margin-bottom: 30px;'>\n<div style='flex: 1 1 300px; min-width: 280px;'>\n<h3 style='font-size: 22px; border-bottom: 2px solid currentColor; padding-bottom: 5px; margin-top: 0; color: inherit; opacity: 0.8;'>Net.Cover TAC<\/h3>\n<ul style='padding-left: 20px; font-size: 15px; color: inherit;'>\n<li style='margin-bottom: 5px;'>Programas Net.Cover Premium&comma; Advanced y Elite disponibles en productos actuales<\/li>\n<li style='margin-bottom: 5px;'>Net.Cover TAC ofrece acceso a actualizaciones de software y mejoras para productos de fin de venta<\/li>\n<li style='margin-bottom: 5px;'>Incluye acceso al Centro de asistencia t\u00e9cnica (TAC)<\/li>\n<li style='margin-bottom: 5px;'>Para verificar disponibilidad y obtener cotizaci\u00f3n&comma; contactar a representante local de Allied Telesis<\/li>\n<\/ul><\/div>\n<\/p><\/div>\n<div style='display: flex; flex-wrap: wrap; gap: 30px; margin-bottom: 30px;'>\n<div style='flex: 1 1 100%;'> <img style='width: 100%; height: auto; border: 1px solid rgba(150&comma;150&comma;150&comma;0.3); border-radius: 8px;' src='https:\/\/ftp3.syscom.mx\/usuarios\/raragon\/Allied_Telesis\/NetCover\/NetCover_Caracteristicas.png' alt=''> <\/div>\n<\/p><\/div>\n<div style='display: flex; flex-wrap: wrap; gap: 20px; margin-bottom: 30px;'>\n<div style='flex: 1 1 250px; border: 1px solid rgba(150&comma; 150&comma; 150&comma; 0.4); border-radius: 8px; overflow: hidden; display: flex; flex-direction: column;'>\n<div style='padding: 15px; border-bottom: 1px solid rgba(150&comma; 150&comma; 150&comma; 0.2); font-weight: bold; font-size: 18px; color: inherit;'>Servicios en l\u00ednea<\/div>\n<div style='padding: 15px; color: inherit;'>\n<ul style='padding-left: 20px; margin: 0; font-size: 14px; list-style-type: disc;'>\n<li style='margin-bottom: 5px;'>Servicio de soporte en l\u00ednea basado en la web&comma; disponible 24&#215;7<\/li>\n<li style='margin-bottom: 5px;'>Permite generar y realizar seguimiento del estado de sus incidentes de soporte t\u00e9cnico<\/li>\n<\/ul><\/div>\n<\/p><\/div>\n<div style='flex: 1 1 250px; border: 1px solid rgba(150&comma; 150&comma; 150&comma; 0.4); border-radius: 8px; overflow: hidden; display: flex; flex-direction: column;'>\n<div style='padding: 15px; border-bottom: 1px solid rgba(150&comma; 150&comma; 150&comma; 0.2); font-weight: bold; font-size: 18px; color: inherit;'>Base de conocimientos<\/div>\n<div style='padding: 15px; color: inherit;'>\n<ul style='padding-left: 20px; margin: 0; font-size: 14px; list-style-type: disc;'>\n<li style='margin-bottom: 5px;'>Acceso inmediato al portal de soporte de Allied Telesis<\/li>\n<li style='margin-bottom: 5px;'>Registro en la base de conocimientos de Allied Telesis<\/li>\n<\/ul><\/div>\n<\/p><\/div>\n<div style='flex: 1 1 250px; border: 1px solid rgba(150&comma; 150&comma; 150&comma; 0.4); border-radius: 8px; overflow: hidden; display: flex; flex-direction: column;'>\n<div style='padding: 15px; border-bottom: 1px solid rgba(150&comma; 150&comma; 150&comma; 0.2); font-weight: bold; font-size: 18px; color: inherit;'>Actualizaciones de software<\/div>\n<div style='padding: 15px; color: inherit;'>\n<ul style='padding-left: 20px; margin: 0; font-size: 14px; list-style-type: disc;'>\n<li style='margin-bottom: 5px;'>Acceso en l\u00ednea a actualizaciones de software&comma; actualizaciones y correcci\u00f3n de errores<\/li>\n<li style='margin-bottom: 5px;'>Funciones y mejoras oportunas en respuesta a cambios en entornos de red<\/li>\n<li style='margin-bottom: 5px;'>Acceso al software 24&#215;7<\/li>\n<li style='margin-bottom: 5px;'>Notas de la versi\u00f3n y documentaci\u00f3n<\/li>\n<\/ul><\/div>\n<\/p><\/div>\n<\/p><\/div>\n<div style='display: flex; flex-wrap: wrap; gap: 20px; margin-bottom: 30px;'>\n<div style='flex: 1 1 250px; border: 1px solid rgba(150&comma; 150&comma; 150&comma; 0.4); border-radius: 8px; overflow: hidden; display: flex; flex-direction: column;'>\n<div style='padding: 15px; border-bottom: 1px solid rgba(150&comma; 150&comma; 150&comma; 0.2); font-weight: bold; font-size: 18px; color: inherit;'>Soporte de hardware<\/div>\n<div style='padding: 15px; color: inherit;'>\n<ul style='padding-left: 20px; margin: 0; font-size: 14px; list-style-type: disc;'>\n<li style='margin-bottom: 5px;'>Soluci\u00f3n de problemas de hardware y diagn\u00f3stico de fallas<\/li>\n<li style='margin-bottom: 5px;'>Cobertura del costo de las reparaciones en caso de falla del hardware<\/li>\n<li style='margin-bottom: 5px;'>Reemplazo avanzado de hardware con env\u00edo al siguiente d\u00eda h\u00e1bil (Programas Advanced y Elite)<\/li>\n<li style='margin-bottom: 5px;'>Diagn\u00f3stico de fallas de hardware<\/li>\n<\/ul><\/div>\n<\/p><\/div>\n<div style='flex: 1 1 250px; border: 1px solid rgba(150&comma; 150&comma; 150&comma; 0.4); border-radius: 8px; overflow: hidden; display: flex; flex-direction: column;'>\n<div style='padding: 15px; border-bottom: 1px solid rgba(150&comma; 150&comma; 150&comma; 0.2); font-weight: bold; font-size: 18px; color: inherit;'>Cola de prioridad<\/div>\n<div style='padding: 15px; color: inherit;'>\n<ul style='padding-left: 20px; margin: 0; font-size: 14px; list-style-type: disc;'>\n<li style='margin-bottom: 5px;'>Priorizaci\u00f3n de solicitudes de acuerdo con el plan suscrito<\/li>\n<li style='margin-bottom: 5px;'>Acceso a n\u00fameros de tel\u00e9fono locales gratuitos de llamada en vivo<\/li>\n<\/ul><\/div>\n<\/p><\/div>\n<div style='flex: 1 1 250px; border: 1px solid rgba(150&comma; 150&comma; 150&comma; 0.4); border-radius: 8px; overflow: hidden; display: flex; flex-direction: column;'>\n<div style='padding: 15px; border-bottom: 1px solid rgba(150&comma; 150&comma; 150&comma; 0.2); font-weight: bold; font-size: 18px; color: inherit;'>Soporte telef\u00f3nico<\/div>\n<div style='padding: 15px; color: inherit;'>\n<ul style='padding-left: 20px; margin: 0; font-size: 14px; list-style-type: disc;'>\n<li style='margin-bottom: 5px;'>Soporte en vivo del servicio de asistencia t\u00e9cnica de Allied Telesis<\/li>\n<li style='margin-bottom: 5px;'>Ingenieros con experiencia en productos Allied Telesis y tecnolog\u00edas de redes<\/li>\n<li style='margin-bottom: 5px;'>Acceso a n\u00fameros de tel\u00e9fono actualizados por pa\u00eds<\/li>\n<\/ul><\/div>\n<\/p><\/div>\n<\/p><\/div>\n<div style='display: flex; flex-wrap: wrap; gap: 20px; margin-bottom: 30px;'>\n<div style='flex: 1 1 250px; border: 1px solid rgba(150&comma; 150&comma; 150&comma; 0.4); border-radius: 8px; overflow: hidden; display: flex; flex-direction: column;'>\n<div style='padding: 15px; border-bottom: 1px solid rgba(150&comma; 150&comma; 150&comma; 0.2); font-weight: bold; font-size: 18px; color: inherit;'>Evaluaci\u00f3n de la configuraci\u00f3n<\/div>\n<div style='padding: 15px; color: inherit;'>\n<ul style='padding-left: 20px; margin: 0; font-size: 14px; list-style-type: disc;'>\n<li style='margin-bottom: 5px;'>Evaluaci\u00f3n de archivos de configuraci\u00f3n b\u00e1sicos de hardware y software por ingeniero Allied Telesis<\/li>\n<li style='margin-bottom: 5px;'>Servicios adicionales disponibles mediante organizaci\u00f3n de Servicios Profesionales<\/li>\n<li style='margin-bottom: 5px;'>Servicios de ingenier\u00eda&comma; consulta de dise\u00f1o&comma; implementaci\u00f3n y an\u00e1lisis de redes<\/li>\n<\/ul><\/div>\n<\/p><\/div>\n<div style='flex: 1 1 250px; border: 1px solid rgba(150&comma; 150&comma; 150&comma; 0.4); border-radius: 8px; overflow: hidden; display: flex; flex-direction: column;'>\n<div style='padding: 15px; border-bottom: 1px solid rgba(150&comma; 150&comma; 150&comma; 0.2); font-weight: bold; font-size: 18px; color: inherit;'>Soporte de cuenta directo<\/div>\n<div style='padding: 15px; color: inherit;'>\n<ul style='padding-left: 20px; margin: 0; font-size: 14px; list-style-type: disc;'>\n<li style='margin-bottom: 5px;'>Clientes Elite tienen contacto directo con gerentes de cuentas y especialistas<\/li>\n<li style='margin-bottom: 5px;'>Asistencia en selecci\u00f3n de soluciones y tecnolog\u00edas adecuadas<\/li>\n<li style='margin-bottom: 5px;'>Apoyo para resoluci\u00f3n r\u00e1pida de problemas<\/li>\n<\/ul><\/div>\n<\/p><\/div>\n<\/p><\/div>\n<hr style='border: 0; border-top: 1px solid rgba(150&comma; 150&comma; 150&comma; 0.3); margin: 30px 0;'> <\/div>\n","protected":false},"excerpt":{"rendered":"<p>Net.Cover Advanced 1 A\u00f1o para AT-FL-VISTA-CB10-1YR<\/p>\n","protected":false},"featured_media":76797,"comment_status":"open","ping_status":"closed","template":"","meta":[],"product_brand":[],"product_cat":[1993],"product_tag":[1995,664,1994],"class_list":{"0":"post-76798","1":"product","2":"type-product","3":"status-publish","4":"has-post-thumbnail","6":"product_cat-polizas-de-garantia","7":"product_tag-allied-telesis","8":"product_tag-networking","9":"product_tag-polizas-de-garantia","11":"first","12":"outofstock","13":"sale","14":"shipping-taxable","15":"purchasable","16":"product-type-simple"},"_links":{"self":[{"href":"https:\/\/soydeaqui.ddns.net\/pachuca\/index.php\/wp-json\/wp\/v2\/product\/76798","targetHints":{"allow":["GET"]}}],"collection":[{"href":"https:\/\/soydeaqui.ddns.net\/pachuca\/index.php\/wp-json\/wp\/v2\/product"}],"about":[{"href":"https:\/\/soydeaqui.ddns.net\/pachuca\/index.php\/wp-json\/wp\/v2\/types\/product"}],"replies":[{"embeddable":true,"href":"https:\/\/soydeaqui.ddns.net\/pachuca\/index.php\/wp-json\/wp\/v2\/comments?post=76798"}],"wp:featuredmedia":[{"embeddable":true,"href":"https:\/\/soydeaqui.ddns.net\/pachuca\/index.php\/wp-json\/wp\/v2\/media\/76797"}],"wp:attachment":[{"href":"https:\/\/soydeaqui.ddns.net\/pachuca\/index.php\/wp-json\/wp\/v2\/media?parent=76798"}],"wp:term":[{"taxonomy":"product_brand","embeddable":true,"href":"https:\/\/soydeaqui.ddns.net\/pachuca\/index.php\/wp-json\/wp\/v2\/product_brand?post=76798"},{"taxonomy":"product_cat","embeddable":true,"href":"https:\/\/soydeaqui.ddns.net\/pachuca\/index.php\/wp-json\/wp\/v2\/product_cat?post=76798"},{"taxonomy":"product_tag","embeddable":true,"href":"https:\/\/soydeaqui.ddns.net\/pachuca\/index.php\/wp-json\/wp\/v2\/product_tag?post=76798"}],"curies":[{"name":"wp","href":"https:\/\/api.w.org\/{rel}","templated":true}]}}