{"id":76795,"date":"2026-03-19T15:34:52","date_gmt":"2026-03-19T15:34:52","guid":{"rendered":"https:\/\/soydeaqui.ddns.net\/pachuca\/index.php\/producto\/switch-jetstream-gigabit-administrable-capa-2-24-puertos-sfp-4-puertos-sfp-y-4-puertos-rj45-gigabit-en-combo\/"},"modified":"2026-03-19T15:34:55","modified_gmt":"2026-03-19T15:34:55","slug":"switch-jetstream-gigabit-administrable-capa-2-24-puertos-sfp-4-puertos-sfp-y-4-puertos-rj45-gigabit-en-combo","status":"publish","type":"product","link":"https:\/\/soydeaqui.ddns.net\/pachuca\/index.php\/producto\/switch-jetstream-gigabit-administrable-capa-2-24-puertos-sfp-4-puertos-sfp-y-4-puertos-rj45-gigabit-en-combo\/","title":{"rendered":"Switch JetStream Gigabit administrable capa 2, 24 puertos SFP, 4 puertos SFP+ y 4 puertos RJ45 Gigabit en combo"},"content":{"rendered":"<div style='width: 100%; max-width: 1200px; margin: 0 auto; font-family: sans-serif; line-height: 1.6; color: inherit; background-color: transparent;'> <!-- Secci\u00f3n de caracter\u00edsticas con grid --> <\/p>\n<div style='display: grid; grid-template-columns: repeat(auto-fill&comma; minmax(300px&comma; 1fr)); gap: 30px; margin-bottom: 30px;'>\n<div style='min-width: 280px;'>\n<h3 style='font-size: 22px; border-bottom: 2px solid currentColor; padding-bottom: 5px; margin-top: 0; color: inherit; opacity: 0.8;'>CARACTER\u00cdSTICAS DE HARDWARE<\/h3>\n<ul style='padding-left: 20px; font-size: 15px; color: inherit;'>\n<li style='margin-bottom: 5px;'><strong>Est\u00e1ndares y Protocolos:<\/strong> IEEE 802.3i&comma; IEEE 802.3u&comma; IEEE 802.3ab&comma; IEEE802.3z&comma; IEEE 802.3ad&comma; IEEE 802.3x&comma; IEEE 802.1d&comma; IEEE 802.1s&comma; IEEE 802.1w&comma; IEEE 802.1q&comma; IEEE 802.1x&comma; IEEE 802.1p<\/li>\n<li style='margin-bottom: 5px;'><strong>Interfaz:<\/strong> 24 Slots Gigabit SFP&comma; 4 Puertos Combo RJ45 10\/100\/1000 Mbps&comma; 4 Slots 10G SFP+&comma; 1 Puerto Consola RJ45&comma; 1 Puerto Consola Micro-usb<\/li>\n<li style='margin-bottom: 5px;'><strong>Medios de Red:<\/strong> 10BASE-T: Cable UTP Categor\u00eda 3&comma;4&comma; 5 (m\u00e1ximo 100m)&comma; 100BASE-TX\/1000Base-T: Cable UTP Categor\u00eda 5&comma; 5e o superior (m\u00e1ximo 100m)&comma; 1000BASE-X: MMF&comma; SMF&comma; 10GBASE-X: MMF&comma; SMF&comma; 10GSFP+CU &#8216;SFP+ Cable Directamente Conectado&#8217; (TXC432-CU1M&comma; TXC432-CU3M)<\/li>\n<li style='margin-bottom: 5px;'><strong>Cantidad de Ventiladores:<\/strong> 2<\/li>\n<li style='margin-bottom: 5px;'><strong>Fuente de Alimentaci\u00f3n:<\/strong> 100~240VAC&comma; 50\/60Hz<\/li>\n<li style='margin-bottom: 5px;'><strong>Dimensiones:<\/strong> 440 * 220 * 44 mm (17.32 * 8.7 * 1.73 in)<\/li>\n<li style='margin-bottom: 5px;'><strong>Montaje:<\/strong> Montaje en Rack<\/li>\n<li style='margin-bottom: 5px;'><strong>Consumo de Potencia M\u00e1ximo:<\/strong> 29.67W (220V\/50Hz)<\/li>\n<li style='margin-bottom: 5px;'><strong>Max Heat Dissipation:<\/strong> 101.23 BTU\/h<\/li>\n<\/ul><\/div>\n<div style='min-width: 280px;'>\n<h3 style='font-size: 22px; border-bottom: 2px solid currentColor; padding-bottom: 5px; margin-top: 0; color: inherit; opacity: 0.8;'>RENDIMIENTO<\/h3>\n<ul style='padding-left: 20px; font-size: 15px; color: inherit;'>\n<li style='margin-bottom: 5px;'><strong>Ancho de Banda \/ Backplane:<\/strong> 128Gbps<\/li>\n<li style='margin-bottom: 5px;'><strong>Tasa de Reenv\u00edo de Paquetes:<\/strong> 95.2Mpps<\/li>\n<li style='margin-bottom: 5px;'><strong>Tabla de Direcciones MAC:<\/strong> 16k<\/li>\n<li style='margin-bottom: 5px;'><strong>Jumbo Frame:<\/strong> 9216 Bytes<\/li>\n<\/ul><\/div>\n<div style='min-width: 280px;'>\n<h3 style='font-size: 22px; border-bottom: 2px solid currentColor; padding-bottom: 5px; margin-top: 0; color: inherit; opacity: 0.8;'>CARACTER\u00cdSTICAS DE SOFTWARE<\/h3>\n<ul style='padding-left: 20px; font-size: 15px; color: inherit;'>\n<li style='margin-bottom: 5px;'><strong>Calidad de Servicio:<\/strong> Soporta prioridad CoS\/DSCP 802.1p&comma; Soporta 8 colas de prioridad&comma; Planificaci\u00f3n de colas: SP&comma; WRR&comma; SP+WRR&comma; Limitaci\u00f3n de Tasa basada en Puerto\/Flujo&comma; Voz VLAN<\/li>\n<li style='margin-bottom: 5px;'><strong>Caracter\u00edsticas L2 y L2+:<\/strong> Enrutamiento Est\u00e1tico&comma; DHCP Relay&comma; IGMP Snooping V1\/V2\/V3&comma; 802.3ad LACP (Hasta 14 agregaciones de grupos&comma; contiene 8 puertos por grupo)&comma; Spanning Tree STP\/RSTP\/MSTP&comma; BPDU Filtering\/Guard&comma; TC\/Root Protect&comma; Loopback detection&comma; 802.3x Flow Control&comma; L2PT<\/li>\n<li style='margin-bottom: 5px;'><strong>VLAN:<\/strong> Soporta hasta 4K VLANs simult\u00e1neamente (de hasta 4K de IDs de VLAN)&comma; VLAN IEEE 802.1Q \/ VLAN MAC \/ Protocolo VLAN \/ QinQ \/ VLAN Privada \/ GVRP<\/li>\n<li style='margin-bottom: 5px;'><strong>Seguridad:<\/strong> Vinculaci\u00f3n IP-MAC-Puerto-VID&comma; AAA&comma; Autenticaci\u00f3n 802.1x y Radius&comma; Defensa DoS&comma; Inspecci\u00f3n ARP Din\u00e1mica (DAI)&comma; SSH v1\/v2&comma; SSL v3\/TLSv1&comma; Seguridad por Puerto&comma; Control de Tormentas Broadcast\/Multicast\/Unicast-desconocido<\/li>\n<li style='margin-bottom: 5px;'><strong>IPv6:<\/strong> Stack Dual IPv4\/IPv6&comma; Multicast Listener Discovery (MLD) Snooping&comma; IPv6 neighbor discovery (ND)&comma; Path maximum transmission unit (MTU) discovery&comma; Internet Control Message Protocol (ICMP) version 6&comma; TCPv6\/UDPv6&comma; IPv6 ACL&comma; DHCPv6 Snooping&comma; IPv6 Interface<\/li>\n<li style='margin-bottom: 5px;'><strong>Aplicaciones IPv6:<\/strong> DHCPv6 Client&comma; Ping6&comma; Tracert6&comma; Telnet(v6)&comma; IPv6 SNMP&comma; IPv6 SSH&comma; IPv6 SSL&comma; Http\/Https&comma; IPv6 TFTP&comma; IPv6 ACL&comma; IPv6 Interface&comma; IPv6 Routing&comma; DHCPv6 Relay&comma; DHCPv6 Snooping<\/li>\n<li style='margin-bottom: 5px;'><strong>Gesti\u00f3n:<\/strong> Gesti\u00f3n CLI y GUI basada en Web&comma; SNMP v1\/v2c\/v3&comma; compatible con MIBs p\u00fablicos y MIBs privados de TP-LINK&comma; RMON (1&comma; 2&comma; 3&comma; 9 groups)&comma; sFlow&comma; PPPoE Circuit ID&comma; DHCP Relay&comma; Servidor DHCP&comma; DHCP\/BOOTP Client&comma; DHCP Snooping&comma; DHCP Option82&comma; Imagen Dual&comma; Monitorizaci\u00f3n de CPU&comma; Port Mirroring&comma; Configuraci\u00f3n Horaria: SNTP&comma; Funcionalidad NDP\/NTDP Integrada&comma; Actualizaci\u00f3n de Firmware: TFTP &#038; Web&comma; Diagn\u00f3stico de Sistema: VCT&comma; SYSLOG &#038; MIBS P\u00fablicas&comma; Recuperaci\u00f3n de Contrase\u00f1as<\/li>\n<li style='margin-bottom: 5px;'><strong>Control de Acceso:<\/strong> Filtrado de paquetes L2~L4 basado en direcci\u00f3n MAC e IP fuente y destino&comma; puertos TCP\/UDP&comma; 802.1p&comma; DSCP&comma; protocolo e ID de VLAN basado en Rango de Tiempo<\/li>\n<\/ul><\/div>\n<div style='min-width: 280px;'>\n<h3 style='font-size: 22px; border-bottom: 2px solid currentColor; padding-bottom: 5px; margin-top: 0; color: inherit; opacity: 0.8;'>OTROS<\/h3>\n<ul style='padding-left: 20px; font-size: 15px; color: inherit;'>\n<li style='margin-bottom: 5px;'><strong>Certificaciones:<\/strong> CE&comma; FCC&comma; RoHS<\/li>\n<li style='margin-bottom: 5px;'><strong>Contenido del Paquete:<\/strong> Switch&comma; Cable de Alimentaci\u00f3n&comma; Gu\u00eda de Instalaci\u00f3n&comma; CD de Recursos&comma; Kit de Montaje en Rack&comma; Pies de Goma<\/li>\n<li style='margin-bottom: 5px;'><strong>Requisitos del sistema:<\/strong> Microsoft\u00ae Windows\u00ae 98SE&comma; NT&comma; 2000&comma; XP&comma; Vista\u2122 o Windows 7\/8&comma; MAC\u00ae OS&comma; NetWare\u00ae&comma; UNIX\u00ae o Linux.<\/li>\n<li style='margin-bottom: 5px;'><strong>Factores Ambientales:<\/strong> Temperatura de Funcionamiento: 0\u00b0C~40\u00b0C (32\u00b0F~104\u00b0F); Temperatura de Almacenamiento: -40\u00b0C~70\u00b0C (-40\u00b0F~158\u00b0F)&comma; Humedad de Funcionamiento: 10%~90% sin condensaci\u00f3n&comma; Humedad de Almacenamiento: 5%~90% sin condensaci\u00f3n<\/li>\n<\/ul><\/div>\n<\/p><\/div>\n<p> <!-- Separador --> <\/p>\n<hr style='border: 0; border-top: 1px solid rgba(150&comma; 150&comma; 150&comma; 0.3); margin: 30px 0;'> <\/div>\n","protected":false},"excerpt":{"rendered":"<p>Switch JetStream Gigabit administrable capa 2, 24 puertos SFP, 4 puertos SFP+ y 4 puertos RJ45 Gigabit en combo<\/p>\n","protected":false},"featured_media":76794,"comment_status":"open","ping_status":"closed","template":"","meta":[],"product_brand":[],"product_cat":[1970],"product_tag":[664,1971,71],"class_list":{"0":"post-76795","1":"product","2":"type-product","3":"status-publish","4":"has-post-thumbnail","6":"product_cat-switches","7":"product_tag-networking","8":"product_tag-switches","9":"product_tag-tp-link","11":"first","12":"outofstock","13":"sale","14":"shipping-taxable","15":"purchasable","16":"product-type-simple"},"_links":{"self":[{"href":"https:\/\/soydeaqui.ddns.net\/pachuca\/index.php\/wp-json\/wp\/v2\/product\/76795","targetHints":{"allow":["GET"]}}],"collection":[{"href":"https:\/\/soydeaqui.ddns.net\/pachuca\/index.php\/wp-json\/wp\/v2\/product"}],"about":[{"href":"https:\/\/soydeaqui.ddns.net\/pachuca\/index.php\/wp-json\/wp\/v2\/types\/product"}],"replies":[{"embeddable":true,"href":"https:\/\/soydeaqui.ddns.net\/pachuca\/index.php\/wp-json\/wp\/v2\/comments?post=76795"}],"wp:featuredmedia":[{"embeddable":true,"href":"https:\/\/soydeaqui.ddns.net\/pachuca\/index.php\/wp-json\/wp\/v2\/media\/76794"}],"wp:attachment":[{"href":"https:\/\/soydeaqui.ddns.net\/pachuca\/index.php\/wp-json\/wp\/v2\/media?parent=76795"}],"wp:term":[{"taxonomy":"product_brand","embeddable":true,"href":"https:\/\/soydeaqui.ddns.net\/pachuca\/index.php\/wp-json\/wp\/v2\/product_brand?post=76795"},{"taxonomy":"product_cat","embeddable":true,"href":"https:\/\/soydeaqui.ddns.net\/pachuca\/index.php\/wp-json\/wp\/v2\/product_cat?post=76795"},{"taxonomy":"product_tag","embeddable":true,"href":"https:\/\/soydeaqui.ddns.net\/pachuca\/index.php\/wp-json\/wp\/v2\/product_tag?post=76795"}],"curies":[{"name":"wp","href":"https:\/\/api.w.org\/{rel}","templated":true}]}}