{"id":7678,"date":"2026-03-18T06:59:16","date_gmt":"2026-03-18T06:59:16","guid":{"rendered":"https:\/\/soydeaqui.ddns.net\/pachuca\/index.php\/producto\/kit-de-alarma-inalambrico-con-teclado-y-sirena-integrados-de-40-zonas\/"},"modified":"2026-03-18T06:59:17","modified_gmt":"2026-03-18T06:59:17","slug":"kit-de-alarma-inalambrico-con-teclado-y-sirena-integrados-de-40-zonas","status":"publish","type":"product","link":"https:\/\/soydeaqui.ddns.net\/pachuca\/index.php\/producto\/kit-de-alarma-inalambrico-con-teclado-y-sirena-integrados-de-40-zonas\/","title":{"rendered":"Kit de Alarma Inal\u00e1mbrico con Teclado y Sirena Integrados de 40 Zonas"},"content":{"rendered":"<div style='width: 100%; max-width: 1200px; margin: 0 auto; font-family: sans-serif; line-height: 1.6; color: inherit; background-color: transparent;'> <!-- Secci\u00f3n de caracter\u00edsticas principales --> <\/p>\n<div style='display: flex; flex-wrap: wrap; gap: 30px; margin-bottom: 30px;'>\n<div style='flex: 1 1 300px; min-width: 280px;'>\n<h3 style='font-size: 22px; border-bottom: 2px solid currentColor; padding-bottom: 5px; margin-top: 0; color: inherit; opacity: 0.8;'>Caracter\u00edsticas Generales<\/h3>\n<ul style='padding-left: 20px; font-size: 15px; color: inherit;'>\n<li style='margin-bottom: 5px;'>Teclado programador interconstruido<\/li>\n<li style='margin-bottom: 5px;'>Display de 2 l\u00edneas de LCD<\/li>\n<li style='margin-bottom: 5px;'>Sistema de voz interactivo<\/li>\n<li style='margin-bottom: 5px;'>Detecci\u00f3n de intensidad de se\u00f1al de RF y detecci\u00f3n de interferencia de RF<\/li>\n<li style='margin-bottom: 5px;'>Soporte de sirena inal\u00e1mbrica&comma; sirena interna y salida de sirena externa<\/li>\n<li style='margin-bottom: 5px;'>Historial de 128 eventos<\/li>\n<li style='margin-bottom: 5px;'>4 lenguajes seleccionables programados&comma; elegibles por el usuario<\/li>\n<li style='margin-bottom: 5px;'>Cumple totalmente con EN 50131 grado 2<\/li>\n<li style='margin-bottom: 5px;'>Men\u00fa telef\u00f3nico por voz (opcional)<\/li>\n<li style='margin-bottom: 5px;'>2 salidas programables&comma; salidas de PGM<\/li>\n<li style='margin-bottom: 5px;'>Comunicaci\u00f3n RF bidireccional<\/li>\n<li style='margin-bottom: 5px;'>Acepta 8 llaveros inal\u00e1mbricos&comma; 4 repetidores&comma; 4 sirenas y 4 teclados sin ocupar zonas<\/li>\n<li style='margin-bottom: 5px;'>Avanzadas caracter\u00edsticas en mantenimiento y prueba<\/li>\n<li style='margin-bottom: 5px;'>Frecuencia operaci\u00f3n: 433.952 MHz<\/li>\n<\/ul><\/div>\n<p> <!-- Secci\u00f3n de zonas --> <\/p>\n<div style='flex: 1 1 300px; min-width: 280px;'>\n<h3 style='font-size: 22px; border-bottom: 2px solid currentColor; padding-bottom: 5px; margin-top: 0; color: inherit; opacity: 0.8;'>Zonas<\/h3>\n<ul style='padding-left: 20px; font-size: 15px; color: inherit;'>\n<li style='margin-bottom: 5px;'>40 zonas<\/li>\n<li style='margin-bottom: 5px;'>39 zonas inal\u00e1mbricas + 1 zona cableada y tamper<\/li>\n<li style='margin-bottom: 5px;'>Configuraci\u00f3n de zonas de robo y fuego<\/li>\n<\/ul><\/div>\n<p> <!-- Secci\u00f3n de usuarios --> <\/p>\n<div style='flex: 1 1 300px; min-width: 280px;'>\n<h3 style='font-size: 22px; border-bottom: 2px solid currentColor; padding-bottom: 5px; margin-top: 0; color: inherit; opacity: 0.8;'>Usuarios<\/h3>\n<ul style='padding-left: 20px; font-size: 15px; color: inherit;'>\n<li style='margin-bottom: 5px;'>20 c\u00f3digos de usuario<\/li>\n<li style='margin-bottom: 5px;'>1 C\u00f3digo maestro<\/li>\n<li style='margin-bottom: 5px;'>1 C\u00f3digo instalador<\/li>\n<li style='margin-bottom: 5px;'>Armado programado<\/li>\n<\/ul><\/div>\n<p> <!-- Secci\u00f3n de comunicaci\u00f3n --> <\/p>\n<div style='flex: 1 1 300px; min-width: 280px;'>\n<h3 style='font-size: 22px; border-bottom: 2px solid currentColor; padding-bottom: 5px; margin-top: 0; color: inherit; opacity: 0.8;'>Comunicaci\u00f3n<\/h3>\n<ul style='padding-left: 20px; font-size: 15px; color: inherit;'>\n<li style='margin-bottom: 5px;'>Protocolo de comunicaci\u00f3n Contact ID<\/li>\n<li style='margin-bottom: 5px;'>2 n\u00fameros para central de monitoreo&comma; cuentas y selecci\u00f3n de opciones de reporte<\/li>\n<li style='margin-bottom: 5px;'>3 n\u00fameros privados de reporte<\/li>\n<\/ul><\/div>\n<\/p><\/div>\n<p> <!-- Secci\u00f3n de compatibilidad --> <\/p>\n<div style='margin-bottom: 30px;'>\n<h3 style='font-size: 22px; border-bottom: 2px solid currentColor; padding-bottom: 5px; margin-top: 0; color: inherit; opacity: 0.8;'>Compatibilidad<\/h3>\n<ul style='padding-left: 20px; font-size: 15px; color: inherit;'>\n<li style='margin-bottom: 5px;'><strong>Nota:<\/strong> Compatible solo con SENTRYLINE de la marca PIMA<\/li>\n<li style='margin-bottom: 5px;'><strong>Nota:<\/strong> En este momento no es compatible con central de monitoreo EXPRECIUMD<\/li>\n<\/ul><\/div>\n<p> <!-- Secci\u00f3n de contenido del kit --> <\/p>\n<div style='margin-bottom: 30px;'>\n<h3 style='font-size: 22px; border-bottom: 2px solid currentColor; padding-bottom: 5px; margin-top: 0; color: inherit; opacity: 0.8;'>Contenido del Kit<\/h3>\n<ul style='padding-left: 20px; font-size: 15px; color: inherit;'>\n<li style='margin-bottom: 5px;'>1 Panel HLX-40<\/li>\n<li style='margin-bottom: 5px;'>2 Contactos Magn\u00e9ticos SAK-02G<\/li>\n<li style='margin-bottom: 5px;'>1 Detector de movimiento PYR2011AG<\/li>\n<li style='margin-bottom: 5px;'>1 Llavero inal\u00e1mbrico SA-33GB<\/li>\n<\/ul><\/div>\n<p> <!-- Secci\u00f3n de diagrama de aplicaci\u00f3n --> <\/p>\n<div style='margin-bottom: 30px;'>\n<h3 style='font-size: 22px; border-bottom: 2px solid currentColor; padding-bottom: 5px; margin-top: 0; color: inherit; opacity: 0.8;'>Diagrama de Aplicaci\u00f3n<\/h3>\n<div style='margin-top: 15px;'> <img style='width: 100%; height: auto; border: 1px solid rgba(150&comma;150&comma;150&comma;0.3); border-radius: 8px;' src='http:\/\/ftp3.syscom.mx\/usuarios\/gjimenez\/ROSSLARE\/homelogix\/diagrama%20aplica%20receptores%20HL40GUS.jpg' alt='Diagrama de aplicaci\u00f3n de HLX40'> <\/div>\n<\/p><\/div>\n<p> <!-- Separador final --> <\/p>\n<hr style='border: 0; border-top: 1px solid rgba(150&comma; 150&comma; 150&comma; 0.3); margin: 30px 0;'> <\/div>\n","protected":false},"excerpt":{"rendered":"<p>Kit de Alarma Inal\u00e1mbrico con Teclado y Sirena Integrados de 40 Zonas<\/p>\n","protected":false},"featured_media":7677,"comment_status":"open","ping_status":"closed","template":"","meta":[],"product_brand":[],"product_cat":[60],"product_tag":[61,563,62],"class_list":{"0":"post-7678","1":"product","2":"type-product","3":"status-publish","4":"has-post-thumbnail","6":"product_cat-todos","7":"product_tag-paneles-de-alarma","8":"product_tag-rosslare-security-products","9":"product_tag-todos","11":"first","12":"outofstock","13":"sale","14":"shipping-taxable","15":"purchasable","16":"product-type-simple"},"_links":{"self":[{"href":"https:\/\/soydeaqui.ddns.net\/pachuca\/index.php\/wp-json\/wp\/v2\/product\/7678","targetHints":{"allow":["GET"]}}],"collection":[{"href":"https:\/\/soydeaqui.ddns.net\/pachuca\/index.php\/wp-json\/wp\/v2\/product"}],"about":[{"href":"https:\/\/soydeaqui.ddns.net\/pachuca\/index.php\/wp-json\/wp\/v2\/types\/product"}],"replies":[{"embeddable":true,"href":"https:\/\/soydeaqui.ddns.net\/pachuca\/index.php\/wp-json\/wp\/v2\/comments?post=7678"}],"wp:featuredmedia":[{"embeddable":true,"href":"https:\/\/soydeaqui.ddns.net\/pachuca\/index.php\/wp-json\/wp\/v2\/media\/7677"}],"wp:attachment":[{"href":"https:\/\/soydeaqui.ddns.net\/pachuca\/index.php\/wp-json\/wp\/v2\/media?parent=7678"}],"wp:term":[{"taxonomy":"product_brand","embeddable":true,"href":"https:\/\/soydeaqui.ddns.net\/pachuca\/index.php\/wp-json\/wp\/v2\/product_brand?post=7678"},{"taxonomy":"product_cat","embeddable":true,"href":"https:\/\/soydeaqui.ddns.net\/pachuca\/index.php\/wp-json\/wp\/v2\/product_cat?post=7678"},{"taxonomy":"product_tag","embeddable":true,"href":"https:\/\/soydeaqui.ddns.net\/pachuca\/index.php\/wp-json\/wp\/v2\/product_tag?post=7678"}],"curies":[{"name":"wp","href":"https:\/\/api.w.org\/{rel}","templated":true}]}}