{"id":76777,"date":"2026-03-19T15:34:07","date_gmt":"2026-03-19T15:34:07","guid":{"rendered":"https:\/\/soydeaqui.ddns.net\/pachuca\/index.php\/producto\/access-point-wifi-industrial-cnpilot-e502-de-alta-capacidad-para-exterior-ip67-doble-banda-antena-de-30-y-puerto-poe-secundario-pl-e500usca-rw\/"},"modified":"2026-03-19T15:34:18","modified_gmt":"2026-03-19T15:34:18","slug":"access-point-wifi-industrial-cnpilot-e502-de-alta-capacidad-para-exterior-ip67-doble-banda-antena-de-30-y-puerto-poe-secundario-pl-e500usca-rw","status":"publish","type":"product","link":"https:\/\/soydeaqui.ddns.net\/pachuca\/index.php\/producto\/access-point-wifi-industrial-cnpilot-e502-de-alta-capacidad-para-exterior-ip67-doble-banda-antena-de-30-y-puerto-poe-secundario-pl-e500usca-rw\/","title":{"rendered":"Access Point WiFi Industrial cnPilot e502 de alta capacidad para exterior, IP67, doble banda, antena de 30\u00b0 y puerto PoE secundario (PL-E500USCA-RW)"},"content":{"rendered":"<div style='width: 100%; max-width: 1200px; margin: 0 auto; font-family: sans-serif; line-height: 1.6; color: inherit; background-color: transparent;'> <!-- Header con logos --> <\/p>\n<div style='display: flex; justify-content: space-between; align-items: center; flex-wrap: wrap; margin-bottom: 30px;'> <img style='width: 100%; max-width: 251px; height: auto; border: 1px solid rgba(150&comma;150&comma;150&comma;0.3); border-radius: 8px; margin: 10px 0;' src='http:\/\/ftp3.syscom.mx\/usuarios\/hortega\/Cambium\/cambium-networks-logo.png' alt='Logo Cambium Networks'> <img style='width: 100%; max-width: 426px; height: auto; border: 1px solid rgba(150&comma;150&comma;150&comma;0.3); border-radius: 8px; margin: 10px 0;' src='https:\/\/ftp3.syscom.mx\/usuarios\/hortega\/Cambium\/cnpilot\/logopilot.png' alt='cnPilot e502'> <\/div>\n<hr style='border: 0; border-top: 1px solid rgba(150&comma;150&comma;150&comma;0.3); margin: 30px 0;'> <!-- Especificaciones en tags --> <\/p>\n<div style='display: flex; flex-wrap: wrap; gap: 15px; margin-bottom: 30px;'>\n<div style='background: rgba(235&comma;235&comma;235&comma;0.3); border-radius: 3px; padding: 4px 13px; font-size: 15px; flex: 1 1 120px; min-width: 100px; text-align: center;'> <strong style='color: inherit;'>802.11ac<\/strong> <\/p>\n<div style='color: inherit; font-size: 14px;'>Standard + MESH<\/div>\n<\/p><\/div>\n<div style='background: rgba(235&comma;235&comma;235&comma;0.3); border-radius: 3px; padding: 4px 13px; font-size: 15px; flex: 1 1 120px; min-width: 100px; text-align: center;'> <strong style='color: inherit;'>256<\/strong> <\/p>\n<div style='color: inherit; font-size: 14px;'>usuarios<\/div>\n<\/p><\/div>\n<div style='background: rgba(235&comma;235&comma;235&comma;0.3); border-radius: 3px; padding: 4px 13px; font-size: 15px; flex: 1 1 120px; min-width: 100px; text-align: center;'> <strong style='color: inherit;'>Sectorial<\/strong> <\/p>\n<div style='color: inherit; font-size: 14px;'>30\u00ba<\/div>\n<\/p><\/div>\n<div style='background: rgba(235&comma;235&comma;235&comma;0.3); border-radius: 3px; padding: 4px 13px; font-size: 15px; flex: 1 1 120px; min-width: 100px; text-align: center;'> <strong style='color: inherit;'>Controlador<\/strong> <\/p>\n<div style='color: inherit; font-size: 14px;'>gratuito<\/div>\n<\/p><\/div>\n<\/p><\/div>\n<hr style='border: 0; border-top: 1px solid rgba(150&comma;150&comma;150&comma;0.3); margin: 30px 0;'> <!-- Secci\u00f3n de caracter\u00edsticas en grid --> <\/p>\n<div style='display: grid; grid-template-columns: repeat(auto-fill&comma; minmax(250px&comma; 1fr)); gap: 20px; margin-bottom: 30px;'>\n<div style='border: 1px solid rgba(150&comma;150&comma;150&comma;0.4); border-radius: 8px; overflow: hidden;'>\n<div style='padding: 15px; border-bottom: 1px solid rgba(150&comma;150&comma;150&comma;0.2); font-weight: bold; font-size: 16px; color: inherit; background: rgba(0&comma;0&comma;0&comma;0.05);'>GESTI\u00d3N EN cn-MAESTRO<\/div>\n<div style='padding: 15px; color: inherit; font-size: 14px;'> <img style='width: 100%; max-width: 40px; height: auto; margin: 10px auto; display: block; border: 1px solid rgba(150&comma;150&comma;150&comma;0.3); border-radius: 8px;' src='data:image\/png;base64&comma;iVBORw0KGgoAAAANSUhEUgAAAEsAAABLCAYAAAA4TnrqAAAGTklEQVR4Ae2aaYwURRSAv9czswuKgHLIIRHB+wgqKuwOqwS8iILGqNEfRCQGjPcP8djF2LjMgkYwGsQjokQxUZcYj3iQiCLs7kAU4xER5NC4nmi8iMrO0c\/UzBJmEWZ62G5cSNWfqZ5X\/d6rr6ur3qtqsMUSsAQsAUvAErAELAFLwBKwBCwBS8ASsAQsAUvAErAELAFLwBLwTUD8twy6YU3tQDLOJBy9HOVooD\/QHVDgT+BHRD4CbzGxilWscLcH7UK5+vYtrJHTYnTrfxOqk4HTCpxNARuBrSBR0GHAIGCHf9tB38aReTQlmgru26fVHc6EbNR1qE5fB9wMnAz8AryC8i4Rby2\/VX7N564BtrOMcnsSy55A1qtCmACcAzigr6KR+0jWf7az8b6phQ8rfschaGweMCX3egnPIM4Smuo\/8d3Fk9wKemUmoTo1D06\/R+U2koml7a+tb1WdaRgurOp7+0NmJXAc8B7q3UByzvrOOEx13WSUxxAOBklQEXVZ4WY6pdPnzRGf7cpvdqY7gEhmLXAUKnM44strWfbEz+Ur2uWO1lWfMrhmEQ5XARfjeQcxesC7rFtnFoZQSziwqtzDiKRfAEagzCCZqA+0M9+t+ouhY5agch5wKdv6QuvKFaGSyk+YIZhwUg3AOGAhycSDIViAVXN+RqIXAetQvZ14rQEXanEC115VV42KCQ0+pC02I3D9hQqbZ5mJ\/h6EDCrzjV1wRofXo0TjOSGA439IL0TTCMOJ168nE3meN+21YznfQq85SxKvF04lAKCvj3galQrz2QpRpIOcCPdod93ZZYTcBL5DVBaxp+KlD54K+MHlnZb9fQX9n8MahNDZ6VM8chiN9US+LZLYS7f59ZwLY8mGZ9MWLPYBwPWDgLEfkLSTzKk1zv2KsW0lbKo4wEZVJCEfl0hzVy0g2LA+aUQd9VbWrc3OmkzmSbHQkwssd5KgZ5QtQWUL+1e0oLnFVHqyz7u5D1HkRGA98RpSLWJlo3bMN1yGeuRbVR3MjTriF5sTje27fSUm81oC4ESVOTH4gq\/NQ\/QaoABnRnsT3bH\/I91IRm1vOSCtvzoo4z+VAiTzLoA1TaWw0K1CR4no0s4j4PatR7zVU+xRpHIDI2ZzbDnO0FysTLcBlHZSOdbuRSpkH\/SRIPal0FTV3T8kFuB0a7v7C\/2oYr52Ry\/iFRn+gCgw213\/O4C+PpaXBRPbhFY8vgBSqv+\/WiNlANCGNZI7HPHCYQNZZ7DeY9Qdrws2VqNwKbAFnVukRtRtX86Mw3GS3MvoOnjeOisoPduPBzr+aH9hGzz+mASYWnEBb+qadwj3X\/M1ZVTMvRvR1hDqaE+GOjj37GrxkzF3D8CLLgD5UxAaV2rr2N7JEzcoH4hjFB05pmrsF9CngUFJpk5QXLf5gwelAGwPXf1xU2\/4o9JzX2t2+rZT7fmH1y4UKJVe\/Uua6oHx1dAPwK3BiKe\/8whJUS4QJpUx1VbnrgRhgvUt56BfWH4gMDzOjL+VouHKtbN+1KGrGJ6wc+b5UbTfneQdWMSdH+eO5raU65hOWZzbXgOgFpRTud\/JD2s7MpUOqa0r57g9WW8VLwDZEp2OO3Q+k4jhX5rsjZj+saPEHK7c9LI8Ap5CV2UU17k\/C6rpLgGuAjyQTxaP+XfaeivdzxPZ5oEbhZKrr7ij4DiF+X1eVjpp5DEoDSiSfO\/2cbPvnrpP954YbG9IMqUm2b\/ZdDZCzBzJ8fBNfr\/jfv24p+3nE60bjYLKRISjOpiVx2I8OL7khaA3zD5CFRLJPM2DTpr1KsAt1h1k3mwHbel8Vz7sPOD8\/kmQ6LbNNuuMrwS8flumQOZ9Lpa4CeSh3SJDvpIfyD4I5ot8n3x74Z6vdQMy3XyZMMDPI+2j2+nK\/u9g7WDu8HOv2IJ0ZB1qDxxk7\/u5yv455eLIWz1tPRN6jKdHsdzR1ub5YhywBS8ASsAQsAUvAErAELAFLwBKwBCwBS8ASsAQsAUvAErAELAFLwBKwBCwBn4D9B7E4M4v6KZz0AAAAAElFTkSuQmCC' alt='Icono de gesti\u00f3n cnMaestro'> <\/p>\n<p style='text-align: center; font-size: 14px; margin-top: 10px;'>Gesti\u00f3n integral de toda la red para manejo de inventario&comma; incorporaci\u00f3n de dispositivos&comma; operaciones diarias&comma; mantenimiento&comma; configuraci\u00f3n y aprovisionamiento&comma; as\u00ed como la creaci\u00f3n de ticket y\/o vouchers&comma; control de tiempos y Anchos de Banda&comma; y portal cautivo.<\/p>\n<\/p><\/div>\n<\/p><\/div>\n<div style='border: 1px solid rgba(150&comma;150&comma;150&comma;0.4); border-radius: 8px; overflow: hidden;'>\n<div style='padding: 15px; border-bottom: 1px solid rgba(150&comma;150&comma;150&comma;0.2); font-weight: bold; font-size: 16px; color: inherit; background: rgba(0&comma;0&comma;0&comma;0.05);'>DISE\u00d1ADO PARA ALTA CAPACIDAD<\/div>\n<div style='padding: 15px; color: inherit; font-size: 14px;'> <img style='width: 100%; max-width: 30px; height: auto; margin: 10px auto; display: block; border: 1px solid rgba(150&comma;150&comma;150&comma;0.3); border-radius: 8px;' src='data:image\/png;base64&comma;iVBORw0KGgoAAAANSUhEUgAAABkAAAAZCAYAAADE6YVjAAABl0lEQVRIDWP8\/\/\/\/fwYaAyYamw82noUUS779+s9w\/tEvsBZDOTYGLjZGorQzEhtcn77\/Y2ja9olBVpAZbPDj938ZGn34GbjZCVtEdHBdfHobbEG+Ey8DCIMsO\/cY4itC3iHaku+\/fjGI8EB8ATJUlIeZASRGDCDaEhkBFoYLT34znHrwC4zPP\/nNABIjBhAdJyDDtl\/5znD1+R8wU5V4GQxQIg93CjsrI8O7b8iXgW2QGQxQIg8P68zKw8DFAHkG8e7LHwYTLyP49vM\/w6UHv8H4zO1fDD9+\/2dYd+4bA0iMGEA0nIg4dOcHw9Xnvxk+\/\/jHcO35H4YbL34zgMSIAUTDiYhLj38x3Hr5m+HJ+78M157+Yrj69BfD37\/\/GZ68\/8Pw999\/htOPfjK8\/fyX4cXHvwwgMWIA0XDi5eG7vxiuPf\/N8PnHf4a7b\/4wXH78i+Hf3\/8M157+YgCJEQOItkTG1We\/Ga48+QX349XnvxhAYsQAouFExN3Xf8D48qNfDCAxYgDRcCLi0v1fYHz16S+Gv\/\/+M9x68YcBJEYMIBoeXH36m+H6s98MIDFiANFwIuL2i7\/gX689\/c0AEiMGEA0nIq49\/Q3G1578ZACJEQOIlhMR1579Zrj+7DfD33\/\/GW6+\/MMAEiMGEA0nIi49+gXG157+ZgCJEQOIlhMRlx\/9Yrj27DfDv3\/\/GW68+MMAEiMGEA0nIi4++gXG157+ZgCJEQOIlhMRlx7+Yrj27DfDv3\/\/GK48+80AEiMGEA0nIi48+gXG157+ZgCJEQOIlhMR5+7+ZLj27DfDv3\/\/GC48+sUAEiMGEA0nIs7e+QHGV5\/+ZgCJEQOIlhMRp2\/\/YHj9+S+Gv\/\/+M5y+9Z0BJEYMIBoe3Hv9h+H1578YQGLEAKLhRMSJW98Z3n75x\/D333+G4ze+M4DEiAFEw4mIY9e\/M7z98o\/h77\/\/GA5e\/8YAEiMGEA0nIg5e\/8bw9vM\/hj\/\/DjAcut7KABKj5QbR0K63X\/4x\/H\/+\/A95W7v+Aw3h4QAAAABJRU5ErkJggg==\n<\/p>\n","protected":false},"excerpt":{"rendered":"<p>Access Point WiFi Industrial cnPilot e502 de alta capacidad para exterior, IP67, doble banda, antena de 30\u00b0 y puerto PoE secundario (PL-E500USCA-RW)<\/p>\n","protected":false},"featured_media":76776,"comment_status":"open","ping_status":"closed","template":"","meta":[],"product_brand":[],"product_cat":[1794],"product_tag":[1316,1795,1479],"class_list":{"0":"post-76777","1":"product","2":"type-product","3":"status-publish","4":"has-post-thumbnail","6":"product_cat-puntos-de-acceso","7":"product_tag-cambium-networks","8":"product_tag-puntos-de-acceso","9":"product_tag-redes-wifi","11":"first","12":"outofstock","13":"sale","14":"shipping-taxable","15":"purchasable","16":"product-type-simple"},"_links":{"self":[{"href":"https:\/\/soydeaqui.ddns.net\/pachuca\/index.php\/wp-json\/wp\/v2\/product\/76777","targetHints":{"allow":["GET"]}}],"collection":[{"href":"https:\/\/soydeaqui.ddns.net\/pachuca\/index.php\/wp-json\/wp\/v2\/product"}],"about":[{"href":"https:\/\/soydeaqui.ddns.net\/pachuca\/index.php\/wp-json\/wp\/v2\/types\/product"}],"replies":[{"embeddable":true,"href":"https:\/\/soydeaqui.ddns.net\/pachuca\/index.php\/wp-json\/wp\/v2\/comments?post=76777"}],"wp:featuredmedia":[{"embeddable":true,"href":"https:\/\/soydeaqui.ddns.net\/pachuca\/index.php\/wp-json\/wp\/v2\/media\/76776"}],"wp:attachment":[{"href":"https:\/\/soydeaqui.ddns.net\/pachuca\/index.php\/wp-json\/wp\/v2\/media?parent=76777"}],"wp:term":[{"taxonomy":"product_brand","embeddable":true,"href":"https:\/\/soydeaqui.ddns.net\/pachuca\/index.php\/wp-json\/wp\/v2\/product_brand?post=76777"},{"taxonomy":"product_cat","embeddable":true,"href":"https:\/\/soydeaqui.ddns.net\/pachuca\/index.php\/wp-json\/wp\/v2\/product_cat?post=76777"},{"taxonomy":"product_tag","embeddable":true,"href":"https:\/\/soydeaqui.ddns.net\/pachuca\/index.php\/wp-json\/wp\/v2\/product_tag?post=76777"}],"curies":[{"name":"wp","href":"https:\/\/api.w.org\/{rel}","templated":true}]}}