{"id":76768,"date":"2026-03-19T15:33:43","date_gmt":"2026-03-19T15:33:43","guid":{"rendered":"https:\/\/soydeaqui.ddns.net\/pachuca\/index.php\/producto\/access-point-wifi-cnpilot-e505-de-alta-densidad-de-usuarios-y-alta-cobertura-para-exterior-ip67-soporta-temperaturas-extremas-doble-banda-omnidireccional\/"},"modified":"2026-03-19T15:33:52","modified_gmt":"2026-03-19T15:33:52","slug":"access-point-wifi-cnpilot-e505-de-alta-densidad-de-usuarios-y-alta-cobertura-para-exterior-ip67-soporta-temperaturas-extremas-doble-banda-omnidireccional","status":"publish","type":"product","link":"https:\/\/soydeaqui.ddns.net\/pachuca\/index.php\/producto\/access-point-wifi-cnpilot-e505-de-alta-densidad-de-usuarios-y-alta-cobertura-para-exterior-ip67-soporta-temperaturas-extremas-doble-banda-omnidireccional\/","title":{"rendered":"Access Point WiFi cnPilot e505 de alta densidad de usuarios y alta cobertura para exterior, IP67, soporta temperaturas extremas, doble banda, omnidireccional"},"content":{"rendered":"<div style='width: 100%; max-width: 1200px; margin: 0 auto; font-family: sans-serif; line-height: 1.6; color: inherit; background-color: transparent;'> <!-- T\u00edtulo y logotipo --> <\/p>\n<div style='display: flex; align-items: center; justify-content: space-between; flex-wrap: wrap; margin-bottom: 20px;'>\n<h2 style='font-size: 28px; margin: 0 0 10px 0; color: inherit; flex: 1 1 100%;'>cnPilot e505<\/h2>\n<p> <img style='width: 100%; max-width: 426px; height: auto; border: 1px solid rgba(150&comma;150&comma;150&comma;0.3); border-radius: 8px; margin: 0 0 10px 0;' src='https:\/\/ftp3.syscom.mx\/usuarios\/hortega\/Cambium\/cnpilot\/logopilot.png' alt='Logo cnPilot'> <\/div>\n<p> <!-- Especificaciones destacadas --> <\/p>\n<div style='display: flex; flex-wrap: wrap; gap: 15px; margin-bottom: 30px;'>\n<div style='flex: 1 1 180px; min-width: 150px; border: 1px solid rgba(150&comma; 150&comma; 150&comma; 0.3); border-radius: 6px; padding: 8px 12px; font-size: 14px; text-align: center;'>\n<div style='font-weight: bold; font-size: 17px; margin-bottom: 5px; color: inherit;'>MU-MIMO 802.11ac<\/div>\n<div style='font-size: 14px; color: inherit;'>Standard + MESH<\/div>\n<\/p><\/div>\n<div style='flex: 1 1 180px; min-width: 150px; border: 1px solid rgba(150&comma; 150&comma; 150&comma; 0.3); border-radius: 6px; padding: 8px 12px; font-size: 14px; text-align: center;'>\n<div style='font-weight: bold; font-size: 17px; margin-bottom: 5px; color: inherit;'>256<\/div>\n<div style='font-size: 14px; color: inherit;'>usuarios<\/div>\n<\/p><\/div>\n<div style='flex: 1 1 180px; min-width: 150px; border: 1px solid rgba(150&comma; 150&comma; 150&comma; 0.3); border-radius: 6px; padding: 8px 12px; font-size: 14px; text-align: center;'>\n<div style='font-weight: bold; font-size: 17px; margin-bottom: 5px; color: inherit;'>Omi<\/div>\n<div style='font-size: 14px; color: inherit;'>360\u00ba<\/div>\n<\/p><\/div>\n<div style='flex: 1 1 180px; min-width: 150px; border: 1px solid rgba(150&comma; 150&comma; 150&comma; 0.3); border-radius: 6px; padding: 8px 12px; font-size: 14px; text-align: center;'>\n<div style='font-weight: bold; font-size: 17px; margin-bottom: 5px; color: inherit;'>Controlador<\/div>\n<div style='font-size: 14px; color: inherit;'>gratuito<\/div>\n<\/p><\/div>\n<\/p><\/div>\n<p> <!-- Secciones de caracter\u00edsticas --> <\/p>\n<div style='display: flex; flex-wrap: wrap; gap: 30px; margin-bottom: 30px;'>\n<div style='flex: 1 1 400px; min-width: 300px;'>\n<h3 style='font-size: 20px; border-bottom: 2px solid currentColor; padding-bottom: 5px; margin-top: 0; margin-bottom: 15px; color: inherit; opacity: 0.8;'>Gesti\u00f3n en cn-MAESTRO<\/h3>\n<p style='font-size: 14px; color: inherit; margin-top: 0;'> Gesti\u00f3n integral de toda la red para manejo de inventario&comma; incorporaci\u00f3n de dispositivos&comma; operaciones diarias&comma; mantenimiento&comma; configuraci\u00f3n y aprovisionamiento&comma; as\u00ed como la creaci\u00f3n de ticket y\/o vouchers&comma; control de tiempos y Anchos de Banda&comma; y portal cautivo. <\/p>\n<\/p><\/div>\n<div style='flex: 1 1 400px; min-width: 300px;'>\n<h3 style='font-size: 20px; border-bottom: 2px solid currentColor; padding-bottom: 5px; margin-top: 0; margin-bottom: 15px; color: inherit; opacity: 0.8;'>Dise\u00f1ado para alta capacidad<\/h3>\n<p style='font-size: 14px; color: inherit; margin-top: 0;'> Admite hasta 256 usuarios activos y 16 SSID. <\/p>\n<\/p><\/div>\n<\/p><\/div>\n<p> <!-- Segunda fila de caracter\u00edsticas --> <\/p>\n<div style='display: flex; flex-wrap: wrap; gap: 30px; margin-bottom: 30px;'>\n<div style='flex: 1 1 400px; min-width: 300px;'>\n<h3 style='font-size: 20px; border-bottom: 2px solid currentColor; padding-bottom: 5px; margin-top: 0; margin-bottom: 15px; color: inherit; opacity: 0.8;'>Clasificaci\u00f3n IP67<\/h3>\n<p style='font-size: 14px; color: inherit; margin-top: 0;'> Dise\u00f1ado para soportar ambientes exteriores exigentes&comma; resistentes al viento&comma; la arena y la lluvia&comma; y evitar da\u00f1os internos por la acumulaci\u00f3n de humedad. <\/p>\n<\/p><\/div>\n<div style='flex: 1 1 400px; min-width: 300px;'>\n<h3 style='font-size: 20px; border-bottom: 2px solid currentColor; padding-bottom: 5px; margin-top: 0; margin-bottom: 15px; color: inherit; opacity: 0.8;'>Backhaul avanzado<\/h3>\n<p style='font-size: 14px; color: inherit; margin-top: 0;'> Capacidad de backhauling para dise\u00f1os tipo MESH e implementaciones de redes centralizadas <\/p>\n<\/p><\/div>\n<\/p><\/div>\n<p> <!-- Tercera fila de caracter\u00edsticas --> <\/p>\n<div style='display: flex; flex-wrap: wrap; gap: 30px; margin-bottom: 30px;'>\n<div style='flex: 1 1 400px; min-width: 300px;'>\n<h3 style='font-size: 20px; border-bottom: 2px solid currentColor; padding-bottom: 5px; margin-top: 0; margin-bottom: 15px; color: inherit; opacity: 0.8;'>El MEJOR RADIO PARA SU PRECIO.<\/h3>\n<p style='font-size: 14px; color: inherit; margin-top: 0;'> e505 Ofrece una soluci\u00f3n de red Wi-Fi para exteriores confiable y de alta capacidad a un costo significativamente menor que sus competidores de calidad alta <\/p>\n<\/p><\/div>\n<div style='flex: 1 1 400px; min-width: 300px;'>\n<h3 style='font-size: 20px; border-bottom: 2px solid currentColor; padding-bottom: 5px; margin-top: 0; margin-bottom: 15px; color: inherit; opacity: 0.8;'>MU-MIMO 2&#215;2<\/h3>\n<\/p><\/div>\n<\/p><\/div>\n<p> <!-- Modo de operaci\u00f3n --> <\/p>\n<div style='margin-bottom: 30px;'>\n<h3 style='font-size: 20px; border-bottom: 2px solid currentColor; padding-bottom: 5px; margin-top: 0; margin-bottom: 15px; color: inherit; opacity: 0.8;'>Modo de operaci\u00f3n<\/h3>\n<p style='font-size: 14px; color: inherit; margin: 0 0 10px 0;'>Access Point y MESH<\/p>\n<p style='font-size: 14px; color: inherit; margin: 0 0 10px 0;'>Soporta hasta 256 dispositivos Wi-Fi<\/p>\n<\/p><\/div>\n<p> <!-- Especificaciones t\u00e9cnicas --> <\/p>\n<div style='margin-bottom: 30px;'>\n<h3 style='font-size: 20px; border-bottom: 2px solid currentColor; padding-bottom: 5px; margin-top: 0; margin-bottom: 15px; color: inherit; opacity: 0.8;'>Caracter\u00edsticas principales<\/h3>\n<ul style='padding-left: 20px; font-size: 14px; color: inherit; margin: 0 0 20px 0;'>\n<li style='margin-bottom: 8px;'>IP67 para temperaturas de -30 a 60\u00b0C<\/li>\n<li style='margin-bottom: 8px;'>Cobertura 360\u00b0<\/li>\n<li style='margin-bottom: 8px;'>Est\u00e1ndar 802.11 a\/b\/g\/n\/ac<\/li>\n<li style='margin-bottom: 8px;'>MU-MIMO 2X2<\/li>\n<li style='margin-bottom: 8px;'>Potencia de salida: 2.4 GHz: 25 dBm (316 mW)&comma; 5 GHz: 25 dBm (316 mW)<\/li>\n<li style='margin-bottom: 8px;'>Antena omnidireccional integrada de 5 dBi en 2.4 GHz y 5 dBi en 5 GHz<\/li>\n<li style='margin-bottom: 8px;'>Desempe\u00f1o: 300 Mbps @ 2.4 GHz&comma; 867 Mbps @ 5 GHz<\/li>\n<li style='margin-bottom: 8px;'>Consumo: 13W<\/li>\n<li style='margin-bottom: 8px;'>Soporta hasta 16 SSID<\/li>\n<li style='margin-bottom: 8px;'>Alimentaci\u00f3n 802.3af\/at<\/li>\n<\/ul><\/div>\n<p> <!-- Contenido adicional --> <\/p>\n<div style='display: flex; flex-wrap: wrap; gap: 30px; margin-bottom: 30px;'>\n<div style='flex: 1 1 400px; min-width: 250px;'>\n<h3 style='font-size: 20px; border-bottom: 2px solid currentColor; padding-bottom: 5px; margin-top: 0; margin-bottom: 15px; color: inherit; opacity: 0.8;'>Paquete incluye<\/h3>\n<p> <img style='width: 100%; height: auto; border: 1px solid rgba(150&comma;150&comma;150&comma;0.3); border-radius: 8px; margin-bottom: 15px;' src='https:\/\/ftp3.syscom.mx\/usuarios\/dquezada\/Cambium\/cnPilot\/e505\/incluye%202.png' alt='Contenido del paquete'> <\/p>\n<p style='font-size: 14px; color: inherit; margin-top: 0;'> Requiere fuente de alimentaci\u00f3n PoE modelo N000000L034A <\/p>\n<\/p><\/div>\n<div style='flex: 1 1 400px; min-width: 300px;'>\n<h3 style='font-size: 20px; border-bottom: 2px solid currentColor; padding-bottom: 5px; margin-top: 0; margin-bottom: 15px; color: inherit; opacity: 0.8;'>Comparativa<\/h3>\n<p> <img style='width: 100%; height: auto; border: 1px solid rgba(150&comma;150&comma;150&comma;0.3); border-radius: 8px;' src='https:\/\/ftp3.syscom.mx\/usuarios\/dquezada\/Cambium\/cnPilot\/e700\/Comparativa.JPG' alt='Comparativa'> <\/div>\n<\/p><\/div>\n<\/p><\/div>\n","protected":false},"excerpt":{"rendered":"<p>Access Point WiFi cnPilot e505 de alta densidad de usuarios y alta cobertura para exterior, IP67, soporta temperaturas extremas, doble banda, omnidireccional<\/p>\n","protected":false},"featured_media":76767,"comment_status":"open","ping_status":"closed","template":"","meta":[],"product_brand":[],"product_cat":[1794],"product_tag":[1316,1795,1479],"class_list":{"0":"post-76768","1":"product","2":"type-product","3":"status-publish","4":"has-post-thumbnail","6":"product_cat-puntos-de-acceso","7":"product_tag-cambium-networks","8":"product_tag-puntos-de-acceso","9":"product_tag-redes-wifi","11":"first","12":"outofstock","13":"sale","14":"shipping-taxable","15":"purchasable","16":"product-type-simple"},"_links":{"self":[{"href":"https:\/\/soydeaqui.ddns.net\/pachuca\/index.php\/wp-json\/wp\/v2\/product\/76768","targetHints":{"allow":["GET"]}}],"collection":[{"href":"https:\/\/soydeaqui.ddns.net\/pachuca\/index.php\/wp-json\/wp\/v2\/product"}],"about":[{"href":"https:\/\/soydeaqui.ddns.net\/pachuca\/index.php\/wp-json\/wp\/v2\/types\/product"}],"replies":[{"embeddable":true,"href":"https:\/\/soydeaqui.ddns.net\/pachuca\/index.php\/wp-json\/wp\/v2\/comments?post=76768"}],"wp:featuredmedia":[{"embeddable":true,"href":"https:\/\/soydeaqui.ddns.net\/pachuca\/index.php\/wp-json\/wp\/v2\/media\/76767"}],"wp:attachment":[{"href":"https:\/\/soydeaqui.ddns.net\/pachuca\/index.php\/wp-json\/wp\/v2\/media?parent=76768"}],"wp:term":[{"taxonomy":"product_brand","embeddable":true,"href":"https:\/\/soydeaqui.ddns.net\/pachuca\/index.php\/wp-json\/wp\/v2\/product_brand?post=76768"},{"taxonomy":"product_cat","embeddable":true,"href":"https:\/\/soydeaqui.ddns.net\/pachuca\/index.php\/wp-json\/wp\/v2\/product_cat?post=76768"},{"taxonomy":"product_tag","embeddable":true,"href":"https:\/\/soydeaqui.ddns.net\/pachuca\/index.php\/wp-json\/wp\/v2\/product_tag?post=76768"}],"curies":[{"name":"wp","href":"https:\/\/api.w.org\/{rel}","templated":true}]}}