{"id":76707,"date":"2026-03-19T15:31:17","date_gmt":"2026-03-19T15:31:17","guid":{"rendered":"https:\/\/soydeaqui.ddns.net\/pachuca\/index.php\/producto\/videotelefono-ip-pantalla-tactil-con-android-de-16-lineas-doble-puerto-gigabit-poe-poe\/"},"modified":"2026-03-19T15:31:34","modified_gmt":"2026-03-19T15:31:34","slug":"videotelefono-ip-pantalla-tactil-con-android-de-16-lineas-doble-puerto-gigabit-poe-poe","status":"publish","type":"product","link":"https:\/\/soydeaqui.ddns.net\/pachuca\/index.php\/producto\/videotelefono-ip-pantalla-tactil-con-android-de-16-lineas-doble-puerto-gigabit-poe-poe\/","title":{"rendered":"Videotel\u00e9fono IP pantalla t\u00e1ctil con android de 16 l\u00edneas, doble puerto Gigabit, PoE\/PoE+"},"content":{"rendered":"<div style='width: 100%; max-width: 1200px; margin: 0 auto; font-family: sans-serif; line-height: 1.6; color: inherit; background-color: transparent;'>\n<div style='display: flex; flex-wrap: wrap; gap: 30px; margin-bottom: 30px;'>\n<div style='flex: 1 1 300px; min-width: 280px;'>\n<h3 style='font-size: 22px; border-bottom: 2px solid currentColor; padding-bottom: 5px; margin-top: 0; color: inherit; opacity: 0.8;'>Soluci\u00f3n Avanzada de Colaboraci\u00f3n en Video para Escritorio<\/h3>\n<p style='margin-bottom: 20px; color: inherit;'>El GXV3350 es un videotel\u00e9fono IP inteligente de \u00faltima generaci\u00f3n con la funcionalidad de una tableta.<\/p>\n<ul style='padding-left: 20px; font-size: 15px; color: inherit; list-style-type: disc;'>\n<li style='margin-bottom: 5px;'>16 l\u00edneas con hasta <strong style='color: inherit;'>16 cuentas SIP<\/strong><\/li>\n<li style='margin-bottom: 5px;'><strong style='color: inherit;'>C\u00e1mara<\/strong> CMOS inclinable integrada de 1 megap\u00edxel para videollamada con obturador de privacidad<\/li>\n<li style='margin-bottom: 5px;'>Funciona con el sistema operativo <strong style='color: inherit;'>Android 7.x<\/strong><\/li>\n<li style='margin-bottom: 5px;'><strong style='color: inherit;'>Bluetooth<\/strong> integrado para sincronizarse con dispositivos m\u00f3viles y conectar aud\u00edfonos Bluetooth<\/li>\n<li style='margin-bottom: 5px;'>Dos puertos de red conmutados de <strong style='color: inherit;'>10\/100\/1000<\/strong> Mbps con detecci\u00f3n autom\u00e1tica<\/li>\n<li style='margin-bottom: 5px;'><strong style='color: inherit;'>Wifi<\/strong> integrado de doble banda (2.4 GHz y 5 GHz) \u2022 PoE\/PoE+ integrado para conexiones de energ\u00eda y de red<\/li>\n<li style='margin-bottom: 5px;'><strong style='color: inherit;'>Altavoz HD<\/strong> de doble micr\u00f3fono con reducci\u00f3n de ruido&comma; cancelaci\u00f3n avanzada de eco y excelente rendimiento en conversaciones en dos v\u00edas<\/li>\n<li style='margin-bottom: 5px;'>Procesador ARM Cortex A53 4-Core de 1.3 GHz con <strong style='color: inherit;'>2 GB de RAM y 8 GB de memoria eMMC Flash<\/strong><\/li>\n<li style='margin-bottom: 5px;'><strong style='color: inherit;'>Pantalla t\u00e1ctil<\/strong> LCD TFT HD capacitiva de 5 pulgadas (<strong style='color: inherit;'>1280 x 720 pixeles<\/strong>)<\/li>\n<li style='margin-bottom: 5px;'>Los perif\u00e9ricos incluyen salida <strong style='color: inherit;'>HDMI<\/strong>&comma; <strong style='color: inherit;'>USB<\/strong>&comma; conector de aud\u00edfono&comma; <strong style='color: inherit;'>EHS<\/strong><\/li>\n<li style='margin-bottom: 5px;'>Capacidad de conferencia de audio HD para 6 participantes y <strong style='color: inherit;'>video HD 720p<\/strong> 30fps para 3 participantes<\/li>\n<\/ul>\n<\/div>\n<\/div>\n<div style='display: flex; flex-wrap: wrap; gap: 20px; margin-bottom: 30px;'>\n<div style='flex: 1 1 250px; border: 1px solid rgba(150&comma; 150&comma; 150&comma; 0.4); border-radius: 8px; overflow: hidden; display: flex; flex-direction: column;'>\n<div style='padding: 15px; border-bottom: 1px solid rgba(150&comma; 150&comma; 150&comma; 0.2); font-weight: bold; font-size: 18px; color: inherit;'>C\u00f3decs de Voz<\/div>\n<div style='padding: 15px; color: inherit;'>\n<p style='margin: 0; color: inherit;'>H.264 BP\/MP\/HP&comma; resoluci\u00f3n de video de hasta 720p&comma; frecuencia de fotogramas de hasta 30 fps&comma; n\u00famero de bits de hasta 2 Mbps&comma; videoconferencia de 3 participantes (720p@30fps)&comma; anti-flickering&comma; autoenfoque y exposici\u00f3n autom\u00e1tica.<\/p>\n<\/div>\n<\/div>\n<div style='flex: 1 1 250px; border: 1px solid rgba(150&comma; 150&comma; 150&comma; 0.4); border-radius: 8px; overflow: hidden; display: flex; flex-direction: column;'>\n<div style='padding: 15px; border-bottom: 1px solid rgba(150&comma; 150&comma; 150&comma; 0.2); font-weight: bold; font-size: 18px; color: inherit;'>Teclas de Funci\u00f3n<\/div>\n<div style='padding: 15px; color: inherit;'>\n<p style='margin: 0; color: inherit;'>11 teclas de funci\u00f3n para CONFERENCE&comma; TRANSFER&comma; SEND\/REDIAL&comma; MUTE&comma; EARPHONE&comma; SPEAKERPHONE&comma; VOLUME -\/+. Tres teclas Android dedicadas para HOME&comma; MENU y BACK.<\/p>\n<\/div>\n<\/div>\n<\/div>\n<\/div>\n","protected":false},"excerpt":{"rendered":"<p>Videotel\u00e9fono IP pantalla t\u00e1ctil con android de 16 l\u00edneas, doble puerto Gigabit, PoE\/PoE+<\/p>\n","protected":false},"featured_media":76706,"comment_status":"open","ping_status":"closed","template":"","meta":[],"product_brand":[],"product_cat":[2003],"product_tag":[909,2005,2004],"class_list":{"0":"post-76707","1":"product","2":"type-product","3":"status-publish","4":"has-post-thumbnail","6":"product_cat-telefonos-ip","7":"product_tag-grandstream","8":"product_tag-telefonos-ip","9":"product_tag-voip-telefonia-ip-videoconferencia","11":"first","12":"outofstock","13":"sale","14":"shipping-taxable","15":"purchasable","16":"product-type-simple"},"_links":{"self":[{"href":"https:\/\/soydeaqui.ddns.net\/pachuca\/index.php\/wp-json\/wp\/v2\/product\/76707","targetHints":{"allow":["GET"]}}],"collection":[{"href":"https:\/\/soydeaqui.ddns.net\/pachuca\/index.php\/wp-json\/wp\/v2\/product"}],"about":[{"href":"https:\/\/soydeaqui.ddns.net\/pachuca\/index.php\/wp-json\/wp\/v2\/types\/product"}],"replies":[{"embeddable":true,"href":"https:\/\/soydeaqui.ddns.net\/pachuca\/index.php\/wp-json\/wp\/v2\/comments?post=76707"}],"wp:featuredmedia":[{"embeddable":true,"href":"https:\/\/soydeaqui.ddns.net\/pachuca\/index.php\/wp-json\/wp\/v2\/media\/76706"}],"wp:attachment":[{"href":"https:\/\/soydeaqui.ddns.net\/pachuca\/index.php\/wp-json\/wp\/v2\/media?parent=76707"}],"wp:term":[{"taxonomy":"product_brand","embeddable":true,"href":"https:\/\/soydeaqui.ddns.net\/pachuca\/index.php\/wp-json\/wp\/v2\/product_brand?post=76707"},{"taxonomy":"product_cat","embeddable":true,"href":"https:\/\/soydeaqui.ddns.net\/pachuca\/index.php\/wp-json\/wp\/v2\/product_cat?post=76707"},{"taxonomy":"product_tag","embeddable":true,"href":"https:\/\/soydeaqui.ddns.net\/pachuca\/index.php\/wp-json\/wp\/v2\/product_tag?post=76707"}],"curies":[{"name":"wp","href":"https:\/\/api.w.org\/{rel}","templated":true}]}}