{"id":76703,"date":"2026-03-19T15:31:08","date_gmt":"2026-03-19T15:31:08","guid":{"rendered":"https:\/\/soydeaqui.ddns.net\/pachuca\/index.php\/producto\/modulo-de-extension-para-modelos-grp2615-grp2624-grp2650-grp2670-y-al-videotelefono-ip-gxv3350-gxv3450-de-grandstream\/"},"modified":"2026-03-19T15:31:14","modified_gmt":"2026-03-19T15:31:14","slug":"modulo-de-extension-para-modelos-grp2615-grp2624-grp2650-grp2670-y-al-videotelefono-ip-gxv3350-gxv3450-de-grandstream","status":"publish","type":"product","link":"https:\/\/soydeaqui.ddns.net\/pachuca\/index.php\/producto\/modulo-de-extension-para-modelos-grp2615-grp2624-grp2650-grp2670-y-al-videotelefono-ip-gxv3350-gxv3450-de-grandstream\/","title":{"rendered":"Modulo de extensi\u00f3n para modelos GRP2615, GRP2624, GRP2650 &#038; GRP2670 y al Videotel\u00e9fono IP GXV3350 &#038; GXV3450 de Grandstream."},"content":{"rendered":"<div style='width: 100%; max-width: 1200px; margin: 0 auto; font-family: sans-serif; line-height: 1.6; color: inherit; background-color: transparent;'>\n<div style='margin-bottom: 30px;'>\n<p style='font-size: 15px; color: inherit; margin-bottom: 20px;'>El GBX20 es un M\u00f3dulo de Extensi\u00f3n que a\u00f1ade funcionalidad&comma; versatilidad y flexibilidad al Tel\u00e9fono IP de Grado Operador GRP2615&comma; GRP2624&comma; GRP2650 &amp; GRP2670 y al Videotel\u00e9fono IP GXV3350 &amp; GXV3450.<\/p>\n<\/p><\/div>\n<div style='display: flex; flex-wrap: wrap; gap: 30px; margin-bottom: 30px;'>\n<div style='flex: 1 1 300px; min-width: 280px;'>\n<h3 style='font-size: 22px; border-bottom: 2px solid currentColor; padding-bottom: 5px; margin-top: 0; color: inherit; opacity: 0.8;'>Caracter\u00edsticas principales<\/h3>\n<ul style='padding-left: 20px; font-size: 15px; color: inherit;'>\n<li style='margin-bottom: 5px;'>Pantalla LCD de 272 x 480 pixeles que ofrece hasta 40 contactos por m\u00f3dulo<\/li>\n<li style='margin-bottom: 5px;'>Caracter\u00edsticas avanzadas de llamada incluyendo BLF&comma; estacionamiento\/recuperaci\u00f3n de llamadas&comma; marcaci\u00f3n r\u00e1pida&comma; presencia&comma; intercomunicaci\u00f3n&comma; conferencia de voz&comma; transferencia\/desv\u00edo de llamadas y mucho m\u00e1s.<\/li>\n<li style='margin-bottom: 5px;'>20 l\u00edneas por p\u00e1gina<\/li>\n<li style='margin-bottom: 5px;'>Cada m\u00f3dulo contiene 2 p\u00e1ginas hasta para 40 l\u00edneas por m\u00f3dulo y hasta 160 con 4 m\u00f3dulos conectados en serie<\/li>\n<\/ul><\/div>\n<div style='flex: 1 1 300px; min-width: 280px;'>\n<h3 style='font-size: 22px; border-bottom: 2px solid currentColor; padding-bottom: 5px; margin-top: 0; color: inherit; opacity: 0.8;'>Especificaciones t\u00e9cnicas<\/h3>\n<ul style='padding-left: 20px; font-size: 15px; color: inherit;'>\n<li style='margin-bottom: 5px;'>Pantalla LCD TFT a color de 4.3 pulgadas y 272 x 480 pixeles<\/li>\n<li style='margin-bottom: 5px;'>GUI local con animaci\u00f3n manejada desde el tel\u00e9fono receptor<\/li>\n<li style='margin-bottom: 5px;'>Compatible con GRP2615 y GXV3350<\/li>\n<li style='margin-bottom: 5px;'>Tel\u00e9fonos IP Grandstream Compatibles GRP2615 y GXV3350<\/li>\n<li style='margin-bottom: 5px;'>Visualizaci\u00f3n Gr\u00e1fica Pantalla LCD TFT a color de 4.3 pulgadas (272 x 480 pixeles)<\/li>\n<li style='margin-bottom: 5px;'>Suministro El\u00e9ctrico Un solo m\u00f3dulo GBX20 puede ser alimentado por el tel\u00e9fono receptor (GRP2615 o GXV3350); cuando est\u00e1n conectados 2 o m\u00e1s m\u00f3dulos&comma; se necesita una fuente de poder de 12V\/1A.<\/li>\n<li style='margin-bottom: 5px;'>Soporte de Funciones GUI local con animaci\u00f3n manejada desde el tel\u00e9fono receptor GRP2615 o GXV3350; m\u00faltiples estados de l\u00ednea\/llamada<\/li>\n<\/ul><\/div>\n<\/p><\/div>\n<\/p><\/div>\n","protected":false},"excerpt":{"rendered":"<p>Modulo de extensi\u00f3n para modelos GRP2615, GRP2624, GRP2650 &#038; GRP2670 y al Videotel\u00e9fono IP GXV3350 &#038; GXV3450 de Grandstream.<\/p>\n","protected":false},"featured_media":76702,"comment_status":"open","ping_status":"closed","template":"","meta":[],"product_brand":[],"product_cat":[2040],"product_tag":[93,909,2004],"class_list":{"0":"post-76703","1":"product","2":"type-product","3":"status-publish","4":"has-post-thumbnail","6":"product_cat-accesorios-voip-telefonia-ip-videoconferencia","7":"product_tag-accesorios","8":"product_tag-grandstream","9":"product_tag-voip-telefonia-ip-videoconferencia","11":"first","12":"instock","13":"sale","14":"shipping-taxable","15":"purchasable","16":"product-type-simple"},"_links":{"self":[{"href":"https:\/\/soydeaqui.ddns.net\/pachuca\/index.php\/wp-json\/wp\/v2\/product\/76703","targetHints":{"allow":["GET"]}}],"collection":[{"href":"https:\/\/soydeaqui.ddns.net\/pachuca\/index.php\/wp-json\/wp\/v2\/product"}],"about":[{"href":"https:\/\/soydeaqui.ddns.net\/pachuca\/index.php\/wp-json\/wp\/v2\/types\/product"}],"replies":[{"embeddable":true,"href":"https:\/\/soydeaqui.ddns.net\/pachuca\/index.php\/wp-json\/wp\/v2\/comments?post=76703"}],"wp:featuredmedia":[{"embeddable":true,"href":"https:\/\/soydeaqui.ddns.net\/pachuca\/index.php\/wp-json\/wp\/v2\/media\/76702"}],"wp:attachment":[{"href":"https:\/\/soydeaqui.ddns.net\/pachuca\/index.php\/wp-json\/wp\/v2\/media?parent=76703"}],"wp:term":[{"taxonomy":"product_brand","embeddable":true,"href":"https:\/\/soydeaqui.ddns.net\/pachuca\/index.php\/wp-json\/wp\/v2\/product_brand?post=76703"},{"taxonomy":"product_cat","embeddable":true,"href":"https:\/\/soydeaqui.ddns.net\/pachuca\/index.php\/wp-json\/wp\/v2\/product_cat?post=76703"},{"taxonomy":"product_tag","embeddable":true,"href":"https:\/\/soydeaqui.ddns.net\/pachuca\/index.php\/wp-json\/wp\/v2\/product_tag?post=76703"}],"curies":[{"name":"wp","href":"https:\/\/api.w.org\/{rel}","templated":true}]}}