{"id":76701,"date":"2026-03-19T15:31:04","date_gmt":"2026-03-19T15:31:04","guid":{"rendered":"https:\/\/soydeaqui.ddns.net\/pachuca\/index.php\/producto\/cliente-mini-cnvision-para-enlazar-camaras-de-videovigilancia-a-hub-flexr-o-hub-360r-a-distancias-de-hasta-1-5-km\/"},"modified":"2026-03-19T15:31:05","modified_gmt":"2026-03-19T15:31:05","slug":"cliente-mini-cnvision-para-enlazar-camaras-de-videovigilancia-a-hub-flexr-o-hub-360r-a-distancias-de-hasta-1-5-km","status":"publish","type":"product","link":"https:\/\/soydeaqui.ddns.net\/pachuca\/index.php\/producto\/cliente-mini-cnvision-para-enlazar-camaras-de-videovigilancia-a-hub-flexr-o-hub-360r-a-distancias-de-hasta-1-5-km\/","title":{"rendered":"Cliente MINI cnVision para enlazar c\u00e1maras de videovigilancia a HUB FLEXr o HUB 360r a distancias de hasta 1.5 km"},"content":{"rendered":"<div style='width: 100%; max-width: 1200px; margin: 0 auto; font-family: sans-serif; line-height: 1.6; color: inherit; background-color: transparent;'> <!-- Hero section --> <\/p>\n<div style='position: relative; width: 100%; background: url(https:\/\/ftp3.syscom.mx\/usuarios\/ftp\/vista-producto\/cambium\/cnvision\/cnVision_camera_hero.png) center top no-repeat; background-size: cover; padding: 40px 0;'>\n<div style='position: absolute; top: 20px; left: 20px;'> <img style='height: 50px; width: auto; border: none;' src='https:\/\/ftp3.syscom.mx\/usuarios\/ftp\/vista-producto\/cambium\/cnvision\/cnVision_logo_no_tag_RED_WHT copia.png' alt='cnVision Logo'> <\/div>\n<div style='display: flex; flex-wrap: wrap; align-items: center; justify-content: space-between; padding: 20px;'>\n<div style='flex: 1 1 300px; min-width: 280px;'>\n<h1 style='font-size: 28px; color: white; margin: 0;'>Enlaces inal\u00e1mbricos dise\u00f1ados especialmente para videovigilancia y CCTV<\/h1>\n<\/p><\/div>\n<div style='flex: 1 1 300px; min-width: 280px;'> <img style='width: 100%; height: auto; border: 1px solid rgba(150&comma;150&comma;150&comma;0.3); border-radius: 8px;' src='https:\/\/ftp3.syscom.mx\/usuarios\/ftp\/vista-producto\/cambium\/cnvision\/cnVision_collage copia.png' alt='Product Collage'> <\/div>\n<\/p><\/div>\n<\/p><\/div>\n<p> <!-- Main title --> <\/p>\n<div style='text-align: center; padding: 60px 20px;'>\n<h1 style='font-size: 26px; margin: 0; color: inherit;'>Donde quiera que necesite colocar una <span style='color: #000000;'>c\u00e1mara<\/span>&comma; <span style='color: #000000;'>cnVision hace la conexi\u00f3n.<\/span><\/h1>\n<\/p><\/div>\n<p> <!-- Network image --> <\/p>\n<div style='text-align: center; margin: 40px 0;'> <img style='width: 100%; height: auto; border: 1px solid rgba(150&comma;150&comma;150&comma;0.3); border-radius: 8px;' src='https:\/\/ftp3.syscom.mx\/usuarios\/ftp\/vista-producto\/cambium\/cnvision\/cnVision_network-1024x352 copia.png' alt='Network Diagram'> <\/div>\n<p> <!-- Advantages section --> <\/p>\n<div style='background-color: #ebf0f4; margin: 60px 0 80px; padding: 40px 20px;'>\n<div style='text-align: center; margin-bottom: 40px;'>\n<h2 style='font-size: 24px; color: inherit; margin: 0;'>\u00bfCu\u00e1les son las ventajas de cnVision en comparaci\u00f3n con otras soluciones inal\u00e1mbricas?<\/h2>\n<\/p><\/div>\n<div style='display: flex; flex-wrap: wrap; justify-content: center; gap: 30px;'>\n<div style='flex: 1 1 180px; text-align: center;'> <img style='width: 80px; height: auto; border: 1px solid rgba(150&comma;150&comma;150&comma;0.3); border-radius: 8px;' src='https:\/\/ftp3.syscom.mx\/usuarios\/ftp\/vista-producto\/cambium\/cnvision\/easy_install copia.png' alt='F\u00e1cil de instalar'> <\/p>\n<p style='font-size: 16px; margin-top: 15px; color: inherit;'><strong>F\u00e1cil de instalar<\/strong><\/p>\n<\/p><\/div>\n<div style='flex: 1 1 180px; text-align: center;'> <img style='width: 80px; height: auto; border: 1px solid rgba(150&comma;150&comma;150&comma;0.3); border-radius: 8px;' src='https:\/\/ftp3.syscom.mx\/usuarios\/ftp\/vista-producto\/cambium\/cnvision\/cost_effective copia.png' alt='Costo-Beneficio'> <\/p>\n<p style='font-size: 16px; margin-top: 15px; color: inherit;'><strong>Costo-Beneficio<\/strong><\/p>\n<\/p><\/div>\n<div style='flex: 1 1 180px; text-align: center;'> <img style='width: 80px; height: auto; border: 1px solid rgba(150&comma;150&comma;150&comma;0.3); border-radius: 8px;' src='https:\/\/ftp3.syscom.mx\/usuarios\/ftp\/vista-producto\/cambium\/cnvision\/easy_manage copia.png' alt='F\u00e1cil de dise\u00f1ar y administrar'> <\/p>\n<p style='font-size: 16px; margin-top: 15px; color: inherit;'><strong>F\u00e1cil de dise\u00f1ar y administrar<\/strong><\/p>\n<\/p><\/div>\n<div style='flex: 1 1 180px; text-align: center;'> <img style='width: 80px; height: auto; border: 1px solid rgba(150&comma;150&comma;150&comma;0.3); border-radius: 8px;' src='https:\/\/ftp3.syscom.mx\/usuarios\/ftp\/vista-producto\/cambium\/cnvision\/secure copia.png' alt='Cifrado seguro'> <\/p>\n<p style='font-size: 16px; margin-top: 15px; color: inherit;'><strong>Cifrado seguro<\/strong><\/p>\n<\/p><\/div>\n<div style='flex: 1 1 180px; text-align: center;'> <img style='width: 80px; height: auto; border: 1px solid rgba(150&comma;150&comma;150&comma;0.3); border-radius: 8px;' src='https:\/\/ftp3.syscom.mx\/usuarios\/ftp\/vista-producto\/cambium\/cnvision\/support copia.png' alt='Soporte 24\/7'> <\/p>\n<p style='font-size: 16px; margin-top: 15px; color: inherit;'><strong>Soporte 24\/7<\/strong><\/p>\n<\/p><\/div>\n<div style='flex: 1 1 180px; text-align: center;'> <img style='width: 80px; height: auto; border: 1px solid rgba(150&comma;150&comma;150&comma;0.3); border-radius: 8px;' src='https:\/\/ftp3.syscom.mx\/usuarios\/ftp\/vista-producto\/cambium\/cnvision\/3yr_warranty copia.png' alt='3 a\u00f1os de garant\u00eda'> <\/p>\n<p style='font-size: 16px; margin-top: 15px; color: inherit;'><strong>3 a\u00f1os de garant\u00eda<\/strong><\/p>\n<\/p><\/div>\n<\/p><\/div>\n<\/p><\/div>\n<p> <!-- Product line title --> <\/p>\n<div style='text-align: center; padding: 40px 20px;'>\n<h2 style='font-size: 24px; color: inherit; margin: 0;'>Linea de soluciones cnVision para<\/h2>\n<h2 style='font-size: 24px; color: inherit; margin-top: 10px;'>Clientes y Hubs<\/h2>\n<\/p><\/div>\n<p> <!-- Product categories --> <\/p>\n<div style='margin: 40px 0;'>\n<div style='display: flex; flex-wrap: wrap; justify-content: space-between; gap: 20px;'>\n<div style='flex: 1 1 300px; min-width: 280px; text-align: center; border-bottom: 3px solid #8e8e8e; padding-bottom: 10px;'>\n<p style='font-size: 18px; margin: 0; color: inherit;'><strong>Clientes (equipo que va del lado de la c\u00e1mara)<\/strong><\/p>\n<\/p><\/div>\n<div style='flex: 1 1 300px; min-width: 280px; text-align: center; border-bottom: 3px solid #8e8e8e; padding-bottom: 10px;'>\n<p style='font-size: 18px; margin: 0; color: inherit;'><strong>Hubs (Equipo que va del lado del NVR)<\/strong><\/p>\n<\/p><\/div>\n<\/p><\/div>\n<\/p><\/div>\n<p> <!-- Product cards --> <\/p>\n<div style='display: flex; flex-wrap: wrap; justify-content: center; gap: 30px; margin: 40px 0;'>\n<div style='flex: 1 1 180px; min-width: 150px; text-align: center;'> <img style='width: 100%; height: auto; border: 1px solid rgba(150&comma;150&comma;150&comma;0.3); border-radius: 8px;' src='https:\/\/ftp3.syscom.mx\/usuarios\/ftp\/vista-producto\/cambium\/cnvision\/client-maxr-450x450 copia.png' alt='CLIENT MAXr'> <\/p>\n<h3 style='font-size: 16px; margin: 15px 0 5px; color: inherit;'><strong>CLIENT MAXr<\/strong><\/h3>\n<p style='font-size: 14px; color: inherit;'>Distancias largas<\/p>\n<p style='font-size: 14px; color: inherit;'>Protecci\u00f3n IP67<\/p>\n<\/p><\/div>\n<div style='flex: 1 1 180px; min-width: 150px; text-align: center;'> <img style='width: 100%; height: auto; border: 1px solid rgba(150&comma;150&comma;150&comma;0.3); border-radius: 8px;' src='https:\/\/ftp3.syscom.mx\/usuarios\/ftp\/vista-producto\/cambium\/cnvision\/client-mini-450x450 copia.png' alt='CLIENT MINI'> <\/p>\n<h3 style='font-size: 16px; margin: 15px 0 5px; color: inherit;'><strong>CLIENT MINI<\/strong><\/h3>\n<p style='font-size: 14px; color: inherit;'>Distancias medianas<\/p>\n<p style='font-size: 14px; color: inherit;'>Protecci\u00f3n IP55<\/p>\n<\/p><\/div>\n<div style='flex: 1 1 180px; min-width: 150px; text-align: center;'> <img style='width: 100%; height: auto; border: 1px solid rgba(150&comma;150&comma;150&comma;0.3); border-radius: 8px;' src='https:\/\/ftp3.syscom.mx\/usuarios\/ftp\/vista-producto\/cambium\/cnvision\/client-micro-450x450 copia.png' alt='CLIENT MICRO'> <\/p>\n<h3 style='font-size: 16px; margin: 15px 0 5px; color: inherit;'><strong>CLIENT MICRO<\/strong><\/h3>\n<p style='font-size: 14px; color: inherit;'>Distancias cortas<\/p>\n<p style='font-size: 14px; color: inherit;'>Protecci\u00f3n IP55<\/p>\n<\/p><\/div>\n<div style='flex: 1 1 180px; min-width: 150px; text-align: center;'> <img style='width: 100%; height: auto; border: 1px solid rgba(150&comma;150&comma;150&comma;0.3); border-radius: 8px;' src='https:\/\/ftp3.syscom.mx\/usuarios\/ftp\/vista-producto\/cambium\/cnvision\/hub-flexr-450x450 copia.png' alt='HUB FLEXr'> <\/p>\n<h3 style='font-size: 16px; margin: 15px 0 5px; color: inherit;'><strong>HUB FLEXr<\/strong><\/h3>\n<p style='font-size: 14px; color: inherit;'>Hasta 5 millas \/ 8km<\/p>\n<p style='font-size: 14px; color: inherit;'>Distancia de cobertura depender\u00e1 de la antena que se le instale<\/p>\n<p style='font-size: 14px; color: inherit;'>Protecci\u00f3n IP67<\/p>\n<\/p><\/div>\n<div style='flex: 1 1 180px; min-width: 150px; text-align: center;'> <img style='width: 100%; height: auto; border: 1px solid rgba(150&comma;150&comma;150&comma;0.3); border-radius: 8px;' src='https:\/\/ftp3.syscom.mx\/usuarios\/ftp\/vista-producto\/cambium\/cnvision\/hub-360r-450x450 copia.png' alt='HUB 360r'> <\/p>\n<h3 style='font-size: 16px; margin: 15px 0 5px; color: inherit;'><strong>HUB 360r<\/strong><\/h3>\n<p style='font-size: 14px; color: inherit;'>Hasta 1 milla\/ 1.6km<\/p>\n<p style='font-size: 14px; color: inherit;'>Cobertura 360\u00b0<\/p>\n<p style='font-size: 14px; color: inherit;'>Protecci\u00f3n IP67<\/p>\n<\/p><\/div>\n<\/p><\/div>\n<p> <!-- Product range images --> <\/p>\n<div style='display: flex; flex-wrap: wrap; gap: 30px; margin: 40px 0;'>\n<div style='flex: 1 1 300px; min-width: 280px;'> <img style='width: 100%; height: auto; border: 1px solid rgba(150&comma;150&comma;150&comma;0.3); border-radius: 8px;' src='https:\/\/ftp3.syscom.mx\/usuarios\/ftp\/vista-producto\/cambium\/cnvision\/Client-range-graphic-1024x554.jpg' alt='Client range graphic'> <\/p>\n<p style='text-align: center; margin-top: 10px; color: inherit;'>Distancia de cliente<\/p>\n<\/p><\/div>\n<div style='flex: 1 1 300px; min-width: 280px;'> <img style='width: 100%; height: auto; border: 1px solid rgba(150&comma;150&comma;150&comma;0.3); border-radius: 8px;' src='https:\/\/ftp3.syscom.mx\/usuarios\/ftp\/vista-producto\/cambium\/cnvision\/HUB-range-graphic-1024x554.jpg' alt='HUB range graphic'> <\/p>\n<p style='text-align: center; margin-top: 10px; color: inherit;'>Distancia de Hub<\/p>\n<\/p><\/div>\n<\/p><\/div>\n<p> <!-- Installation image --> <\/p>\n<div style='text-align: center; margin: 40px 0;'> <img style='width: 100%; height: auto; border: 1px solid rgba(150&comma;150&comma;150&comma;0.3); border-radius: 8px;' src='https:\/\/ftp3.syscom.mx\/usuarios\/ftp\/vista-producto\/cambium\/cnvision\/cnvision_install.jpg' alt='Installation'> <\/div>\n<p> <!-- Configuration section --> <\/p>\n<div style='background-color: #ebf0f4; margin: 60px 0 80px; padding: 40px 20px;'>\n<div style='text-align: center; margin-bottom: 40px;'>\n<h2 style='font-size: 26px; color: inherit; margin: 0;'>Configurar su red es f\u00e1cil.<\/h2>\n<p style='font-size: 18px; margin-top: 15px; color: inherit;'>Solo unas pocas preguntas y estar\u00e1 en camino a la configuraci\u00f3n ideal.<\/p>\n<\/p><\/div>\n<div style='margin: 40px 0;'>\n<h3 style='font-size: 20px; color: inherit; margin: 20px 0 10px;'><strong>\u00bfBusca conectar dos puntos?<\/strong><\/h3>\n<p style='font-size: 16px; color: inherit;'><strong>Elija dos clientes para conectar un punto &#8216;A&#8217; al punto &#8216;B&#8217;.<\/strong><\/p>\n<\/p><\/div>\n<div style='margin: 40px 0;'>\n<h3 style='font-size: 20px; color: inherit; margin: 20px 0 10px;'><strong>\u00bfBusca conectar m\u00faltiples puntos a un solo punto?<\/strong><\/h3>\n<p style='font-size: 16px; color: inherit;'><strong>Elija un Hub y la cantidad de clientes que sean necesarios.<\/strong><\/p>\n<\/p><\/div>\n<p> <!-- HUB selection --> <\/p>\n<div style='margin: 60px 0;'>\n<div style='display: flex; flex-wrap: wrap; align-items: center; justify-content: center; gap: 30px;'>\n<div style='flex: 1 1 200px; min-width: 180px;'>\n<h3 style='font-size: 20px; color: inherit; margin: 0; padding-top: 100px;'><strong>Elija su HUB<\/strong><\/h3>\n<p style='font-size: 16px; color: inherit; margin-top: 10px;'>\u00bfDesde qu\u00e9 distancia estar\u00e1 monitoreando c\u00e1maras?<\/p>\n<\/p><\/div>\n<div style='flex: 1 1 180px; min-width: 150px; text-align: center;'> <img style='width: 100%; height: auto; border: 1px solid rgba(150&comma;150&comma;150&comma;0.3); border-radius: 8px;' src='https:\/\/ftp3.syscom.mx\/usuarios\/ftp\/vista-producto\/cambium\/cnvision\/hub-flexr-450x450 copia.png' alt='HUB FLEXr'> <\/p>\n<p style='font-size: 14px; margin: 10px 0 5px; color: inherit;'><strong>HUB FLEXr<\/strong><\/p>\n<p style='font-size: 14px; color: inherit;'>Up to 5mi \/ 8km<\/p>\n<\/p><\/div>\n<div style='flex: 1 1 180px; min-width: 150px; text-align: center;'> <img style='width: 100%; height: auto; border: 1px solid rgba(150&comma;150&comma;150&comma;0.3); border-radius: 8px;' src='https:\/\/ftp3.syscom.mx\/usuarios\/ftp\/vista-producto\/cambium\/cnvision\/hub-360r-450x450 copia.png' alt='HUB 360r'> <\/p>\n<p style='font-size: 14px; margin: 10px 0 5px; color: inherit;'><strong>HUB 360<\/strong><\/p>\n<p style='font-size: 14px; color: inherit;'>Up to 1 mile\/ 1.6km<\/p>\n<\/p><\/div>\n<\/p><\/div>\n<\/p><\/div>\n<p> <!-- Client selection --> <\/p>\n<div style='margin: 60px 0;'>\n<div style='display: flex; flex-wrap: wrap; align-items: center; justify-content: center; gap: 30px;'>\n<div style='flex: 1 1 200px; min-width: 180px;'>\n<h3 style='font-size: 20px; color: inherit; margin: 0; padding-top: 100px;'><strong>Elija los Clientes<\/strong><\/h3>\n<p style='font-size: 16px; color: inherit; margin-top: 10px;'>\u00bfCu\u00e1ntos puntos requieren comunicaci\u00f3n? \u00bfCu\u00e1l es la distancia? \u00bfCu\u00e1l es el nivel de robustez necesario?<\/p>\n<\/p><\/div>\n<div style='flex: 1 1 180px; min-width: 150px; text-align: center;'> <img style='width: 100%; height: auto; border: 1px solid rgba(150&comma;150&comma;150&comma;0.3); border-radius: 8px;' src='https:\/\/ftp3.syscom.mx\/usuarios\/ftp\/vista-producto\/cambium\/cnvision\/client-maxr-450x450 copia.png' alt='CLIENT MAXr'> <\/p>\n<p style='font-size: 14px; margin: 10px 0 5px; color: inherit;'><strong>CLIENT MAXr<\/strong><\/p>\n<p style='font-size: 14px; color: inherit;'>Distancias largas<\/p>\n<\/p><\/div>\n<div style='flex: 1 1 180px; min-width: 150px; text-align: center;'> <img style='width: 100%; height: auto; border: 1px solid rgba(150&comma;150&comma;150&comma;0.3); border-radius: 8px;' src='https:\/\/ftp3.syscom.mx\/usuarios\/ftp\/vista-producto\/cambium\/cnvision\/client-mini-450x450 copia.png' alt='CLIENT MINI'> <\/p>\n<p style='font-size: 14px; margin: 10px 0 5px; color: inherit;'><strong>CLIENT MINI<\/strong><\/p>\n<p style='font-size: 14px; color: inherit;'>Distancias medianas<\/p>\n<\/p><\/div>\n<div style='flex: 1 1 180px; min-width: 150px; text-align: center;'> <img style='width: 100%; height: auto; border: 1px solid rgba(150&comma;150&comma;150&comma;0.3); border-radius: 8px;' src='https:\/\/ftp3.syscom.mx\/usuarios\/ftp\/vista-producto\/cambium\/cnvision\/client-micro-450x450 copia.png' alt='CLIENT MICRO'> <\/p>\n<p style='font-size: 14px; margin: 10px 0 5px; color: inherit;'><strong>CLIENT MICRO<\/strong><\/p>\n<p style='font-size: 14px; color: inherit;'>Distancias cortas<\/p>\n<\/p><\/div>\n<\/p><\/div>\n<\/p><\/div>\n<p> <!-- Companion app --> <\/p>\n<div style='background-color: #ebf0f4; margin: 40px 0;'>\n<div style='display: flex; flex-wrap: wrap; align-items: center; justify-content: center; gap: 30px; padding: 40px 20px;'>\n<div style='flex: 1 1 300px; min-width: 280px; text-align: center;'> <img style='width: 100%; height: auto; border: 1px solid rgba(150&comma;150&comma;150&comma;0.3); border-radius: 8px;' src='https:\/\/ftp3.syscom.mx\/usuarios\/ftp\/vista-producto\/cambium\/cnvision\/cnCompanion copia.png' alt='cnCompanion'> <\/div>\n<\/p><\/div>\n<\/p><\/div>\n<\/p><\/div>\n<p> <!-- Laptop image --> <\/p>\n<div style='text-align: center; margin: 40px 0;'> <img style='width: 100%; height: auto; border: 1px solid rgba(150&comma;150&comma;150&comma;0.3); border-radius: 8px;' src='https:\/\/ftp3.syscom.mx\/usuarios\/ftp\/vista-producto\/cambium\/cnvision\/cnVision_laptop.jpg' alt='Laptop interface'> <\/div>\n<p> <!-- Questions section --> <\/p>\n<div style='text-align: center; padding: 60px 20px;'>\n<h2 style='font-size: 30px; color: inherit; margin: 0;'>Algunas preguntas adicionales<\/h2>\n<\/p><\/div>\n<div style='text-align: center; margin: 40px 0;'>\n<h3 style='font-size: 22px; color: inherit; margin: 0;'>\u00bfQu\u00e9 antena debo de usar?<\/h3>\n<p style='font-size: 16px; margin-top: 20px; color: inherit;'>HUB 360 cuenta con una antena integrada de 360\u00b0.<\/p>\n<p> <img style='width: 100px; height: auto; border: 1px solid rgba(150&comma;150&comma;150&comma;0.3); border-radius: 8px; margin-top: 20px;' src='https:\/\/ftp3.syscom.mx\/usuarios\/ftp\/vista-producto\/cambium\/cnvision\/HUB-360-range-1-225x225 copia.png' alt='HUB 360 Antenna'> <\/p>\n<p style='font-size: 18px; margin-top: 30px; color: inherit;'><strong>HUB FLEXr tiene varias opciones de antena:<\/strong><\/p>\n<\/p><\/div>\n<p> <!-- Antenna options --> <\/p>\n<div style='display: flex; flex-wrap: wrap; justify-content: center; gap: 30px; margin: 40px 0;'>\n<div style='flex: 1 1 250px; min-width: 200px; text-align: center;'> <img style='width: 100%; height: auto; border: 1px solid rgba(150&comma;150&comma;150&comma;0.3); border-radius: 8px;' src='https:\/\/ftp3.syscom.mx\/usuarios\/ftp\/vista-producto\/cambium\/cnvision\/omni-directional-320rv.jpg' alt='Antena Omnidireccional'> <\/p>\n<p style='font-size: 16px; margin: 15px 0 5px; color: inherit;'><strong>OMNIDIRECCIONAL<\/strong><\/p>\n<p style='font-size: 14px; color: inherit;'>360\u00ba Coverage 8 dBi \/ Short Range<\/p>\n<\/p><\/div>\n<div style='flex: 1 1 250px; min-width: 200px; text-align: center;'> <img style='width: 100%; height: auto; border: 1px solid rgba(150&comma;150&comma;150&comma;0.3); border-radius: 8px;' src='https:\/\/ftp3.syscom.mx\/usuarios\/ftp\/vista-producto\/cambium\/cnvision\/90-sector-320.jpg' alt='Antena Sector 90\u00ba'> <\/p>\n<p style='font-size: 16px; margin: 15px 0 5px; color: inherit;'><strong>SECTOR DE 90\u00ba<\/strong><\/p>\n<p style='font-size: 14px; color: inherit;'>90\u00ba\/120\u00ba Distancias largas<\/p>\n<\/p><\/div>\n<div style='flex: 1 1 250px; min-width: 200px; text-align: center;'> <img style='width: 100%; height: auto; border: 1px solid rgba(150&comma;150&comma;150&comma;0.3); border-radius: 8px;' src='https:\/\/ftp3.syscom.mx\/usuarios\/ftp\/vista-producto\/cambium\/cnvision\/Symmetrical-Horn-HG3-TP-S60_2-FI-320.jpg' alt='Antenas RF-ELEMENTS'> <\/p>\n<p style='font-size: 16px; margin: 15px 0 5px; color: inherit;'><strong>Antenas RF-ELEMENTS<\/strong><\/p>\n<p style='font-size: 14px; color: inherit;'>45\u00ba \u2013 90\u00ba Coverage<\/p>\n<p style='font-size: 14px; color: inherit;'>Cobertura asim\u00e9trica<\/p>\n<p style='font-size: 14px; color: inherit;'>Excelente inmunidad al ruido<\/p>\n<\/p><\/div>\n<\/p><\/div>\n<\/p><\/div>\n","protected":false},"excerpt":{"rendered":"<p>Cliente MINI cnVision para enlazar c\u00e1maras de videovigilancia a HUB FLEXr o HUB 360r a distancias de hasta 1.5 km<\/p>\n","protected":false},"featured_media":76700,"comment_status":"open","ping_status":"closed","template":"","meta":[],"product_brand":[],"product_cat":[1998],"product_tag":[1999,1316,1980],"class_list":{"0":"post-76701","1":"product","2":"type-product","3":"status-publish","4":"has-post-thumbnail","6":"product_cat-5-y-6-ghz","7":"product_tag-5-y-6-ghz","8":"product_tag-cambium-networks","9":"product_tag-enlaces-ptp-y-ptmp","11":"first","12":"outofstock","13":"sale","14":"shipping-taxable","15":"purchasable","16":"product-type-simple"},"_links":{"self":[{"href":"https:\/\/soydeaqui.ddns.net\/pachuca\/index.php\/wp-json\/wp\/v2\/product\/76701","targetHints":{"allow":["GET"]}}],"collection":[{"href":"https:\/\/soydeaqui.ddns.net\/pachuca\/index.php\/wp-json\/wp\/v2\/product"}],"about":[{"href":"https:\/\/soydeaqui.ddns.net\/pachuca\/index.php\/wp-json\/wp\/v2\/types\/product"}],"replies":[{"embeddable":true,"href":"https:\/\/soydeaqui.ddns.net\/pachuca\/index.php\/wp-json\/wp\/v2\/comments?post=76701"}],"wp:featuredmedia":[{"embeddable":true,"href":"https:\/\/soydeaqui.ddns.net\/pachuca\/index.php\/wp-json\/wp\/v2\/media\/76700"}],"wp:attachment":[{"href":"https:\/\/soydeaqui.ddns.net\/pachuca\/index.php\/wp-json\/wp\/v2\/media?parent=76701"}],"wp:term":[{"taxonomy":"product_brand","embeddable":true,"href":"https:\/\/soydeaqui.ddns.net\/pachuca\/index.php\/wp-json\/wp\/v2\/product_brand?post=76701"},{"taxonomy":"product_cat","embeddable":true,"href":"https:\/\/soydeaqui.ddns.net\/pachuca\/index.php\/wp-json\/wp\/v2\/product_cat?post=76701"},{"taxonomy":"product_tag","embeddable":true,"href":"https:\/\/soydeaqui.ddns.net\/pachuca\/index.php\/wp-json\/wp\/v2\/product_tag?post=76701"}],"curies":[{"name":"wp","href":"https:\/\/api.w.org\/{rel}","templated":true}]}}