{"id":76673,"date":"2026-03-19T15:29:57","date_gmt":"2026-03-19T15:29:57","guid":{"rendered":"https:\/\/soydeaqui.ddns.net\/pachuca\/index.php\/producto\/switch-industrial-administrable-capa-2-con-4-puertos-10-100-1000t-y-2-puertos-sfp-1g-2-5g\/"},"modified":"2026-03-19T15:30:05","modified_gmt":"2026-03-19T15:30:05","slug":"switch-industrial-administrable-capa-2-con-4-puertos-10-100-1000t-y-2-puertos-sfp-1g-2-5g","status":"publish","type":"product","link":"https:\/\/soydeaqui.ddns.net\/pachuca\/index.php\/producto\/switch-industrial-administrable-capa-2-con-4-puertos-10-100-1000t-y-2-puertos-sfp-1g-2-5g\/","title":{"rendered":"Switch Industrial Administrable Capa 2 con 4 Puertos 10\/100\/1000T y 2 Puertos SFP 1G\/2.5G"},"content":{"rendered":"<div style='width: 100%; max-width: 1200px; margin: 0 auto; font-family: sans-serif; line-height: 1.6; color: inherit; background-color: transparent;'> <!-- Im\u00e1genes de iconos --> <\/p>\n<div style='display: flex; flex-wrap: wrap; justify-content: center; gap: 15px; margin-bottom: 30px;'> <img style='width: 48px; height: auto; border: 1px solid rgba(150&comma;150&comma;150&comma;0.3); border-radius: 8px;' src='https:\/\/www.planet.com.tw\/storage\/icons\/2icon_L3-Static-Routing.png' alt=''> <img style='width: 48px; height: auto; border: 1px solid rgba(150&comma;150&comma;150&comma;0.3); border-radius: 8px;' src='https:\/\/www.planet.com.tw\/storage\/icons\/1icon_Alive-Check.png' alt=''> <img style='width: 48px; height: auto; border: 1px solid rgba(150&comma;150&comma;150&comma;0.3); border-radius: 8px;' src='https:\/\/www.planet.com.tw\/storage\/icons\/1icon_IPv6-Management.png' alt=''> <img style='width: 48px; height: auto; border: 1px solid rgba(150&comma;150&comma;150&comma;0.3); border-radius: 8px;' src='https:\/\/www.planet.com.tw\/storage\/icons\/6icon_RING.png' alt=''> <img style='width: 48px; height: auto; border: 1px solid rgba(150&comma;150&comma;150&comma;0.3); border-radius: 8px;' src='https:\/\/www.planet.com.tw\/storage\/icons\/8icon_-40-degree-~75-degree.png' alt=''> <\/div>\n<p> <!-- Imagen principal --> <\/p>\n<div style='margin-bottom: 30px;'> <img style='width: 100%; height: auto; border: 1px solid rgba(150&comma;150&comma;150&comma;0.3); border-radius: 8px;' src='https:\/\/www.planet.com.tw\/storage\/products\/49523\/IGS-5225-4T2Sv3-21.png' alt=''> <\/div>\n<p> <!-- Im\u00e1genes adicionales --> <\/p>\n<div style='display: grid; grid-template-columns: repeat(auto-fit&comma; minmax(280px&comma; 1fr)); gap: 20px; margin-bottom: 30px;'> <img style='width: 100%; height: auto; border: 1px solid rgba(150&comma;150&comma;150&comma;0.3); border-radius: 8px;' src='https:\/\/planet.com.tw\/storage\/products\/49198\/IGS-5225-4T2S-9_L.png' alt=''> <img style='width: 100%; height: auto; border: 1px solid rgba(150&comma;150&comma;150&comma;0.3); border-radius: 8px;' src='https:\/\/planet.com.tw\/storage\/products\/49198\/IGS-5225-4T2S-5_L.png' alt=''> <img style='width: 100%; height: auto; border: 1px solid rgba(150&comma;150&comma;150&comma;0.3); border-radius: 8px;' src='https:\/\/planet.com.tw\/storage\/products\/49198\/IGS-5225-4T2S-6_L.png' alt=''> <\/div>\n<p> <!-- T\u00edtulo de aplicaciones --> <\/p>\n<div style='text-align: center; margin: 30px 0;'>\n<h3 style='font-size: 24px; border-bottom: 2px solid currentColor; padding-bottom: 5px; margin: 0; color: inherit; opacity: 0.8; display: inline-block;'>Aplicaciones<\/h3>\n<\/p><\/div>\n<p> <!-- Especificaciones del hardware --> <\/p>\n<div style='display: flex; flex-wrap: wrap; gap: 20px; margin-bottom: 30px;'>\n<div style='flex: 1 1 300px; min-width: 280px; border: 1px solid rgba(150&comma; 150&comma; 150&comma; 0.4); border-radius: 8px; overflow: hidden;'>\n<div style='padding: 15px; border-bottom: 1px solid rgba(150&comma; 150&comma; 150&comma; 0.2); font-weight: bold; font-size: 18px; color: inherit;'>Especificaciones del hardware<\/div>\n<div style='padding: 15px; color: inherit;'>\n<ul style='padding-left: 20px; margin: 0; font-size: 14px; list-style-type: disc;'>\n<li style='margin-bottom: 5px;'><strong>Puertos de cobre:<\/strong> 4 puertos 10\/100 \/ 1000BASE-T RJ45 auto-MDI \/ MDI-X<\/li>\n<li style='margin-bottom: 5px;'><strong>Ranuras SFP \/ mini-GBIC:<\/strong> 2 interfaces SFP 1000BASE-SX \/ LX \/ BX (puerto 5 a puerto 6)<br \/>Compatible con 100BASE-FX SFP<\/li>\n<li style='margin-bottom: 5px;'><strong>Consola:<\/strong> 1 puerto serie RJ45 a RS232 (115200&comma; 8&comma; N&comma; 1)<\/li>\n<li style='margin-bottom: 5px;'><strong>Carcasa:<\/strong> IP30<\/li>\n<li style='margin-bottom: 5px;'><strong>Instalaci\u00f3n:<\/strong> Kit de riel DIN&comma; Kit de montaje en pared<\/li>\n<li style='margin-bottom: 5px;'><strong>Alarma:<\/strong> Una salida de rel\u00e9 por falla de energ\u00eda. Capacidad de transporte de corriente del rel\u00e9 de alarma: 1A a 24 V CC<\/li>\n<li style='margin-bottom: 5px;'><strong>Dimensiones (W x D x H):<\/strong> 32 x 87x 135 mm<\/li>\n<li style='margin-bottom: 5px;'><strong>Peso:<\/strong> 456 g<\/li>\n<li style='margin-bottom: 5px;'><strong>Requerimientos de energ\u00eda:<\/strong> Doble 12 ~ 48 V CC \/ 24 V CA<br \/><span style='color: #e74c3c;'><strong>(No incluye fuente de voltaje)<\/strong><\/span><\/li>\n<li style='margin-bottom: 5px;'><strong>Consumo:<\/strong> Max. 6&comma;3 Watts \/ 21&comma;6 BTU (encendido sin conexi\u00f3n)<br \/>M\u00e1x. 8&comma;5 Watts \/ 29&comma;2 BTU (carga completa)<\/li>\n<li style='margin-bottom: 5px;'><strong>Funci\u00f3n de capa 3:<\/strong> Interfaces IP&comma; Tabla de ruteo&comma; Protocolos de enrutamiento.<\/li>\n<li style='margin-bottom: 5px;'><strong>Temperatura:<\/strong> &#8211; 40 a 75\u00b0C<\/li>\n<\/ul><\/div>\n<\/p><\/div>\n<\/p><\/div>\n<p> <!-- Contenido del paquete --> <\/p>\n<div style='display: flex; flex-wrap: wrap; gap: 20px; margin-bottom: 30px;'>\n<div style='flex: 1 1 300px; min-width: 280px; border: 1px solid rgba(150&comma; 150&comma; 150&comma; 0.4); border-radius: 8px; overflow: hidden;'>\n<div style='padding: 15px; border-bottom: 1px solid rgba(150&comma; 150&comma; 150&comma; 0.2); font-weight: bold; font-size: 18px; color: inherit;'>Contenido del paquete<\/div>\n<div style='padding: 15px; color: inherit;'>\n<ul style='padding-left: 20px; margin: 0; font-size: 14px; list-style-type: disc;'>\n<li style='margin-bottom: 5px;'>1 x Switch Industrial<\/li>\n<li style='margin-bottom: 5px;'>1 x Gu\u00eda de instalaci\u00f3n<\/li>\n<li style='margin-bottom: 5px;'>1 x Cable de consola RS232 a RJ45<\/li>\n<li style='margin-bottom: 5px;'>1 x Kit de riel DIN<\/li>\n<li style='margin-bottom: 5px;'>1 x Kit de montaje en pared<\/li>\n<li style='margin-bottom: 5px;'>2 x Tapas para puertos SFP<\/li>\n<li style='margin-bottom: 5px;'>5 x Tapas para puertos RJ45<\/li>\n<\/ul><\/div>\n<\/p><\/div>\n<\/p><\/div>\n<p> <!-- Separador final --> <\/p>\n<hr style='border: 0; border-top: 1px solid rgba(150&comma; 150&comma; 150&comma; 0.3); margin: 30px 0;'> <\/div>\n","protected":false},"excerpt":{"rendered":"<p>Switch Industrial Administrable Capa 2 con 4 Puertos 10\/100\/1000T y 2 Puertos SFP 1G\/2.5G<\/p>\n","protected":false},"featured_media":76672,"comment_status":"open","ping_status":"closed","template":"","meta":[],"product_brand":[],"product_cat":[1984],"product_tag":[1985,664,2033],"class_list":{"0":"post-76673","1":"product","2":"type-product","3":"status-publish","4":"has-post-thumbnail","6":"product_cat-industrial","7":"product_tag-industrial","8":"product_tag-networking","9":"product_tag-planet","11":"first","12":"instock","13":"sale","14":"shipping-taxable","15":"purchasable","16":"product-type-simple"},"_links":{"self":[{"href":"https:\/\/soydeaqui.ddns.net\/pachuca\/index.php\/wp-json\/wp\/v2\/product\/76673","targetHints":{"allow":["GET"]}}],"collection":[{"href":"https:\/\/soydeaqui.ddns.net\/pachuca\/index.php\/wp-json\/wp\/v2\/product"}],"about":[{"href":"https:\/\/soydeaqui.ddns.net\/pachuca\/index.php\/wp-json\/wp\/v2\/types\/product"}],"replies":[{"embeddable":true,"href":"https:\/\/soydeaqui.ddns.net\/pachuca\/index.php\/wp-json\/wp\/v2\/comments?post=76673"}],"wp:featuredmedia":[{"embeddable":true,"href":"https:\/\/soydeaqui.ddns.net\/pachuca\/index.php\/wp-json\/wp\/v2\/media\/76672"}],"wp:attachment":[{"href":"https:\/\/soydeaqui.ddns.net\/pachuca\/index.php\/wp-json\/wp\/v2\/media?parent=76673"}],"wp:term":[{"taxonomy":"product_brand","embeddable":true,"href":"https:\/\/soydeaqui.ddns.net\/pachuca\/index.php\/wp-json\/wp\/v2\/product_brand?post=76673"},{"taxonomy":"product_cat","embeddable":true,"href":"https:\/\/soydeaqui.ddns.net\/pachuca\/index.php\/wp-json\/wp\/v2\/product_cat?post=76673"},{"taxonomy":"product_tag","embeddable":true,"href":"https:\/\/soydeaqui.ddns.net\/pachuca\/index.php\/wp-json\/wp\/v2\/product_tag?post=76673"}],"curies":[{"name":"wp","href":"https:\/\/api.w.org\/{rel}","templated":true}]}}