{"id":76652,"date":"2026-03-19T15:29:03","date_gmt":"2026-03-19T15:29:03","guid":{"rendered":"https:\/\/soydeaqui.ddns.net\/pachuca\/index.php\/producto\/kit-de-videoportero-ip-para-7-departamentos-con-llamada-a-app-de-smartphone-y-lector-de-tarjetas-em-2da-generacion-modular-montaje-para-empotrar-incluido\/"},"modified":"2026-03-19T15:29:04","modified_gmt":"2026-03-19T15:29:04","slug":"kit-de-videoportero-ip-para-7-departamentos-con-llamada-a-app-de-smartphone-y-lector-de-tarjetas-em-2da-generacion-modular-montaje-para-empotrar-incluido","status":"publish","type":"product","link":"https:\/\/soydeaqui.ddns.net\/pachuca\/index.php\/producto\/kit-de-videoportero-ip-para-7-departamentos-con-llamada-a-app-de-smartphone-y-lector-de-tarjetas-em-2da-generacion-modular-montaje-para-empotrar-incluido\/","title":{"rendered":"KIT de Videoportero IP para 7 DEPARTAMENTOS con llamada a App de Smartphone y Lector de Tarjetas EM \/ 2da Generaci\u00f3n (Modular) \/ Montaje para EMPOTRAR incluido"},"content":{"rendered":"<div style='width: 100%; max-width: 1200px; margin: 0 auto; font-family: sans-serif; line-height: 1.6; color: inherit; background-color: transparent;'>\n<div style='width: 100%;'> <a href='#link' target='_blank' rel='noopener'> <img style='width: 100%; height: auto; border: 1px solid rgba(150&comma;150&comma;150&comma;0.3); border-radius: 8px;' src='https:\/\/ftp3.syscom.mx\/usuarios\/rcovarrubias\/videoporteros\/Videoporteros%20Banner-segunda-generacion-2.jpg' alt=''> <\/a> <\/div>\n<div style='display: flex; flex-wrap: wrap; gap: 30px; margin: 30px 0;'>\n<div style='flex: 1 1 300px; min-width: 280px;'>\n<div style='position: relative; padding-bottom: 56.25%; height: 0; overflow: hidden; margin-bottom: 30px;'>   <\/div>\n<\/p><\/div>\n<div style='flex: 1 1 300px; min-width: 280px;'>\n<div style='position: relative; padding-bottom: 56.25%; height: 0; overflow: hidden; margin-bottom: 30px;'>   <\/div>\n<\/p><\/div>\n<div style='flex: 1 1 300px; min-width: 280px;'>\n<div style='position: relative; padding-bottom: 56.25%; height: 0; overflow: hidden; margin-bottom: 30px;'>   <\/div>\n<\/p><\/div>\n<\/p><\/div>\n<div style='display: flex; flex-wrap: wrap; gap: 30px; margin-bottom: 30px;'>\n<div style='flex: 1 1 300px; min-width: 280px;'>\n<h3 style='font-size: 22px; border-bottom: 2px solid currentColor; padding-bottom: 5px; margin-top: 0; color: inherit; opacity: 0.8;'>Caracter\u00edsticas del Frente de calle<\/h3>\n<ul style='padding-left: 20px; font-size: 15px; color: inherit;'>\n<li style='margin-bottom: 5px;'>Funci\u00f3n de TV Portero.<\/li>\n<li style='margin-bottom: 5px;'>C\u00e1mara de 2 MP (1920 X 1080).<\/li>\n<li style='margin-bottom: 5px;'>IR oculto 3m.<\/li>\n<li style='margin-bottom: 5px;'>Soporta 7 Frentes de calle (1 Principal y 6 Ext.)<\/li>\n<li style='margin-bottom: 5px;'>Codificaci\u00f3n H.264.<\/li>\n<li style='margin-bottom: 5px;'>WDR&comma; BLC&comma; DNR.<\/li>\n<li style='margin-bottom: 5px;'>2 Salidas de Relevador (Soporta 2 Puertas)<\/li>\n<li style='margin-bottom: 5px;'>Audio Omnidireccional.<\/li>\n<li style='margin-bottom: 5px;'>Conexi\u00f3n a un m\u00f3dulo adicional a elegir.<\/li>\n<li style='margin-bottom: 5px;'>Red: 10\/100 Mbps Self-Adaptive Ethernet<\/li>\n<li style='margin-bottom: 5px;'>Configurable mediante iVMS4200.<\/li>\n<\/ul><\/div>\n<div style='flex: 1 1 300px; min-width: 280px;'>\n<h3 style='font-size: 22px; border-bottom: 2px solid currentColor; padding-bottom: 5px; margin-top: 0; color: inherit; opacity: 0.8;'>Caracter\u00edsticas F\u00edsicas y El\u00e9ctricas:<\/h3>\n<ul style='padding-left: 20px; font-size: 15px; color: inherit;'>\n<li style='margin-bottom: 5px;'>Voltaje de operaci\u00f3n: 12 Vcc&comma; 3A (no incluida) PoE ( IEEE 802.3af)<\/li>\n<li style='margin-bottom: 5px;'>Consumo el\u00e9ctrico: 10 W<\/li>\n<li style='margin-bottom: 5px;'>Nivel de protecci\u00f3n: Exterior IP65.<\/li>\n<li style='margin-bottom: 5px;'>Material: Aluminio.<\/li>\n<li style='margin-bottom: 5px;'>Temperatura de operaci\u00f3n: -40\u00b0 C to +60\u00b0 C (-40\u00b0 F to 140\u00b0 F)<\/li>\n<li style='margin-bottom: 5px;'>Humedad: 10 to 95%<\/li>\n<li style='margin-bottom: 5px;'>Dimensiones: 98 mm \u00d7 99.8 mm \u00d7 43.9 mm (3.86&#8242; \u00d7 3.93&#8242; \u00d7 1.73&#8242;).<\/li>\n<\/ul><\/div>\n<div style='flex: 1 1 300px; min-width: 280px;'>\n<h3 style='font-size: 22px; border-bottom: 2px solid currentColor; padding-bottom: 5px; margin-top: 0; color: inherit; opacity: 0.8;'>Caracter\u00edsticas Destacadas:<\/h3>\n<p style='font-size: 15px; color: inherit; margin-bottom: 15px;'>KIT de Videoportero IP para 7 DEPARTAMENTOS con llamada a App de Smartphone y Lector de Tarjetas EM \/ 2da Generaci\u00f3n (Modular) \/ Montaje para EMPOTRAR incluido<\/p>\n<ul style='padding-left: 20px; font-size: 15px; color: inherit;'>\n<li style='margin-bottom: 5px;'>1 Frente de calle DS-KD8003-IME1<\/li>\n<li style='margin-bottom: 5px;'>1 m\u00f3dulo lector de tarjetas EM DS-KD-E<\/li>\n<li style='margin-bottom: 5px;'>1 m\u00f3dulo de 6 botones para llamada DS-KD-KK<\/li>\n<li style='margin-bottom: 5px;'>1 Montaje de 3 m\u00f3dulos para empotrar DS-KD-ACF3.<\/li>\n<li style='margin-bottom: 5px;'>2 Monitores DS-KH6320-WTE1<\/li>\n<li style='margin-bottom: 5px;'>1 Switch PoE <a style='color: #005cb9; text-decoration: none; font-weight: 600;' href='https:\/\/www.syscom.mx\/principal\/searchcont?route=DS-3E0505P-E\/M-HIKVISION-200815&#038;autodetect=DS3E0105' target='_blank' rel='noopener'>DS-3E0505P-E\/M<\/a><\/li>\n<\/ul><\/div>\n<\/p><\/div>\n<div style='margin: 30px 0; padding: 15px; border-left: 5px solid #c70000; background-color: rgba(199&comma;0&comma;0&comma;0.05);'>\n<p style='margin: 0; font-weight: bold; text-align: center; color: inherit;'>IMPORTANTE<\/p>\n<p style='margin: 10px 0 0 0; color: inherit;'> El kit solamente incluye 2 monitores para recepci\u00f3n de llamada (2 apartamentos)&comma; los adicionales requeridos deber\u00e1n adquirirse por separado. <\/p>\n<\/p><\/div>\n<div style='margin: 30px 0; text-align: center;'>\n<h3 style='font-size: 18px; margin: 0; margin-bottom: 10px; color: inherit; opacity: 0.8;'>Familia de productos<\/h3>\n<p style='font-size: 10px; margin: 0; color: inherit;'>[Solo ilustrativo]<\/p>\n<\/p><\/div>\n<div style='width: 100%;'> <img style='width: 100%; height: auto; border: 1px solid rgba(150&comma;150&comma;150&comma;0.3); border-radius: 8px;' src='https:\/\/ftp3.syscom.mx\/usuarios\/rcovarrubias\/videoporteros\/Videoportero%202daG.png' alt=''> <\/div>\n<div style='margin: 30px 0; text-align: center;'>\n<h3 style='font-size: 18px; margin: 30px 0 15px 0; color: inherit; opacity: 0.8;'>Diagrama de aplicaci\u00f3n:<\/h3>\n<\/p><\/div>\n<div style='width: 100%;'> <img style='width: 100%; height: auto; border: 1px solid rgba(150&comma;150&comma;150&comma;0.3); border-radius: 8px;' src='https:\/\/ftp3.syscom.mx\/usuarios\/rcovarrubias\/videoporteros\/diagramas%20de%20conexion\/Diagrama%20Modular%203%20Mod.jpg' alt=''> <\/div>\n<\/p><\/div>\n","protected":false},"excerpt":{"rendered":"<p>KIT de Videoportero IP para 7 DEPARTAMENTOS con llamada a App de Smartphone y Lector de Tarjetas EM \/ 2da Generaci\u00f3n (Modular) \/ Montaje para EMPOTRAR incluido<\/p>\n","protected":false},"featured_media":76651,"comment_status":"open","ping_status":"closed","template":"","meta":[],"product_brand":[],"product_cat":[2104],"product_tag":[54,557,857],"class_list":{"0":"post-76652","1":"product","2":"type-product","3":"status-publish","4":"has-post-thumbnail","6":"product_cat-videoporteros-ip-videoporteros-e-interfonos","7":"product_tag-hikvision","8":"product_tag-videoporteros-e-interfonos","9":"product_tag-videoporteros-ip","11":"first","12":"instock","13":"sale","14":"shipping-taxable","15":"purchasable","16":"product-type-simple"},"_links":{"self":[{"href":"https:\/\/soydeaqui.ddns.net\/pachuca\/index.php\/wp-json\/wp\/v2\/product\/76652","targetHints":{"allow":["GET"]}}],"collection":[{"href":"https:\/\/soydeaqui.ddns.net\/pachuca\/index.php\/wp-json\/wp\/v2\/product"}],"about":[{"href":"https:\/\/soydeaqui.ddns.net\/pachuca\/index.php\/wp-json\/wp\/v2\/types\/product"}],"replies":[{"embeddable":true,"href":"https:\/\/soydeaqui.ddns.net\/pachuca\/index.php\/wp-json\/wp\/v2\/comments?post=76652"}],"wp:featuredmedia":[{"embeddable":true,"href":"https:\/\/soydeaqui.ddns.net\/pachuca\/index.php\/wp-json\/wp\/v2\/media\/76651"}],"wp:attachment":[{"href":"https:\/\/soydeaqui.ddns.net\/pachuca\/index.php\/wp-json\/wp\/v2\/media?parent=76652"}],"wp:term":[{"taxonomy":"product_brand","embeddable":true,"href":"https:\/\/soydeaqui.ddns.net\/pachuca\/index.php\/wp-json\/wp\/v2\/product_brand?post=76652"},{"taxonomy":"product_cat","embeddable":true,"href":"https:\/\/soydeaqui.ddns.net\/pachuca\/index.php\/wp-json\/wp\/v2\/product_cat?post=76652"},{"taxonomy":"product_tag","embeddable":true,"href":"https:\/\/soydeaqui.ddns.net\/pachuca\/index.php\/wp-json\/wp\/v2\/product_tag?post=76652"}],"curies":[{"name":"wp","href":"https:\/\/api.w.org\/{rel}","templated":true}]}}