{"id":76628,"date":"2026-03-19T15:28:10","date_gmt":"2026-03-19T15:28:10","guid":{"rendered":"https:\/\/soydeaqui.ddns.net\/pachuca\/index.php\/producto\/wap-lr9-kit-gateway-lora-902-928-mhz-con-wifi-2-4-ghz\/"},"modified":"2026-03-19T15:28:21","modified_gmt":"2026-03-19T15:28:21","slug":"wap-lr9-kit-gateway-lora-902-928-mhz-con-wifi-2-4-ghz","status":"publish","type":"product","link":"https:\/\/soydeaqui.ddns.net\/pachuca\/index.php\/producto\/wap-lr9-kit-gateway-lora-902-928-mhz-con-wifi-2-4-ghz\/","title":{"rendered":"(wAP LR9 kit) Gateway LoRa 902-928 MHz, con WiFi 2.4 GHz"},"content":{"rendered":"<div style='width: 100%; max-width: 1200px; margin: 0 auto; font-family: sans-serif; line-height: 1.6; color: inherit; background-color: transparent;'> <!-- Imagen principal --> <\/p>\n<div style='margin-bottom: 30px;'> <img style='width: 100%; height: auto; border: 1px solid rgba(150&comma;150&comma;150&comma;0.3); border-radius: 8px;' src='https:\/\/ftp3.syscom.mx\/usuarios\/fotos\/WAPLORA9KIT\/177530-banner_waplora9.png' alt='Banner wAP LoRa9'> <\/div>\n<p> <!-- Descripci\u00f3n general --> <\/p>\n<div style='margin-bottom: 30px; font-size: 15px;'>\n<p style='margin: 0 0 15px 0; color: inherit;'>wAP LoRa9: una soluci\u00f3n lista para usar para usar el gateway de enlace LoRaWAN. Este kit contiene un reenviador de paquetes UDP preinstalado a cualquier servidor LoRa p\u00fablico o privado y un punto de acceso inal\u00e1mbrico resistente a la intemperie al aire libre con interfaz WLAN de 2.4 GHz y puerto Ethernet que podr\u00eda usarse como back-end.<\/p>\n<p style='margin: 0 0 15px 0; color: inherit;'>Este factor de forma wAP particular se ha probado en muchos otros productos MikroTik: puede ofrecer un rendimiento excelente y estable en casi cualquier condici\u00f3n clim\u00e1tica.<\/p>\n<p style='margin: 0; color: inherit;'>Puede usar la antena interna opcional de 2 dBi o conectar una antena externa. Para una cobertura de red adicional&comma; sugerimos agregar el kit de antena MikroTik LoRa.<\/p>\n<p style='margin-top: 15px; color: inherit;'>Opera en una frecuencia de 902-928 MHz (utilizada en Estados Unidos&comma; Canad\u00e1&comma; M\u00e9xico&comma; Australia&comma; Brasil&comma; muchos pa\u00edses de Asia&comma; etc.)<\/p>\n<\/p><\/div>\n<p> <!-- Sobre el producto --> <\/p>\n<div style='margin-bottom: 30px; font-size: 15px;'>\n<h3 style='font-size: 22px; border-bottom: 2px solid currentColor; padding-bottom: 5px; margin-top: 0; margin-bottom: 15px; color: inherit; opacity: 0.8;'>Sobre el producto<\/h3>\n<p style='color: inherit; margin: 0;'>Dise\u00f1o funcional y no intrusivo&comma; durabilidad asombrosa y gran valor: ese es el kit wAP LoRa9&comma; la soluci\u00f3n LoRa tan esperada para los entusiastas de LoRa de cualquier nivel.<\/p>\n<\/p><\/div>\n<p> <!-- Especificaciones t\u00e9cnicas --> <\/p>\n<div style='display: flex; flex-wrap: wrap; gap: 30px; margin-bottom: 30px;'>\n<div style='flex: 1 1 300px; min-width: 280px;'>\n<h3 style='font-size: 22px; border-bottom: 2px solid currentColor; padding-bottom: 5px; margin-top: 0; color: inherit; opacity: 0.8;'>Especificaciones<\/h3>\n<ul style='padding-left: 20px; font-size: 15px; color: inherit; list-style: disc;'>\n<li style='margin-bottom: 5px;'><strong>C\u00f3digo de producto:<\/strong> RBwAPR-2nD&#038;R11e-LoRa9<\/li>\n<li style='margin-bottom: 5px;'><strong>Arquitectura:<\/strong> MIPSBE<\/li>\n<li style='margin-bottom: 5px;'><strong>CPU:<\/strong> QCA9531<\/li>\n<li style='margin-bottom: 5px;'><strong>Cantidad de n\u00facleos de CPU:<\/strong> 1<\/li>\n<li style='margin-bottom: 5px;'><strong>Frecuencia nominal de CPU:<\/strong> 650 MHz<\/li>\n<li style='margin-bottom: 5px;'><strong>Nivel de licencia:<\/strong> 4<\/li>\n<li style='margin-bottom: 5px;'><strong>Tama\u00f1o de RAM:<\/strong> 64 MB<\/li>\n<li style='margin-bottom: 5px;'><strong>Tama\u00f1o de almacenamiento:<\/strong> 16 MB<\/li>\n<li style='margin-bottom: 5px;'><strong>Tipo de almacenamiento:<\/strong> FLASH<\/li>\n<li style='margin-bottom: 5px;'><strong>Temperatura ambiente probada:<\/strong> -40 \u00b0C a 60 \u00b0C<\/li>\n<\/ul><\/div>\n<div style='flex: 1 1 300px; min-width: 280px;'>\n<h3 style='font-size: 22px; border-bottom: 2px solid currentColor; padding-bottom: 5px; margin-top: 0; color: inherit; opacity: 0.8;'>Alimentaci\u00f3n<\/h3>\n<ul style='padding-left: 20px; font-size: 15px; color: inherit; list-style: disc;'>\n<li style='margin-bottom: 5px;'><strong>PoE in:<\/strong> PoE pasivo<\/li>\n<li style='margin-bottom: 5px;'><strong>PoE in voltaje de entrada:<\/strong> 9-30 V<\/li>\n<li style='margin-bottom: 5px;'><strong>Cantidad de entradas DC:<\/strong> 3 (conector de CC&comma; PoE-IN&comma; automotriz)<\/li>\n<li style='margin-bottom: 5px;'><strong>Voltaje de entrada de jack DC:<\/strong> 9-30 V<\/li>\n<li style='margin-bottom: 5px;'><strong>Voltaje de entrada automotriz:<\/strong> 9-30 V<\/li>\n<li style='margin-bottom: 5px;'><strong>Consumo m\u00e1ximo de energ\u00eda:<\/strong> 7 W<\/li>\n<\/ul><\/div>\n<div style='flex: 1 1 300px; min-width: 280px;'>\n<h3 style='font-size: 22px; border-bottom: 2px solid currentColor; padding-bottom: 5px; margin-top: 0; color: inherit; opacity: 0.8;'>Inal\u00e1mbrico<\/h3>\n<ul style='padding-left: 20px; font-size: 15px; color: inherit; list-style: disc;'>\n<li style='margin-bottom: 5px;'><strong>Velocidad de datos m\u00e1xima inal\u00e1mbrica de 2.4 GHz:<\/strong> 300 Mbit\/s<\/li>\n<li style='margin-bottom: 5px;'><strong>N\u00famero inal\u00e1mbrico de cadenas de 2.4 GHz:<\/strong> 2<\/li>\n<li style='margin-bottom: 5px;'><strong>Est\u00e1ndares inal\u00e1mbricos de 2.4 GHz:<\/strong> 802.11b\/g\/n<\/li>\n<li style='margin-bottom: 5px;'><strong>Modelo de chip inal\u00e1mbrico de 2.4 GHz:<\/strong> QCA9531<\/li>\n<li style='margin-bottom: 5px;'><strong>Generaci\u00f3n inal\u00e1mbrica de 2.4 GHz:<\/strong> Wi-Fi 4<\/li>\n<\/ul><\/div>\n<div style='flex: 1 1 300px; min-width: 280px;'>\n<h3 style='font-size: 22px; border-bottom: 2px solid currentColor; padding-bottom: 5px; margin-top: 0; color: inherit; opacity: 0.8;'>Ethernet<\/h3>\n<ul style='padding-left: 20px; font-size: 15px; color: inherit; list-style: disc;'>\n<li style='margin-bottom: 5px;'><strong>Puertos Ethernet 10\/100:<\/strong> 1<\/li>\n<\/ul><\/div>\n<div style='flex: 1 1 300px; min-width: 280px;'>\n<h3 style='font-size: 22px; border-bottom: 2px solid currentColor; padding-bottom: 5px; margin-top: 0; color: inherit; opacity: 0.8;'>Perif\u00e9ricos<\/h3>\n<ul style='padding-left: 20px; font-size: 15px; color: inherit; list-style: disc;'>\n<li style='margin-bottom: 5px;'><strong>N\u00famero de ranuras SIM:<\/strong> 1 m\u00f3dem (mini SIM)<\/li>\n<li style='margin-bottom: 5px;'><strong>Ranuras MiniPCI-e:<\/strong> 1<\/li>\n<\/ul><\/div>\n<div style='flex: 1 1 300px; min-width: 280px;'>\n<h3 style='font-size: 22px; border-bottom: 2px solid currentColor; padding-bottom: 5px; margin-top: 0; color: inherit; opacity: 0.8;'>Otro<\/h3>\n<ul style='padding-left: 20px; font-size: 15px; color: inherit; list-style: disc;'>\n<li style='margin-bottom: 5px;'><strong>Monitor de temperatura de PCB:<\/strong> Si<\/li>\n<li style='margin-bottom: 5px;'><strong>Monitor de voltaje:<\/strong> Si<\/li>\n<\/ul><\/div>\n<div style='flex: 1 1 300px; min-width: 280px;'>\n<h3 style='font-size: 22px; border-bottom: 2px solid currentColor; padding-bottom: 5px; margin-top: 0; color: inherit; opacity: 0.8;'>Certificaciones y aprobaciones<\/h3>\n<ul style='padding-left: 20px; font-size: 15px; color: inherit; list-style: disc;'>\n<li style='margin-bottom: 5px;'><strong>Certificaci\u00f3n:<\/strong> CE \/ RED&comma; FCC&comma; IC&comma; EAC&comma; ROHS<\/li>\n<\/ul><\/div>\n<\/p><\/div>\n<p> <!-- Partes incluidas --> <\/p>\n<div style='margin-bottom: 30px;'>\n<h3 style='font-size: 22px; border-bottom: 2px solid currentColor; padding-bottom: 5px; margin: 0 0 20px 0; color: inherit; opacity: 0.8;'>Partes incluidas<\/h3>\n<div style='display: grid; grid-template-columns: repeat(auto-fill&comma; minmax(140px&comma; 1fr)); gap: 20px;'>\n<div style='text-align: center;'> <a href='https:\/\/i.mt.lv\/cdn\/rb_images\/part11391161548m.jpg' target='_blank' style='color: inherit; text-decoration: none;'> <img style='width: 100%; max-width: 100px; height: auto; border: 1px solid rgba(150&comma;150&comma;150&comma;0.3); border-radius: 8px; margin-bottom: 10px;' src='https:\/\/i.mt.lv\/cdn\/rb_images\/part11391161548s.jpg' alt='Adaptador de corriente 24V 0.8A'> <span style='display: block; font-size: 14px; color: inherit; margin-top: 8px;'>Adaptador de corriente 24V 0.8A<\/span> <\/a> <\/div>\n<div style='text-align: center;'> <a href='https:\/\/i.mt.lv\/cdn\/rb_images\/part101391160012m.jpg' target='_blank' style='color: inherit; text-decoration: none;'> <img style='width: 100%; max-width: 100px; height: auto; border: 1px solid rgba(150&comma;150&comma;150&comma;0.3); border-radius: 8px; margin-bottom: 10px;' src='https:\/\/i.mt.lv\/cdn\/rb_images\/part101391160012s.jpg' alt='Inyector PoE'> <span style='display: block; font-size: 14px; color: inherit; margin-top: 8px;'>Inyector PoE<\/span> <\/a> <\/div>\n<div style='text-align: center;'> <a href='https:\/\/i.mt.lv\/cdn\/rb_images\/part641499777512m.jpg' target='_blank' style='color: inherit; text-decoration: none;'> <img style='width: 100%; max-width: 100px; height: auto; border: 1px solid rgba(150&comma;150&comma;150&comma;0.3); border-radius: 8px; margin-bottom: 10px;' src='https:\/\/i.mt.lv\/cdn\/rb_images\/part641499777512s.jpg' alt='0.35m 4pin Cable adaptador automotriz'> <span style='display: block; font-size: 14px; color: inherit; margin-top: 8px;'>0.35m 4pin Cable adaptador automotriz<\/span> <\/a> <\/div>\n<div style='text-align: center;'> <a href='https:\/\/i.mt.lv\/cdn\/rb_images\/part651499777780m.jpg' target='_blank' style='color: inherit; text-decoration: none;'> <img style='width: 100%; max-width: 100px; height: auto; border: 1px solid rgba(150&comma;150&comma;150&comma;0.3); border-radius: 8px; margin-bottom: 10px;' src='https:\/\/i.mt.lv\/cdn\/rb_images\/part651499777780s.jpg' alt='soporte de escritorio wAP'> <span style='display: block; font-size: 14px; color: inherit; margin-top: 8px;'>soporte de escritorio wAP<\/span> <\/a> <\/div>\n<div style='text-align: center;'> <a href='https:\/\/i.mt.lv\/cdn\/rb_images\/part661499777872m.jpg' target='_blank' style='color: inherit; text-decoration: none;'> <img style='width: 100%; max-width: 100px; height: auto; border: 1px solid rgba(150&comma;150&comma;150&comma;0.3); border-radius: 8px; margin-bottom: 10px;' src='https:\/\/i.mt.lv\/cdn\/rb_images\/part661499777872s.jpg' alt='soporte de montaje wAP'> <span style='display: block; font-size: 14px; color: inherit; margin-top: 8px;'>soporte de montaje wAP<\/span> <\/a> <\/div>\n<div style='text-align: center;'> <a href='https:\/\/i.mt.lv\/cdn\/rb_images\/part181391163711m.jpg' target='_blank' style='color: inherit; text-decoration: none;'> <img style='width: 100%; max-width: 100px; height: auto; border: 1px solid rgba(150&comma;150&comma;150&comma;0.3); border-radius: 8px; margin-bottom: 10px;' src='https:\/\/i.mt.lv\/cdn\/rb_images\/part181391163711s.jpg' alt='Anillo de metal'> <span style='display: block; font-size: 14px; color: inherit; margin-top: 8px;'>Anillo de metal (uno)<\/span> <\/a> <\/div>\n<\/p><\/div>\n<\/p><\/div>\n<p> <!-- Separador --> <\/p>\n<hr style='border: 0; border-top: 1px solid rgba(150&comma;150&comma;150&comma;0.3); margin: 30px 0;'> <\/div>\n","protected":false},"excerpt":{"rendered":"<p>(wAP LR9 kit) Gateway LoRa 902-928 MHz, con WiFi 2.4 GHz<\/p>\n","protected":false},"featured_media":76627,"comment_status":"open","ping_status":"closed","template":"","meta":[],"product_brand":[],"product_cat":[1794],"product_tag":[643,1795,1479],"class_list":{"0":"post-76628","1":"product","2":"type-product","3":"status-publish","4":"has-post-thumbnail","6":"product_cat-puntos-de-acceso","7":"product_tag-mikrotik","8":"product_tag-puntos-de-acceso","9":"product_tag-redes-wifi","11":"first","12":"outofstock","13":"sale","14":"shipping-taxable","15":"purchasable","16":"product-type-simple"},"_links":{"self":[{"href":"https:\/\/soydeaqui.ddns.net\/pachuca\/index.php\/wp-json\/wp\/v2\/product\/76628","targetHints":{"allow":["GET"]}}],"collection":[{"href":"https:\/\/soydeaqui.ddns.net\/pachuca\/index.php\/wp-json\/wp\/v2\/product"}],"about":[{"href":"https:\/\/soydeaqui.ddns.net\/pachuca\/index.php\/wp-json\/wp\/v2\/types\/product"}],"replies":[{"embeddable":true,"href":"https:\/\/soydeaqui.ddns.net\/pachuca\/index.php\/wp-json\/wp\/v2\/comments?post=76628"}],"wp:featuredmedia":[{"embeddable":true,"href":"https:\/\/soydeaqui.ddns.net\/pachuca\/index.php\/wp-json\/wp\/v2\/media\/76627"}],"wp:attachment":[{"href":"https:\/\/soydeaqui.ddns.net\/pachuca\/index.php\/wp-json\/wp\/v2\/media?parent=76628"}],"wp:term":[{"taxonomy":"product_brand","embeddable":true,"href":"https:\/\/soydeaqui.ddns.net\/pachuca\/index.php\/wp-json\/wp\/v2\/product_brand?post=76628"},{"taxonomy":"product_cat","embeddable":true,"href":"https:\/\/soydeaqui.ddns.net\/pachuca\/index.php\/wp-json\/wp\/v2\/product_cat?post=76628"},{"taxonomy":"product_tag","embeddable":true,"href":"https:\/\/soydeaqui.ddns.net\/pachuca\/index.php\/wp-json\/wp\/v2\/product_tag?post=76628"}],"curies":[{"name":"wp","href":"https:\/\/api.w.org\/{rel}","templated":true}]}}