{"id":76624,"date":"2026-03-19T15:28:01","date_gmt":"2026-03-19T15:28:01","guid":{"rendered":"https:\/\/soydeaqui.ddns.net\/pachuca\/index.php\/producto\/kit-unifi-building-bridge-de-1-gbps-en-60-ghz-con-radio-redundante-en-5-ghz-alcance-de-hasta-500-m\/"},"modified":"2026-03-19T15:28:07","modified_gmt":"2026-03-19T15:28:07","slug":"kit-unifi-building-bridge-de-1-gbps-en-60-ghz-con-radio-redundante-en-5-ghz-alcance-de-hasta-500-m","status":"publish","type":"product","link":"https:\/\/soydeaqui.ddns.net\/pachuca\/index.php\/producto\/kit-unifi-building-bridge-de-1-gbps-en-60-ghz-con-radio-redundante-en-5-ghz-alcance-de-hasta-500-m\/","title":{"rendered":"Kit UniFi Building Bridge de 1+ Gbps en 60 GHz con radio redundante en 5 GHz, alcance de hasta 500 m"},"content":{"rendered":"<div style='width: 100%; max-width: 1200px; margin: 0 auto; font-family: sans-serif; line-height: 1.6; color: inherit; background-color: transparent;'>\n<div style='width: 100%; max-width: 1200px; margin: 0 auto; font-family: sans-serif; line-height: 1.6; color: inherit; background-color: transparent;'>\n<div style='display: flex; flex-direction: column; align-items: center; padding: 15px 0;'>\n<h2 style='margin: 0 0 10px; font-size: 24px; color: inherit;'>UniFi Building-to-Building Bridge<\/h2>\n<p style='font-size: 20px; color: inherit; text-align: center; margin: 0 0 15px; opacity: 0.8;'>La soluci\u00f3n ideal para conectividad de corto alcance y alto rendimiento.<br \/>Se incluyen dos dispositivos pre-configurados previamente en cada paquete para una implementaci\u00f3n r\u00e1pida.<\/p>\n<p> <img style='width: 100%; height: auto; border: 1px solid rgba(150&comma;150&comma;150&comma;0.3); border-radius: 8px;' src='http:\/\/ftp3.syscom.mx\/usuarios\/ftp\/vista-producto\/ubiquiti\/building-to-building\/b-to-b.png' alt=''> <\/div>\n<div style='display: flex; flex-wrap: wrap; gap: 20px; justify-content: center; margin: 30px 0;'>\n<div style='flex: 1 1 250px; min-width: 200px; display: flex; align-items: flex-start; gap: 10px;'> <img style='max-width: 40px; flex-shrink: 0;' src='http:\/\/ftp3.syscom.mx\/usuarios\/ftp\/vista-producto\/ubiquiti\/building-to-building\/pluplay-.jpg' alt=''> <\/p>\n<div>\n<h4 style='margin: 0; font-size: 18px; color: inherit;'>F\u00e1cil de configurar Plug &#038; Play<\/h4>\n<\/p><\/div>\n<\/p><\/div>\n<div style='flex: 1 1 250px; min-width: 200px; display: flex; align-items: flex-start; gap: 10px;'> <img style='max-width: 40px; flex-shrink: 0;' src='http:\/\/ftp3.syscom.mx\/usuarios\/ftp\/vista-producto\/ubiquiti\/building-to-building\/high.jpg' alt=''> <\/p>\n<div>\n<h4 style='margin: 0; font-size: 18px; color: inherit;'>Alto rendimiento de hasta 1.7+ Gbps bi-direccional<\/h4>\n<\/p><\/div>\n<\/p><\/div>\n<div style='flex: 1 1 250px; min-width: 200px; display: flex; align-items: flex-start; gap: 10px;'> <img style='max-width: 40px; flex-shrink: 0;' src='http:\/\/ftp3.syscom.mx\/usuarios\/ftp\/vista-producto\/ubiquiti\/building-to-building\/range.jpg' alt=''> <\/p>\n<div>\n<h4 style='margin: 0; font-size: 18px; color: inherit;'>Alcance de hasta 500 m<\/h4>\n<\/p><\/div>\n<\/p><\/div>\n<\/p><\/div>\n<div style='display: flex; flex-wrap: wrap; gap: 20px; justify-content: center; margin: 30px 0;'>\n<div style='flex: 1 1 250px; min-width: 200px; display: flex; align-items: flex-start; gap: 10px;'> <img style='max-width: 40px; flex-shrink: 0;' src='http:\/\/ftp3.syscom.mx\/usuarios\/ftp\/vista-producto\/ubiquiti\/building-to-building\/redundancy.jpg' alt=''> <\/p>\n<div>\n<h4 style='margin: 0; font-size: 18px; color: inherit;'>60 GHz con radio redundante en 5 GHz<\/h4>\n<\/p><\/div>\n<\/p><\/div>\n<div style='flex: 1 1 250px; min-width: 200px; display: flex; align-items: flex-start; gap: 10px;'> <img style='max-width: 40px; flex-shrink: 0;' src='http:\/\/ftp3.syscom.mx\/usuarios\/ftp\/vista-producto\/ubiquiti\/building-to-building\/redundancy.jpg' alt=''> <\/p>\n<div>\n<h4 style='margin: 0; font-size: 18px; color: inherit;'>UniFi Controller hace que la conexi\u00f3n de dos redes sea perfecta<\/h4>\n<\/p><\/div>\n<\/p><\/div>\n<\/p><\/div>\n<div style='display: flex; flex-direction: column; align-items: center; padding: 15px 0;'>\n<h2 style='margin: 0 0 10px; font-size: 24px; color: inherit;'>F\u00e1cil instalaci\u00f3n para obtener la mejor se\u00f1al con LED<\/h2>\n<p style='font-size: 20px; color: inherit; text-align: center; margin: 0 0 15px; opacity: 0.8;'>Use el indicador LED para ajustar la posici\u00f3n del UBB para una se\u00f1al \u00f3ptima al otro dispositivo.<\/p>\n<p> <img style='width: 100%; height: auto; border: 1px solid rgba(150&comma;150&comma;150&comma;0.3); border-radius: 8px;' src='https:\/\/ftp3.syscom.mx\/usuarios\/adiaz\/vista-producto\/UBB\/bridge.gif' alt='bridge-animation'> <\/div>\n<div style='display: flex; flex-direction: column; align-items: center; padding: 15px 0;'>\n<h2 style='margin: 0 0 10px; font-size: 24px; color: inherit;'>F\u00e1cil de configurar<\/h2>\n<p style='font-size: 20px; color: inherit; text-align: center; margin: 0 0 15px; opacity: 0.8;'>La integraci\u00f3n de UniFi Building Bridge con el UniFi Controller hace que la conexi\u00f3n de dos redes sea perfecta.<\/p>\n<p> <img style='width: 100%; height: auto; border: 1px solid rgba(150&comma;150&comma;150&comma;0.3); border-radius: 8px;' src='http:\/\/ftp3.syscom.mx\/usuarios\/ftp\/vista-producto\/ubiquiti\/building-to-building\/easy-setup.png' alt=''> <\/div>\n<hr style='border: 0; border-top: 1px solid rgba(150&comma; 150&comma; 150&comma; 0.3); margin: 30px 0;'>\n<hr style='border: 0; border-top: 1px solid rgba(150&comma; 150&comma; 150&comma; 0.3); margin: 30px 0;'>\n<div style='display: flex; flex-direction: column; margin: 30px 0;'>\n<div style='padding: 15px; border-bottom: 1px solid rgba(150&comma; 150&comma; 150&comma; 0.4); font-size: 18px; font-weight: bold; color: inherit;'>Especificaci\u00f3n del producto<\/div>\n<div style='display: flex; flex-wrap: wrap;'>\n<div style='flex: 1 1 300px; min-width: 250px; padding: 15px; border: 1px solid rgba(150&comma; 150&comma; 150&comma; 0.3); border-top: none;'>\n<ul style='padding-left: 20px; margin: 0; list-style: none;'>\n<li style='margin-bottom: 8px;'><strong style='color: inherit;'>Dimensiones:<\/strong> 140 x 140 x 90 mm (5.51 x 5.51 x 3.54&#8242;)<\/li>\n<li style='margin-bottom: 8px;'><strong style='color: inherit;'>Peso:<\/strong> 376 g (13.3 oz)<\/li>\n<li style='margin-bottom: 8px;'><strong style='color: inherit;'>Ganancia de antena:<\/strong><\/li>\n<li style='margin-bottom: 8px; margin-left: 15px;'>2.4 GHz (BLE): 2 dBi<\/li>\n<li style='margin-bottom: 8px; margin-left: 15px;'>5 GHz: 10 dBi<\/li>\n<li style='margin-bottom: 8px; margin-left: 15px;'>60 GHz: 17.2 dBi<\/li>\n<li style='margin-bottom: 8px;'><strong style='color: inherit;'>GPS:<\/strong> S\u00ed<\/li>\n<li style='margin-bottom: 8px;'><strong style='color: inherit;'>Max. TX Power:<\/strong> 25 dBm (5 GHz)<\/li>\n<li style='margin-bottom: 8px;'><strong style='color: inherit;'>Interfaces de Red:<\/strong><\/li>\n<li style='margin-bottom: 8px; margin-left: 15px;'>(1) 10\/100\/1000 Ethernet Port<\/li>\n<li style='margin-bottom: 8px;'><strong style='color: inherit;'>Enclosure:<\/strong> UV-Resistant Polycarbonate<\/li>\n<\/ul><\/div>\n<div style='flex: 1 1 300px; min-width: 250px; padding: 15px; border: 1px solid rgba(150&comma; 150&comma; 150&comma; 0.3); border-top: none; border-left: none;'>\n<ul style='padding-left: 20px; margin: 0; list-style: none;'>\n<li style='margin-bottom: 8px;'><strong style='color: inherit;'>Administraci\u00f3n:<\/strong> Bluetooth<\/li>\n<li style='margin-bottom: 8px;'><strong style='color: inherit;'>Fuente de alimentaci\u00f3n:<\/strong><\/li>\n<li style='margin-bottom: 8px; margin-left: 15px;'>UniFi PoE Switch<\/li>\n<li style='margin-bottom: 8px; margin-left: 15px;'>Adaptador PoE Giga 48V&comma; 0.32A (Incluido)<\/li>\n<li style='margin-bottom: 8px;'><strong style='color: inherit;'>Consumo Max.:<\/strong> 11W<\/li>\n<li style='margin-bottom: 8px;'><strong style='color: inherit;'>Carga de viento:<\/strong> 56 N @ 200 km\/h (12.6 lbf @ 125 mph)<\/li>\n<li style='margin-bottom: 8px;'><strong style='color: inherit;'>Supervivencia del viento:<\/strong> 200 km\/h (125 mph)<\/li>\n<li style='margin-bottom: 8px;'><strong style='color: inherit;'>Montaje:<\/strong><\/li>\n<li style='margin-bottom: 8px; margin-left: 15px;'>Montaje en poste (Incluido)<\/li>\n<li style='margin-bottom: 8px; margin-left: 15px;'>Montaje en pared (No Incluido)<\/li>\n<li style='margin-bottom: 8px;'><strong style='color: inherit;'>Protecci\u00f3n ESD\/EMP:<\/strong> \u00b1 24kV Contact\/Air<\/li>\n<li style='margin-bottom: 8px;'><strong style='color: inherit;'>Temperatura:<\/strong> -40 a 70\u00b0 C (-40 a 158\u00b0 F)<\/li>\n<li style='margin-bottom: 8px;'><strong style='color: inherit;'>Humedad:<\/strong> 5 a 95% Sin condensaci\u00f3n<\/li>\n<li style='margin-bottom: 8px;'><strong style='color: inherit;'>Certificaciones:<\/strong> CE&comma; FCC&comma; IC<\/li>\n<\/ul><\/div>\n<\/p><\/div>\n<div style='display: flex; flex-wrap: wrap; margin-top: 20px;'>\n<div style='flex: 1 1 300px; min-width: 250px; padding: 15px; border: 1px solid rgba(150&comma; 150&comma; 150&comma; 0.3); border-top: none;'>\n<div style='font-size: 18px; font-weight: bold; margin-bottom: 10px; color: inherit;'>Rango de Frecuencias (MHz)<\/div>\n<ul style='padding-left: 20px; margin: 0; list-style: none;'>\n<li style='margin-bottom: 8px;'><strong style='color: inherit;'>Worldwide:<\/strong> 5150 &#8211; 5875<br \/>57&comma;000 &#8211; 66&comma;000<\/li>\n<li style='margin-bottom: 8px;'><strong style='color: inherit;'>US\/CA:<\/strong> U-NII-1: 5150 &#8211; 5250<br \/>U-NII-3: 5725 &#8211; 5850<br \/>57&comma;000 &#8211; 66&comma;000<\/li>\n<\/ul><\/div>\n<div style='flex: 1 1 300px; min-width: 250px; padding: 15px; border: 1px solid rgba(150&comma; 150&comma; 150&comma; 0.3); border-top: none; border-left: none;'>\n<div style='font-size: 18px; font-weight: bold; margin-bottom: 10px; color: inherit;'>Bluetooth (MHz)<\/div>\n<ul style='padding-left: 20px; margin: 0; list-style: none;'>\n<li style='margin-bottom: 8px;'><strong style='color: inherit;'>Worldwide:<\/strong> 2400 &#8211; 2483.5<\/li>\n<\/ul><\/div>\n<\/p><\/div>\n<\/p><\/div>\n<\/p><\/div>\n<\/p><\/div>\n","protected":false},"excerpt":{"rendered":"<p>Kit UniFi Building Bridge de 1+ Gbps en 60 GHz con radio redundante en 5 GHz, alcance de hasta 500 m<\/p>\n","protected":false},"featured_media":76623,"comment_status":"open","ping_status":"closed","template":"","meta":[],"product_brand":[],"product_cat":[1978,1979],"product_tag":[1981,1982,1980,166],"class_list":{"0":"post-76624","1":"product","2":"type-product","3":"status-publish","4":"has-post-thumbnail","6":"product_cat-1978","7":"product_cat-70-y-80-ghz","8":"product_tag-1981","9":"product_tag-70-y-80-ghz","10":"product_tag-enlaces-ptp-y-ptmp","11":"product_tag-ubiquiti","13":"first","14":"instock","15":"sale","16":"shipping-taxable","17":"purchasable","18":"product-type-simple"},"_links":{"self":[{"href":"https:\/\/soydeaqui.ddns.net\/pachuca\/index.php\/wp-json\/wp\/v2\/product\/76624","targetHints":{"allow":["GET"]}}],"collection":[{"href":"https:\/\/soydeaqui.ddns.net\/pachuca\/index.php\/wp-json\/wp\/v2\/product"}],"about":[{"href":"https:\/\/soydeaqui.ddns.net\/pachuca\/index.php\/wp-json\/wp\/v2\/types\/product"}],"replies":[{"embeddable":true,"href":"https:\/\/soydeaqui.ddns.net\/pachuca\/index.php\/wp-json\/wp\/v2\/comments?post=76624"}],"wp:featuredmedia":[{"embeddable":true,"href":"https:\/\/soydeaqui.ddns.net\/pachuca\/index.php\/wp-json\/wp\/v2\/media\/76623"}],"wp:attachment":[{"href":"https:\/\/soydeaqui.ddns.net\/pachuca\/index.php\/wp-json\/wp\/v2\/media?parent=76624"}],"wp:term":[{"taxonomy":"product_brand","embeddable":true,"href":"https:\/\/soydeaqui.ddns.net\/pachuca\/index.php\/wp-json\/wp\/v2\/product_brand?post=76624"},{"taxonomy":"product_cat","embeddable":true,"href":"https:\/\/soydeaqui.ddns.net\/pachuca\/index.php\/wp-json\/wp\/v2\/product_cat?post=76624"},{"taxonomy":"product_tag","embeddable":true,"href":"https:\/\/soydeaqui.ddns.net\/pachuca\/index.php\/wp-json\/wp\/v2\/product_tag?post=76624"}],"curies":[{"name":"wp","href":"https:\/\/api.w.org\/{rel}","templated":true}]}}