{"id":76607,"date":"2026-03-19T15:27:19","date_gmt":"2026-03-19T15:27:19","guid":{"rendered":"https:\/\/soydeaqui.ddns.net\/pachuca\/index.php\/producto\/cliente-ptmp-ltu-lite-5-ghz-4-8-6-2-ghz-con-antena-integrada-de-13-dbi\/"},"modified":"2026-03-19T15:27:31","modified_gmt":"2026-03-19T15:27:31","slug":"cliente-ptmp-ltu-lite-5-ghz-4-8-6-2-ghz-con-antena-integrada-de-13-dbi","status":"publish","type":"product","link":"https:\/\/soydeaqui.ddns.net\/pachuca\/index.php\/producto\/cliente-ptmp-ltu-lite-5-ghz-4-8-6-2-ghz-con-antena-integrada-de-13-dbi\/","title":{"rendered":"Cliente PtMP LTU\u2122 Lite, 5 GHz (4.8 &#8211; 6-2 GHz) con antena integrada de 13 dBi"},"content":{"rendered":"<div style='width: 100%; max-width: 1200px; margin: 0 auto; font-family: sans-serif; line-height: 1.6; color: inherit; background-color: transparent;'> <!-- Secci\u00f3n intro --> <\/p>\n<div style='width: 100%; background-color: #141f28; padding: 40px 0;'>\n<div style='max-width: 1200px; margin: 0 auto; padding: 0 20px;'>\n<h1 style='color: white; font-size: 32px; margin: 0 0 10px; text-align: center;'><strong>Tecnolog\u00eda dise\u00f1ada para WISP<\/strong><\/h1>\n<h3 style='color: gray; font-size: 18px; margin: 0; text-align: center;'>Eficiencia espectral inigualable&comma; resistencia al ruido y escalabilidad para alimentar redes inal\u00e1mbricas de largo alcance<\/h3>\n<\/p><\/div>\n<\/p><\/div>\n<p> <!-- Imagen principal --> <\/p>\n<div style='width: 100%; margin: 40px 0; text-align: center;'> <img style='width: 100%; max-width: 800px; height: auto; border: 1px solid rgba(150&comma;150&comma;150&comma;0.3); border-radius: 8px;' src='https:\/\/ftp3.syscom.mx\/usuarios\/ftp\/single_page\/ubiquiti-ltu\/1A.png' alt=''> <\/div>\n<p> <!-- Tecnolog\u00eda de radio --> <\/p>\n<div style='width: 100%; margin: 40px 0;'>\n<div style='max-width: 1200px; margin: 0 auto; padding: 0 20px;'>\n<h2 style='color: inherit; font-size: 24px; margin: 0 0 20px; text-align: center;'><strong>Tecnolog\u00eda de radio de banda ancha en 5 GHz<\/strong><\/h2>\n<p style='text-align: center; font-size: 14px; margin: 20px 0;'><span style='font-size: 14pt;'><strong>Enlaces PTP entre suscriptores LTU con la versi\u00f3n 1.5.1<\/strong><\/span><\/p>\n<h4 style='color: inherit; opacity: 0.7; font-size: 16px; margin: 40px 0 20px; text-align: center;'>Comparaci\u00f3n de Eficiencia Espectral de 802.11n&comma; 802.11ac&comma; airFiber y LTU<\/h4>\n<p> <!-- Comparaci\u00f3n --> <\/p>\n<div style='display: flex; flex-wrap: wrap; gap: 20px; justify-content: center; margin: 40px 0;'>\n<div style='flex: 1 1 150px; text-align: center;'> <img style='width: 100%; max-width: 100px; height: auto; border: 1px solid rgba(150&comma;150&comma;150&comma;0.3); border-radius: 8px;' src='https:\/\/ftp3.syscom.mx\/usuarios\/ftp\/single_page\/ubiquiti-ltu\/i1.png' alt=''> <\/p>\n<p style='color: inherit; opacity: 0.7; margin-top: 15px;'>Eficiencia Espectral<\/p>\n<\/p><\/div>\n<div style='flex: 1 1 150px; text-align: center;'> <img style='width: 100%; max-width: 100px; height: auto; border: 1px solid rgba(150&comma;150&comma;150&comma;0.3); border-radius: 8px;' src='https:\/\/ftp3.syscom.mx\/usuarios\/ftp\/single_page\/ubiquiti-ltu\/i2.png' alt=''> <\/p>\n<p style='color: inherit; opacity: 0.7; margin-top: 15px;'>Paquetes por Segundo<\/p>\n<\/p><\/div>\n<div style='flex: 1 1 150px; text-align: center;'> <img style='width: 100%; max-width: 100px; height: auto; border: 1px solid rgba(150&comma;150&comma;150&comma;0.3); border-radius: 8px;' src='https:\/\/ftp3.syscom.mx\/usuarios\/ftp\/single_page\/ubiquiti-ltu\/i3.png' alt=''> <\/p>\n<p style='color: inherit; opacity: 0.7; margin-top: 15px;'>S\u00edmbolos de modulaci\u00f3n<\/p>\n<\/p><\/div>\n<\/p><\/div>\n<p> <!-- Imagen comparaci\u00f3n --> <\/p>\n<div style='width: 100%; margin: 40px 0; text-align: center;'> <img style='width: 100%; max-width: 800px; height: auto; border: 1px solid rgba(150&comma;150&comma;150&comma;0.3); border-radius: 8px;' src='https:\/\/ftp3.syscom.mx\/usuarios\/ftp\/single_page\/ubiquiti-ltu\/2.jpg' alt=''> <\/div>\n<\/p><\/div>\n<\/p><\/div>\n<p> <!-- Rendimiento --> <\/p>\n<div style='width: 100%; margin: 40px 0;'>\n<div style='max-width: 1200px; margin: 0 auto; padding: 0 20px;'>\n<h2 style='color: inherit; font-size: 24px; margin: 0 0 20px; text-align: center;'><strong>Rendimiento Excepcional<\/strong><\/h2>\n<h4 style='color: inherit; opacity: 0.7; font-size: 16px; margin: 20px 0 40px; text-align: center;'>Dise\u00f1ado para entornos de RF complicados<\/h4>\n<p> <!-- Im\u00e1genes GIF --> <\/p>\n<div style='display: flex; flex-wrap: wrap; gap: 20px; justify-content: center;'>\n<div style='flex: 1 1 300px; text-align: center;'> <img style='width: 100%; height: auto; border: 1px solid rgba(150&comma;150&comma;150&comma;0.3); border-radius: 8px;' src='https:\/\/ftp3.syscom.mx\/usuarios\/ftp\/single_page\/ubiquiti-ltu\/gif1.gif' alt=''> <\/div>\n<div style='flex: 1 1 300px; text-align: center;'> <img style='width: 100%; height: auto; border: 1px solid rgba(150&comma;150&comma;150&comma;0.3); border-radius: 8px;' src='https:\/\/ftp3.syscom.mx\/usuarios\/ftp\/single_page\/ubiquiti-ltu\/gif2.gif' alt=''> <\/div>\n<\/p><\/div>\n<\/p><\/div>\n<\/p><\/div>\n<p> <!-- Tecnolog\u00eda PtMP --> <\/p>\n<div style='width: 100%; margin: 40px 0;'>\n<div style='max-width: 1200px; margin: 0 auto; padding: 0 20px;'>\n<h2 style='color: inherit; font-size: 24px; margin: 0 0 20px; text-align: center;'><strong>La primera tecnolog\u00eda de PtMP personalizada de extremo a extremo<\/strong><\/h2>\n<h4 style='color: inherit; opacity: 0.7; font-size: 16px; margin: 20px 0 40px; text-align: center;'>Sin tarifas de suscripci\u00f3n&comma; flujo r\u00e1pido y nuevas caracter\u00edsticas.<\/h4>\n<p> <!-- Contenido --> <\/p>\n<div style='display: flex; flex-wrap: wrap; gap: 20px; align-items: center; justify-content: center; margin: 40px 0;'>\n<div style='flex: 0 0 100px;'> <img style='width: 100%; height: auto; border: 1px solid rgba(150&comma;150&comma;150&comma;0.3); border-radius: 8px;' src='https:\/\/ftp3.syscom.mx\/usuarios\/ftp\/single_page\/ubiquiti-ltu\/logo1.png' alt=''> <\/div>\n<div style='flex: 1 1 300px;'>\n<p style='color: inherit; opacity: 0.7; margin: 0;'>Arquitectura multi-radio que impulsa un revolucionario motor de an\u00e1lisis de RF<\/p>\n<\/p><\/div>\n<\/p><\/div>\n<p> <!-- Imagen PtMP --> <\/p>\n<div style='width: 100%; margin: 40px 0; text-align: center;'> <img style='width: 100%; max-width: 800px; height: auto; border: 1px solid rgba(150&comma;150&comma;150&comma;0.3); border-radius: 8px;' src='https:\/\/ftp3.syscom.mx\/usuarios\/ftp\/single_page\/ubiquiti-ltu\/4A.jpg' alt=''> <\/div>\n<\/p><\/div>\n<\/p><\/div>\n<p> <!-- Separador --> <\/p>\n<hr style='border: 0; border-top: 1px solid rgba(150&comma; 150&comma; 150&comma; 0.3); margin: 50px 0;'> <!-- Especificaciones --> <\/p>\n<div style='width: 100%; margin: 40px 0;'>\n<div style='max-width: 1200px; margin: 0 auto; padding: 0 20px;'>\n<h3 style='font-size: 22px; border-bottom: 2px solid currentColor; padding-bottom: 5px; margin-top: 0; color: inherit; opacity: 0.8;'>LTU-Lite<\/h3>\n<p> <!-- Especificaciones t\u00e9cnicas --> <\/p>\n<div style='display: flex; flex-wrap: wrap; gap: 20px; margin-top: 30px;'>\n<div style='flex: 1 1 250px; border: 1px solid rgba(150&comma; 150&comma; 150&comma; 0.4); border-radius: 8px; overflow: hidden; display: flex; flex-direction: column;'>\n<div style='padding: 15px; border-bottom: 1px solid rgba(150&comma; 150&comma; 150&comma; 0.2); font-weight: bold; font-size: 18px; color: inherit;'>Especificaciones F\u00edsicas<\/div>\n<div style='padding: 15px; color: inherit;'>\n<ul style='padding-left: 20px; margin: 0; font-size: 14px; list-style-type: disc;'>\n<li style='margin-bottom: 5px;'><strong>Dimensiones:<\/strong> 153 x 84 x 39.5 mm (6.02 x 3.31 x 1.56&#8242;)<\/li>\n<li style='margin-bottom: 5px;'><strong>Peso:<\/strong> 250 g (8.82 oz)<\/li>\n<li style='margin-bottom: 5px;'><strong>Enclosure:<\/strong> Pl\u00e1stico<\/li>\n<li style='margin-bottom: 5px;'><strong>Consumo Max.:<\/strong> 8.5W<\/li>\n<\/ul><\/div>\n<\/p><\/div>\n<div style='flex: 1 1 250px; border: 1px solid rgba(150&comma; 150&comma; 150&comma; 0.4); border-radius: 8px; overflow: hidden; display: flex; flex-direction: column;'>\n<div style='padding: 15px; border-bottom: 1px solid rgba(150&comma; 150&comma; 150&comma; 0.2); font-weight: bold; font-size: 18px; color: inherit;'>Conexiones y Alimentaci\u00f3n<\/div>\n<div style='padding: 15px; color: inherit;'>\n<ul style='padding-left: 20px; margin: 0; font-size: 14px; list-style-type: disc;'>\n<li style='margin-bottom: 5px;'><strong>Interfaz de red:<\/strong> (1) 10\/100\/1000 Ethernet Port<\/li>\n<li style='margin-bottom: 5px;'><strong>Fuente de alimentaci\u00f3n:<\/strong> Adaptador PoE 24V&comma; 0.5A (Incluido)<\/li>\n<li style='margin-bottom: 5px;'><strong>M\u00e9todo de alimentaci\u00f3n:<\/strong> 24V PoE Pasivo (Pairs 4&comma; 5+; 7&comma; \ud83d\ude0e<\/li>\n<li style='margin-bottom: 5px;'><strong>Rango de Voltaje:<\/strong> 22 &#8211; 26V<\/li>\n<\/ul><\/div>\n<\/p><\/div>\n<div style='flex: 1 1 250px; border: 1px solid rgba(150&comma; 150&comma; 150&comma; 0.4); border-radius: 8px; overflow: hidden; display: flex; flex-direction: column;'>\n<div style='padding: 15px; border-bottom: 1px solid rgba(150&comma; 150&comma; 150&comma; 0.2); font-weight: bold; font-size: 18px; color: inherit;'>RF<\/div>\n<div style='padding: 15px; color: inherit;'>\n<ul style='padding-left: 20px; margin: 0; font-size: 14px; list-style-type: disc;'>\n<li style='margin-bottom: 5px;'><strong>Max. Conducted TX Power:<\/strong> 22 dBm per Chain<\/li>\n<li style='margin-bottom: 5px;'><strong>Ganancia:<\/strong> 13 dBi<\/li>\n<li style='margin-bottom: 5px;'><strong>Cross-pol Isolation:<\/strong> 20 dB Minimum<\/li>\n<li style='margin-bottom: 5px;'><strong>Max. VSWR:<\/strong> 1.8:1<\/li>\n<\/ul><\/div>\n<\/p><\/div>\n<div style='flex: 1 1 250px; border: 1px solid rgba(150&comma; 150&comma; 150&comma; 0.4); border-radius: 8px; overflow: hidden; display: flex; flex-direction: column;'>\n<div style='padding: 15px; border-bottom: 1px solid rgba(150&comma; 150&comma; 150&comma; 0.2); font-weight: bold; font-size: 18px; color: inherit;'>Caracter\u00edsticas F\u00edsicas<\/div>\n<div style='padding: 15px; color: inherit;'>\n<ul style='padding-left: 20px; margin: 0; font-size: 14px; list-style-type: disc;'>\n<li style='margin-bottom: 5px;'><strong>Beamwidth:<\/strong> 45\u00b0 (H-pol) \/ 45\u00b0 (V-pol) \/ 45\u00b0 (Elevation)<\/li>\n<li style='margin-bottom: 5px;'><strong>Polarizaci\u00f3n:<\/strong> Dual<\/li>\n<li style='margin-bottom: 5px;'><strong>Montaje:<\/strong> Montaje en poste y de pared (Incluido)<\/li>\n<li style='margin-bottom: 5px;'><strong>Carga de viento:<\/strong> 20 N @ 200 km\/h (4.5 lbf @ 125 mph)<\/li>\n<li style='margin-bottom: 5px;'><strong>Supervivencia del viento:<\/strong> 200 km\/h (125 mph)<\/li>\n<\/ul><\/div>\n<\/p><\/div>\n<div style='flex: 1 1 250px; border: 1px solid rgba(150&comma; 150&comma; 150&comma; 0.4); border-radius: 8px; overflow: hidden; display: flex; flex-direction: column;'>\n<div style='padding: 15px; border-bottom: 1px solid rgba(150&comma; 150&comma; 150&comma; 0.2); font-weight: bold; font-size: 18px; color: inherit;'>Certificaciones<\/div>\n<div style='padding: 15px; color: inherit;'>\n<ul style='padding-left: 20px; margin: 0; font-size: 14px; list-style-type: disc;'>\n<li style='margin-bottom: 5px;'><strong>Protecci\u00f3n ESD\/EMP:<\/strong> \u00b1 24kV Contact\/Air<\/li>\n<li style='margin-bottom: 5px;'><strong>Rango de temperatura:<\/strong> -40 to 60\u00b0 C (-40 to 140\u00b0 F)<\/li>\n<li style='margin-bottom: 5px;'><strong>Humedad:<\/strong> 5 to 95% Sin Condensaci\u00f3n<\/li>\n<li style='margin-bottom: 5px;'><strong>Certificaciones:<\/strong> CE&comma; FCC&comma; IC<\/li>\n<\/ul><\/div>\n<\/p><\/div>\n<div style='flex: 1 1 250px; border: 1px solid rgba(150&comma; 150&comma; 150&comma; 0.4); border-radius: 8px; overflow: hidden; display: flex; flex-direction: column;'>\n<div style='padding: 15px; border-bottom: 1px solid rgba(150&comma; 150&comma; 150&comma; 0.2); font-weight: bold; font-size: 18px; color: inherit;'>Rango de Frecuencia<\/div>\n<div style='padding: 15px; color: inherit;'>\n<ul style='padding-left: 20px; margin: 0; font-size: 14px; list-style-type: disc;'>\n<li style='margin-bottom: 5px;'><strong>Worldwide:<\/strong> 2400 &#8211; 2483.5*<br \/>4800 &#8211; 6200*<\/li>\n<li style='margin-bottom: 5px;'><strong>US\/CA:<\/strong><br \/>U-NII-1: 5150 &#8211; 5250<br \/>U-NII-2A: 5250 &#8211; 5350<br \/>U-NII-2C: 5470 &#8211; 5725<br \/>U-NII-3: 5725 &#8211; 5850<\/li>\n<li style='margin-bottom: 5px;'><strong>EU:<\/strong> 2400 &#8211; 2483.5<br \/>5150 &#8211; 5875<\/li>\n<\/ul>\n<p style='margin-top: 10px; font-size: 13px; color: inherit; opacity: 0.8;'>*Depende de la regi\u00f3n reguladora<\/p>\n<\/p><\/div>\n<\/p><\/div>\n<\/p><\/div>\n<p> <!-- Nota importante --> <\/p>\n<div style='margin-top: 30px; padding: 20px; border-left: 3px solid rgba(150&comma;150&comma;150&comma;0.4); color: inherit; opacity: 0.8; font-size: 14px;'> *Para realizar enlaces PTP con los suscriptores LTU (LTU-PRO&comma; LTU-LR&comma; LTU-LITE) deben tener ambos radios el firmware actualizado a la Versi\u00f3n 1.5.1. <\/div>\n<\/p><\/div>\n<\/p><\/div>\n<\/p><\/div>\n","protected":false},"excerpt":{"rendered":"<p>Cliente PtMP LTU\u2122 Lite, 5 GHz (4.8 &#8211; 6-2 GHz) con antena integrada de 13 dBi<\/p>\n","protected":false},"featured_media":76606,"comment_status":"open","ping_status":"closed","template":"","meta":[],"product_brand":[],"product_cat":[1998],"product_tag":[1999,1980,166],"class_list":{"0":"post-76607","1":"product","2":"type-product","3":"status-publish","4":"has-post-thumbnail","6":"product_cat-5-y-6-ghz","7":"product_tag-5-y-6-ghz","8":"product_tag-enlaces-ptp-y-ptmp","9":"product_tag-ubiquiti","11":"first","12":"outofstock","13":"sale","14":"shipping-taxable","15":"purchasable","16":"product-type-simple"},"_links":{"self":[{"href":"https:\/\/soydeaqui.ddns.net\/pachuca\/index.php\/wp-json\/wp\/v2\/product\/76607","targetHints":{"allow":["GET"]}}],"collection":[{"href":"https:\/\/soydeaqui.ddns.net\/pachuca\/index.php\/wp-json\/wp\/v2\/product"}],"about":[{"href":"https:\/\/soydeaqui.ddns.net\/pachuca\/index.php\/wp-json\/wp\/v2\/types\/product"}],"replies":[{"embeddable":true,"href":"https:\/\/soydeaqui.ddns.net\/pachuca\/index.php\/wp-json\/wp\/v2\/comments?post=76607"}],"wp:featuredmedia":[{"embeddable":true,"href":"https:\/\/soydeaqui.ddns.net\/pachuca\/index.php\/wp-json\/wp\/v2\/media\/76606"}],"wp:attachment":[{"href":"https:\/\/soydeaqui.ddns.net\/pachuca\/index.php\/wp-json\/wp\/v2\/media?parent=76607"}],"wp:term":[{"taxonomy":"product_brand","embeddable":true,"href":"https:\/\/soydeaqui.ddns.net\/pachuca\/index.php\/wp-json\/wp\/v2\/product_brand?post=76607"},{"taxonomy":"product_cat","embeddable":true,"href":"https:\/\/soydeaqui.ddns.net\/pachuca\/index.php\/wp-json\/wp\/v2\/product_cat?post=76607"},{"taxonomy":"product_tag","embeddable":true,"href":"https:\/\/soydeaqui.ddns.net\/pachuca\/index.php\/wp-json\/wp\/v2\/product_tag?post=76607"}],"curies":[{"name":"wp","href":"https:\/\/api.w.org\/{rel}","templated":true}]}}