{"id":76600,"date":"2026-03-19T15:27:02","date_gmt":"2026-03-19T15:27:02","guid":{"rendered":"https:\/\/soydeaqui.ddns.net\/pachuca\/index.php\/producto\/radio-estacion-base-ptmp-ltu-rocket-hasta-600-mbps-5-ghz-4-9-6-2-ghz-con-filtrado-de-rf-patentado-y-gps-sync-para-un-rendimiento-superior\/"},"modified":"2026-03-19T15:27:16","modified_gmt":"2026-03-19T15:27:16","slug":"radio-estacion-base-ptmp-ltu-rocket-hasta-600-mbps-5-ghz-4-9-6-2-ghz-con-filtrado-de-rf-patentado-y-gps-sync-para-un-rendimiento-superior","status":"publish","type":"product","link":"https:\/\/soydeaqui.ddns.net\/pachuca\/index.php\/producto\/radio-estacion-base-ptmp-ltu-rocket-hasta-600-mbps-5-ghz-4-9-6-2-ghz-con-filtrado-de-rf-patentado-y-gps-sync-para-un-rendimiento-superior\/","title":{"rendered":"Radio Estaci\u00f3n Base PtMP LTU\u2122 Rocket, hasta 600 Mbps, 5 GHz (4.9 &#8211; 6.2 GHz), con filtrado de RF patentado y GPS sync para un rendimiento superior"},"content":{"rendered":"<div style='width: 100%; max-width: 1200px; margin: 0 auto; font-family: sans-serif; line-height: 1.6; color: inherit; background-color: transparent;'>\n<div style='width: 100%; background-color: #141f28; padding: 40px 0;'>\n<div style='width: 100%; max-width: 1000px; margin: 0 auto; padding: 0 20px;'>\n<h1 style='color: white; text-align: center; margin: 0 0 10px 0;'><strong>Tecnolog\u00eda dise\u00f1ada para WISP<\/strong><\/h1>\n<h3 style='color: #888; text-align: center; margin: 0;'>Eficiencia espectral inigualable&comma; resistencia al ruido y escalabilidad para alimentar redes inal\u00e1mbricas de largo alcance<\/h3>\n<\/p><\/div>\n<div style='width: 100%; max-width: 800px; margin: 30px auto 0 auto;'> <img style='width: 100%; height: auto; border: 1px solid rgba(150&comma;150&comma;150&comma;0.3); border-radius: 8px;' src='https:\/\/ftp3.syscom.mx\/usuarios\/ftp\/single_page\/ubiquiti-ltu\/1A.png' alt=''> <\/div>\n<\/p><\/div>\n<div style='width: 100%; padding: 60px 0;'>\n<div style='width: 100%; max-width: 1000px; margin: 0 auto; padding: 0 20px;'>\n<h2 style='color: inherit; text-align: center; margin: 0 0 20px 0;'><strong>Tecnolog\u00eda de radio de banda ancha en 5 GHz<\/strong><\/h2>\n<h4 style='color: #888; text-align: center; margin: 0 0 40px 0;'>Comparaci\u00f3n de Eficiencia Espectral de 802.11n&comma; 802.11ac&comma; airFiber y LTU<\/h4>\n<div style='display: flex; flex-wrap: wrap; gap: 30px; justify-content: center; margin-bottom: 30px;'>\n<div style='flex: 1 1 150px; min-width: 120px; text-align: center;'> <img style='width: 100%; max-width: 80px; height: auto; margin: 0 auto 20px auto;' src='https:\/\/ftp3.syscom.mx\/usuarios\/ftp\/single_page\/ubiquiti-ltu\/i1.png' alt=''> <\/p>\n<p style='color: #888; margin: 0;'>Eficiencia Espectral<\/p>\n<\/p><\/div>\n<div style='flex: 1 1 150px; min-width: 120px; text-align: center;'> <img style='width: 100%; max-width: 80px; height: auto; margin: 0 auto 20px auto;' src='https:\/\/ftp3.syscom.mx\/usuarios\/ftp\/single_page\/ubiquiti-ltu\/i2.png' alt=''> <\/p>\n<p style='color: #888; margin: 0;'>Paquetes por Segundo<\/p>\n<\/p><\/div>\n<div style='flex: 1 1 150px; min-width: 120px; text-align: center;'> <img style='width: 100%; max-width: 80px; height: auto; margin: 0 auto 20px auto;' src='https:\/\/ftp3.syscom.mx\/usuarios\/ftp\/single_page\/ubiquiti-ltu\/i3.png' alt=''> <\/p>\n<p style='color: #888; margin: 0;'>S\u00edmbolos de modulaci\u00f3n<\/p>\n<\/p><\/div>\n<\/p><\/div>\n<div style='width: 100%; max-width: 1000px; margin: 30px auto;'> <img style='width: 100%; height: auto; border: 1px solid rgba(150&comma;150&comma;150&comma;0.3); border-radius: 8px;' src='https:\/\/ftp3.syscom.mx\/usuarios\/ftp\/single_page\/ubiquiti-ltu\/2.jpg' alt=''> <\/div>\n<\/p><\/div>\n<\/p><\/div>\n<div style='width: 100%; padding: 60px 0;'>\n<div style='width: 100%; max-width: 1000px; margin: 0 auto; padding: 0 20px;'>\n<h2 style='color: inherit; text-align: center; margin: 0 0 20px 0;'><strong>Rendimiento Excepcional<\/strong><\/h2>\n<h4 style='color: #888; text-align: center; margin: 0 0 40px 0;'>Dise\u00f1ado para entornos de RF complicados<\/h4>\n<div style='display: flex; flex-wrap: wrap; gap: 30px; justify-content: center;'>\n<div style='flex: 1 1 400px; min-width: 280px;'> <img style='width: 100%; height: auto; border: 1px solid rgba(150&comma;150&comma;150&comma;0.3); border-radius: 8px;' src='https:\/\/ftp3.syscom.mx\/usuarios\/ftp\/single_page\/ubiquiti-ltu\/gif1.gif' alt=''> <\/div>\n<div style='flex: 1 1 400px; min-width: 280px;'> <img style='width: 100%; height: auto; border: 1px solid rgba(150&comma;150&comma;150&comma;0.3); border-radius: 8px;' src='https:\/\/ftp3.syscom.mx\/usuarios\/ftp\/single_page\/ubiquiti-ltu\/gif2.gif' alt=''> <\/div>\n<\/p><\/div>\n<\/p><\/div>\n<\/p><\/div>\n<div style='width: 100%; padding: 60px 0;'>\n<div style='width: 100%; max-width: 1000px; margin: 0 auto; padding: 0 20px;'>\n<h2 style='color: inherit; text-align: center; margin: 0 0 20px 0;'><strong>La primera tecnolog\u00eda de PtMP personalizada de extremo a extremo<\/strong><\/h2>\n<h4 style='color: #888; text-align: center; margin: 0 0 40px 0;'>Sin tarifas de suscripci\u00f3n&comma; flujo r\u00e1pido y nuevas caracter\u00edsticas.<\/h4>\n<div style='display: flex; flex-wrap: wrap; gap: 30px; justify-content: center; margin-bottom: 30px;'>\n<div style='flex: 1 1 250px; min-width: 180px; text-align: center;'> <img style='width: 100%; max-width: 80px; height: auto; margin: 0 auto 20px auto;' src='https:\/\/ftp3.syscom.mx\/usuarios\/ftp\/single_page\/ubiquiti-ltu\/logo1.png' alt=''> <\/p>\n<p style='color: #888; margin: 0;'>Arquitectura multi-radio que impulsa un revolucionario motor de an\u00e1lisis de RF<\/p>\n<\/p><\/div>\n<div style='flex: 1 1 250px; min-width: 180px; text-align: center;'> <img style='width: 100%; max-width: 80px; height: auto; margin: 0 auto 20px auto;' src='https:\/\/ftp3.syscom.mx\/usuarios\/ftp\/single_page\/ubiquiti-ltu\/logo2.png' alt=''> <\/p>\n<p style='color: #888; margin: 0;'>Ubiquiti Network Management System<\/p>\n<\/p><\/div>\n<\/p><\/div>\n<div style='width: 100%; max-width: 1000px; margin: 30px auto;'> <img style='width: 100%; height: auto; border: 1px solid rgba(150&comma;150&comma;150&comma;0.3); border-radius: 8px;' src='https:\/\/ftp3.syscom.mx\/usuarios\/ftp\/single_page\/ubiquiti-ltu\/4A.jpg' alt=''> <\/div>\n<\/p><\/div>\n<\/p><\/div>\n<hr style='border: 0; border-top: 1px solid rgba(150&comma; 150&comma; 150&comma; 0.3); margin: 60px 0;'>\n<div style='width: 100%; padding-bottom: 60px;'>\n<div style='width: 100%; max-width: 1000px; margin: 0 auto; padding: 0 20px;'>\n<h3 style='font-size: 22px; border-bottom: 2px solid currentColor; padding-bottom: 5px; margin-top: 0; color: inherit; opacity: 0.8;'>Especificaciones del producto<\/h3>\n<div style='display: flex; flex-wrap: wrap; gap: 20px; margin-top: 30px;'>\n<div style='flex: 1 1 250px; border: 1px solid rgba(150&comma; 150&comma; 150&comma; 0.4); border-radius: 8px; overflow: hidden; display: flex; flex-direction: column;'>\n<div style='padding: 15px; border-bottom: 1px solid rgba(150&comma; 150&comma; 150&comma; 0.2); font-weight: bold; font-size: 18px; color: inherit;'>Caracter\u00edsticas F\u00edsicas<\/div>\n<div style='padding: 15px; color: inherit;'>\n<ul style='padding-left: 20px; margin: 0; font-size: 14px; list-style-type: disc;'>\n<li style='margin-bottom: 5px;'><strong>Dimensiones:<\/strong> 244 x 82 x 48 mm (9.61 x 3.23 x 1.89&#8242;)<\/li>\n<li style='margin-bottom: 5px;'><strong>Peso:<\/strong> 0.468 kg (16.5 oz)<\/li>\n<li style='margin-bottom: 5px;'><strong>Enclosure:<\/strong> Aluminio y Policarbonato<\/li>\n<\/ul><\/div>\n<\/p><\/div>\n<div style='flex: 1 1 250px; border: 1px solid rgba(150&comma; 150&comma; 150&comma; 0.4); border-radius: 8px; overflow: hidden; display: flex; flex-direction: column;'>\n<div style='padding: 15px; border-bottom: 1px solid rgba(150&comma; 150&comma; 150&comma; 0.2); font-weight: bold; font-size: 18px; color: inherit;'>Conectividad<\/div>\n<div style='padding: 15px; color: inherit;'>\n<ul style='padding-left: 20px; margin: 0; font-size: 14px; list-style-type: disc;'>\n<li style='margin-bottom: 5px;'><strong>RF Connectors:<\/strong> (2) RP-SMA Weatherproof (CH0&comma; CH1)&comma; (1) SMA Weatherproof (GPS)<\/li>\n<li style='margin-bottom: 5px;'><strong>GPS Antenna:<\/strong> Externa<\/li>\n<li style='margin-bottom: 5px;'><strong>Fuente de alimentaci\u00f3n:<\/strong> Adaptador PoE 24V&comma; 1A (Incluido)<\/li>\n<li style='margin-bottom: 5px;'><strong>M\u00e9todo de alimentaci\u00f3n:<\/strong> Propietario 4-Pares PoE Pasivo&comma; Pins 1&comma; 2; 4&comma; 5+ y Pins 3&comma; 6; 7&comma; 8-<\/li>\n<li style='margin-bottom: 5px;'><strong>Consumo Max.:<\/strong> 15W<\/li>\n<li style='margin-bottom: 5px;'><strong>Rango de Voltaje:<\/strong> +18 a +54VDC*<\/li>\n<li style='margin-bottom: 5px;'><strong>Interfaz de red:<\/strong> (1) Puerto Ethernet 10\/100\/1000<\/li>\n<li style='margin-bottom: 5px;'><strong>Montaje:<\/strong> Montaje en poste (Incluido)&comma; Compatible con montaje tipo Rocket<\/li>\n<\/ul><\/div>\n<\/p><\/div>\n<div style='flex: 1 1 250px; border: 1px solid rgba(150&comma; 150&comma; 150&comma; 0.4); border-radius: 8px; overflow: hidden; display: flex; flex-direction: column;'>\n<div style='padding: 15px; border-bottom: 1px solid rgba(150&comma; 150&comma; 150&comma; 0.2); font-weight: bold; font-size: 18px; color: inherit;'>Ambientales<\/div>\n<div style='padding: 15px; color: inherit;'>\n<ul style='padding-left: 20px; margin: 0; font-size: 14px; list-style-type: disc;'>\n<li style='margin-bottom: 5px;'><strong>Rango de temperatura:<\/strong> -40 a 55\u00b0 C (-40 a 131\u00b0 F)<\/li>\n<li style='margin-bottom: 5px;'><strong>Weatherproofing:<\/strong> IP67**<\/li>\n<li style='margin-bottom: 5px;'><strong>Certificaciones:<\/strong> FCC Part 15.407&comma; CE EN 302502 v1.2.1&comma; EN 301 893 v1.7.1<\/li>\n<\/ul><\/div>\n<\/p><\/div>\n<div style='flex: 1 1 250px; border: 1px solid rgba(150&comma; 150&comma; 150&comma; 0.4); border-radius: 8px; overflow: hidden; display: flex; flex-direction: column;'>\n<div style='padding: 15px; border-bottom: 1px solid rgba(150&comma; 150&comma; 150&comma; 0.2); font-weight: bold; font-size: 18px; color: inherit;'>Rendimiento<\/div>\n<div style='padding: 15px; color: inherit;'>\n<ul style='padding-left: 20px; margin: 0; font-size: 14px; list-style-type: disc;'>\n<li style='margin-bottom: 5px;'><strong>Rendimiento M\u00e1ximo:<\/strong> 675.84 Mbps ***&comma; ****<\/li>\n<li style='margin-bottom: 5px;'><strong>Paquetes por Segundo:<\/strong> 2+ Millones<\/li>\n<li style='margin-bottom: 5px;'><strong>Encriptaci\u00f3n:<\/strong> WPA2-PSK (AES)<\/li>\n<li style='margin-bottom: 5px;'><strong>Forward Error Correction:<\/strong> LDPC<\/li>\n<li style='margin-bottom: 5px;'><strong>Uplink\/Downlink Ratio:<\/strong> 25\/75&comma; 33\/67&comma; 50\/50<\/li>\n<li style='margin-bottom: 5px;'><strong>OS:<\/strong> airOS LTU<\/li>\n<li style='margin-bottom: 5px;'><strong>Modo de operaci\u00f3n:<\/strong> AP<\/li>\n<\/ul><\/div>\n<\/p><\/div>\n<div style='flex: 1 1 250px; border: 1px solid rgba(150&comma; 150&comma; 150&comma; 0.4); border-radius: 8px; overflow: hidden; display: flex; flex-direction: column;'>\n<div style='padding: 15px; border-bottom: 1px solid rgba(150&comma; 150&comma; 150&comma; 0.2); font-weight: bold; font-size: 18px; color: inherit;'>Frecuencias<\/div>\n<div style='padding: 15px; color: inherit;'>\n<ul style='padding-left: 20px; margin: 0; font-size: 14px; list-style-type: disc;'>\n<li style='margin-bottom: 5px;'><strong>US\/CA:<\/strong><br \/>U-NII-1: 5150 &#8211; 5250<br \/>U-NII-2A: 5250 &#8211; 5350<br \/>U-NII-2C: 5470 &#8211; 5725<br \/>U-NII-3: 5725 &#8211; 5850<\/li>\n<li style='margin-bottom: 5px;'><strong>Worldwide:<\/strong> 4900 &#8211; 6200 MHz<\/li>\n<li style='margin-bottom: 5px;'><strong>Max. Conducted TX Power:<\/strong> 29 dBm (Depende de la Regi\u00f3n)<\/li>\n<li style='margin-bottom: 5px;'><strong>Frequency Accuracy:<\/strong> < 2 ppm<\/li>\n<li style='margin-bottom: 5px;'><strong>Ancho de canal:<\/strong> 10\/20\/30\/40\/50 MHz Seleccionable&comma; Uplink y Downlink Programable<\/li>\n<\/ul><\/div>\n<\/p><\/div>\n<\/p><\/div>\n<div style='margin-top: 30px; font-size: 13px; color: #888;'> * El rango completo depende de la longitud del cable.<br \/> ** Despu\u00e9s de la instalaci\u00f3n del kit IP67 (incluido).<br \/> *** Los valores pueden variar seg\u00fan las condiciones ambientales.<br \/> **** 1+ Gbps con futura actualizaci\u00f3n de firmware. <\/div>\n<\/p><\/div>\n<\/p><\/div>\n<\/p><\/div>\n","protected":false},"excerpt":{"rendered":"<p>Radio Estaci\u00f3n Base PtMP LTU\u2122 Rocket, hasta 600 Mbps, 5 GHz (4.9 &#8211; 6.2 GHz), con filtrado de RF patentado y GPS sync para un rendimiento superior<\/p>\n","protected":false},"featured_media":76599,"comment_status":"open","ping_status":"closed","template":"","meta":[],"product_brand":[],"product_cat":[1998],"product_tag":[1999,1980,166],"class_list":{"0":"post-76600","1":"product","2":"type-product","3":"status-publish","4":"has-post-thumbnail","6":"product_cat-5-y-6-ghz","7":"product_tag-5-y-6-ghz","8":"product_tag-enlaces-ptp-y-ptmp","9":"product_tag-ubiquiti","11":"first","12":"outofstock","13":"sale","14":"shipping-taxable","15":"purchasable","16":"product-type-simple"},"_links":{"self":[{"href":"https:\/\/soydeaqui.ddns.net\/pachuca\/index.php\/wp-json\/wp\/v2\/product\/76600","targetHints":{"allow":["GET"]}}],"collection":[{"href":"https:\/\/soydeaqui.ddns.net\/pachuca\/index.php\/wp-json\/wp\/v2\/product"}],"about":[{"href":"https:\/\/soydeaqui.ddns.net\/pachuca\/index.php\/wp-json\/wp\/v2\/types\/product"}],"replies":[{"embeddable":true,"href":"https:\/\/soydeaqui.ddns.net\/pachuca\/index.php\/wp-json\/wp\/v2\/comments?post=76600"}],"wp:featuredmedia":[{"embeddable":true,"href":"https:\/\/soydeaqui.ddns.net\/pachuca\/index.php\/wp-json\/wp\/v2\/media\/76599"}],"wp:attachment":[{"href":"https:\/\/soydeaqui.ddns.net\/pachuca\/index.php\/wp-json\/wp\/v2\/media?parent=76600"}],"wp:term":[{"taxonomy":"product_brand","embeddable":true,"href":"https:\/\/soydeaqui.ddns.net\/pachuca\/index.php\/wp-json\/wp\/v2\/product_brand?post=76600"},{"taxonomy":"product_cat","embeddable":true,"href":"https:\/\/soydeaqui.ddns.net\/pachuca\/index.php\/wp-json\/wp\/v2\/product_cat?post=76600"},{"taxonomy":"product_tag","embeddable":true,"href":"https:\/\/soydeaqui.ddns.net\/pachuca\/index.php\/wp-json\/wp\/v2\/product_tag?post=76600"}],"curies":[{"name":"wp","href":"https:\/\/api.w.org\/{rel}","templated":true}]}}