{"id":76592,"date":"2026-03-19T15:26:43","date_gmt":"2026-03-19T15:26:43","guid":{"rendered":"https:\/\/soydeaqui.ddns.net\/pachuca\/index.php\/producto\/disco-duro-enterprise-3-5-8-tb-hikvision-7200-rpm-sata-alto-rendimiento-recomendado-para-nvrs-hikvision\/"},"modified":"2026-03-19T15:26:44","modified_gmt":"2026-03-19T15:26:44","slug":"disco-duro-enterprise-3-5-8-tb-hikvision-7200-rpm-sata-alto-rendimiento-recomendado-para-nvrs-hikvision","status":"publish","type":"product","link":"https:\/\/soydeaqui.ddns.net\/pachuca\/index.php\/producto\/disco-duro-enterprise-3-5-8-tb-hikvision-7200-rpm-sata-alto-rendimiento-recomendado-para-nvrs-hikvision\/","title":{"rendered":"Disco Duro Enterprise 3.5&#8243; 8 TB \/ Hikvision \/ 7200 RPM \/ SATA \/ Alto Rendimiento \/ Recomendado para NVRs HIKVISION"},"content":{"rendered":"<div style='width: 100%; max-width: 1200px; margin: 0 auto; font-family: sans-serif; line-height: 1.6; color: inherit; background-color: transparent;'>\n<div style='display: flex; justify-content: center; margin-bottom: 30px;'> <img style='width: 100%; max-width: 373.938px; height: auto; border: 1px solid rgba(150&comma;150&comma;150&comma;0.3); border-radius: 8px;' src='https:\/\/ftp3.syscom.mx\/usuarios\/jsosa\/HIKVISION\/imagenes\/logo\/hikvision%20see%20far.png' alt=''> <\/div>\n<div style='display: flex; flex-wrap: wrap; gap: 30px; margin-bottom: 30px;'>\n<div style='flex: 1 1 300px; min-width: 280px;'>\n<h3 style='font-size: 22px; border-bottom: 2px solid currentColor; padding-bottom: 5px; margin-top: 0; color: inherit; opacity: 0.8;'>Caracter\u00edsticas principales:<\/h3>\n<ul style='padding-left: 20px; font-size: 15px; color: inherit;'>\n<li style='margin-bottom: 5px;'><strong>Capacidad:<\/strong> 8 TB.<\/li>\n<li style='margin-bottom: 5px;'><strong>Conector:<\/strong> SATA<\/li>\n<li style='margin-bottom: 5px;'><strong>Velocidad de rotaci\u00f3n:<\/strong> 7200 RPM.<\/li>\n<li style='margin-bottom: 5px;'><strong>Cache:<\/strong> 256MB.<\/li>\n<li style='margin-bottom: 5px;'><strong>Temperatura de operaci\u00f3n:<\/strong> 5 \u00b0C a 60 \u00b0C.<\/li>\n<li style='margin-bottom: 5px;'><strong>Tama\u00f1o:<\/strong> 3.5&#8242;.<\/li>\n<li style='margin-bottom: 5px;'><strong>Alimentacion:<\/strong> +12v<\/li>\n<li style='margin-bottom: 5px;'><strong>Peso:<\/strong> 715 gramos.<\/li>\n<\/ul><\/div>\n<\/p><\/div>\n<div style='margin-bottom: 30px;'>\n<p style='font-size: 15px; color: inherit; margin: 0 0 15px;'> Los discos duros de la serie SATA Ultrastar est\u00e1n construidos desde cero para ser un dispositivo de almacenamiento ultra robusto. Dise\u00f1adas con una capacidad de carga de trabajo de hasta 550TB por a\u00f1o&comma; las unidades Ultrastar son la elecci\u00f3n perfecta para aplicaciones cr\u00edticas para la empresa&comma; como servidores empresariales&comma; subsistemas de almacenamiento&comma; an\u00e1lisis de vigilancia y entornos industriales. La tecnolog\u00eda HelioSeal ofrece mayores capacidades&comma; brindando los $ \/ TB m\u00e1s bajos y Watts \/ TB para minimizar el costo total de propiedad (TCO). Los discos de menor capacidad se fabrican con tecnolog\u00eda tradicional llena de aire&comma; ideal para usuarios que buscan un menor costo de adquisici\u00f3n. <\/p>\n<\/p><\/div>\n<div style='display: flex; justify-content: center; margin-bottom: 30px;'> <img style='width: 100%; max-width: 400px; height: auto; border: 1px solid rgba(150&comma;150&comma;150&comma;0.3); border-radius: 8px;' src='https:\/\/ftp3.syscom.mx\/usuarios\/nortega\/WD\/imagenes\/ultrastar\/UltrastarSATAseries-400x500.png' alt=''> <\/div>\n<\/p><\/div>\n","protected":false},"excerpt":{"rendered":"<p>Disco Duro Enterprise 3.5&#8243; 8 TB \/ Hikvision \/ 7200 RPM \/ SATA \/ Alto Rendimiento \/ Recomendado para NVRs HIKVISION<\/p>\n","protected":false},"featured_media":76591,"comment_status":"open","ping_status":"closed","template":"","meta":[],"product_brand":[],"product_cat":[2103],"product_tag":[2022,54,2065],"class_list":{"0":"post-76592","1":"product","2":"type-product","3":"status-publish","4":"has-post-thumbnail","6":"product_cat-discos-duros-mecanicos-hdd-servidores-almacenamiento","7":"product_tag-discos-duros-mecanicos-hdd","8":"product_tag-hikvision","9":"product_tag-servidores-almacenamiento","11":"first","12":"outofstock","13":"sale","14":"shipping-taxable","15":"purchasable","16":"product-type-simple"},"_links":{"self":[{"href":"https:\/\/soydeaqui.ddns.net\/pachuca\/index.php\/wp-json\/wp\/v2\/product\/76592","targetHints":{"allow":["GET"]}}],"collection":[{"href":"https:\/\/soydeaqui.ddns.net\/pachuca\/index.php\/wp-json\/wp\/v2\/product"}],"about":[{"href":"https:\/\/soydeaqui.ddns.net\/pachuca\/index.php\/wp-json\/wp\/v2\/types\/product"}],"replies":[{"embeddable":true,"href":"https:\/\/soydeaqui.ddns.net\/pachuca\/index.php\/wp-json\/wp\/v2\/comments?post=76592"}],"wp:featuredmedia":[{"embeddable":true,"href":"https:\/\/soydeaqui.ddns.net\/pachuca\/index.php\/wp-json\/wp\/v2\/media\/76591"}],"wp:attachment":[{"href":"https:\/\/soydeaqui.ddns.net\/pachuca\/index.php\/wp-json\/wp\/v2\/media?parent=76592"}],"wp:term":[{"taxonomy":"product_brand","embeddable":true,"href":"https:\/\/soydeaqui.ddns.net\/pachuca\/index.php\/wp-json\/wp\/v2\/product_brand?post=76592"},{"taxonomy":"product_cat","embeddable":true,"href":"https:\/\/soydeaqui.ddns.net\/pachuca\/index.php\/wp-json\/wp\/v2\/product_cat?post=76592"},{"taxonomy":"product_tag","embeddable":true,"href":"https:\/\/soydeaqui.ddns.net\/pachuca\/index.php\/wp-json\/wp\/v2\/product_tag?post=76592"}],"curies":[{"name":"wp","href":"https:\/\/api.w.org\/{rel}","templated":true}]}}