{"id":76573,"date":"2026-03-19T15:25:58","date_gmt":"2026-03-19T15:25:58","guid":{"rendered":"https:\/\/soydeaqui.ddns.net\/pachuca\/index.php\/producto\/punto-de-acceso-wifi-con-administracion-en-la-nube-para-exterior-mu-mimo-2x2-doble-banda-hasta-1267-mbps-grado-de-proteccion-ip67-250-usuarios-simultaneos\/"},"modified":"2026-03-19T15:26:07","modified_gmt":"2026-03-19T15:26:07","slug":"punto-de-acceso-wifi-con-administracion-en-la-nube-para-exterior-mu-mimo-2x2-doble-banda-hasta-1267-mbps-grado-de-proteccion-ip67-250-usuarios-simultaneos","status":"publish","type":"product","link":"https:\/\/soydeaqui.ddns.net\/pachuca\/index.php\/producto\/punto-de-acceso-wifi-con-administracion-en-la-nube-para-exterior-mu-mimo-2x2-doble-banda-hasta-1267-mbps-grado-de-proteccion-ip67-250-usuarios-simultaneos\/","title":{"rendered":"Punto de Acceso WiFi con Administraci\u00f3n en la Nube para Exterior, MU-MIMO 2&#215;2, Doble Banda, Hasta 1267 Mbps, Grado de Protecci\u00f3n IP67, 250+ Usuarios Simult\u00e1neos"},"content":{"rendered":"<div style='width: 100%; max-width: 1200px; margin: 0 auto; font-family: sans-serif; line-height: 1.6; color: inherit; background-color: transparent;'> <!-- Im\u00e1genes iniciales --> <\/p>\n<div style='display: flex; flex-wrap: wrap; gap: 20px; margin-bottom: 30px; align-items: center;'> <img style='width: 100%; max-width: 350px; height: auto; border: 1px solid rgba(150&comma;150&comma;150&comma;0.3); border-radius: 8px;' src='https:\/\/ftp3.syscom.mx\/usuarios\/fotos\/BancoFotografiasSyscom\/ENGENIUS\/ECW160\/ECW160-l.PNG' alt=''> <img style='width: 100%; max-width: 250px; height: auto; border: 1px solid rgba(150&comma;150&comma;150&comma;0.3); border-radius: 8px;' src='https:\/\/ftp3.syscom.mx\/usuarios\/alevario\/cloud-logo%20%281%29.png' alt=''> <\/p>\n<div style='display: flex; gap: 15px; flex-wrap: wrap;'> <a style='color: #3598db; text-decoration: none; font-weight: bold; font-size: 16px;' href='https:\/\/cloud.engenius.ai\/demo'>Inicie Demo Cloud<\/a> <a style='color: #f1c40f; text-decoration: none; font-weight: bold; font-size: 16px;' href='https:\/\/cloud.engenius.ai\/'>Registro Cloud<\/a> <\/div>\n<\/p><\/div>\n<p> <!-- Descripci\u00f3n principal --> <\/p>\n<div style='margin-bottom: 30px; font-size: 15px; color: inherit;'>\n<p style='margin: 0 0 15px;'>EnGenius Cloud est\u00e1 construido sobre la tecnolog\u00eda m\u00e1s avanzada de computaci\u00f3n en la nube. Escalable y lista para AI&comma; la infraestructura de computaci\u00f3n en la nube es robusta y din\u00e1mica&comma; lo ayuda a trabajar de manera inteligente en su red con importantes herramientas de an\u00e1lisis y visualizaci\u00f3n.<\/p>\n<\/p><\/div>\n<p> <!-- Secci\u00f3n de caracter\u00edsticas en grid --> <\/p>\n<div style='display: grid; grid-template-columns: repeat(auto-fill&comma; minmax(250px&comma; 1fr)); gap: 20px; margin-bottom: 30px;'>\n<div style='border: 1px solid rgba(150&comma; 150&comma; 150&comma; 0.3); border-radius: 8px; padding: 20px; text-align: center;'> <img style='width: 80px; height: auto; margin-bottom: 15px;' src='https:\/\/www.engenius.ai\/wp-content\/uploads\/2019\/06\/cloud-resolve-icon-1.png' alt=''> <\/p>\n<h4 style='color: #2880b9; margin: 0 0 10px; font-size: 16px;'>Administre f\u00e1cilmente m\u00faltiples sitios<\/h4>\n<p style='margin: 0; font-size: 14px; color: inherit;'>No es necesario realizar visitas costosas al sitio ni asistencia en el sitio<\/p>\n<\/p><\/div>\n<div style='border: 1px solid rgba(150&comma;150&comma;150&comma;0.3); border-radius: 8px; padding: 20px; text-align: center;'> <img style='width: 80px; height: auto; margin-bottom: 15px;' src='https:\/\/www.engenius.ai\/wp-content\/uploads\/2019\/06\/cloud-resolve-icon-3-1.png' alt=''> <\/p>\n<h4 style='color: #2880b9; margin: 0 0 10px; font-size: 16px;'>Soluci\u00f3n precisa de problemas con herramientas gr\u00e1ficas<\/h4>\n<p style='margin: 0; font-size: 14px; color: inherit;'>Proporciona visibilidad en tiempo real e hist\u00f3rica de los dispositivos de red.<\/p>\n<\/p><\/div>\n<div style='border: 1px solid rgba(150&comma;150&comma;150&comma;0.3); border-radius: 8px; padding: 20px; text-align: center;'> <img style='width: 80px; height: auto; margin-bottom: 15px;' src='https:\/\/www.engenius.ai\/wp-content\/uploads\/2019\/06\/cloud-resolve-icon-2.png' alt=''> <\/p>\n<h4 style='color: #2880b9; margin: 0 0 10px; font-size: 16px;'>Gestionar remotamente el firmware del dispositivo<\/h4>\n<p style='margin: 0; font-size: 14px; color: inherit;'>Coordine actualizaciones repetitivas con mantenimiento programado<\/p>\n<\/p><\/div>\n<div style='border: 1px solid rgba(150&comma;150&comma;150&comma;0.3); border-radius: 8px; padding: 20px; text-align: center;'> <img style='width: 80px; height: auto; margin-bottom: 15px;' src='https:\/\/www.engenius.ai\/wp-content\/uploads\/2019\/06\/cloud-resolve-icon-4.png' alt=''> <\/p>\n<h4 style='color: #2880b9; margin: 0 0 10px; font-size: 16px;'>Actualizaciones simult\u00e1neas para dispositivos distribuidos<\/h4>\n<p style='margin: 0; font-size: 14px; color: inherit;'>Ahorre tiempo y evite tiempos muertos y riesgos<\/p>\n<\/p><\/div>\n<\/p><\/div>\n<p> <!-- Secci\u00f3n de caracter\u00edsticas t\u00e9cnicas --> <\/p>\n<div style='display: grid; grid-template-columns: repeat(auto-fill&comma; minmax(250px&comma; 1fr)); gap: 20px; margin-bottom: 30px;'>\n<div style='border: 1px solid rgba(150&comma;150&comma;150&comma;0.3); border-radius: 8px; padding: 20px; text-align: center;'> <img style='width: 100px; height: auto; margin-bottom: 15px;' src='https:\/\/www.engenius.ai\/wp-content\/uploads\/2019\/06\/02-1.png' alt=''> <\/p>\n<h4 style='margin: 0 0 10px; font-size: 16px; color: inherit;'>La infraestructura de nube sin servidor m\u00e1s avanzada<\/h4>\n<p style='margin: 0; font-size: 14px; color: inherit;'>No m\u00e1s l\u00edmites del servidor<\/p>\n<\/p><\/div>\n<div style='border: 1px solid rgba(150&comma;150&comma;150&comma;0.3); border-radius: 8px; padding: 20px; text-align: center;'> <img style='width: 100px; height: auto; margin-bottom: 15px;' src='https:\/\/www.engenius.ai\/wp-content\/uploads\/2019\/06\/01.png' alt=''> <\/p>\n<h4 style='margin: 0 0 10px; font-size: 16px; color: inherit;'>FaaS: Funci\u00f3n como servicio con asignaci\u00f3n din\u00e1mica<\/h4>\n<p style='margin: 0; font-size: 14px; color: inherit;'>Cada funci\u00f3n tiene su propia escalabilidad y funciona en conjunto sin problemas<\/p>\n<\/p><\/div>\n<div style='border: 1px solid rgba(150&comma;150&comma;150&comma;0.3); border-radius: 8px; padding: 20px; text-align: center;'> <img style='width: 100px; height: auto; margin-bottom: 15px;' src='https:\/\/www.engenius.ai\/wp-content\/uploads\/2019\/06\/cloud-33.png' alt=''> <\/p>\n<h4 style='margin: 0 0 10px; font-size: 16px; color: inherit;'>99.99 fiabilidad SLA garantizada<\/h4>\n<p style='margin: 0; font-size: 14px; color: inherit;'>Tu red siempre est\u00e1 disponible<\/p>\n<\/p><\/div>\n<\/p><\/div>\n<p> <!-- Caracter\u00edsticas principales --> <\/p>\n<div style='margin-bottom: 30px;'>\n<h3 style='font-size: 20px; border-bottom: 2px solid currentColor; padding-bottom: 5px; margin: 20px 0 10px; color: inherit; opacity: 0.8;'>Caracter\u00edsticas principales<\/h3>\n<ul style='padding-left: 20px; font-size: 15px; color: inherit;'>\n<li style='margin-bottom: 5px;'>Montaje en pared y\/o poste<\/li>\n<li style='margin-bottom: 5px;'>Operaci\u00f3n simultanea en 2.4 y 5 GHz<\/li>\n<li style='margin-bottom: 5px;'>Carcasa con protecci\u00f3n <strong style='color: inherit;'>IP67<\/strong><\/li>\n<li style='margin-bottom: 5px;'>Soporta hasta 16 SSID&comma; 8 SSID por radio<\/li>\n<li style='margin-bottom: 5px;'><strong style='color: inherit;'>Hasta 867 Mbps en 5 GHz<\/strong><\/li>\n<li style='margin-bottom: 5px;'><strong style='color: inherit;'>Hasta 400 Mbps en 2.4 GHz<\/strong><\/li>\n<li style='margin-bottom: 5px;'><strong style='color: inherit;'>Administraci\u00f3n en Nube<\/strong><\/li>\n<\/ul><\/div>\n<p> <!-- Est\u00e1ndares --> <\/p>\n<div style='margin-bottom: 30px;'>\n<h3 style='font-size: 20px; border-bottom: 2px solid currentColor; padding-bottom: 5px; margin: 20px 0 10px; color: #3598db;'>Est\u00e1ndares<\/h3>\n<ul style='padding-left: 20px; font-size: 15px; color: inherit;'>\n<li style='margin-bottom: 5px;'>IEEE 802.11b \/ g \/ n en 2.4 GHz<\/li>\n<li style='margin-bottom: 5px;'>IEEE 802.11a \/ n \/ ac en 5 GHz<\/li>\n<\/ul><\/div>\n<p> <!-- Antena --> <\/p>\n<div style='margin-bottom: 30px;'>\n<h3 style='font-size: 20px; border-bottom: 2px solid currentColor; padding-bottom: 5px; margin: 20px 0 10px; color: #3598db;'>Antena<\/h3>\n<p style='margin: 0 0 15px; font-size: 15px; color: inherit;'><strong style='color: inherit;'>Externas desmontables con conector SMA macho inverso<\/strong><\/p>\n<ul style='padding-left: 20px; font-size: 15px; color: inherit;'>\n<li style='margin-bottom: 5px;'>2 Antenas en 2.4 GHz omnidireccionales en 5 dBi<\/li>\n<li style='margin-bottom: 5px;'>2 Antenas en 5 GHz omnidireccionales en 5 dBi<\/li>\n<\/ul><\/div>\n<p> <!-- Secci\u00f3n de especificaciones en grid --> <\/p>\n<div style='display: grid; grid-template-columns: repeat(auto-fill&comma; minmax(250px&comma; 1fr)); gap: 20px; margin-bottom: 30px;'> <!-- Interfaz f\u00edsica --> <\/p>\n<div style='border: 1px solid rgba(150&comma;150&comma;150&comma;0.3); border-radius: 8px; padding: 15px;'>\n<h4 style='margin: 0 0 10px; font-size: 16px; color: #3598db;'>Interfaz f\u00edsica<\/h4>\n<ul style='padding-left: 20px; margin: 0; font-size: 14px; color: inherit;'>\n<li style='margin-bottom: 5px;'><strong style='color: inherit;'>1 Puerto Gigabit Ethernet 10\/100\/1000<\/strong><\/li>\n<li style='margin-bottom: 5px;'>Bot\u00f3n de reinicio<\/li>\n<\/ul><\/div>\n<p> <!-- Fuente de alimentaci\u00f3n --> <\/p>\n<div style='border: 1px solid rgba(150&comma;150&comma;150&comma;0.3); border-radius: 8px; padding: 15px;'>\n<h4 style='margin: 0 0 10px; font-size: 16px; color: #3598db;'>Fuente de alimentaci\u00f3n (NO INCLUYE)<\/h4>\n<p style='margin: 0 0 10px; font-size: 14px; color: inherit;'><strong style='color: inherit;'>Fuente compatible con PoE IEEE 802.11e<\/strong><\/p>\n<ul style='padding-left: 20px; margin: 0; font-size: 14px; color: inherit;'>\n<li style='margin-bottom: 5px;'>Inyector PoE (EPA5006GR)<\/li>\n<li style='margin-bottom: 5px;'>Salida: 54Vcc \/.6 A<\/li>\n<li style='margin-bottom: 5px;'><strong style='color: inherit;'>Soporta PoE 802.3af\/at<\/strong><\/li>\n<\/ul><\/div>\n<p> <!-- Modos de operaci\u00f3n --> <\/p>\n<div style='border: 1px solid rgba(150&comma;150&comma;150&comma;0.3); border-radius: 8px; padding: 15px;'>\n<h4 style='margin: 0 0 10px; font-size: 16px; color: #3598db;'>Modos de operaci\u00f3n<\/h4>\n<ul style='padding-left: 20px; margin: 0; font-size: 14px; color: inherit;'>\n<li style='margin-bottom: 5px;'><strong style='color: inherit;'>Punto de acceso (modo AP)<\/strong><\/li>\n<li style='margin-bottom: 5px;'><strong style='color: inherit;'>Mesh<\/strong><\/li>\n<\/ul><\/div>\n<p> <!-- Potencia de transmisi\u00f3n --> <\/p>\n<div style='border: 1px solid rgba(150&comma;150&comma;150&comma;0.3); border-radius: 8px; padding: 15px;'>\n<h4 style='margin: 0 0 10px; font-size: 16px; color: #3598db;'>Potencia de transmisi\u00f3n<\/h4>\n<ul style='padding-left: 20px; margin: 0; font-size: 14px; color: inherit;'>\n<li style='margin-bottom: 5px;'>Hasta 23 dBm en 2.4 GHz<\/li>\n<li style='margin-bottom: 5px;'>Hasta 23 dBm en 5 GHz<\/li>\n<\/ul><\/div>\n<p> <!-- Dimensiones --> <\/p>\n<div style='border: 1px solid rgba(150&comma;150&comma;150&comma;0.3); border-radius: 8px; padding: 15px;'>\n<h4 style='margin: 0 0 10px; font-size: 16px; color: #3598db;'>Dimensiones<\/h4>\n<ul style='padding-left: 20px; margin: 0; font-size: 14px; color: inherit;'>\n<li style='margin-bottom: 5px;'>Ancho: 4.37&#8242; (111.2 mm)<\/li>\n<li style='margin-bottom: 5px;'>Largo: 6.83&#8242; (173.6 mm)<\/li>\n<li style='margin-bottom: 5px;'>Altura: 1.19&#8242; (30.29 mm)<\/li>\n<\/ul><\/div>\n<p> <!-- Contenido del paquete --> <\/p>\n<div style='border: 1px solid rgba(150&comma;150&comma;150&comma;0.3); border-radius: 8px; padding: 15px;'>\n<h4 style='margin: 0 0 10px; font-size: 16px; color: #3598db;'>Contenido del paquete<\/h4>\n<ul style='padding-left: 20px; margin: 0; font-size: 14px; color: inherit;'>\n<li style='margin-bottom: 5px;'>Punto de Acceso<\/li>\n<li style='margin-bottom: 5px;'>Abrazadera de montaje en poste<\/li>\n<li style='margin-bottom: 5px;'>Juego de tornillos<\/li>\n<li style='margin-bottom: 5px;'>Gu\u00eda de instalaci\u00f3n r\u00e1pida<\/li>\n<li style='margin-bottom: 5px;'>2 Antenas SMA 5dBi de 2.4GHz<\/li>\n<li style='margin-bottom: 5px;'>2 Antenas SMA 5dBi de 5GHz<\/li>\n<\/ul><\/div>\n<p> <!-- Garant\u00eda --> <\/p>\n<div style='border: 1px solid rgba(150&comma;150&comma;150&comma;0.3); border-radius: 8px; padding: 15px;'>\n<h4 style='margin: 0 0 10px; font-size: 16px; color: #3598db;'>Garant\u00eda<\/h4>\n<ul style='padding-left: 20px; margin: 0; font-size: 14px; color: inherit;'>\n<li style='margin-bottom: 5px;'>1 a\u00f1o<\/li>\n<\/ul><\/div>\n<\/p><\/div>\n<p> <!-- Imagen final --> <\/p>\n<div style='margin-bottom: 30px;'> <img style='width: 100%; height: auto; border: 1px solid rgba(150&comma;150&comma;150&comma;0.3); border-radius: 8px;' src='https:\/\/www.engenius.ai\/wp-content\/uploads\/2019\/07\/cloud-image-1024x623.png' alt=''> <\/div>\n<p> <!-- App store y Google play --> <\/p>\n<div style='display: flex; flex-wrap: wrap; gap: 20px; justify-content: center; margin-bottom: 30px;'> <a href='https:\/\/play.google.com\/store' target='_blank' rel='noopener noreferrer'> <img style='width: 100%; max-width: 200px; height: auto;' src='https:\/\/www.engenius.ai\/wp-content\/uploads\/2019\/07\/Google-play.png' alt='Google Play'> <\/a> <a href='https:\/\/www.apple.com\/app-store\/' target='_blank' rel='noopener noreferrer'> <img style='width: 100%; max-width: 200px; height: auto;' src='https:\/\/www.engenius.ai\/wp-content\/uploads\/2019\/07\/Apply-store.png' alt='App Store'> <\/a> <\/div>\n<p> <!-- Descripci\u00f3n aplicaci\u00f3n --> <\/p>\n<div style='margin-bottom: 30px;'>\n<h3 style='font-size: 20px; border-bottom: 2px solid currentColor; padding-bottom: 5px; margin: 20px 0 10px; color: inherit; opacity: 0.8;'>Implemente y monitoree sus redes con la aplicaci\u00f3n EnGenius Cloud<\/h3>\n<p style='font-size: 15px; color: inherit;'>F\u00e1cil implementaci\u00f3n del dispositivo&comma; monitoreo&comma; visualizaci\u00f3n y alertas de actividad anormal de la red disponible dentro de una aplicaci\u00f3n m\u00f3vil intuitiva.<\/p>\n<\/p><\/div>\n<p> <!-- Video de YouTube --> <\/p>\n<div style='position: relative; padding-bottom: 56.25%; height: 0; overflow: hidden; margin-bottom: 30px;'>   <\/div>\n<p> <!-- Separador final --> <\/p>\n<hr style='border: 0; border-top: 1px solid rgba(150&comma; 150&comma; 150&comma; 0.3); margin: 30px 0;'> <\/div>\n","protected":false},"excerpt":{"rendered":"<p>Punto de Acceso WiFi con Administraci\u00f3n en la Nube para Exterior, MU-MIMO 2&#215;2, Doble Banda, Hasta 1267 Mbps, Grado de Protecci\u00f3n IP67, 250+ Usuarios Simult\u00e1neos<\/p>\n","protected":false},"featured_media":76572,"comment_status":"open","ping_status":"closed","template":"","meta":[],"product_brand":[],"product_cat":[1794],"product_tag":[738,1795,1479],"class_list":{"0":"post-76573","1":"product","2":"type-product","3":"status-publish","4":"has-post-thumbnail","6":"product_cat-puntos-de-acceso","7":"product_tag-engenius","8":"product_tag-puntos-de-acceso","9":"product_tag-redes-wifi","11":"first","12":"outofstock","13":"sale","14":"shipping-taxable","15":"purchasable","16":"product-type-simple"},"_links":{"self":[{"href":"https:\/\/soydeaqui.ddns.net\/pachuca\/index.php\/wp-json\/wp\/v2\/product\/76573","targetHints":{"allow":["GET"]}}],"collection":[{"href":"https:\/\/soydeaqui.ddns.net\/pachuca\/index.php\/wp-json\/wp\/v2\/product"}],"about":[{"href":"https:\/\/soydeaqui.ddns.net\/pachuca\/index.php\/wp-json\/wp\/v2\/types\/product"}],"replies":[{"embeddable":true,"href":"https:\/\/soydeaqui.ddns.net\/pachuca\/index.php\/wp-json\/wp\/v2\/comments?post=76573"}],"wp:featuredmedia":[{"embeddable":true,"href":"https:\/\/soydeaqui.ddns.net\/pachuca\/index.php\/wp-json\/wp\/v2\/media\/76572"}],"wp:attachment":[{"href":"https:\/\/soydeaqui.ddns.net\/pachuca\/index.php\/wp-json\/wp\/v2\/media?parent=76573"}],"wp:term":[{"taxonomy":"product_brand","embeddable":true,"href":"https:\/\/soydeaqui.ddns.net\/pachuca\/index.php\/wp-json\/wp\/v2\/product_brand?post=76573"},{"taxonomy":"product_cat","embeddable":true,"href":"https:\/\/soydeaqui.ddns.net\/pachuca\/index.php\/wp-json\/wp\/v2\/product_cat?post=76573"},{"taxonomy":"product_tag","embeddable":true,"href":"https:\/\/soydeaqui.ddns.net\/pachuca\/index.php\/wp-json\/wp\/v2\/product_tag?post=76573"}],"curies":[{"name":"wp","href":"https:\/\/api.w.org\/{rel}","templated":true}]}}