{"id":76568,"date":"2026-03-19T15:25:47","date_gmt":"2026-03-19T15:25:47","guid":{"rendered":"https:\/\/soydeaqui.ddns.net\/pachuca\/index.php\/producto\/antena-lpda-de-alta-ganancia-especial-para-amplificadores-de-una-a-cinco-bandas-de-frecuencia-698-2700-mhz-12-15-dbi-de-ganancia\/"},"modified":"2026-03-19T15:25:56","modified_gmt":"2026-03-19T15:25:56","slug":"antena-lpda-de-alta-ganancia-especial-para-amplificadores-de-una-a-cinco-bandas-de-frecuencia-698-2700-mhz-12-15-dbi-de-ganancia","status":"publish","type":"product","link":"https:\/\/soydeaqui.ddns.net\/pachuca\/index.php\/producto\/antena-lpda-de-alta-ganancia-especial-para-amplificadores-de-una-a-cinco-bandas-de-frecuencia-698-2700-mhz-12-15-dbi-de-ganancia\/","title":{"rendered":"Antena LPDA de Alta Ganancia\/ ESPECIAL PARA AMPLIFICADORES DE UNA A CINCO BANDAS DE FRECUENCIA\/ 698-2700 MHz\/ 12.15 dBi de Ganancia."},"content":{"rendered":"<div style='width: 100%; max-width: 1200px; margin: 0 auto; font-family: sans-serif; line-height: 1.6; color: inherit; background-color: transparent;'> <!-- Secci\u00f3n de descripci\u00f3n --> <\/p>\n<div style='margin-bottom: 30px;'>\n<h2 style='font-size: 24px; margin-top: 0; color: inherit; opacity: 0.9;'>Antena LPDA de alta ganancia<\/h2>\n<p style='margin-top: 15px;'><strong style='color: inherit;'>Antena direccional vers\u00e1til para todo clima<\/strong><\/p>\n<p style='margin-top: 15px;'>La antena LPDA de alta ganancia est\u00e1 hecha exclusivamente para amplificadores de grado comercial e industrial; reconocida por su construcci\u00f3n resistente para todo clima&comma; alto rendimiento y soporte giratorio inclinable.<\/p>\n<p style='margin-top: 15px;'>Vers\u00e1til y potente&comma; funciona en todas las bandas celulares del mundo para voz y datos; incluyendo LTE&comma; CDMA&comma; GSM&comma; UMTS y AWS. Dise\u00f1ada para adaptarse a una tuber\u00eda o m\u00e1stil de 1.5 &#8216; a 2&#8217; de di\u00e1metro en el exterior de un edificio&comma; la antena LPDA de alta ganancia se ajusta f\u00e1cilmente para apuntar en la direcci\u00f3n de las torres celulares cercanas.<\/p>\n<p style='margin-top: 15px;'>La antena LPDA de alta ganancia tiene un conector N-Hembra&comma; viene con montaje de instalaci\u00f3n y funciona con amplificadores y dispositivos celulares que requieran una mejor recepci\u00f3n de se\u00f1al. Cuenta con una garant\u00eda del fabricante de 2 a\u00f1os.<\/p>\n<\/p><\/div>\n<p> <!-- Secci\u00f3n de funcionamiento --> <\/p>\n<div style='margin-bottom: 30px;'>\n<h3 style='font-size: 20px; border-bottom: 2px solid currentColor; padding-bottom: 5px; margin-top: 0; color: inherit; opacity: 0.8;'>C\u00f3mo funciona<\/h3>\n<ol style='padding-left: 20px; font-size: 15px; color: inherit; margin-top: 15px;'>\n<li style='margin-bottom: 5px;'>La antena exterior capta la se\u00f1al celular existente desde la torre m\u00e1s cercana.<\/li>\n<li style='margin-bottom: 5px;'>El amplificador amplifica la se\u00f1al recibida por la antena exterior.<\/li>\n<li style='margin-bottom: 5px;'>La antena interior distribuye esta nueva se\u00f1al para uso en interiores.<\/li>\n<\/ol><\/div>\n<p> <!-- Secci\u00f3n de especificaciones --> <\/p>\n<div style='margin-bottom: 30px;'>\n<h3 style='font-size: 20px; border-bottom: 2px solid currentColor; padding-bottom: 5px; margin-top: 0; color: inherit; opacity: 0.8;'>Especificaciones<\/h3>\n<div style='display: flex; flex-wrap: wrap; gap: 20px; margin-top: 20px;'>\n<div style='flex: 1 1 250px; border: 1px solid rgba(150&comma; 150&comma; 150&comma; 0.4); border-radius: 8px; overflow: hidden; display: flex; flex-direction: column;'>\n<div style='padding: 15px; border-bottom: 1px solid rgba(150&comma; 150&comma; 150&comma; 0.2); font-weight: bold; font-size: 18px; color: inherit;'>Especificaciones Generales<\/div>\n<div style='padding: 15px; color: inherit;'>\n<ul style='padding-left: 20px; margin: 0; font-size: 14px; list-style-type: disc;'>\n<li style='margin-bottom: 5px;'><strong>Modelo:<\/strong> 311228<\/li>\n<li style='margin-bottom: 5px;'><strong>Tipo de Antena:<\/strong> Direccional<\/li>\n<li style='margin-bottom: 5px;'><strong>Conector:<\/strong> N Hembra<\/li>\n<li style='margin-bottom: 5px;'><strong>Polarizaci\u00f3n:<\/strong> Lineal<\/li>\n<li style='margin-bottom: 5px;'><strong>Peso:<\/strong> 1.5 Kg<\/li>\n<\/ul><\/div>\n<\/p><\/div>\n<div style='flex: 1 1 250px; border: 1px solid rgba(150&comma; 150&comma; 150&comma; 0.4); border-radius: 8px; overflow: hidden; display: flex; flex-direction: column;'>\n<div style='padding: 15px; border-bottom: 1px solid rgba(150&comma; 150&comma; 150&comma; 0.2); font-weight: bold; font-size: 18px; color: inherit;'>Especificaciones T\u00e9cnicas<\/div>\n<div style='padding: 15px; color: inherit;'>\n<ul style='padding-left: 20px; margin: 0; font-size: 14px; list-style-type: disc;'>\n<li style='margin-bottom: 5px;'><strong>Bandas de Frecuencias:<\/strong> 698-806 \u2022 806-960 \u2022 1710-1880 \u2022 1900-2200 \u2022 2200-2700 MHz<\/li>\n<li style='margin-bottom: 5px;'><strong>Pico de Ganancia:<\/strong> 12.0 \u2022 12.0 \u2022 12.9 \u2022 13.1 \u2022 11.2 dBi<\/li>\n<li style='margin-bottom: 5px;'><strong>Impedancia:<\/strong> 50 Ohm<\/li>\n<li style='margin-bottom: 5px;'><strong>Potencia:<\/strong> 50 watts<\/li>\n<li style='margin-bottom: 5px;'><strong>Material Radiante:<\/strong> Aluminio<\/li>\n<\/ul><\/div>\n<\/p><\/div>\n<div style='flex: 1 1 250px; border: 1px solid rgba(150&comma; 150&comma; 150&comma; 0.4); border-radius: 8px; overflow: hidden; display: flex; flex-direction: column;'>\n<div style='padding: 15px; border-bottom: 1px solid rgba(150&comma; 150&comma; 150&comma; 0.2); font-weight: bold; font-size: 18px; color: inherit;'>Caracter\u00edsticas F\u00edsicas<\/div>\n<div style='padding: 15px; color: inherit;'>\n<ul style='padding-left: 20px; margin: 0; font-size: 14px; list-style-type: disc;'>\n<li style='margin-bottom: 5px;'><strong>Montaje en M\u00e1stil:<\/strong> 1.5-2.0 pulgadas \/ 3.8-5.0 cm<\/li>\n<li style='margin-bottom: 5px;'><strong>Longitud:<\/strong> 111.7 cm<\/li>\n<\/ul><\/div>\n<\/p><\/div>\n<\/p><\/div>\n<\/p><\/div>\n<p> <!-- Separador --> <\/p>\n<hr style='border: 0; border-top: 1px solid rgba(150&comma; 150&comma; 150&comma; 0.3); margin: 30px 0;'> <\/div>\n","protected":false},"excerpt":{"rendered":"<p>Antena LPDA de Alta Ganancia\/ ESPECIAL PARA AMPLIFICADORES DE UNA A CINCO BANDAS DE FRECUENCIA\/ 698-2700 MHz\/ 12.15 dBi de Ganancia.<\/p>\n","protected":false},"featured_media":76567,"comment_status":"open","ping_status":"closed","template":"","meta":[],"product_brand":[],"product_cat":[1523],"product_tag":[1404,1524,1525],"class_list":{"0":"post-76568","1":"product","2":"type-product","3":"status-publish","4":"has-post-thumbnail","6":"product_cat-para-cobertura-celular","7":"product_tag-antenas","8":"product_tag-para-cobertura-celular","9":"product_tag-wilsonpro-weboost","11":"first","12":"instock","13":"sale","14":"shipping-taxable","15":"purchasable","16":"product-type-simple"},"_links":{"self":[{"href":"https:\/\/soydeaqui.ddns.net\/pachuca\/index.php\/wp-json\/wp\/v2\/product\/76568","targetHints":{"allow":["GET"]}}],"collection":[{"href":"https:\/\/soydeaqui.ddns.net\/pachuca\/index.php\/wp-json\/wp\/v2\/product"}],"about":[{"href":"https:\/\/soydeaqui.ddns.net\/pachuca\/index.php\/wp-json\/wp\/v2\/types\/product"}],"replies":[{"embeddable":true,"href":"https:\/\/soydeaqui.ddns.net\/pachuca\/index.php\/wp-json\/wp\/v2\/comments?post=76568"}],"wp:featuredmedia":[{"embeddable":true,"href":"https:\/\/soydeaqui.ddns.net\/pachuca\/index.php\/wp-json\/wp\/v2\/media\/76567"}],"wp:attachment":[{"href":"https:\/\/soydeaqui.ddns.net\/pachuca\/index.php\/wp-json\/wp\/v2\/media?parent=76568"}],"wp:term":[{"taxonomy":"product_brand","embeddable":true,"href":"https:\/\/soydeaqui.ddns.net\/pachuca\/index.php\/wp-json\/wp\/v2\/product_brand?post=76568"},{"taxonomy":"product_cat","embeddable":true,"href":"https:\/\/soydeaqui.ddns.net\/pachuca\/index.php\/wp-json\/wp\/v2\/product_cat?post=76568"},{"taxonomy":"product_tag","embeddable":true,"href":"https:\/\/soydeaqui.ddns.net\/pachuca\/index.php\/wp-json\/wp\/v2\/product_tag?post=76568"}],"curies":[{"name":"wp","href":"https:\/\/api.w.org\/{rel}","templated":true}]}}