{"id":76554,"date":"2026-03-19T15:25:15","date_gmt":"2026-03-19T15:25:15","guid":{"rendered":"https:\/\/soydeaqui.ddns.net\/pachuca\/index.php\/producto\/switch-poe-industrial-capa-3-con-24-puertos-poe-gigabit-802-3af-at-4-puertos-sfp-compartidos-100-1000x-soporta-temperaturas-extremas-de-40-75c\/"},"modified":"2026-03-19T15:25:23","modified_gmt":"2026-03-19T15:25:23","slug":"switch-poe-industrial-capa-3-con-24-puertos-poe-gigabit-802-3af-at-4-puertos-sfp-compartidos-100-1000x-soporta-temperaturas-extremas-de-40-75c","status":"publish","type":"product","link":"https:\/\/soydeaqui.ddns.net\/pachuca\/index.php\/producto\/switch-poe-industrial-capa-3-con-24-puertos-poe-gigabit-802-3af-at-4-puertos-sfp-compartidos-100-1000x-soporta-temperaturas-extremas-de-40-75c\/","title":{"rendered":"Switch PoE Industrial Capa 3, Con 24 Puertos PoE Gigabit  802.3af\/at, 4 Puertos SFP Compartidos 100 \/ 1000X, Soporta temperaturas extremas de -40 ~ 75\u00b0C"},"content":{"rendered":"<div style='width: 100%; max-width: 1200px; margin: 0 auto; font-family: sans-serif; line-height: 1.6; color: inherit; background-color: transparent;'> <!-- Im\u00e1genes de iconos --> <\/p>\n<div style='display: flex; flex-wrap: wrap; gap: 15px; justify-content: center; margin: 20px 0;'> <img style='width: auto; height: 40px; border: 1px solid rgba(150&comma;150&comma;150&comma;0.3); border-radius: 8px;' src='https:\/\/www.planet.com.tw\/storage\/icons\/4icon_L3_OSPF_Routing.png' alt=''> <img style='width: auto; height: 40px; border: 1px solid rgba(150&comma;150&comma;150&comma;0.3); border-radius: 8px;' src='https:\/\/www.planet.com.tw\/storage\/icons\/633\/Cyber-Security.png' alt=''> <img style='width: auto; height: 40px; border: 1px solid rgba(150&comma;150&comma;150&comma;0.3); border-radius: 8px;' src='https:\/\/www.planet.com.tw\/storage\/icons\/0icon_PoE+.png' alt=''> <img style='width: auto; height: 40px; border: 1px solid rgba(150&comma;150&comma;150&comma;0.3); border-radius: 8px;' src='https:\/\/www.planet.com.tw\/storage\/icons\/6icon_RING.png' alt=''> <img style='width: auto; height: 40px; border: 1px solid rgba(150&comma;150&comma;150&comma;0.3); border-radius: 8px;' src='https:\/\/www.planet.com.tw\/storage\/icons\/7icon_Modbus-TCP.png' alt=''> <img style='width: auto; height: 40px; border: 1px solid rgba(150&comma;150&comma;150&comma;0.3); border-radius: 8px;' src='https:\/\/www.planet.com.tw\/storage\/icons\/1icon_IPv6-Management.png' alt=''> <\/div>\n<p> <!-- Imagen principal --> <\/p>\n<div style='margin: 30px 0;'> <img style='width: 100%; height: auto; border: 1px solid rgba(150&comma;150&comma;150&comma;0.3); border-radius: 8px;' src='https:\/\/www.planet.com.tw\/storage\/products\/49219\/edm_IGS-6325-24P4S.jpg' alt=''> <\/div>\n<p> <!-- Secciones con im\u00e1genes y texto --> <\/p>\n<div style='display: grid; grid-template-columns: 1fr; gap: 30px; margin: 30px 0;'>\n<div style='display: grid; grid-template-columns: 1fr 1fr; gap: 20px; align-items: center;'>\n<div> <img style='width: 100%; height: auto; border: 1px solid rgba(150&comma;150&comma;150&comma;0.3); border-radius: 8px;' src='https:\/\/www.planet.com.tw\/storage\/products\/49219\/IGS-6325-24P4X_24P4S-11.png' alt=''> <\/div>\n<div>\n<h3 style='font-size: 22px; border-bottom: 2px solid currentColor; padding-bottom: 5px; margin-top: 0; color: inherit; opacity: 0.8;'>Soluci\u00f3n de red de ciberseguridad<\/h3>\n<p style='color: inherit; font-size: 15px; margin-top: 10px;'>La serie IGS-6325 admite los protocolos SSHv2&comma; TLS y SSL para proporcionar una fuerte protecci\u00f3n contra amenazas avanzadas.<\/p>\n<\/p><\/div>\n<\/p><\/div>\n<div style='display: grid; grid-template-columns: 1fr 1fr; gap: 20px; align-items: center;'>\n<div>\n<h3 style='font-size: 22px; border-bottom: 2px solid currentColor; padding-bottom: 5px; margin-top: 0; color: inherit; opacity: 0.8;'>Anillo redundante&comma; recuperaci\u00f3n r\u00e1pida para aplicaciones de red cr\u00edticas<\/h3>\n<p style='color: inherit; font-size: 15px; margin-top: 10px;'>La serie IGS-6325 admite tecnolog\u00eda de anillo redundante y presenta una capacidad de recuperaci\u00f3n r\u00e1pida y s\u00f3lida para evitar interrupciones e intrusiones externas.<\/p>\n<\/p><\/div>\n<div> <img style='width: 100%; height: auto; border: 1px solid rgba(150&comma;150&comma;150&comma;0.3); border-radius: 8px;' src='https:\/\/www.planet.com.tw\/storage\/products\/49219\/IGS-6325-24P4X_24P4S-21.png' alt=''> <\/div>\n<\/p><\/div>\n<div style='display: grid; grid-template-columns: 1fr 1fr; gap: 20px; align-items: center;'>\n<div> <img style='width: 100%; height: auto; border: 1px solid rgba(150&comma;150&comma;150&comma;0.3); border-radius: 8px;' src='https:\/\/www.planet.com.tw\/storage\/products\/49219\/SGS-5220-24T2X-8_L.png' alt=''> <\/div>\n<div>\n<h3 style='font-size: 22px; border-bottom: 2px solid currentColor; padding-bottom: 5px; margin-top: 0; color: inherit; opacity: 0.8;'>Verificaci\u00f3n inteligente para dispositivo alimentado<\/h3>\n<p style='color: inherit; font-size: 15px; margin-top: 10px;'>El Switch se puede configurar para monitorear el estado de la PD conectada en tiempo real mediante la acci\u00f3n de ping.<\/p>\n<\/p><\/div>\n<\/p><\/div>\n<div style='display: grid; grid-template-columns: 1fr 1fr; gap: 20px; align-items: center;'>\n<div>\n<h3 style='font-size: 22px; border-bottom: 2px solid currentColor; padding-bottom: 5px; margin-top: 0; color: inherit; opacity: 0.8;'>Programaci\u00f3n de PoE<\/h3>\n<p style='color: inherit; font-size: 15px; margin-top: 10px;'>Sirve para habilitar o deshabilitar la alimentaci\u00f3n de energ\u00eda PoE para cada puerto PoE durante intervalos de tiempo espec\u00edficos para ayudar a las PYMES o empresas a ahorrar energ\u00eda y dinero.<\/p>\n<\/p><\/div>\n<div> <img style='width: 100%; height: auto; border: 1px solid rgba(150&comma;150&comma;150&comma;0.3); border-radius: 8px;' src='https:\/\/www.planet.com.tw\/storage\/products\/49219\/IGS-6325-24P4X_24P4S-51.png' alt=''> <\/div>\n<\/p><\/div>\n<div style='display: grid; grid-template-columns: 1fr 1fr; gap: 20px; align-items: center;'>\n<div> <img style='width: 100%; height: auto; border: 1px solid rgba(150&comma;150&comma;150&comma;0.3); border-radius: 8px;' src='https:\/\/www.planet.com.tw\/storage\/products\/49219\/IGS-6325-24P4X_24P4S-71.png' alt=''> <\/div>\n<div>\n<h3 style='font-size: 22px; border-bottom: 2px solid currentColor; padding-bottom: 5px; margin-top: 0; color: inherit; opacity: 0.8;'>Entrada digital y salida digital para alarma externa<\/h3>\n<p style='color: inherit; font-size: 15px; margin-top: 10px;'>Esta alarma externa permite a los usuarios utilizar la entrada digital para detectar y registrar el estado del dispositivo externo (como el detector de intrusi\u00f3n en la puerta) y enviar alarmas de eventos a los administradores<\/p>\n<\/p><\/div>\n<\/p><\/div>\n<\/p><\/div>\n<p> <!-- Tabla de especificaciones --> <\/p>\n<div style='margin: 30px 0;'>\n<h3 style='font-size: 22px; border-bottom: 2px solid currentColor; padding-bottom: 5px; margin-top: 0; color: inherit; opacity: 0.8;'>Especificaciones del hardware<\/h3>\n<div style='display: grid; grid-template-columns: repeat(auto-fill&comma; minmax(250px&comma; 1fr)); gap: 20px; margin-top: 20px;'>\n<div style='border: 1px solid rgba(150&comma; 150&comma; 150&comma; 0.4); border-radius: 8px; padding: 15px; display: flex; flex-direction: column; justify-content: space-between;'>\n<div style='font-weight: bold; font-size: 18px; color: inherit;'>Puertos de cobre<\/div>\n<div style='margin-top: 10px; color: inherit; font-size: 14px;'> 24 puertos 10\/100 \/ 1000BASE-T RJ45 auto-MDI \/ MDI-X <\/div>\n<\/p><\/div>\n<div style='border: 1px solid rgba(150&comma; 150&comma; 150&comma; 0.4); border-radius: 8px; padding: 15px; display: flex; flex-direction: column; justify-content: space-between;'>\n<div style='font-weight: bold; font-size: 18px; color: inherit;'>Ranuras SFP \/ mini-GBIC<\/div>\n<div style='margin-top: 10px; color: inherit; font-size: 14px;'> 4 interfaces SFP 100 \/ 1000BASE-X&comma; compartidas con el puerto 21 al puerto 24 <\/p>\n<p> Compatible con el transceptor SFP 100BASE-FX <\/p><\/div>\n<\/p><\/div>\n<div style='border: 1px solid rgba(150&comma; 150&comma; 150&comma; 0.4); border-radius: 8px; padding: 15px; display: flex; flex-direction: column; justify-content: space-between;'>\n<div style='font-weight: bold; font-size: 18px; color: inherit;'>Puerto del inyector PoE<\/div>\n<div style='margin-top: 10px; color: inherit; font-size: 14px;'> 24 puertos con funci\u00f3n de inyector 802.3af \/ at PoE con puerto 1 a puerto 24 <\/div>\n<\/p><\/div>\n<div style='border: 1px solid rgba(150&comma; 150&comma; 150&comma; 0.4); border-radius: 8px; padding: 15px; display: flex; flex-direction: column; justify-content: space-between;'>\n<div style='font-weight: bold; font-size: 18px; color: inherit;'>Consola<\/div>\n<div style='margin-top: 10px; color: inherit; font-size: 14px;'> 1 puerto serie RJ45 a RS232 (115200&comma; 8&comma; N&comma; 1) <\/div>\n<\/p><\/div>\n<div style='border: 1px solid rgba(150&comma; 150&comma; 150&comma; 0.4); border-radius: 8px; padding: 15px; display: flex; flex-direction: column; justify-content: space-between;'>\n<div style='font-weight: bold; font-size: 18px; color: inherit;'>Instalaci\u00f3n<\/div>\n<div style='margin-top: 10px; color: inherit; font-size: 14px;'> Kit de instalaci\u00f3n en Rack <\/div>\n<\/p><\/div>\n<div style='border: 1px solid rgba(150&comma; 150&comma; 150&comma; 0.4); border-radius: 8px; padding: 15px; display: flex; flex-direction: column; justify-content: space-between;'>\n<div style='font-weight: bold; font-size: 18px; color: inherit;'>Conector<\/div>\n<div style='margin-top: 10px; color: inherit; font-size: 14px;'> Bloque de terminales fijo de 6 pines para entrada de energ\u00eda<br \/> Pin 1\/2 para Power 1&comma; Pin 3\/4 para alarma de falla&comma; Pin 5\/6 para Power 2<br \/> Bloque de terminales extra\u00edble de 6 pines para interfaz DI \/ DO<br \/> Pin 1\/2 para DI 1 &#038; 2&comma; Pin 3\/4 para DO 1 y 2&comma; Pin 5\/6 para GND <\/div>\n<\/p><\/div>\n<div style='border: 1px solid rgba(150&comma; 150&comma; 150&comma; 0.4); border-radius: 8px; padding: 15px; display: flex; flex-direction: column; justify-content: space-between;'>\n<div style='font-weight: bold; font-size: 18px; color: inherit;'>Alarma<\/div>\n<div style='margin-top: 10px; color: inherit; font-size: 14px;'> Una salida de rel\u00e9 por falla de energ\u00eda.<br \/> Capacidad de transporte de corriente del rel\u00e9 de alarma: 1A a 24 V CC <\/div>\n<\/p><\/div>\n<div style='border: 1px solid rgba(150&comma; 150&comma; 150&comma; 0.4); border-radius: 8px; padding: 15px; display: flex; flex-direction: column; justify-content: space-between;'>\n<div style='font-weight: bold; font-size: 18px; color: inherit;'>DI &#038; DO<\/div>\n<div style='margin-top: 10px; color: inherit; font-size: 14px;'> 2 entradas digitales (DI):<br \/> Nivel 0: -24 V ~ 2&comma;1 V (\u00b1 0&comma;1 V) <br \/> Nivel 1: 2&comma;1 V ~ 24 V (\u00b1 0&comma;1 V)<br \/> M\u00e1x. corriente de entrada: 10mA<br \/> 2 salidas digitales (DO):<br \/> Colector abierto a 24V DC&comma; 100mA m\u00e1x. <\/div>\n<\/p><\/div>\n<div style='border: 1px solid rgba(150&comma; 150&comma; 150&comma; 0.4); border-radius: 8px; padding: 15px; display: flex; flex-direction: column; justify-content: space-between;'>\n<div style='font-weight: bold; font-size: 18px; color: inherit;'>Dimensiones<\/div>\n<div style='margin-top: 10px; color: inherit; font-size: 14px;'> 440 x 300 x 44 mm&comma; 1U de altura <\/div>\n<\/p><\/div>\n<div style='border: 1px solid rgba(150&comma; 150&comma; 150&comma; 0.4); border-radius: 8px; padding: 15px; display: flex; flex-direction: column; justify-content: space-between;'>\n<div style='font-weight: bold; font-size: 18px; color: inherit;'>Peso<\/div>\n<div style='margin-top: 10px; color: inherit; font-size: 14px;'> 3740g <\/div>\n<\/p><\/div>\n<div style='border: 1px solid rgba(150&comma; 150&comma; 150&comma; 0.4); border-radius: 8px; padding: 15px; display: flex; flex-direction: column; justify-content: space-between;'>\n<div style='font-weight: bold; font-size: 18px; color: inherit;'>Requerimientos de energ\u00eda<\/div>\n<div style='margin-top: 10px; color: inherit; font-size: 14px;'> Doble 48 ~ 56 V CC (se recomienda> 53 V CC para salida PoE +)&comma; 11 A <\/div>\n<\/p><\/div>\n<div style='border: 1px solid rgba(150&comma; 150&comma; 150&comma; 0.4); border-radius: 8px; padding: 15px; display: flex; flex-direction: column; justify-content: space-between;'>\n<div style='font-weight: bold; font-size: 18px; color: inherit;'>Consumo de energ\u00eda<\/div>\n<div style='margin-top: 10px; color: inherit; font-size: 14px;'> Max. 33 Watts \/ 112&comma;51 BTU (encendido sin ninguna conexi\u00f3n)<br \/> M\u00e1x. 536 Watts \/ 1828&comma;90 BTU (carga completa con funci\u00f3n PoE) <\/div>\n<\/p><\/div>\n<div style='border: 1px solid rgba(150&comma; 150&comma; 150&comma; 0.4); border-radius: 8px; padding: 15px; display: flex; flex-direction: column; justify-content: space-between;'>\n<div style='font-weight: bold; font-size: 18px; color: inherit;'>Tipo de fuente de alimentaci\u00f3n PoE<\/div>\n<div style='margin-top: 10px; color: inherit; font-size: 14px;'> End-span <\/div>\n<\/p><\/div>\n<div style='border: 1px solid rgba(150&comma; 150&comma; 150&comma; 0.4); border-radius: 8px; padding: 15px; display: flex; flex-direction: column; justify-content: space-between;'>\n<div style='font-weight: bold; font-size: 18px; color: inherit;'>Salida de potencia PoE<\/div>\n<div style='margin-top: 10px; color: inherit; font-size: 14px;'> Est\u00e1ndar IEEE 802.3af<br \/> Por puerto 48 V ~ 51 V CC (seg\u00fan la fuente de alimentaci\u00f3n)&comma; m\u00e1x. 15&comma;4 Watts<br \/> Est\u00e1ndar IEEE 802.3at<br \/> Por puerto 52 V ~ 56 V CC (seg\u00fan la fuente de alimentaci\u00f3n)&comma; m\u00e1x. 36 Watts <\/div>\n<\/p><\/div>\n<div style='border: 1px solid rgba(150&comma; 150&comma; 150&comma; 0.4); border-radius: 8px; padding: 15px; display: flex; flex-direction: column; justify-content: space-between;'>\n<div style='font-weight: bold; font-size: 18px; color: inherit;'>Presupuesto de energ\u00eda PoE<\/div>\n<div style='margin-top: 10px; color: inherit; font-size: 14px;'> Entrada de energ\u00eda de 48V<br \/> &#8211; Entrada de energ\u00eda \u00fanica: 240W m\u00e1ximo (dependiendo de la entrada de energ\u00eda)<br \/> &#8211; Entrada de energ\u00eda dual: 300W m\u00e1ximo (dependiendo de la entrada de energ\u00eda)<br \/> Entrada de energ\u00eda de 52 ~ 56V<br \/> &#8211; Entrada de energ\u00eda \u00fanica: 240W m\u00e1ximo (dependiendo de la entrada de energ\u00eda)<br \/> &#8211; Energ\u00eda dual entrada: 440W m\u00e1ximo (dependiendo de la entrada de energ\u00eda)<br \/> La entrada de energ\u00eda dual debe ser la misma que el voltaje de CC&comma; como doble 56V <\/div>\n<\/p><\/div>\n<div style='border: 1px solid rgba(150&comma; 150&comma; 150&comma; 0.4); border-radius: 8px; padding: 15px; display: flex; flex-direction: column; justify-content: space-between;'>\n<div style='font-weight: bold; font-size: 18px; color: inherit;'>Interfaces de gesti\u00f3n<\/div>\n<div style='margin-top: 10px; color: inherit; font-size: 14px;'> Consola; Telnet; Navegador web; SNMP v1&comma; v2c&comma; SSH&comma; TLS&comma; SSL&comma; SNMP v3 <\/div>\n<\/p><\/div>\n<div style='border: 1px solid rgba(150&comma; 150&comma; 150&comma; 0.4); border-radius: 8px; padding: 15px; display: flex; flex-direction: column; justify-content: space-between;'>\n<div style='font-weight: bold; font-size: 18px; color: inherit;'>Funci\u00f3n de Capa 2<\/div>\n<div style='margin-top: 10px; color: inherit; font-size: 14px;'> Configuraci\u00f3n por puerto&comma; Port Status&comma; Port Mirroring&comma; VLAN&comma; Link Aggregation&comma; Spanning Tree Protocol&comma; QoS&comma; IGMP Snooping&comma; MLD Snooping&comma; Access Control List&comma; Bandwidth Control <\/div>\n<\/p><\/div>\n<div style='border: 1px solid rgba(150&comma; 150&comma; 150&comma; 0.4); border-radius: 8px; padding: 15px; display: flex; flex-direction: column; justify-content: space-between;'>\n<div style='font-weight: bold; font-size: 18px; color: inherit;'>Funci\u00f3n de Capa 3<\/div>\n<div style='margin-top: 10px; color: inherit; font-size: 14px;'> IP Interfaces&comma; Routing Table&comma; Routing Protocols <\/div>\n<\/p><\/div>\n<\/p><\/div>\n<\/p><\/div>\n<p> <!-- Separador final --> <\/p>\n<hr style='border: 0; border-top: 1px solid rgba(150&comma; 150&comma; 150&comma; 0.3); margin: 30px 0;'> <\/div>\n","protected":false},"excerpt":{"rendered":"<p>Switch PoE Industrial Capa 3, Con 24 Puertos PoE Gigabit  802.3af\/at, 4 Puertos SFP Compartidos 100 \/ 1000X, Soporta temperaturas extremas de -40 ~ 75\u00b0C<\/p>\n","protected":false},"featured_media":76553,"comment_status":"open","ping_status":"closed","template":"","meta":[],"product_brand":[],"product_cat":[1984],"product_tag":[1985,664,2033],"class_list":{"0":"post-76554","1":"product","2":"type-product","3":"status-publish","4":"has-post-thumbnail","6":"product_cat-industrial","7":"product_tag-industrial","8":"product_tag-networking","9":"product_tag-planet","11":"first","12":"instock","13":"sale","14":"shipping-taxable","15":"purchasable","16":"product-type-simple"},"_links":{"self":[{"href":"https:\/\/soydeaqui.ddns.net\/pachuca\/index.php\/wp-json\/wp\/v2\/product\/76554","targetHints":{"allow":["GET"]}}],"collection":[{"href":"https:\/\/soydeaqui.ddns.net\/pachuca\/index.php\/wp-json\/wp\/v2\/product"}],"about":[{"href":"https:\/\/soydeaqui.ddns.net\/pachuca\/index.php\/wp-json\/wp\/v2\/types\/product"}],"replies":[{"embeddable":true,"href":"https:\/\/soydeaqui.ddns.net\/pachuca\/index.php\/wp-json\/wp\/v2\/comments?post=76554"}],"wp:featuredmedia":[{"embeddable":true,"href":"https:\/\/soydeaqui.ddns.net\/pachuca\/index.php\/wp-json\/wp\/v2\/media\/76553"}],"wp:attachment":[{"href":"https:\/\/soydeaqui.ddns.net\/pachuca\/index.php\/wp-json\/wp\/v2\/media?parent=76554"}],"wp:term":[{"taxonomy":"product_brand","embeddable":true,"href":"https:\/\/soydeaqui.ddns.net\/pachuca\/index.php\/wp-json\/wp\/v2\/product_brand?post=76554"},{"taxonomy":"product_cat","embeddable":true,"href":"https:\/\/soydeaqui.ddns.net\/pachuca\/index.php\/wp-json\/wp\/v2\/product_cat?post=76554"},{"taxonomy":"product_tag","embeddable":true,"href":"https:\/\/soydeaqui.ddns.net\/pachuca\/index.php\/wp-json\/wp\/v2\/product_tag?post=76554"}],"curies":[{"name":"wp","href":"https:\/\/api.w.org\/{rel}","templated":true}]}}