{"id":7655,"date":"2026-03-18T06:58:59","date_gmt":"2026-03-18T06:58:59","guid":{"rendered":"https:\/\/soydeaqui.ddns.net\/pachuca\/index.php\/producto\/detector-de-rayo-fotoelectrico-3-rayos-4-frecuencias-50mts-exterior-alimentacion-12-24-vcc\/"},"modified":"2026-03-18T06:59:02","modified_gmt":"2026-03-18T06:59:02","slug":"detector-de-rayo-fotoelectrico-3-rayos-4-frecuencias-50mts-exterior-alimentacion-12-24-vcc","status":"publish","type":"product","link":"https:\/\/soydeaqui.ddns.net\/pachuca\/index.php\/producto\/detector-de-rayo-fotoelectrico-3-rayos-4-frecuencias-50mts-exterior-alimentacion-12-24-vcc\/","title":{"rendered":"Detector de rayo fotoel\u00e9ctrico \/ 3 rayos \/ 4 frecuencias \/ 50mts exterior \/ Alimentacion 12-24 Vcc"},"content":{"rendered":"<div style='width: 100%; max-width: 1200px; margin: 0 auto; font-family: sans-serif; line-height: 1.6; color: inherit;'> <!-- Imagen principal --> <\/p>\n<div style='margin: 20px 0; text-align: center;'> <img style='width: 100%; max-width: 500px; height: auto; border: 1px solid rgba(150&comma;150&comma;150&comma;0.3); border-radius: 8px;' src='https:\/\/http2.mlstatic.com\/sirena-alarma-12v-30w-para-alarma-muy-potente-sf581l-sfire-D_NQ_NP_965156-MLM29222112039_012019-O.jpg' alt=''> <\/div>\n<p> <!-- Descripci\u00f3n --> <\/p>\n<div style='margin: 25px 0; font-size: 15px;'>\n<p>Toda la serie de detectores fotoel\u00e9ctricos de S FIRE\u00ae cuentan con un exclusivo dise\u00f1o de la cubierta que evita falsas alarmas por lluvia&comma; nieve y reflejos producidos por el sol. Los canales de rayo fotoel\u00e9ctricos son digitales lo que permite una perfecta sincronizaci\u00f3n entre el trasmisor y el receptor&comma; evitando falsas alarmas por interferencias o equipos similares&comma; un ajuste que garantiza el correcto funcionamiento&comma; mediante LED indicador.<\/p>\n<p>Los modelos fotoel\u00e9ctricos de la marca SFIRE tienen la tecnolog\u00eda adecuada para poderse instalar en exterior y si es el caso en interior. Consta de 2 dispositivos como lo son el Emisor y el Receptor para poder tener una barrera de rayos fotoel\u00e9ctricos.<\/p>\n<\/p><\/div>\n<p> <!-- Im\u00e1genes adicionales --> <\/p>\n<div style='display: flex; flex-wrap: wrap; gap: 20px; margin: 30px 0; justify-content: center;'>\n<div style='flex: 1 1 300px; min-width: 280px;'> <img style='width: 100%; height: auto; border: 1px solid rgba(150&comma;150&comma;150&comma;0.3); border-radius: 8px;' src='http:\/\/ftp3.syscom.mx\/usuarios\/fotos\/recursos\/SFE50img1.png' alt=''> <\/div>\n<div style='flex: 1 1 300px; min-width: 280px;'> <img style='width: 100%; height: auto; border: 1px solid rgba(150&comma;150&comma;150&comma;0.3); border-radius: 8px;' src='http:\/\/ftp3.syscom.mx\/usuarios\/fotos\/recursos\/SFE50img2.png' alt=''> <\/div>\n<\/p><\/div>\n<p> <!-- Separador --> <\/p>\n<hr style='border: 0; border-top: 1px solid rgba(150&comma; 150&comma; 150&comma; 0.3); margin: 30px 0;'> <!-- Descripci\u00f3n adicional --> <\/p>\n<div style='margin: 25px 0; font-size: 15px;'>\n<p>Cada modelo cuenta con 1 par de detectores fotoel\u00e9ctricos compatibles con todas las marcas de paneles de alarma como los son Honeywell&comma; PIMA&comma; CROW&comma; DSC&comma; PARADOX&comma; etc. Adem\u00e1s de su sencilla instalaci\u00f3n nos permite tener un sonido a trav\u00e9s de un peque\u00f1o buzzer que tiene integrado en dado caso si se llega a tapar uno de los rayos fotoel\u00e9ctricos.<\/p>\n<p>Los modelos SFE le brindan mayor nivel de seguridad ya que ofrecen una protecci\u00f3n con 3 rayos infrarrojos los cuales tiene que ser obstruidos simult\u00e1neamente para generar alarma.<\/p>\n<\/p><\/div>\n<p> <!-- Secci\u00f3n de especificaciones --> <\/p>\n<div style='display: flex; flex-wrap: wrap; gap: 20px; margin: 30px 0;'>\n<div style='flex: 1 1 250px; border: 1px solid rgba(150&comma; 150&comma; 150&comma; 0.4); border-radius: 8px; overflow: hidden; display: flex; flex-direction: column;'>\n<div style='padding: 15px; border-bottom: 1px solid rgba(150&comma; 150&comma; 150&comma; 0.2); font-weight: bold; font-size: 18px; color: inherit;'>Caracter\u00edsticas principales:<\/div>\n<div style='padding: 15px; color: inherit;'>\n<ul style='padding-left: 20px; margin: 0; font-size: 14px; list-style-type: disc;'>\n<li style='margin-bottom: 5px;'><strong>Distancia en interior sin tapa:<\/strong> 150m<\/li>\n<li style='margin-bottom: 5px;'><strong>Distancia en exterior:<\/strong> 50m<\/li>\n<li style='margin-bottom: 5px;'><strong>Tiempo de respuesta:<\/strong> 50&comma;100&comma; 300 y 700 milisegundos<\/li>\n<li style='margin-bottom: 5px;'><strong>Salida de alarma:<\/strong> Relay tipo C<\/li>\n<\/ul><\/div>\n<\/p><\/div>\n<div style='flex: 1 1 250px; border: 1px solid rgba(150&comma; 150&comma; 150&comma; 0.4); border-radius: 8px; overflow: hidden; display: flex; flex-direction: column;'>\n<div style='padding: 15px; border-bottom: 1px solid rgba(150&comma; 150&comma; 150&comma; 0.2); font-weight: bold; font-size: 18px; color: inherit;'>Caracter\u00edsticas F\u00edsicas y El\u00e9ctricas:<\/div>\n<div style='padding: 15px; color: inherit;'>\n<ul style='padding-left: 20px; margin: 0; font-size: 14px; list-style-type: disc;'>\n<li style='margin-bottom: 5px;'><strong>Alimentaci\u00f3n:<\/strong> 12-24 Vcc \/ 9-20Vca<\/li>\n<li style='margin-bottom: 5px;'><strong>Consumo:<\/strong> 70 mA<\/li>\n<li style='margin-bottom: 5px;'><strong>Tamper:<\/strong> Normalmente cerrado<\/li>\n<li style='margin-bottom: 5px;'><strong>Temperatura de operaci\u00f3n:<\/strong> -25 a 55 \u00b0C<\/li>\n<li style='margin-bottom: 5px;'><strong>Humedad:<\/strong> 95%<\/li>\n<li style='margin-bottom: 5px;'><strong>Clasificaci\u00f3n IP:<\/strong> IP65<\/li>\n<li style='margin-bottom: 5px;'><strong>Dimensiones:<\/strong> 92 x 90.5 x 290.8 mm<\/li>\n<\/ul><\/div>\n<\/p><\/div>\n<div style='flex: 1 1 250px; border: 1px solid rgba(150&comma; 150&comma; 150&comma; 0.4); border-radius: 8px; overflow: hidden; display: flex; flex-direction: column;'>\n<div style='padding: 15px; border-bottom: 1px solid rgba(150&comma; 150&comma; 150&comma; 0.2); font-weight: bold; font-size: 18px; color: inherit;'>Caracter\u00edsticas Destacadas:<\/div>\n<div style='padding: 15px; color: inherit;'>\n<ul style='padding-left: 20px; margin: 0; font-size: 14px; list-style-type: disc;'>\n<li style='margin-bottom: 5px;'><strong>Montaje:<\/strong> Poste o pared<\/li>\n<li style='margin-bottom: 5px;'><strong>Peso:<\/strong> 1.67 kg<\/li>\n<li style='margin-bottom: 5px;'><strong>Cableado:<\/strong> S\u00ed<\/li>\n<li style='margin-bottom: 5px;'><strong>Compatibilidad:<\/strong> Con la mayor\u00eda de los paneles de alarma del mercado<\/li>\n<\/ul><\/div>\n<\/p><\/div>\n<\/p><\/div>\n<\/p><\/div>\n","protected":false},"excerpt":{"rendered":"<p>Detector de rayo fotoel\u00e9ctrico \/ 3 rayos \/ 4 frecuencias \/ 50mts exterior \/ Alimentacion 12-24 Vcc<\/p>\n","protected":false},"featured_media":7654,"comment_status":"open","ping_status":"closed","template":"","meta":[],"product_brand":[],"product_cat":[232],"product_tag":[19,233,79],"class_list":{"0":"post-7655","1":"product","2":"type-product","3":"status-publish","4":"has-post-thumbnail","6":"product_cat-fotoelectricos-y-microondas","7":"product_tag-detectores-sensores","8":"product_tag-fotoelectricos-y-microondas","9":"product_tag-sfire","11":"first","12":"instock","13":"sale","14":"shipping-taxable","15":"purchasable","16":"product-type-simple"},"_links":{"self":[{"href":"https:\/\/soydeaqui.ddns.net\/pachuca\/index.php\/wp-json\/wp\/v2\/product\/7655","targetHints":{"allow":["GET"]}}],"collection":[{"href":"https:\/\/soydeaqui.ddns.net\/pachuca\/index.php\/wp-json\/wp\/v2\/product"}],"about":[{"href":"https:\/\/soydeaqui.ddns.net\/pachuca\/index.php\/wp-json\/wp\/v2\/types\/product"}],"replies":[{"embeddable":true,"href":"https:\/\/soydeaqui.ddns.net\/pachuca\/index.php\/wp-json\/wp\/v2\/comments?post=7655"}],"wp:featuredmedia":[{"embeddable":true,"href":"https:\/\/soydeaqui.ddns.net\/pachuca\/index.php\/wp-json\/wp\/v2\/media\/7654"}],"wp:attachment":[{"href":"https:\/\/soydeaqui.ddns.net\/pachuca\/index.php\/wp-json\/wp\/v2\/media?parent=7655"}],"wp:term":[{"taxonomy":"product_brand","embeddable":true,"href":"https:\/\/soydeaqui.ddns.net\/pachuca\/index.php\/wp-json\/wp\/v2\/product_brand?post=7655"},{"taxonomy":"product_cat","embeddable":true,"href":"https:\/\/soydeaqui.ddns.net\/pachuca\/index.php\/wp-json\/wp\/v2\/product_cat?post=7655"},{"taxonomy":"product_tag","embeddable":true,"href":"https:\/\/soydeaqui.ddns.net\/pachuca\/index.php\/wp-json\/wp\/v2\/product_tag?post=7655"}],"curies":[{"name":"wp","href":"https:\/\/api.w.org\/{rel}","templated":true}]}}