{"id":7653,"date":"2026-03-18T06:58:58","date_gmt":"2026-03-18T06:58:58","guid":{"rendered":"https:\/\/soydeaqui.ddns.net\/pachuca\/index.php\/producto\/licencia-software-de-monitoreo-profesional-para-central-de-alarmas-version-red-cliente-servidor-disponible-para-cuentas-ilimitadas-stw-por-separado\/"},"modified":"2026-03-18T06:58:58","modified_gmt":"2026-03-18T06:58:58","slug":"licencia-software-de-monitoreo-profesional-para-central-de-alarmas-version-red-cliente-servidor-disponible-para-cuentas-ilimitadas-stw-por-separado","status":"publish","type":"product","link":"https:\/\/soydeaqui.ddns.net\/pachuca\/index.php\/producto\/licencia-software-de-monitoreo-profesional-para-central-de-alarmas-version-red-cliente-servidor-disponible-para-cuentas-ilimitadas-stw-por-separado\/","title":{"rendered":"Licencia, Software de Monitoreo Profesional, para central de alarmas, versi\u00f3n red cliente\/servidor, disponible para cuentas ilimitadas. STW por separado."},"content":{"rendered":"<div style='width: 100%; max-width: 1200px; margin: 0 auto; font-family: sans-serif; line-height: 1.6; color: inherit; background-color: transparent;'>\n<div style='text-align: center; margin-bottom: 30px;'>\n<h1 style='color: inherit; margin: 0 0 10px; font-size: 32px;'><strong>Securithor V2<\/strong><\/h1>\n<h3 style='color: inherit; margin: 0 0 20px; font-size: 18px;'>Software para monitoreo de Alarmas<\/h3>\n<p style='margin: 0 70px 10px; text-align: justify; font-size: 15px; color: inherit;'>SECURITHOR es el software de MCDI para la administraci\u00f3n de centrales de monitoreo&comma; basado en la experiencia del desarrollo de SAMM y WinSAMM durante m\u00e1s de 20 a\u00f1os&comma; preparado para el futuro funciona sobre sistemas operativos como Windows &comma; 10 y 11 Professional original.<\/p>\n<p style='margin: 10px 70px; text-align: justify; font-size: 15px; color: inherit;'>Es una herramienta fundamental que puede ser usada efectivamente tanto para 5&comma; 50&comma; 500 como hasta 50000 cuentas&comma; con una interfaz f\u00e1cil de usar su equipo de trabajo estar\u00e1 en completa operaci\u00f3n r\u00e1pidamente. As\u00ed mismo este cuenta con una impresionante gama de caracter\u00edsticas lo que le permitir\u00e1 personalizar las cuentas de sus clientes para cumplir con cualquier necesidad.<\/p>\n<p style='margin: 10px 70px 0; text-align: justify; font-size: 15px; color: inherit;'>El software SECURITHOR es escalable permiti\u00e9ndole crecer a medida que su negocio lo hace&comma; puede trabajar desde una estaci\u00f3n sencilla a m\u00faltiples estaciones en red permiti\u00e9ndole mejorar su tiempo de respuesta.<\/p>\n<\/p><\/div>\n<div style='display: flex; flex-wrap: wrap; gap: 30px; margin-bottom: 30px;'>\n<div style='flex: 1 1 300px; min-width: 280px;'>\n<div style='border-left: 5px solid #ff9d00; border-radius: 8px; padding: 15px; box-shadow: 2px 2px 10px rgba(216&comma;216&comma;216&comma;0.5);'>\n<h3 style='font-size: 18px; margin-top: 0; margin-bottom: 15px; color: inherit;'><strong>Caracter\u00edsticas principales:<\/strong><\/h3>\n<ul style='padding-left: 20px; font-size: 14px; color: inherit; list-style-type: disc;'>\n<li style='margin-bottom: 8px;'>Esta licencia servidor&comma; debe incluir minimo una licencia STW estaci\u00f3n de trabajo&comma; adquirir por separado.<\/li>\n<li style='margin-bottom: 8px;'>Video verificaci\u00f3n es necesario m\u00f3dulo CAMHIKAX&comma;<\/li>\n<li style='margin-bottom: 8px;'>Cuentas ilimitadas.<\/li>\n<li style='margin-bottom: 8px;'>El uso de operadores simult\u00e1neos&comma; depende de la cantidad de STW que tenga la licencia servidor.<\/li>\n<li style='margin-bottom: 8px;'>Notificaciones v\u00eda correo electr\u00f3nico.<\/li>\n<li style='margin-bottom: 8px;'>Programaci\u00f3n de env\u00edo de reportes autom\u00e1ticamente.<\/li>\n<li style='margin-bottom: 8px;'>Editor para reportes personalizados a su empresa.<\/li>\n<li style='margin-bottom: 8px;'>Alerta de alarma por sonido y color personalizado.<\/li>\n<li style='margin-bottom: 8px;'>Georreferenciaci\u00f3n de las cuentas en mapa Google<\/li>\n<li style='margin-bottom: 8px;'>Notas fijas en cada cuenta.<\/li>\n<li style='margin-bottom: 8px;'>Calendarios de Aperturas&comma; Cierra&comma; AutoTest&comma; Rondin&comma; etc.<\/li>\n<li style='margin-bottom: 8px;'>Desactivaci\u00f3n de cuenta cliente.<\/li>\n<li style='margin-bottom: 8px;'>Respaldo autom\u00e1tico de base de datos.<\/li>\n<\/ul><\/div>\n<\/p><\/div>\n<div style='flex: 1 1 300px; min-width: 280px;'>\n<div style='border-left: 5px solid #ff9d00; border-radius: 8px; padding: 15px; box-shadow: 2px 2px 10px rgba(216&comma;216&comma;216&comma;0.5);'>\n<h3 style='font-size: 18px; margin-top: 0; margin-bottom: 15px; color: inherit;'><strong>Caracter\u00edsticas principales:<\/strong><\/h3>\n<ul style='padding-left: 20px; font-size: 14px; color: inherit; list-style-type: disc;'>\n<li style='margin-bottom: 8px;'>M\u00f3dulo orden de servicio y carga de loyout para mapa de instalaci\u00f3n.<\/li>\n<li style='margin-bottom: 8px;'>Para el uso de Video HikConnect y HikPartnerPro&comma; es necesario Securithor versi\u00f3n 2.5.0 y m\u00f3dulo CAMHIKAX<\/li>\n<li style='margin-bottom: 8px;'>Recepci\u00f3n de imagen de PIRCAM AXPRO y eventos de panel AXPRO directo&comma; es necesario Securithor 2.5.0 y m\u00f3dulo CAMHIKAX<\/li>\n<li style='margin-bottom: 8px;'>Para Armar\/Desarmar Paneles Hikvision y PRO4G directo desde Securithor&comma; es necesario M2M2W y Securithor 2.4.1<\/li>\n<\/ul><\/div>\n<\/p><\/div>\n<div style='flex: 1 1 300px; min-width: 280px;'>\n<div style='border-left: 5px solid #ff9d00; border-radius: 8px; padding: 15px; box-shadow: 2px 2px 10px rgba(216&comma;216&comma;216&comma;0.5);'>\n<h3 style='font-size: 18px; margin-top: 0; margin-bottom: 15px; color: inherit;'><strong>Caracter\u00edsticas Destacadas:<\/strong><\/h3>\n<ul style='padding-left: 20px; font-size: 14px; color: inherit; list-style-type: disc;'>\n<li style='margin-bottom: 8px;'>Compatibilidad con todas las receptoras de alarma.<\/li>\n<li style='margin-bottom: 8px;'>Soporte gratis directo con MCDI en espa\u00f1ol 1 a\u00f1o.<\/li>\n<li style='margin-bottom: 8px;'>Ejecutable en 32 y 64 bits.<\/li>\n<li style='margin-bottom: 8px;'>Arquitectura PostgreSQL&comma; no requiere licencia SQL<\/li>\n<li style='margin-bottom: 8px;'>Soporte Windows &comma;10&comma; 11 Professional original y Windows Server.<\/li>\n<li style='margin-bottom: 8px;'>Requerimientos m\u00ednimos o superiores para PC Securithor&comma; <a href='https:\/\/soporte.syscom.mx\/es\/articles\/1602653-mcdi-requerimientos-minimos-pc-securithor-v2' style='color: inherit; text-decoration: underline;'>Aqu\u00ed<\/a><\/li>\n<li style='margin-bottom: 8px;'>Descargue demo gratis por 30 d\u00edas. <a href='https:\/\/securithor.com\/?page_id=3861&#038;lang=es' style='color: inherit; text-decoration: underline;'>Aqu\u00ed<\/a><\/li>\n<li style='margin-bottom: 8px;'>Algunas caracter\u00edsticas requieren un m\u00f3dulo adicional y otras una programaci\u00f3n previamente. Consulte al departamento de Ingenier\u00eda Syscom.<\/li>\n<li style='margin-bottom: 8px;'>PC recomendada <a href='https:\/\/www.syscom.mx\/producto\/NUCI7-16G-128G-INTEL-202255.html' style='color: inherit; text-decoration: underline;'><span style='font-weight: 600; color: inherit;'>NUCI7-16G-128G<\/span><\/a>. no incluye sistema operativo&comma; instalar un Windows &comma;10&comma;11 Pro o superior.<\/li>\n<li style='margin-bottom: 8px;'><a href='https:\/\/soporte.syscom.mx\/es\/articles\/5823893-mcdi-videos-de-apoyo-para-el-uso-de-securithor-v2-de-2-0-7-a-2-3-0' style='color: inherit; text-decoration: underline;'>Material de apoyo video tutoriales.<\/a><\/li>\n<li style='margin-bottom: 8px;'>Receptor virtual Hikvision y Securithor. <a href='https:\/\/soporte.syscom.mx\/es\/articles\/6313766-mcdi-receptora-virtual-hikvision-con-securithor-v2' style='color: inherit; text-decoration: underline;'>Aqu\u00ed.<\/a><\/li>\n<li style='margin-bottom: 8px;'>Nivel de Soporte T\u00e9cnico que abarca SYSCOM. <a href='https:\/\/docs.google.com\/document\/d\/1qn0BlQ8NMcm2h4fP7z5LhVv4qkL8LjOiGPfN4hvstuU\/edit?usp=sharing' style='color: inherit; text-decoration: underline;'>Aqu\u00ed.<\/a><\/li>\n<\/ul><\/div>\n<\/p><\/div>\n<\/p><\/div>\n<div style='display: flex; flex-wrap: wrap; gap: 30px; margin-bottom: 30px;'>\n<div style='flex: 1 1 450px; min-width: 300px;'>\n<div style='position: relative; padding-bottom: 56.25%; height: 0; overflow: hidden;'>   <\/div>\n<\/p><\/div>\n<div style='flex: 1 1 450px; min-width: 300px;'>\n<div style='position: relative; padding-bottom: 56.25%; height: 0; overflow: hidden;'>   <\/div>\n<\/p><\/div>\n<\/p><\/div>\n<div style='display: flex; flex-wrap: wrap; gap: 30px; margin-bottom: 30px;'>\n<div style='flex: 1 1 450px; min-width: 300px;'> <img style='width: 100%; height: auto; border: 1px solid rgba(150&comma;150&comma;150&comma;0.3); border-radius: 8px;' src='https:\/\/i.ibb.co\/Czf6rQQ\/MODULOS.png' alt='M\u00f3dulos adicionales de MCDI'> <\/div>\n<div style='flex: 1 1 450px; min-width: 300px;'>\n<h3 style='font-size: 20px; margin-top: 0; margin-bottom: 15px; color: inherit;'>Agregue valor a su servicio de monitoreo. Con los m\u00f3dulos adicionales de MCDI.<\/h3>\n<ul style='padding-left: 20px; font-size: 14px; color: inherit; list-style-type: disc;'>\n<li style='margin-bottom: 8px;'><strong>WAM.-<\/strong> Acceso web para el cliente.<\/li>\n<li style='margin-bottom: 8px;'><strong>APS.-<\/strong> Bot\u00f3n de P\u00e1nico en dispositivos m\u00f3viles.<\/li>\n<li style='margin-bottom: 8px;'><strong>PUSH1.-<\/strong> Notificaciones de eventos a una App en celular del cliente.<\/li>\n<li style='margin-bottom: 8px;'><strong>VERIFICATHOR1 y 2.-<\/strong> Notificaciones y confirmaci\u00f3n de eventos con el cliente final en su celular.<\/li>\n<li style='margin-bottom: 8px;'><strong>MCB10.-<\/strong> Control de guardias&comma; flotillas de instaladores o vendedores y \u00f3rdenes de servicio&comma; etc.<\/li>\n<li style='margin-bottom: 8px;'><strong>STM.-<\/strong> M\u00f3dulo de supervisor para la central de monitoreo.<\/li>\n<li style='margin-bottom: 8px;'><strong>WEBOPCH1.-<\/strong> M\u00f3dulo de interfaz web Securithor.<\/li>\n<li style='margin-bottom: 8px;'><strong>CTD.-<\/strong> Marque&comma; r\u00e1pido y con un clic sin fallas y errores&comma; PBX Sip protocolo. Y grabe la llamada.<\/li>\n<li style='margin-bottom: 8px;'><strong>M2M2W.-<\/strong> Arme y desarme directamente desde SECURITHOR paneles de alarma o comunicadores M2M.<\/li>\n<li style='margin-bottom: 8px;'><strong>CAMPREMIUM.-<\/strong> Integraci\u00f3n de CCTV protocolos Onvif y otros.<\/li>\n<li style='margin-bottom: 8px;'><strong>MCBGO25.-<\/strong> Control de guardias&comma; \u00f3rdenes de servicio&comma; ventas&comma; etc&comma; puede trabajar de forma independiente a SECURITHOR.<\/li>\n<li style='margin-bottom: 8px;'><strong>STSLBU.-<\/strong> Respaldo tipo espejo de la base de datos en un equipo alterno secundario.<\/li>\n<\/ul><\/div>\n<\/p><\/div>\n<p> <img style='width: 100%; max-width: 940px; height: auto; border: 1px solid rgba(150&comma;150&comma;150&comma;0.3); border-radius: 8px; display: block; margin: 0 auto 30px;' src='https:\/\/i.ibb.co\/rGK0mn2\/MGB-ST1-V2.jpg' alt='MCDI STSV2 Software de Monitoreo'> <\/p>\n<div style='margin-bottom: 20px;'>\n<p style='text-align: center; font-size: 14px; color: inherit;'>Para detalles o asesor\u00edas de nivel 2 o 3 que incluyan mantenimiento de base de datos y reparaci\u00f3n es necesario un plan de soporte con MCDI&comma; si as\u00ed fuera necesario.<\/p>\n<p style='text-align: center; font-size: 14px; color: inherit;'>Para actualizaciones futuras de mejoras y nuevas funciones en el software&comma; es necesario estar en un plan de soporte MCDI actualizado. Aplica restricciones.<\/p>\n<\/p><\/div>\n<\/p><\/div>\n","protected":false},"excerpt":{"rendered":"<p>Licencia, Software de Monitoreo Profesional, para central de alarmas, versi\u00f3n red cliente\/servidor, disponible para cuentas ilimitadas. STW por separado.<\/p>\n","protected":false},"featured_media":7652,"comment_status":"open","ping_status":"closed","template":"","meta":[],"product_brand":[],"product_cat":[39],"product_tag":[40,41,165,164],"class_list":{"0":"post-7653","1":"product","2":"type-product","3":"status-publish","4":"has-post-thumbnail","6":"product_cat-centrales-de-monitoreo-de-alarmas","7":"product_tag-centrales-de-monitoreo","8":"product_tag-centrales-de-monitoreo-de-alarmas","9":"product_tag-inc","10":"product_tag-mcdi-security-products","12":"first","13":"instock","14":"sale","15":"shipping-taxable","16":"purchasable","17":"product-type-simple"},"_links":{"self":[{"href":"https:\/\/soydeaqui.ddns.net\/pachuca\/index.php\/wp-json\/wp\/v2\/product\/7653","targetHints":{"allow":["GET"]}}],"collection":[{"href":"https:\/\/soydeaqui.ddns.net\/pachuca\/index.php\/wp-json\/wp\/v2\/product"}],"about":[{"href":"https:\/\/soydeaqui.ddns.net\/pachuca\/index.php\/wp-json\/wp\/v2\/types\/product"}],"replies":[{"embeddable":true,"href":"https:\/\/soydeaqui.ddns.net\/pachuca\/index.php\/wp-json\/wp\/v2\/comments?post=7653"}],"wp:featuredmedia":[{"embeddable":true,"href":"https:\/\/soydeaqui.ddns.net\/pachuca\/index.php\/wp-json\/wp\/v2\/media\/7652"}],"wp:attachment":[{"href":"https:\/\/soydeaqui.ddns.net\/pachuca\/index.php\/wp-json\/wp\/v2\/media?parent=7653"}],"wp:term":[{"taxonomy":"product_brand","embeddable":true,"href":"https:\/\/soydeaqui.ddns.net\/pachuca\/index.php\/wp-json\/wp\/v2\/product_brand?post=7653"},{"taxonomy":"product_cat","embeddable":true,"href":"https:\/\/soydeaqui.ddns.net\/pachuca\/index.php\/wp-json\/wp\/v2\/product_cat?post=7653"},{"taxonomy":"product_tag","embeddable":true,"href":"https:\/\/soydeaqui.ddns.net\/pachuca\/index.php\/wp-json\/wp\/v2\/product_tag?post=7653"}],"curies":[{"name":"wp","href":"https:\/\/api.w.org\/{rel}","templated":true}]}}