{"id":76525,"date":"2026-03-19T15:24:00","date_gmt":"2026-03-19T15:24:00","guid":{"rendered":"https:\/\/soydeaqui.ddns.net\/pachuca\/index.php\/producto\/switch-para-escritorio-8-puertos-10-100-1000mbps\/"},"modified":"2026-03-19T15:24:21","modified_gmt":"2026-03-19T15:24:21","slug":"switch-para-escritorio-8-puertos-10-100-1000mbps","status":"publish","type":"product","link":"https:\/\/soydeaqui.ddns.net\/pachuca\/index.php\/producto\/switch-para-escritorio-8-puertos-10-100-1000mbps\/","title":{"rendered":"Switch para escritorio 8 puertos 10\/100\/1000Mbps"},"content":{"rendered":"<div style='width: 100%; max-width: 1200px; margin: 0 auto; font-family: sans-serif; line-height: 1.6; color: inherit; background-color: transparent;'>\n<h2 style='font-size: 2.5em; font-weight: 400; line-height: 1.2; margin: 0; padding: 0; text-align: center; color: inherit; -webkit-text-stroke: 1px rgba(0&comma; 0&comma; 0&comma; 0);'>Deja que LiteWave te brinde una vida m\u00e1s ligera<\/h2>\n<p style='margin: 2em 0 0; padding: 0; font-size: 1.25em; line-height: 1.5; text-align: center; color: inherit; -webkit-text-stroke: 1px rgba(0&comma; 0&comma; 0&comma; 0);'> Los conmutadores no administrados de la serie TP-Link LiteWave proporcionan una forma f\u00e1cil y econ\u00f3mica de expandir tu red cableada. Son f\u00e1ciles de usar y confiables. Con estos conmutadores plug-and-play&comma; puedes expandir tus conexiones de red a m\u00faltiples dispositivos al instante. Con todos los puertos compatibles con Auto-MDI \/ MDIX&comma; no hay necesidad de preocuparse por el tipo de cable a utilizar. <\/p>\n<p> <!-- Secci\u00f3n de especificaciones --> <\/p>\n<div style='display: flex; flex-wrap: wrap; gap: 30px; margin-top: 3em;'>\n<div style='flex: 1 1 45%; min-width: 300px;'>\n<h3 style='font-size: 20px; border-bottom: 2px solid currentColor; padding-bottom: 8px; margin-top: 0; margin-bottom: 1.2em; color: inherit; opacity: 0.85; text-transform: uppercase;'>Caracter\u00edsticas de hardware<\/h3>\n<ul style='padding-left: 20px; font-size: 14px; color: inherit; list-style-type: none; margin: 0;'>\n<li style='margin-bottom: 12px;'><strong>Est\u00e1ndares y Protocolos:<\/strong> IEEE 802.3i\/802.3u\/802.3ab\/802.3x<\/li>\n<li style='margin-bottom: 12px;'><strong>Interface:<\/strong> 8\u00d7 10\/100\/1000Mbps&comma; Auto-Negotiation&comma; Auto-MDI\/MDIX Ports<\/li>\n<li style='margin-bottom: 12px;'><strong>Cantidad de Ventiladores:<\/strong> Fanless<\/li>\n<li style='margin-bottom: 12px;'><strong>Fuente de Alimentaci\u00f3n Externa:<\/strong> External Power Adapter (Output: 5VDC \/ 0.6A)<\/li>\n<li style='margin-bottom: 12px;'><strong>Dimensiones (W X D X H):<\/strong> 5.0 \u00d7 2.6 \u00d7 0.9 in. (127 \u00d7 66.5 \u00d7 23 mm)<\/li>\n<li style='margin-bottom: 12px;'><strong>Consumo M\u00e1ximo de energ\u00eda:<\/strong> 4.89W<\/li>\n<li style='margin-bottom: 12px;'><strong>Disipaci\u00f3n M\u00e1xima de Calor:<\/strong> 13.299 BTU\/h<\/li>\n<\/ul><\/div>\n<div style='flex: 1 1 45%; min-width: 300px;'>\n<h3 style='font-size: 20px; border-bottom: 2px solid currentColor; padding-bottom: 8px; margin-top: 0; margin-bottom: 1.2em; color: inherit; opacity: 0.85; text-transform: uppercase;'>Rendimiento<\/h3>\n<ul style='padding-left: 20px; font-size: 14px; color: inherit; list-style-type: none; margin: 0;'>\n<li style='margin-bottom: 12px;'><strong>Capacidad de Switcheo:<\/strong> 16 Gbps<\/li>\n<li style='margin-bottom: 12px;'><strong>Tasa de Reenv\u00edo de Paquetes:<\/strong> 11.9 Mpps<\/li>\n<li style='margin-bottom: 12px;'><strong>Tabla de MAC Address:<\/strong> 4K<\/li>\n<li style='margin-bottom: 12px;'><strong>Paquetes de Memoria de b\u00fafer:<\/strong> 1.5 Mb<\/li>\n<li style='margin-bottom: 12px;'><strong>Jumbo Frame:<\/strong> 16 KB<\/li>\n<\/ul>\n<h3 style='font-size: 20px; border-bottom: 2px solid currentColor; padding-bottom: 8px; margin-top: 2em; margin-bottom: 1.2em; color: inherit; opacity: 0.85; text-transform: uppercase;'>Caracter\u00edsticas de software<\/h3>\n<ul style='padding-left: 20px; font-size: 14px; color: inherit; list-style-type: none; margin: 0;'>\n<li style='margin-bottom: 12px;'><strong>Caracter\u00edsticas Avanzadas:<\/strong> Green Technology&comma; 802.3X Flow Control&comma; Back Pressure<\/li>\n<li style='margin-bottom: 12px;'><strong>M\u00e9todo de Transferencia:<\/strong> Store and Forward<\/li>\n<\/ul>\n<h3 style='font-size: 20px; border-bottom: 2px solid currentColor; padding-bottom: 8px; margin-top: 2em; margin-bottom: 1.2em; color: inherit; opacity: 0.85; text-transform: uppercase;'>Otros<\/h3>\n<ul style='padding-left: 20px; font-size: 14px; color: inherit; list-style-type: none; margin: 0;'>\n<li style='margin-bottom: 12px;'><strong>Certificaci\u00f3n:<\/strong> CE&comma; FCC&comma; RoHS<\/li>\n<li style='margin-bottom: 12px;'><strong>Contenidos del Paquete:<\/strong> 8-Port 10\/100\/1000Mbps Desktop Switch&comma; Power Adapter&comma; Installation Guide<\/li>\n<li style='margin-bottom: 12px;'><strong>Ambiente:<\/strong> Operating Temperature: 0\u00b0C~40\u00b0C (32\u00b0F~104\u00b0F)&comma; Storage Temperature: -40\u00b0C~70\u00b0C (-40\u00b0F~158\u00b0F)&comma; Operating Humidity: 10% ~ 90% non-condensing&comma; Storage Humidity: 5%~90% non-condensing<\/li>\n<\/ul><\/div>\n<\/p><\/div>\n<\/p><\/div>\n","protected":false},"excerpt":{"rendered":"<p>Switch para escritorio 8 puertos 10\/100\/1000Mbps<\/p>\n","protected":false},"featured_media":76524,"comment_status":"open","ping_status":"closed","template":"","meta":[],"product_brand":[],"product_cat":[1970],"product_tag":[664,1971,71],"class_list":{"0":"post-76525","1":"product","2":"type-product","3":"status-publish","4":"has-post-thumbnail","6":"product_cat-switches","7":"product_tag-networking","8":"product_tag-switches","9":"product_tag-tp-link","11":"first","12":"instock","13":"sale","14":"shipping-taxable","15":"purchasable","16":"product-type-simple"},"_links":{"self":[{"href":"https:\/\/soydeaqui.ddns.net\/pachuca\/index.php\/wp-json\/wp\/v2\/product\/76525","targetHints":{"allow":["GET"]}}],"collection":[{"href":"https:\/\/soydeaqui.ddns.net\/pachuca\/index.php\/wp-json\/wp\/v2\/product"}],"about":[{"href":"https:\/\/soydeaqui.ddns.net\/pachuca\/index.php\/wp-json\/wp\/v2\/types\/product"}],"replies":[{"embeddable":true,"href":"https:\/\/soydeaqui.ddns.net\/pachuca\/index.php\/wp-json\/wp\/v2\/comments?post=76525"}],"wp:featuredmedia":[{"embeddable":true,"href":"https:\/\/soydeaqui.ddns.net\/pachuca\/index.php\/wp-json\/wp\/v2\/media\/76524"}],"wp:attachment":[{"href":"https:\/\/soydeaqui.ddns.net\/pachuca\/index.php\/wp-json\/wp\/v2\/media?parent=76525"}],"wp:term":[{"taxonomy":"product_brand","embeddable":true,"href":"https:\/\/soydeaqui.ddns.net\/pachuca\/index.php\/wp-json\/wp\/v2\/product_brand?post=76525"},{"taxonomy":"product_cat","embeddable":true,"href":"https:\/\/soydeaqui.ddns.net\/pachuca\/index.php\/wp-json\/wp\/v2\/product_cat?post=76525"},{"taxonomy":"product_tag","embeddable":true,"href":"https:\/\/soydeaqui.ddns.net\/pachuca\/index.php\/wp-json\/wp\/v2\/product_tag?post=76525"}],"curies":[{"name":"wp","href":"https:\/\/api.w.org\/{rel}","templated":true}]}}