{"id":76519,"date":"2026-03-19T15:23:48","date_gmt":"2026-03-19T15:23:48","guid":{"rendered":"https:\/\/soydeaqui.ddns.net\/pachuca\/index.php\/producto\/switch-para-escritorio-5-puertos-10-100-1000mbps\/"},"modified":"2026-03-19T15:23:58","modified_gmt":"2026-03-19T15:23:58","slug":"switch-para-escritorio-5-puertos-10-100-1000mbps","status":"publish","type":"product","link":"https:\/\/soydeaqui.ddns.net\/pachuca\/index.php\/producto\/switch-para-escritorio-5-puertos-10-100-1000mbps\/","title":{"rendered":"Switch para escritorio 5 puertos 10\/100\/1000Mbps"},"content":{"rendered":"<div style='width: 100%; max-width: 1200px; margin: 0 auto; font-family: sans-serif; line-height: 1.6; color: inherit; background-color: transparent;'> <!-- Secci\u00f3n de caracter\u00edsticas --> <\/p>\n<div style='display: flex; flex-wrap: wrap; gap: 30px; margin-bottom: 30px;'>\n<div style='flex: 1 1 300px; min-width: 280px;'>\n<h3 style='font-size: 22px; border-bottom: 2px solid currentColor; padding-bottom: 5px; margin-top: 0; color: inherit; opacity: 0.8;'>CARACTER\u00cdSTICAS DE HARDWARE<\/h3>\n<ul style='padding-left: 20px; font-size: 15px; color: inherit;'>\n<li style='margin-bottom: 5px;'><strong>Est\u00e1ndares y Protocolos:<\/strong> IEEE 802.3i\/802.3u\/ 802.3ab\/802.3x<\/li>\n<li style='margin-bottom: 5px;'><strong>Interface:<\/strong> 5\u00d7 10\/100\/1000Mbps&comma; Auto-Negotiation&comma; Auto-MDI\/MDIX Ports<\/li>\n<li style='margin-bottom: 5px;'><strong>Cantidad de Ventiladores:<\/strong> Fanless<\/li>\n<li style='margin-bottom: 5px;'><strong>Fuente de Alimentaci\u00f3n Externa:<\/strong> External Power Adapter (Output: 5VDC\/0.6A)<\/li>\n<li style='margin-bottom: 5px;'><strong>Dimensiones (W X D X H):<\/strong> 3.5 \u00d7 2.8 \u00d7 0.9 in. (90 \u00d7 72 \u00d7 23 mm)<\/li>\n<li style='margin-bottom: 5px;'><strong>Consumo M\u00e1ximo de energ\u00eda:<\/strong> 3.7W<\/li>\n<li style='margin-bottom: 5px;'><strong>Disipaci\u00f3n M\u00e1xima de Calor:<\/strong> 12.617 BTU\/h<\/li>\n<\/ul><\/div>\n<\/p><\/div>\n<p> <!-- Secci\u00f3n de rendimiento --> <\/p>\n<div style='display: flex; flex-wrap: wrap; gap: 30px; margin-bottom: 30px;'>\n<div style='flex: 1 1 300px; min-width: 280px;'>\n<h3 style='font-size: 22px; border-bottom: 2px solid currentColor; padding-bottom: 5px; margin-top: 0; color: inherit; opacity: 0.8;'>RENDIMIENTO<\/h3>\n<ul style='padding-left: 20px; font-size: 15px; color: inherit;'>\n<li style='margin-bottom: 5px;'><strong>Capacidad de Switcheo:<\/strong> 10 Gbps<\/li>\n<li style='margin-bottom: 5px;'><strong>Tasa de Reenv\u00edo de Paquetes:<\/strong> 7.4 Mpps<\/li>\n<li style='margin-bottom: 5px;'><strong>Tabla de MAC Address:<\/strong> 2K<\/li>\n<li style='margin-bottom: 5px;'><strong>Paquetes de Memoria de b\u00fafer:<\/strong> 1.5 Mb<\/li>\n<li style='margin-bottom: 5px;'><strong>Jumbo Frame:<\/strong> 16 KB<\/li>\n<\/ul><\/div>\n<\/p><\/div>\n<p> <!-- Secci\u00f3n de caracter\u00edsticas de software --> <\/p>\n<div style='display: flex; flex-wrap: wrap; gap: 30px; margin-bottom: 30px;'>\n<div style='flex: 1 1 300px; min-width: 280px;'>\n<h3 style='font-size: 22px; border-bottom: 2px solid currentColor; padding-bottom: 5px; margin-top: 0; color: inherit; opacity: 0.8;'>CARACTER\u00cdSTICAS DE SOFTWARE<\/h3>\n<ul style='padding-left: 20px; font-size: 15px; color: inherit;'>\n<li style='margin-bottom: 5px;'><strong>Caracter\u00edsticas Avanzadas:<\/strong> Green Technology&comma; 802.3X Flow Control&comma; Back Pressure<\/li>\n<li style='margin-bottom: 5px;'><strong>M\u00e9todo de Transferencia:<\/strong> Store and Forward<\/li>\n<\/ul><\/div>\n<\/p><\/div>\n<p> <!-- Secci\u00f3n de otros --> <\/p>\n<div style='display: flex; flex-wrap: wrap; gap: 30px; margin-bottom: 30px;'>\n<div style='flex: 1 1 300px; min-width: 280px;'>\n<h3 style='font-size: 22px; border-bottom: 2px solid currentColor; padding-bottom: 5px; margin-top: 0; color: inherit; opacity: 0.8;'>OTROS<\/h3>\n<ul style='padding-left: 20px; font-size: 15px; color: inherit;'>\n<li style='margin-bottom: 5px;'><strong>Certificacion:<\/strong> CE&comma; FCC&comma; RoHS<\/li>\n<li style='margin-bottom: 5px;'><strong>Contenidos del Paquete:<\/strong> 5-Port 10\/100\/1000Mbps Desktop Switch&comma; Power Adapter&comma; Installation Guide<\/li>\n<li style='margin-bottom: 5px;'><strong>Ambiente:<\/strong> Operating Temperature: 0\u00b0C~40\u00b0C (32\u00b0F~104\u00b0F)&comma; Storage Temperature: -40\u00b0C~70\u00b0C (-40\u00b0F~158\u00b0F)&comma; Operating Humidity: 10% ~ 90% non-condensing&comma; Storage Humidity: 5%~90% non-condensing<\/li>\n<\/ul><\/div>\n<\/p><\/div>\n<p> <!-- Separador --> <\/p>\n<hr style='border: 0; border-top: 1px solid rgba(150&comma; 150&comma; 150&comma; 0.3); margin: 30px 0;'> <\/div>\n","protected":false},"excerpt":{"rendered":"<p>Switch para escritorio 5 puertos 10\/100\/1000Mbps<\/p>\n","protected":false},"featured_media":76518,"comment_status":"open","ping_status":"closed","template":"","meta":[],"product_brand":[],"product_cat":[1970],"product_tag":[664,1971,71],"class_list":{"0":"post-76519","1":"product","2":"type-product","3":"status-publish","4":"has-post-thumbnail","6":"product_cat-switches","7":"product_tag-networking","8":"product_tag-switches","9":"product_tag-tp-link","11":"first","12":"instock","13":"sale","14":"shipping-taxable","15":"purchasable","16":"product-type-simple"},"_links":{"self":[{"href":"https:\/\/soydeaqui.ddns.net\/pachuca\/index.php\/wp-json\/wp\/v2\/product\/76519","targetHints":{"allow":["GET"]}}],"collection":[{"href":"https:\/\/soydeaqui.ddns.net\/pachuca\/index.php\/wp-json\/wp\/v2\/product"}],"about":[{"href":"https:\/\/soydeaqui.ddns.net\/pachuca\/index.php\/wp-json\/wp\/v2\/types\/product"}],"replies":[{"embeddable":true,"href":"https:\/\/soydeaqui.ddns.net\/pachuca\/index.php\/wp-json\/wp\/v2\/comments?post=76519"}],"wp:featuredmedia":[{"embeddable":true,"href":"https:\/\/soydeaqui.ddns.net\/pachuca\/index.php\/wp-json\/wp\/v2\/media\/76518"}],"wp:attachment":[{"href":"https:\/\/soydeaqui.ddns.net\/pachuca\/index.php\/wp-json\/wp\/v2\/media?parent=76519"}],"wp:term":[{"taxonomy":"product_brand","embeddable":true,"href":"https:\/\/soydeaqui.ddns.net\/pachuca\/index.php\/wp-json\/wp\/v2\/product_brand?post=76519"},{"taxonomy":"product_cat","embeddable":true,"href":"https:\/\/soydeaqui.ddns.net\/pachuca\/index.php\/wp-json\/wp\/v2\/product_cat?post=76519"},{"taxonomy":"product_tag","embeddable":true,"href":"https:\/\/soydeaqui.ddns.net\/pachuca\/index.php\/wp-json\/wp\/v2\/product_tag?post=76519"}],"curies":[{"name":"wp","href":"https:\/\/api.w.org\/{rel}","templated":true}]}}