{"id":76514,"date":"2026-03-19T15:23:35","date_gmt":"2026-03-19T15:23:35","guid":{"rendered":"https:\/\/soydeaqui.ddns.net\/pachuca\/index.php\/producto\/olt-carrier-class-modular-gpon-16-ranuras-de-servicio-incluye-1-tarjeta-de-servicio-crecimiento-hasta-256-puertos-gpon-o-128-xgpon-gestion-por-unm2000-cli-incluye-instalacion-de-software-unm200\/"},"modified":"2026-03-19T15:23:44","modified_gmt":"2026-03-19T15:23:44","slug":"olt-carrier-class-modular-gpon-16-ranuras-de-servicio-incluye-1-tarjeta-de-servicio-crecimiento-hasta-256-puertos-gpon-o-128-xgpon-gestion-por-unm2000-cli-incluye-instalacion-de-software-unm200","status":"publish","type":"product","link":"https:\/\/soydeaqui.ddns.net\/pachuca\/index.php\/producto\/olt-carrier-class-modular-gpon-16-ranuras-de-servicio-incluye-1-tarjeta-de-servicio-crecimiento-hasta-256-puertos-gpon-o-128-xgpon-gestion-por-unm2000-cli-incluye-instalacion-de-software-unm200\/","title":{"rendered":"OLT Carrier Class Modular GPON, 16 Ranuras de Servicio, Incluye 1 Tarjeta de Servicio, crecimiento hasta 256 puertos GPON o 128 XGPON, Gesti\u00f3n por UNM2000, CLI, (Incluye Instalaci\u00f3n de Software UNM2000)"},"content":{"rendered":"<div style='width: 100%; max-width: 1200px; margin: 0 auto; font-family: sans-serif; line-height: 1.6; color: inherit; background-color: transparent;'>\n<div style='width: 100%; margin-bottom: 30px;'>\n<div style='width: 100%; max-width: 1200px; margin: 0 auto;'> <img style='width: 100%; height: auto; border: 1px solid rgba(150&comma;150&comma;150&comma;0.3); border-radius: 8px;' src='https:\/\/ftp3.syscom.mx\/usuarios\/fotos\/HG6543C\/187432-fiberjom.jpg' alt=''> <\/div>\n<\/p><\/div>\n<div style='font-size: 24px; margin-bottom: 30px; color: inherit; opacity: 0.8;'> La <strong>AN6000-17<\/strong> es una OLT Carrier Class con tecnolog\u00eda l\u00edder en la industria y admite todas las tarjetas de servicio en la parte frontal. Dispone de 16 ranuras de servicio y permite un crecimiento por medio de tarjetas de servicio de hasta 240 puertos GPON o 120 XGPON para integrar m\u00faltiples servicios. <\/div>\n<div style='display: flex; flex-wrap: wrap; gap: 30px; margin-bottom: 30px;'>\n<div style='flex: 1 1 300px; min-width: 280px;'>\n<h3 style='font-size: 22px; border-bottom: 2px solid currentColor; padding-bottom: 5px; margin-top: 0; color: inherit; opacity: 0.8;'>Caracter\u00edsticas principales<\/h3>\n<ul style='padding-left: 20px; font-size: 15px; color: inherit;'>\n<li style='margin-bottom: 5px;'><strong>20 SU<\/strong> Montaje en rack de 21&#8242;<\/li>\n<li style='margin-bottom: 5px;'><strong>Fuente redundante<\/strong> DC -48V<\/li>\n<li style='margin-bottom: 5px;'><strong>Dimensiones:<\/strong> 486 x 530 x 282 mm (Alto x Ancho x Profundidad)<\/li>\n<li style='margin-bottom: 5px;'><strong>Ranuras de Servicio:<\/strong> 16 (Incluye 1 tarjeta de servicio GPOA)<\/li>\n<li style='margin-bottom: 5px;'><strong>Capacidad de switching:<\/strong> 6.8T<\/li>\n<li style='margin-bottom: 5px;'><strong>Ancho de banda entre slots:<\/strong> 200 G<\/li>\n<li style='margin-bottom: 5px;'><strong>M\u00e1xima cantidad de ONTs:<\/strong> 16&comma;000<\/li>\n<li style='margin-bottom: 5px;'><strong>M\u00e1ximo n\u00famero de suscriptores 4K:<\/strong> 16&comma;000<\/li>\n<li style='margin-bottom: 5px;'><strong>MAC Address:<\/strong> 256 K<\/li>\n<li style='margin-bottom: 5px;'><strong>ARP\/Router:<\/strong> 128 K<\/li>\n<li style='margin-bottom: 5px;'><strong>Consumo en modo est\u00e1tico:<\/strong> 888W<\/li>\n<li style='margin-bottom: 5px;'><strong>Consumo t\u00edpico:<\/strong> 954W<\/li>\n<li style='margin-bottom: 5px;'><strong>Consumo m\u00e1ximo:<\/strong> 1208W<\/li>\n<\/ul><\/div>\n<div style='flex: 1 1 300px; min-width: 280px;'>\n<h3 style='font-size: 22px; border-bottom: 2px solid currentColor; padding-bottom: 5px; margin-top: 0; color: inherit; opacity: 0.8;'>Incluye<\/h3>\n<ul style='padding-left: 20px; font-size: 15px; color: inherit;'>\n<li style='margin-bottom: 5px;'>1 Subrack (chasis) AN6000-17 para montaje en rack de 21&#8242;<\/li>\n<li style='margin-bottom: 5px;'>1 Tarjeta de Servicio 16 puertos GPON (GPOA)<\/li>\n<li style='margin-bottom: 5px;'>16 m\u00f3dulos GPON SFP clase C+ (FH-PON-GP-20C)<\/li>\n<li style='margin-bottom: 5px;'>1 Unidad de Ventilacion (FAN)<\/li>\n<li style='margin-bottom: 5px;'>2 Fuentes de Alimentacion DC -48V (PIBA)<\/li>\n<li style='margin-bottom: 5px;'>2 Tarjetas controladoras (HSCA)<\/li>\n<li style='margin-bottom: 5px;'>1 Tarjeta Uplink (HU8A) con 8 puertos SFP+ 10G<\/li>\n<li style='margin-bottom: 5px;'>1 M\u00f3dulo Uplink adaptador SFP &#8211; RJ45 10\/100\/1000<\/li>\n<li style='margin-bottom: 5px;'>1 M\u00f3dulo Uplink SFP Gigabit 10 km (GE-OM10KM-V2)<\/li>\n<li style='margin-bottom: 5px;'>1 M\u00f3dulos Uplink SFP+ 10G 10 km (XGE-OM10KM-V2)<\/li>\n<li style='margin-bottom: 5px;'>1 Cable Ethernet RJ45 10m (cruzado)<\/li>\n<li style='margin-bottom: 5px;'>4 Jumper monomodo de fibra \u00f3ptica simplex LC-LC (OFC-LC\/PC-LC\/PC-S-30-20)<\/li>\n<li style='margin-bottom: 5px;'>16 Jumper monomodo de fibra \u00f3ptica simplex SC\/UPC-SC\/UPC (OFC-SC\/UPC-SC\/UPC-30-20)<\/li>\n<li style='margin-bottom: 5px; color: #d35400; text-decoration: underline; font-weight: bold;'>Instalaci\u00f3n de software UNM2000<\/li>\n<\/ul><\/div>\n<div style='flex: 1 1 300px; min-width: 280px;'>\n<h3 style='font-size: 22px; border-bottom: 2px solid currentColor; padding-bottom: 5px; margin-top: 0; color: inherit; opacity: 0.8;'>Aplicaciones<\/h3>\n<ul style='padding-left: 20px; font-size: 15px; color: inherit;'>\n<li style='margin-bottom: 5px;'>Proveedores de internet con tecnolog\u00eda FTTH<\/li>\n<li style='margin-bottom: 5px;'>Compatible con VoIP&comma; TDM&comma; Datos&comma; IPTV y CATV<\/li>\n<\/ul>\n<h3 style='font-size: 22px; border-bottom: 2px solid currentColor; padding-bottom: 5px; margin-top: 30px; margin-bottom: 15px; color: inherit; opacity: 0.8;'>Gu\u00eda de configuraci\u00f3n<\/h3>\n<p style='font-size: 15px; color: inherit;'> <a style='color: #0366d6; text-decoration: underline;' href='https:\/\/soporte.syscom.mx\/es\/collections\/4669876-configuracion-inicial' target='_blank' rel='noopener'>Gu\u00eda de configuraci\u00f3n b\u00e1sica AQU\u00cd<\/a> <\/p>\n<\/p><\/div>\n<\/p><\/div>\n<div style='display: flex; flex-wrap: wrap; gap: 30px; margin-bottom: 30px;'>\n<div style='flex: 1 1 300px; min-width: 280px;'>\n<h3 style='font-size: 22px; border-bottom: 2px solid currentColor; padding-bottom: 5px; margin-top: 0; color: inherit; opacity: 0.8;'>Software de gesti\u00f3n Fiberhome UNM2000<\/h3>\n<ul style='padding-left: 20px; font-size: 15px; color: inherit;'>\n<li style='margin-bottom: 5px; text-decoration: underline; font-weight: bold;'>Licencia sin costo.<\/li>\n<li style='margin-bottom: 5px; font-weight: bold;'>Mejora la eficiencia en la gesti\u00f3n.<\/li>\n<li style='margin-bottom: 5px; font-weight: bold;'>Configuraci\u00f3n de ONU\u00b4s\/ONT\u00b4s Fiberhome directamente desde la OLT.<\/li>\n<li style='margin-bottom: 5px; font-weight: bold;'>Reduce costos de mantenimiento.<\/li>\n<li style='margin-bottom: 5px; font-weight: bold;'>Perfil de auto aprovisionamiento con ONUs Fiberhome.<\/li>\n<li style='margin-bottom: 5px; text-decoration: underline;'> <a style='color: #0366d6; text-decoration: underline;' href='https:\/\/drive.google.com\/drive\/folders\/1HgSDVo2skDeTHcrXWCxaDklqEXn9Z38V?usp=sharing' target='_blank' rel='noopener'>Descargue el software aqu\u00ed.<\/a> <\/li>\n<\/ul><\/div>\n<div style='flex: 1 1 300px; min-width: 280px;'>\n<h3 style='font-size: 22px; border-bottom: 2px solid currentColor; padding-bottom: 5px; margin-top: 0; color: inherit; opacity: 0.8;'>Instalaci\u00f3n<\/h3>\n<p style='font-size: 15px; color: inherit;'> Para una correcta disipaci\u00f3n de calor&comma; necesita una unidad de rack libre en la parte superior e inferior. <\/p>\n<p> <img style='width: 100%; height: auto; border: 1px solid rgba(150&comma;150&comma;150&comma;0.3); border-radius: 8px;' src='https:\/\/ftp3.syscom.mx\/usuarios\/orobles\/FiberHome\/GPON\/OLT\/AN6001-G16_heat_dissipation.JPG' alt=''> <\/p>\n<p style='font-size: 15px; color: inherit; margin-top: 15px;'> Nota: En un gabinete se pueden instalar hasta 3 OLTs como m\u00e1ximo (Dejar al menos 1UR disponible entre cada OLT) <\/p>\n<\/p><\/div>\n<\/p><\/div>\n<hr style='border: 0; border-top: 1px solid rgba(150&comma;150&comma;150&comma;0.3); margin: 30px 0;'>\n<div style='display: flex; flex-wrap: wrap; gap: 30px;'>\n<div style='flex: 1 1 300px; min-width: 280px;'>\n<h3 style='font-size: 22px; border-bottom: 2px solid currentColor; padding-bottom: 5px; margin-top: 0; color: inherit; opacity: 0.8;'>UNM2000<\/h3>\n<p> <img style='width: 100%; height: auto; border: 1px solid rgba(150&comma;150&comma;150&comma;0.3); border-radius: 8px;' src='https:\/\/ftp3.syscom.mx\/usuarios\/fernando.hermosillo\/Fiberhome\/UNM2000.gif' alt='UNM2000'> <\/div>\n<\/p><\/div>\n<\/p><\/div>\n","protected":false},"excerpt":{"rendered":"<p>OLT Carrier Class Modular GPON, 16 Ranuras de Servicio, Incluye 1 Tarjeta de Servicio, crecimiento hasta 256 puertos GPON o 128 XGPON, Gesti\u00f3n por UNM2000, CLI, (Incluye Instalaci\u00f3n de Software UNM2000)<\/p>\n","protected":false},"featured_media":76513,"comment_status":"open","ping_status":"closed","template":"","meta":[],"product_brand":[],"product_cat":[2018],"product_tag":[639,2019,2011],"class_list":{"0":"post-76514","1":"product","2":"type-product","3":"status-publish","4":"has-post-thumbnail","6":"product_cat-olts","7":"product_tag-fiberhome","8":"product_tag-olts","9":"product_tag-redes-ftth-pon","11":"first","12":"instock","13":"sale","14":"shipping-taxable","15":"purchasable","16":"product-type-simple"},"_links":{"self":[{"href":"https:\/\/soydeaqui.ddns.net\/pachuca\/index.php\/wp-json\/wp\/v2\/product\/76514","targetHints":{"allow":["GET"]}}],"collection":[{"href":"https:\/\/soydeaqui.ddns.net\/pachuca\/index.php\/wp-json\/wp\/v2\/product"}],"about":[{"href":"https:\/\/soydeaqui.ddns.net\/pachuca\/index.php\/wp-json\/wp\/v2\/types\/product"}],"replies":[{"embeddable":true,"href":"https:\/\/soydeaqui.ddns.net\/pachuca\/index.php\/wp-json\/wp\/v2\/comments?post=76514"}],"wp:featuredmedia":[{"embeddable":true,"href":"https:\/\/soydeaqui.ddns.net\/pachuca\/index.php\/wp-json\/wp\/v2\/media\/76513"}],"wp:attachment":[{"href":"https:\/\/soydeaqui.ddns.net\/pachuca\/index.php\/wp-json\/wp\/v2\/media?parent=76514"}],"wp:term":[{"taxonomy":"product_brand","embeddable":true,"href":"https:\/\/soydeaqui.ddns.net\/pachuca\/index.php\/wp-json\/wp\/v2\/product_brand?post=76514"},{"taxonomy":"product_cat","embeddable":true,"href":"https:\/\/soydeaqui.ddns.net\/pachuca\/index.php\/wp-json\/wp\/v2\/product_cat?post=76514"},{"taxonomy":"product_tag","embeddable":true,"href":"https:\/\/soydeaqui.ddns.net\/pachuca\/index.php\/wp-json\/wp\/v2\/product_tag?post=76514"}],"curies":[{"name":"wp","href":"https:\/\/api.w.org\/{rel}","templated":true}]}}