{"id":76502,"date":"2026-03-19T15:23:04","date_gmt":"2026-03-19T15:23:04","guid":{"rendered":"https:\/\/soydeaqui.ddns.net\/pachuca\/index.php\/producto\/router-residencial-cnpilot-r195w-administracion-en-la-nube-5-puertos-gigabit-doble-banda-ideal-para-incrementar-experiencia-en-streaming\/"},"modified":"2026-03-19T15:23:15","modified_gmt":"2026-03-19T15:23:15","slug":"router-residencial-cnpilot-r195w-administracion-en-la-nube-5-puertos-gigabit-doble-banda-ideal-para-incrementar-experiencia-en-streaming","status":"publish","type":"product","link":"https:\/\/soydeaqui.ddns.net\/pachuca\/index.php\/producto\/router-residencial-cnpilot-r195w-administracion-en-la-nube-5-puertos-gigabit-doble-banda-ideal-para-incrementar-experiencia-en-streaming\/","title":{"rendered":"Router residencial cnPilot r195W administraci\u00f3n en la nube, 5 puertos Gigabit, doble banda, ideal para incrementar experiencia en streaming"},"content":{"rendered":"<div style='width: 100%; max-width: 1200px; margin: 0 auto; font-family: sans-serif; line-height: 1.6; color: inherit; background-color: transparent;'> <!-- T\u00edtulo principal --> <\/p>\n<h1 style='font-size: 2.625rem; margin: 0 0 0.875rem; font-weight: 400; line-height: 1.04762; color: inherit; text-shadow: rgba(0&comma;0&comma;0&comma;0.2) 2px 4px 3px; text-align: center;'> cnPilot r195W <\/h1>\n<p> <!-- Logo --> <\/p>\n<div style='text-align: center; margin: 20px 0;'> <img style='width: 100%; max-width: 426px; height: auto; border: 1px solid rgba(150&comma;150&comma;150&comma;0.3); border-radius: 8px;' src='https:\/\/ftp3.syscom.mx\/usuarios\/hortega\/Cambium\/cnpilot\/logopilot.png' alt='Logo cnPilot'> <\/div>\n<p> <!-- Especificaciones t\u00e9cnicas --> <\/p>\n<div style='display: flex; flex-wrap: wrap; gap: 10px; justify-content: center; margin: 20px 0;'>\n<div style='background: rgba(235&comma;235&comma;235&comma;0.8); border-radius: 3px; padding: 4px 13px; font-size: 15px; color: inherit; flex: 1 1 150px; min-width: 120px; text-align: center;'> Doble Banda 2.4 y 5 GHz <\/div>\n<div style='background: rgba(235&comma;235&comma;235&comma;0.8); border-radius: 3px; padding: 4px 13px; font-size: 15px; color: inherit; flex: 1 1 150px; min-width: 120px; text-align: center;'> 64 clientes <\/div>\n<div style='background: rgba(235&comma;235&comma;235&comma;0.8); border-radius: 3px; padding: 4px 13px; font-size: 15px; color: inherit; flex: 1 1 150px; min-width: 120px; text-align: center;'> 5 puertos Gigabit <\/div>\n<div style='background: rgba(235&comma;235&comma;235&comma;0.8); border-radius: 3px; padding: 4px 13px; font-size: 15px; color: inherit; flex: 1 1 150px; min-width: 120px; text-align: center;'> 8 SSID&#8217;s <\/div>\n<\/p><\/div>\n<p> <!-- Secciones de descripci\u00f3n --> <\/p>\n<div style='display: flex; flex-wrap: wrap; gap: 30px; margin: 40px 0;'>\n<div style='flex: 1 1 300px; min-width: 280px;'>\n<h3 style='font-size: 22px; border-bottom: 2px solid currentColor; padding-bottom: 5px; margin-top: 0; color: inherit; opacity: 0.8;'>Extienda la banda ancha inal\u00e1mbrica para WLAN residencial<\/h3>\n<p style='font-size: 15px; color: inherit; margin-bottom: 15px;'> El cnPilot r195W proporciona una soluci\u00f3n WLAN dom\u00e9stica de bajo costo y rendimiento robusto para extender el servicio de banda ancha de extremo a extremo hasta el hogar del suscriptor. <\/p>\n<p style='font-size: 15px; color: inherit; margin-bottom: 15px;'> Con cinco puertos Gigabit Ethernet y radios WLAN duales&comma; el r195W conecta f\u00e1cilmente todos los dispositivos en un hogar para una experiencia \u00f3ptima de transmisi\u00f3n de pel\u00edculas&comma; compartir redes sociales o navegar por Internet. <\/p>\n<ul style='padding-left: 20px; font-size: 15px; color: inherit;'>\n<li style='margin-bottom: 5px;'>802.11AC&comma; 2 \u00d7 2&comma; antenas de alta ganancia<\/li>\n<li style='margin-bottom: 5px;'>Firewall NAT acelerado por hardware<\/li>\n<li style='margin-bottom: 5px;'>Gestionado por cnMaestro; Nube&comma; MSP&comma; local<\/li>\n<\/ul><\/div>\n<div style='flex: 1 1 300px; min-width: 280px;'>\n<h3 style='font-size: 22px; border-bottom: 2px solid currentColor; padding-bottom: 5px; margin-top: 0; color: inherit; opacity: 0.8;'>Parte del tejido inal\u00e1mbrico de Cambium Networks<\/h3>\n<p style='font-size: 15px; color: inherit; margin-bottom: 15px;'> Los proveedores de servicios que aprovechan el poder de cnMaestro \u2122 para administrar una red de banda ancha podr\u00e1n integrar el r195W en la estructura inal\u00e1mbrica. <\/p>\n<p style='font-size: 15px; color: inherit; margin-bottom: 15px;'> A trav\u00e9s de la interfaz cnMaestro web-first&comma; el r195W presenta configuraci\u00f3n t\u00e1ctil cero&comma; alarmas con estado y KPI de tablero&comma; estado del dispositivo e informes de inventario. <\/p>\n<p style='font-size: 15px; color: inherit; margin-bottom: 15px;'> Como siempre&comma; la administraci\u00f3n de cnMaestro Essentials se ofrece sin cargo para la administraci\u00f3n de la nube o la administraci\u00f3n de la nube privada. <\/p>\n<\/p><\/div>\n<div style='flex: 1 1 300px; min-width: 280px;'>\n<h3 style='font-size: 22px; border-bottom: 2px solid currentColor; padding-bottom: 5px; margin-top: 0; color: inherit; opacity: 0.8;'>r195W vs prueba de cobertura r201<\/h3>\n<ul style='padding-left: 20px; font-size: 15px; color: inherit;'>\n<li style='margin-bottom: 5px;'>R195W muestra un excelente rango de se\u00f1al<\/li>\n<li style='margin-bottom: 5px;'>En la mayor\u00eda de los casos&comma; espere una mejor tasa en el rango<\/li>\n<li style='margin-bottom: 5px;'>Dise\u00f1o por capacidad&comma; no por cobertura<\/li>\n<\/ul><\/div>\n<\/p><\/div>\n<p> <!-- Im\u00e1genes comparativas --> <\/p>\n<div style='display: flex; flex-wrap: wrap; gap: 20px; justify-content: center; margin: 30px 0;'>\n<div style='flex: 1 1 300px; min-width: 280px;'> <img style='width: 100%; height: auto; border: 1px solid rgba(150&comma;150&comma;150&comma;0.3); border-radius: 8px;' src='https:\/\/cdn.cambiumnetworks.com\/wp-content\/uploads\/2019\/12\/r195w-radio-compare-scale.jpg' alt='Comparaci\u00f3n de cobertura'> <\/div>\n<div style='flex: 1 1 300px; min-width: 280px;'> <img style='width: 100%; height: auto; border: 1px solid rgba(150&comma;150&comma;150&comma;0.3); border-radius: 8px;' src='https:\/\/cdn.cambiumnetworks.com\/wp-content\/uploads\/2019\/12\/r195w-radio-compare.png' alt='Comparaci\u00f3n de radios'> <\/div>\n<\/p><\/div>\n<p> <!-- Caracter\u00edsticas t\u00e9cnicas --> <\/p>\n<div style='margin: 30px 0;'>\n<h3 style='font-size: 22px; border-bottom: 2px solid currentColor; padding-bottom: 5px; margin-top: 0; color: inherit; opacity: 0.8;'>Caracter\u00edsticas t\u00e9cnicas<\/h3>\n<ul style='padding-left: 20px; font-size: 15px; color: inherit;'>\n<li style='margin-bottom: 5px;'><strong>Desempe\u00f1o:<\/strong> 300 Mbps en 2.4 GHz y 867 Mbps en 5 GHz<\/li>\n<li style='margin-bottom: 5px;'><strong>Administraci\u00f3n:<\/strong> Gratuita en la nube mediante cnMaestro<\/li>\n<li style='margin-bottom: 5px;'><strong>Clientes:<\/strong> Hasta 64 clientes Wi-Fi<\/li>\n<li style='margin-bottom: 5px;'><strong>SSID:<\/strong> Hasta 8 SSID&#8217;s<\/li>\n<li style='margin-bottom: 5px;'><strong>QoS:<\/strong> Para una mejor experiencia en videojuegos o streaming<\/li>\n<li style='margin-bottom: 5px;'><strong>Antena:<\/strong> Ganancia de 5 dBi<\/li>\n<li style='margin-bottom: 5px;'><strong>Potencia:<\/strong> 27 dBm en 2.4 GHz y 20 dBm en 5 GHz<\/li>\n<li style='margin-bottom: 5px;'><strong>Alimentaci\u00f3n:<\/strong> Fuente 12 Vcc (incluida)<\/li>\n<\/ul><\/div>\n<p> <!-- Separador final --> <\/p>\n<hr style='border: 0; border-top: 1px solid rgba(150&comma;150&comma;150&comma;0.3); margin: 30px 0;'> <\/div>\n","protected":false},"excerpt":{"rendered":"<p>Router residencial cnPilot r195W administraci\u00f3n en la nube, 5 puertos Gigabit, doble banda, ideal para incrementar experiencia en streaming<\/p>\n","protected":false},"featured_media":76501,"comment_status":"open","ping_status":"closed","template":"","meta":[],"product_brand":[],"product_cat":[2024],"product_tag":[1316,1479,2025],"class_list":{"0":"post-76502","1":"product","2":"type-product","3":"status-publish","4":"has-post-thumbnail","6":"product_cat-routers-inalambricos","7":"product_tag-cambium-networks","8":"product_tag-redes-wifi","9":"product_tag-routers-inalambricos","11":"first","12":"outofstock","13":"sale","14":"shipping-taxable","15":"purchasable","16":"product-type-simple"},"_links":{"self":[{"href":"https:\/\/soydeaqui.ddns.net\/pachuca\/index.php\/wp-json\/wp\/v2\/product\/76502","targetHints":{"allow":["GET"]}}],"collection":[{"href":"https:\/\/soydeaqui.ddns.net\/pachuca\/index.php\/wp-json\/wp\/v2\/product"}],"about":[{"href":"https:\/\/soydeaqui.ddns.net\/pachuca\/index.php\/wp-json\/wp\/v2\/types\/product"}],"replies":[{"embeddable":true,"href":"https:\/\/soydeaqui.ddns.net\/pachuca\/index.php\/wp-json\/wp\/v2\/comments?post=76502"}],"wp:featuredmedia":[{"embeddable":true,"href":"https:\/\/soydeaqui.ddns.net\/pachuca\/index.php\/wp-json\/wp\/v2\/media\/76501"}],"wp:attachment":[{"href":"https:\/\/soydeaqui.ddns.net\/pachuca\/index.php\/wp-json\/wp\/v2\/media?parent=76502"}],"wp:term":[{"taxonomy":"product_brand","embeddable":true,"href":"https:\/\/soydeaqui.ddns.net\/pachuca\/index.php\/wp-json\/wp\/v2\/product_brand?post=76502"},{"taxonomy":"product_cat","embeddable":true,"href":"https:\/\/soydeaqui.ddns.net\/pachuca\/index.php\/wp-json\/wp\/v2\/product_cat?post=76502"},{"taxonomy":"product_tag","embeddable":true,"href":"https:\/\/soydeaqui.ddns.net\/pachuca\/index.php\/wp-json\/wp\/v2\/product_tag?post=76502"}],"curies":[{"name":"wp","href":"https:\/\/api.w.org\/{rel}","templated":true}]}}