{"id":76487,"date":"2026-03-19T15:22:28","date_gmt":"2026-03-19T15:22:28","guid":{"rendered":"https:\/\/soydeaqui.ddns.net\/pachuca\/index.php\/producto\/switch-administrable-capa-l2-giga-48x-10-100-1000-t-poe-4x-sfp\/"},"modified":"2026-03-19T15:22:30","modified_gmt":"2026-03-19T15:22:30","slug":"switch-administrable-capa-l2-giga-48x-10-100-1000-t-poe-4x-sfp","status":"publish","type":"product","link":"https:\/\/soydeaqui.ddns.net\/pachuca\/index.php\/producto\/switch-administrable-capa-l2-giga-48x-10-100-1000-t-poe-4x-sfp\/","title":{"rendered":"Switch Administrable Capa L2+ Giga, 48x 10\/100\/1000-T PoE+, 4x SFP"},"content":{"rendered":"<div style='width: 100%; max-width: 1200px; margin: 0 auto; font-family: sans-serif; line-height: 1.6; color: inherit; background-color: transparent;'> <!-- T\u00edtulo principal --> <\/p>\n<h1 style='font-size: 2.5rem; margin: 0 0 0.8em; font-weight: 400; color: inherit;'> <span style='display: inline-block; vertical-align: top;'>Serie x220<\/span> <\/h1>\n<p> <!-- Descripci\u00f3n corta --> <\/p>\n<div style='margin-bottom: 1.5em; font-size: 16px; color: inherit;'> Conmutadores de capa 3 Gigabit administrados <\/div>\n<p> <!-- Secci\u00f3n de contenido principal --> <\/p>\n<div style='display: flex; flex-wrap: wrap; gap: 30px; margin-bottom: 30px;'>\n<div style='flex: 1 1 300px; min-width: 280px;'>\n<h3 style='font-size: 22px; border-bottom: 2px solid currentColor; padding-bottom: 5px; margin-top: 0; color: inherit; opacity: 0.8;'>Visi\u00f3n general<\/h3>\n<ul style='padding-left: 20px; font-size: 15px; color: inherit;'>\n<li style='margin-bottom: 10px;'>Reduzca costos y automatice la administraci\u00f3n de redes y dispositivos con Autonomous Management Framework\u2122 (AMF)<\/li>\n<li style='margin-bottom: 10px;'>Expanda el alcance de la red mientras mantiene una operaci\u00f3n simple en entornos distribuidos con conectividad de fibra de larga distancia<\/li>\n<li style='margin-bottom: 10px;'>Evite el espionaje de datos confidenciales en enlaces de fibra con Active Fiber Monitoring<\/li>\n<li style='margin-bottom: 10px;'>Admite redes resistentes basadas en anillos de alta velocidad con Ethernet Protection Switched Ring (EPSRing\u2122)<\/li>\n<li style='margin-bottom: 10px;'>Conecte y encienda c\u00e1maras de seguridad&comma; puntos de acceso inal\u00e1mbricos y otros dispositivos con Power over Ethernet (PoE+)<\/li>\n<\/ul>\n<h3 style='font-size: 22px; border-bottom: 2px solid currentColor; padding-bottom: 5px; margin-top: 20px; margin-bottom: 15px; color: inherit; opacity: 0.8;'>Caracter\u00edsticas clave<\/h3>\n<ul style='padding-left: 20px; font-size: 15px; color: inherit;'>\n<li style='margin-bottom: 10px;'>Sistema operativo de clase empresarial AlliedWare Plus\u2122<\/li>\n<li style='margin-bottom: 10px;'>Enrutamiento est\u00e1tico y din\u00e1mico (RIP) para entornos L3<\/li>\n<li style='margin-bottom: 10px;'>Los modelos de puertos de fibra y cobre permiten una implementaci\u00f3n flexible<\/li>\n<li style='margin-bottom: 10px;'>sFlow permite la supervisi\u00f3n y optimizaci\u00f3n del rendimiento de la red<\/li>\n<li style='margin-bottom: 10px;'>Las ACL gestionan el acceso y el control del tr\u00e1fico en toda la red<\/li>\n<li style='margin-bottom: 10px;'>PoE continuo maximiza la conectividad de punto final<\/li>\n<\/ul><\/div>\n<div style='flex: 1 1 300px; min-width: 280px;'>\n<h3 style='font-size: 22px; border-bottom: 2px solid currentColor; padding-bottom: 5px; margin-top: 0; margin-bottom: 15px; color: inherit; opacity: 0.8;'>Certificaciones y Cumplimiento<\/h3>\n<p> <!-- Certificaci\u00f3n FIP 140-2 --> <\/p>\n<div style='margin-bottom: 20px;'>\n<h4 style='font-size: 18px; margin: 0 0 10px; color: inherit; opacity: 0.9;'>FIP 140-2<\/h4>\n<p style='margin: 0; font-size: 14px; color: inherit; opacity: 0.95;'> Creado por el gobierno de EE. UU.&comma; FIPS 140-2 es un est\u00e1ndar de seguridad que se utiliza para validar la solidez y la integridad de los m\u00f3dulos de software criptogr\u00e1fico. <\/p>\n<\/p><\/div>\n<p> <!-- Certificaci\u00f3n IPv6 --> <\/p>\n<div>\n<h4 style='font-size: 18px; margin: 0 0 10px; color: inherit; opacity: 0.9;'>Listo para IPv6<\/h4>\n<p style='margin: 0; font-size: 14px; color: inherit; opacity: 0.95;'> Dirigida por IPv6 Forum&comma; la certificaci\u00f3n IPv6 Ready demuestra la conformidad con los est\u00e1ndares de IPv6 y valida la interoperabilidad de los productos IPv6. <\/p>\n<\/p><\/div>\n<\/p><\/div>\n<\/p><\/div>\n<p> <!-- Separador --> <\/p>\n<hr style='border: 0; border-top: 1px solid rgba(150&comma; 150&comma; 150&comma; 0.3); margin: 30px 0;'> <\/div>\n","protected":false},"excerpt":{"rendered":"<p>Switch Administrable Capa L2+ Giga, 48x 10\/100\/1000-T PoE+, 4x SFP<\/p>\n","protected":false},"featured_media":76486,"comment_status":"open","ping_status":"closed","template":"","meta":[],"product_brand":[],"product_cat":[1986],"product_tag":[1995,664,1987],"class_list":{"0":"post-76487","1":"product","2":"type-product","3":"status-publish","4":"has-post-thumbnail","6":"product_cat-switches-poe","7":"product_tag-allied-telesis","8":"product_tag-networking","9":"product_tag-switches-poe","11":"first","12":"outofstock","13":"sale","14":"shipping-taxable","15":"purchasable","16":"product-type-simple"},"_links":{"self":[{"href":"https:\/\/soydeaqui.ddns.net\/pachuca\/index.php\/wp-json\/wp\/v2\/product\/76487","targetHints":{"allow":["GET"]}}],"collection":[{"href":"https:\/\/soydeaqui.ddns.net\/pachuca\/index.php\/wp-json\/wp\/v2\/product"}],"about":[{"href":"https:\/\/soydeaqui.ddns.net\/pachuca\/index.php\/wp-json\/wp\/v2\/types\/product"}],"replies":[{"embeddable":true,"href":"https:\/\/soydeaqui.ddns.net\/pachuca\/index.php\/wp-json\/wp\/v2\/comments?post=76487"}],"wp:featuredmedia":[{"embeddable":true,"href":"https:\/\/soydeaqui.ddns.net\/pachuca\/index.php\/wp-json\/wp\/v2\/media\/76486"}],"wp:attachment":[{"href":"https:\/\/soydeaqui.ddns.net\/pachuca\/index.php\/wp-json\/wp\/v2\/media?parent=76487"}],"wp:term":[{"taxonomy":"product_brand","embeddable":true,"href":"https:\/\/soydeaqui.ddns.net\/pachuca\/index.php\/wp-json\/wp\/v2\/product_brand?post=76487"},{"taxonomy":"product_cat","embeddable":true,"href":"https:\/\/soydeaqui.ddns.net\/pachuca\/index.php\/wp-json\/wp\/v2\/product_cat?post=76487"},{"taxonomy":"product_tag","embeddable":true,"href":"https:\/\/soydeaqui.ddns.net\/pachuca\/index.php\/wp-json\/wp\/v2\/product_tag?post=76487"}],"curies":[{"name":"wp","href":"https:\/\/api.w.org\/{rel}","templated":true}]}}