{"id":76483,"date":"2026-03-19T15:22:21","date_gmt":"2026-03-19T15:22:21","guid":{"rendered":"https:\/\/soydeaqui.ddns.net\/pachuca\/index.php\/producto\/net-cover-advanced-5-anos-para-at-x230-10gp\/"},"modified":"2026-03-19T15:22:22","modified_gmt":"2026-03-19T15:22:22","slug":"net-cover-advanced-5-anos-para-at-x230-10gp","status":"publish","type":"product","link":"https:\/\/soydeaqui.ddns.net\/pachuca\/index.php\/producto\/net-cover-advanced-5-anos-para-at-x230-10gp\/","title":{"rendered":"NET.COVER ADVANCED &#8211; 5 A\u00d1OS PARA AT-X230-10GP"},"content":{"rendered":"<div style='width: 100%; max-width: 1200px; margin: 0 auto; font-family: sans-serif; line-height: 1.6; color: inherit; background-color: transparent;'> <!-- Secci\u00f3n de descripci\u00f3n general --> <\/p>\n<div style='margin-bottom: 30px;'>\n<h3 style='font-size: 22px; border-bottom: 2px solid currentColor; padding-bottom: 5px; margin-top: 0; color: inherit; opacity: 0.8;'>Descripci\u00f3n General<\/h3>\n<p style='font-size: 15px; color: inherit; margin-bottom: 15px;'>Los programas de soporte Net.Cover\u00ae de Allied Telesis est\u00e1n dise\u00f1ados para proporcionar cobertura dedicada y completa para su red. Ofrecen los m\u00e1s altos niveles de soporte t\u00e9cnico&comma; medidas de mitigaci\u00f3n de riesgos y servicios proactivos para garantizar alta disponibilidad&comma; continuidad del negocio y tranquilidad.<\/p>\n<p style='font-size: 15px; color: inherit; margin-bottom: 15px;'>Este servicio de soporte Net.Cover Advanced de 5 a\u00f1os est\u00e1 disponible para el modelo AT-X230-10GP&comma; ofreciendo opciones de soporte que van m\u00e1s all\u00e1 de la garant\u00eda est\u00e1ndar para salvaguardar su red y simplificar su presupuesto de mantenimiento con una tarifa \u00fanica.<\/p>\n<\/p><\/div>\n<p> <!-- Secci\u00f3n de caracter\u00edsticas --> <\/p>\n<div style='display: flex; flex-wrap: wrap; gap: 30px; margin-bottom: 30px;'>\n<div style='flex: 1 1 300px; min-width: 280px;'>\n<h3 style='font-size: 22px; border-bottom: 2px solid currentColor; padding-bottom: 5px; margin-top: 0; color: inherit; opacity: 0.8;'>Caracter\u00edsticas Clave<\/h3>\n<ul style='padding-left: 20px; font-size: 15px; color: inherit;'>\n<li style='margin-bottom: 5px;'>Soporte t\u00e9cnico multianivel con colas prioritarias<\/li>\n<li style='margin-bottom: 5px;'>Reemplazo avanzado de hardware con env\u00edo al d\u00eda h\u00e1bil siguiente<\/li>\n<li style='margin-bottom: 5px;'>Acceso prioritario al portal de soporte 24&#215;7<\/li>\n<li style='margin-bottom: 5px;'>Soporte telef\u00f3nico 24&#215;5 con cola prioritaria<\/li>\n<li style='margin-bottom: 5px;'>Actualizaciones de software y mejoras oportunas<\/li>\n<li style='margin-bottom: 5px;'>Acceso a la base de conocimiento premium<\/li>\n<\/ul><\/div>\n<div style='flex: 1 1 300px; min-width: 280px;'>\n<h3 style='font-size: 22px; border-bottom: 2px solid currentColor; padding-bottom: 5px; margin-top: 0; color: inherit; opacity: 0.8;'>Servicios Incluidos<\/h3>\n<ul style='padding-left: 20px; font-size: 15px; color: inherit;'>\n<li style='margin-bottom: 5px;'>Soporte por tel\u00e9fono durante horas laborales con prioridad alta<\/li>\n<li style='margin-bottom: 5px;'>Reemplazo de hardware con env\u00edo al d\u00eda h\u00e1bil siguiente<\/li>\n<li style='margin-bottom: 5px;'>Diagn\u00f3stico avanzado de fallos de hardware<\/li>\n<li style='margin-bottom: 5px;'>Acceso 24&#215;7 a actualizaciones y mejoras de software<\/li>\n<li style='margin-bottom: 5px;'>Acceso a notas de lanzamiento y documentaci\u00f3n t\u00e9cnica<\/li>\n<li style='margin-bottom: 5px;'>Asistencia en el an\u00e1lisis de configuraci\u00f3n b\u00e1sica<\/li>\n<\/ul><\/div>\n<\/p><\/div>\n<p> <!-- Secci\u00f3n de comparaci\u00f3n de planes --> <\/p>\n<div style='margin-bottom: 30px;'>\n<h3 style='font-size: 22px; border-bottom: 2px solid currentColor; padding-bottom: 5px; margin-top: 0; color: inherit; opacity: 0.8;'>Comparaci\u00f3n de Planes Net.Cover<\/h3>\n<div style='overflow-x: auto; margin-top: 15px;'>\n<table style='width: 100%; border-collapse: collapse; font-size: 14px; color: inherit;'>\n<thead>\n<tr style='background-color: rgba(150&comma;150&comma;150&comma;0.1);'>\n<th style='padding: 12px; border: 1px solid rgba(150&comma;150&comma;150&comma;0.3); text-align: left;'>Caracter\u00edstica<\/th>\n<th style='padding: 12px; border: 1px solid rgba(150&comma;150&comma;150&comma;0.3); text-align: left;'>Preferred<\/th>\n<th style='padding: 12px; border: 1px solid rgba(150&comma;150&comma;150&comma;0.3); text-align: left;'>Advanced<\/th>\n<th style='padding: 12px; border: 1px solid rgba(150&comma;150&comma;150&comma;0.3); text-align: left;'>Elite<\/th>\n<\/tr>\n<\/thead>\n<tbody>\n<tr>\n<td style='padding: 10px; border: 1px solid rgba(150&comma;150&comma;150&comma;0.3);'>Servicios en L\u00ednea<\/td>\n<td style='padding: 10px; border: 1px solid rgba(150&comma;150&comma;150&comma;0.3);'>S\u00ed<\/td>\n<td style='padding: 10px; border: 1px solid rgba(150&comma;150&comma;150&comma;0.3);'>S\u00ed<\/td>\n<td style='padding: 10px; border: 1px solid rgba(150&comma;150&comma;150&comma;0.3);'>S\u00ed<\/td>\n<\/tr>\n<tr>\n<td style='padding: 10px; border: 1px solid rgba(150&comma;150&comma;150&comma;0.3);'>Base de Conocimiento Premium<\/td>\n<td style='padding: 10px; border: 1px solid rgba(150&comma;150&comma;150&comma;0.3);'>Premium<\/td>\n<td style='padding: 10px; border: 1px solid rgba(150&comma;150&comma;150&comma;0.3);'>Premium<\/td>\n<td style='padding: 10px; border: 1px solid rgba(150&comma;150&comma;150&comma;0.3);'>Premium<\/td>\n<\/tr>\n<tr>\n<td style='padding: 10px; border: 1px solid rgba(150&comma;150&comma;150&comma;0.3);'>Actualizaciones de Software<\/td>\n<td style='padding: 10px; border: 1px solid rgba(150&comma;150&comma;150&comma;0.3);'>S\u00ed<\/td>\n<td style='padding: 10px; border: 1px solid rgba(150&comma;150&comma;150&comma;0.3);'>S\u00ed<\/td>\n<td style='padding: 10px; border: 1px solid rgba(150&comma;150&comma;150&comma;0.3);'>S\u00ed<\/td>\n<\/tr>\n<tr>\n<td style='padding: 10px; border: 1px solid rgba(150&comma;150&comma;150&comma;0.3);'>Reemplazo de Hardware<\/td>\n<td style='padding: 10px; border: 1px solid rgba(150&comma;150&comma;150&comma;0.3);'>Reparaci\u00f3n y Devoluci\u00f3n<\/td>\n<td style='padding: 10px; border: 1px solid rgba(150&comma;150&comma;150&comma;0.3);'>Reemplazo &#8211; D\u00eda H\u00e1bil Siguiente<\/td>\n<td style='padding: 10px; border: 1px solid rgba(150&comma;150&comma;150&comma;0.3);'>Reemplazo &#8211; D\u00eda H\u00e1bil Siguiente<\/td>\n<\/tr>\n<tr>\n<td style='padding: 10px; border: 1px solid rgba(150&comma;150&comma;150&comma;0.3);'>Cola Prioritaria<\/td>\n<td style='padding: 10px; border: 1px solid rgba(150&comma;150&comma;150&comma;0.3);'>Prioridad<\/td>\n<td style='padding: 10px; border: 1px solid rgba(150&comma;150&comma;150&comma;0.3);'>Alta Prioridad<\/td>\n<td style='padding: 10px; border: 1px solid rgba(150&comma;150&comma;150&comma;0.3);'>M\u00e1xima Prioridad<\/td>\n<\/tr>\n<tr>\n<td style='padding: 10px; border: 1px solid rgba(150&comma;150&comma;150&comma;0.3);'>Soporte Telef\u00f3nico<\/td>\n<td style='padding: 10px; border: 1px solid rgba(150&comma;150&comma;150&comma;0.3);'>Horas Laborales<\/td>\n<td style='padding: 10px; border: 1px solid rgba(150&comma;150&comma;150&comma;0.3);'>24&#215;5<\/td>\n<td style='padding: 10px; border: 1px solid rgba(150&comma;150&comma;150&comma;0.3);'>24&#215;7<\/td>\n<\/tr>\n<tr>\n<td style='padding: 10px; border: 1px solid rgba(150&comma;150&comma;150&comma;0.3);'>Evaluaci\u00f3n de Configuraci\u00f3n<\/td>\n<td style='padding: 10px; border: 1px solid rgba(150&comma;150&comma;150&comma;0.3);'>No<\/td>\n<td style='padding: 10px; border: 1px solid rgba(150&comma;150&comma;150&comma;0.3);'>S\u00ed<\/td>\n<td style='padding: 10px; border: 1px solid rgba(150&comma;150&comma;150&comma;0.3);'>S\u00ed<\/td>\n<\/tr>\n<tr>\n<td style='padding: 10px; border: 1px solid rgba(150&comma;150&comma;150&comma;0.3);'>Soporte Directo de Cuenta<\/td>\n<td style='padding: 10px; border: 1px solid rgba(150&comma;150&comma;150&comma;0.3);'>No<\/td>\n<td style='padding: 10px; border: 1px solid rgba(150&comma;150&comma;150&comma;0.3);'>No<\/td>\n<td style='padding: 10px; border: 1px solid rgba(150&comma;150&comma;150&comma;0.3);'>S\u00ed<\/td>\n<\/tr>\n<\/tbody>\n<\/table><\/div>\n<\/p><\/div>\n<p> <!-- Secci\u00f3n de beneficios --> <\/p>\n<div style='margin-bottom: 30px;'>\n<h3 style='font-size: 22px; border-bottom: 2px solid currentColor; padding-bottom: 5px; margin-top: 0; color: inherit; opacity: 0.8;'>Beneficios del Servicio<\/h3>\n<ul style='padding-left: 20px; font-size: 15px; color: inherit;'>\n<li style='margin-bottom: 5px;'><strong>Minimizaci\u00f3n del tiempo de inactividad:<\/strong> Reemplazo r\u00e1pido de hardware con env\u00edo al d\u00eda h\u00e1bil siguiente.<\/li>\n<li style='margin-bottom: 5px;'><strong>Soporte t\u00e9cnico prioritario:<\/strong> Acceso a ingenieros especializados con experiencia en productos Allied Telesis y tecnolog\u00edas de red.<\/li>\n<li style='margin-bottom: 5px;'><strong>Actualizaciones continuas:<\/strong> Acceso a las \u00faltimas actualizaciones de software y mejoras para mantener su red actualizada.<\/li>\n<li style='margin-bottom: 5px;'><strong>Diagn\u00f3stico eficiente:<\/strong> Asistencia en el an\u00e1lisis de fallos de hardware y configuraci\u00f3n b\u00e1sica.<\/li>\n<li style='margin-bottom: 5px;'><strong>Flexibilidad de contrataci\u00f3n:<\/strong> Disponible en periodos de 1&comma; 3 y 5 a\u00f1os seg\u00fan sus necesidades.<\/li>\n<\/ul><\/div>\n<p> <!-- Secci\u00f3n de servicios adicionales --> <\/p>\n<div style='margin-bottom: 30px;'>\n<h3 style='font-size: 22px; border-bottom: 2px solid currentColor; padding-bottom: 5px; margin-top: 0; color: inherit; opacity: 0.8;'>Servicios Adicionales Disponibles<\/h3>\n<p style='font-size: 15px; color: inherit; margin-bottom: 15px;'>Para necesidades m\u00e1s especializadas&comma; Allied Telesis ofrece servicios profesionales facturados por separado:<\/p>\n<ul style='padding-left: 20px; font-size: 15px; color: inherit;'>\n<li style='margin-bottom: 5px;'>Consultor\u00eda en selecci\u00f3n de soluciones y tecnolog\u00edas<\/li>\n<li style='margin-bottom: 5px;'>Servicios de implementaci\u00f3n y documentaci\u00f3n<\/li>\n<li style='margin-bottom: 5px;'>An\u00e1lisis de red remoto y en sitio<\/li>\n<li style='margin-bottom: 5px;'>Servicios gestionados Net.Pro y Net.Campus<\/li>\n<\/ul><\/div>\n<p> <!-- Separador --> <\/p>\n<hr style='border: 0; border-top: 1px solid rgba(150&comma; 150&comma; 150&comma; 0.3); margin: 30px 0;'> <\/div>\n","protected":false},"excerpt":{"rendered":"<p>NET.COVER ADVANCED &#8211; 5 A\u00d1OS PARA AT-X230-10GP<\/p>\n","protected":false},"featured_media":76482,"comment_status":"open","ping_status":"closed","template":"","meta":[],"product_brand":[],"product_cat":[1993],"product_tag":[1995,664,1994],"class_list":{"0":"post-76483","1":"product","2":"type-product","3":"status-publish","4":"has-post-thumbnail","6":"product_cat-polizas-de-garantia","7":"product_tag-allied-telesis","8":"product_tag-networking","9":"product_tag-polizas-de-garantia","11":"first","12":"outofstock","13":"sale","14":"shipping-taxable","15":"purchasable","16":"product-type-simple"},"_links":{"self":[{"href":"https:\/\/soydeaqui.ddns.net\/pachuca\/index.php\/wp-json\/wp\/v2\/product\/76483","targetHints":{"allow":["GET"]}}],"collection":[{"href":"https:\/\/soydeaqui.ddns.net\/pachuca\/index.php\/wp-json\/wp\/v2\/product"}],"about":[{"href":"https:\/\/soydeaqui.ddns.net\/pachuca\/index.php\/wp-json\/wp\/v2\/types\/product"}],"replies":[{"embeddable":true,"href":"https:\/\/soydeaqui.ddns.net\/pachuca\/index.php\/wp-json\/wp\/v2\/comments?post=76483"}],"wp:featuredmedia":[{"embeddable":true,"href":"https:\/\/soydeaqui.ddns.net\/pachuca\/index.php\/wp-json\/wp\/v2\/media\/76482"}],"wp:attachment":[{"href":"https:\/\/soydeaqui.ddns.net\/pachuca\/index.php\/wp-json\/wp\/v2\/media?parent=76483"}],"wp:term":[{"taxonomy":"product_brand","embeddable":true,"href":"https:\/\/soydeaqui.ddns.net\/pachuca\/index.php\/wp-json\/wp\/v2\/product_brand?post=76483"},{"taxonomy":"product_cat","embeddable":true,"href":"https:\/\/soydeaqui.ddns.net\/pachuca\/index.php\/wp-json\/wp\/v2\/product_cat?post=76483"},{"taxonomy":"product_tag","embeddable":true,"href":"https:\/\/soydeaqui.ddns.net\/pachuca\/index.php\/wp-json\/wp\/v2\/product_tag?post=76483"}],"curies":[{"name":"wp","href":"https:\/\/api.w.org\/{rel}","templated":true}]}}