{"id":76459,"date":"2026-03-19T15:21:28","date_gmt":"2026-03-19T15:21:28","guid":{"rendered":"https:\/\/soydeaqui.ddns.net\/pachuca\/index.php\/producto\/lhg-xl-52-ac-backbone-y-cpe-de-doble-banda-con-antena-de-27-dbi-5-ghz-y-18-dbi-2-4ghz-hasta-1000-mw-de-potencia-y-860-mbps-soporta-poe-af-at\/"},"modified":"2026-03-19T15:21:29","modified_gmt":"2026-03-19T15:21:29","slug":"lhg-xl-52-ac-backbone-y-cpe-de-doble-banda-con-antena-de-27-dbi-5-ghz-y-18-dbi-2-4ghz-hasta-1000-mw-de-potencia-y-860-mbps-soporta-poe-af-at","status":"publish","type":"product","link":"https:\/\/soydeaqui.ddns.net\/pachuca\/index.php\/producto\/lhg-xl-52-ac-backbone-y-cpe-de-doble-banda-con-antena-de-27-dbi-5-ghz-y-18-dbi-2-4ghz-hasta-1000-mw-de-potencia-y-860-mbps-soporta-poe-af-at\/","title":{"rendered":"(LHG XL 52 ac) Backbone y CPE de Doble Banda con Antena de 27 dBi (5 GHz) y 18 dBi (2.4GHz), Hasta 1000 mW de Potencia y 860 Mbps, Soporta PoE af\/at"},"content":{"rendered":"<div style='width: 100%; max-width: 1200px; margin: 0 auto; font-family: sans-serif; line-height: 1.6; color: inherit; background-color: transparent;'> <!-- Imagen principal --> <\/p>\n<div style='margin-bottom: 30px;'> <img style='width: 100%; height: auto; border: 1px solid rgba(150&comma;150&comma;150&comma;0.3); border-radius: 8px;' src='https:\/\/ftp3.syscom.mx\/usuarios\/fotos\/RBLHGG5HPACD2HPNDXL\/186529-banner_rblhgg-5hpacd2hpnd-xl.png' alt=''> <\/div>\n<p> <!-- Descripci\u00f3n principal --> <\/p>\n<div style='margin-bottom: 30px; font-size: 15px;'>\n<p style='margin-top: 0; margin-bottom: 15px; color: inherit;'>\u00bfNecesita una conexi\u00f3n de larga distancia confiable y fuerte que nunca se caiga? El nuevo LHG XL 52 ac proporcionar\u00e1 precisamente eso con su capacidad de doble banda. Puede configurar f\u00e1cilmente el canal de 5 GHz como el principal con velocidad de hasta 600 Mbps y utilizar el canal de 2&comma;4 GHz como una conexi\u00f3n de copia de seguridad autom\u00e1tica con una velocidad de hasta 260 Mbps.<\/p>\n<p style='margin-top: 0; margin-bottom: 0; color: inherit;'>La potente antena de 27 dBi 5 GHz \/ 18 dBi de 2&comma;4 GHz proporcionar\u00e1 conexi\u00f3n con distancia de enlace de hasta 40 km. El dise\u00f1o de la rejilla garantiza la protecci\u00f3n contra el viento&comma; puede soportar temperaturas de -40 C\u00b0 a +70 C\u00b0. El elemento de antena est\u00e1 integrado en la unidad inal\u00e1mbrica&comma; sin p\u00e9rdida de cables. Este dispositivo puede manejar las cargas m\u00e1s pesadas gracias a la impresionante CPU de cuatro n\u00facleos y 256 MB de RAM. Tiene un puerto Gigabit Ethernet&comma; un puerto SFP y es compatible con 802.3af\/at &#8211; \u00a1puede alimentarlo con los conmutadores inteligentes!<\/p>\n<\/p><\/div>\n<p> <!-- Secci\u00f3n de especificaciones --> <\/p>\n<div style='display: flex; flex-wrap: wrap; gap: 20px; margin-bottom: 30px;'>\n<div style='flex: 1 1 300px; min-width: 280px; border: 1px solid rgba(150&comma;150&comma;150&comma;0.4); border-radius: 8px; overflow: hidden;'>\n<div style='padding: 15px; border-bottom: 1px solid rgba(150&comma;150&comma;150&comma;0.2); font-weight: bold; font-size: 18px; color: inherit;'>Especificaciones<\/div>\n<div style='padding: 15px; color: inherit;'>\n<ul style='padding-left: 20px; margin: 0; font-size: 14px; list-style-type: disc;'>\n<li style='margin-bottom: 5px;'><strong>C\u00f3digo del producto:<\/strong> RBLHGG-5HPacD2HPnD-XL<\/li>\n<li style='margin-bottom: 5px;'><strong>Arquitectura:<\/strong> BRAZO 32 bits<\/li>\n<li style='margin-bottom: 5px;'><strong>CPU:<\/strong> IPQ-4018<\/li>\n<li style='margin-bottom: 5px;'><strong>N\u00facleos de CPU:<\/strong> 4<\/li>\n<li style='margin-bottom: 5px;'><strong>Frecuencia CPU:<\/strong> 716 MHz<\/li>\n<li style='margin-bottom: 5px;'><strong>Dimensiones:<\/strong> \u00d8 550 x 291 mm<\/li>\n<li style='margin-bottom: 5px;'><strong>Licencia RouterOS:<\/strong> 3<\/li>\n<li style='margin-bottom: 5px;'><strong>Sistema operativo:<\/strong> <a style='color: inherit; text-decoration: underline;' href='https:\/\/wiki.mikrotik.com\/wiki\/Manual:TOC' target='_blank' rel='noopener'>RouterOS<\/a><\/li>\n<li style='margin-bottom: 5px;'><strong>RAM:<\/strong> 256 MB<\/li>\n<li style='margin-bottom: 5px;'><strong>Almacenamiento:<\/strong> 16 MB FLASH<\/li>\n<li style='margin-bottom: 5px;'><strong>MTBF:<\/strong> Aproximadamente 200&#8217;000 horas a 25C<\/li>\n<li style='margin-bottom: 5px;'><strong>Temperatura de operaci\u00f3n:<\/strong> -40 \u00b0C a 70 \u00b0C<\/li>\n<li style='margin-bottom: 5px;'><strong>Aceleraci\u00f3n IPsec:<\/strong> S\u00ed<\/li>\n<\/ul><\/div>\n<\/p><\/div>\n<div style='flex: 1 1 300px; min-width: 280px; border: 1px solid rgba(150&comma;150&comma;150&comma;0.4); border-radius: 8px; overflow: hidden;'>\n<div style='padding: 15px; border-bottom: 1px solid rgba(150&comma;150&comma;150&comma;0.2); font-weight: bold; font-size: 18px; color: inherit;'>Alimentaci\u00f3n<\/div>\n<div style='padding: 15px; color: inherit;'>\n<ul style='padding-left: 20px; margin: 0; font-size: 14px; list-style-type: disc;'>\n<li style='margin-bottom: 5px;'><strong>Entrada:<\/strong> 1 (PoE-IN)<\/li>\n<li style='margin-bottom: 5px;'><strong>Consumo m\u00e1ximo:<\/strong> 18 W<\/li>\n<li style='margin-bottom: 5px;'><strong>Consumo sin accesorios:<\/strong> 16 W<\/li>\n<li style='margin-bottom: 5px;'><strong>Ventiladores:<\/strong> Pasivo<\/li>\n<li style='margin-bottom: 5px;'><strong>PoE:<\/strong> 802.3af\/at<\/li>\n<li style='margin-bottom: 5px;'><strong>Voltaje PoE:<\/strong> 12-57 V<\/li>\n<\/ul><\/div>\n<\/p><\/div>\n<div style='flex: 1 1 300px; min-width: 280px; border: 1px solid rgba(150&comma;150&comma;150&comma;0.4); border-radius: 8px; overflow: hidden;'>\n<div style='padding: 15px; border-bottom: 1px solid rgba(150&comma;150&comma;150&comma;0.2); font-weight: bold; font-size: 18px; color: inherit;'>Inal\u00e1mbrico<\/div>\n<div style='padding: 15px; color: inherit;'>\n<ul style='padding-left: 20px; margin: 0; font-size: 14px; list-style-type: disc;'>\n<li style='margin-bottom: 5px;'><strong>Velocidad 2.4GHz:<\/strong> 300 Mbit\/s<\/li>\n<li style='margin-bottom: 5px;'><strong>Cadenas 2.4GHz:<\/strong> 2<\/li>\n<li style='margin-bottom: 5px;'><strong>Est\u00e1ndar 2.4GHz:<\/strong> 802.11b\/g\/n<\/li>\n<li style='margin-bottom: 5px;'><strong>Ganancia 2.4GHz:<\/strong> 18 dBi<\/li>\n<li style='margin-bottom: 5px;'><strong>Chip 2.4GHz:<\/strong> IPQ-4018<\/li>\n<li style='margin-bottom: 5px;'><strong>Wi-Fi 2.4GHz:<\/strong> Wi-Fi 4<\/li>\n<li style='margin-bottom: 5px;'><strong>Velocidad 5GHz:<\/strong> 867 Mbit\/s<\/li>\n<li style='margin-bottom: 5px;'><strong>Cadenas 5GHz:<\/strong> 2<\/li>\n<li style='margin-bottom: 5px;'><strong>Est\u00e1ndar 5GHz:<\/strong> 802.11a\/n\/ac<\/li>\n<li style='margin-bottom: 5px;'><strong>Ganancia 5GHz:<\/strong> 27 dBi<\/li>\n<li style='margin-bottom: 5px;'><strong>Chip 5GHz:<\/strong> IPQ-4018<\/li>\n<li style='margin-bottom: 5px;'><strong>Wi-Fi 5GHz:<\/strong> Wi-Fi 5<\/li>\n<\/ul><\/div>\n<\/p><\/div>\n<div style='flex: 1 1 300px; min-width: 280px; border: 1px solid rgba(150&comma;150&comma;150&comma;0.4); border-radius: 8px; overflow: hidden;'>\n<div style='padding: 15px; border-bottom: 1px solid rgba(150&comma;150&comma;150&comma;0.2); font-weight: bold; font-size: 18px; color: inherit;'>Conectividad<\/div>\n<div style='padding: 15px; color: inherit;'>\n<ul style='padding-left: 20px; margin: 0; font-size: 14px; list-style-type: disc;'>\n<li style='margin-bottom: 5px;'><strong>Ethernet:<\/strong> 1x 10\/100\/1000<\/li>\n<li style='margin-bottom: 5px;'><strong>Fibra:<\/strong> 1x SFP<\/li>\n<\/ul><\/div>\n<\/p><\/div>\n<div style='flex: 1 1 300px; min-width: 280px; border: 1px solid rgba(150&comma;150&comma;150&comma;0.4); border-radius: 8px; overflow: hidden;'>\n<div style='padding: 15px; border-bottom: 1px solid rgba(150&comma;150&comma;150&comma;0.2); font-weight: bold; font-size: 18px; color: inherit;'>Caracter\u00edsticas adicionales<\/div>\n<div style='padding: 15px; color: inherit;'>\n<ul style='padding-left: 20px; margin: 0; font-size: 14px; list-style-type: disc;'>\n<li style='margin-bottom: 5px;'><strong>Temperatura PCB:<\/strong> S\u00ed<\/li>\n<li style='margin-bottom: 5px;'><strong>Voltaje:<\/strong> S\u00ed<\/li>\n<li style='margin-bottom: 5px;'><strong>Bot\u00f3n modo:<\/strong> S\u00ed<\/li>\n<li style='margin-bottom: 5px;'><strong>Certificaci\u00f3n:<\/strong> CE&comma; FCC&comma; IC&comma; EAC&comma; ROHS<\/li>\n<li style='margin-bottom: 5px;'><strong>Protecci\u00f3n:<\/strong> IP54<\/li>\n<\/ul><\/div>\n<\/p><\/div>\n<div style='flex: 1 1 300px; min-width: 280px; border: 1px solid rgba(150&comma;150&comma;150&comma;0.4); border-radius: 8px; overflow: hidden;'>\n<div style='padding: 15px; border-bottom: 1px solid rgba(150&comma;150&comma;150&comma;0.2); font-weight: bold; font-size: 18px; color: inherit;'>Sensibilidad de recepci\u00f3n<\/div>\n<div style='padding: 15px; color: inherit;'>\n<h4 style='margin-top: 0; margin-bottom: 10px; font-size: 16px; color: inherit; border-bottom: 1px solid rgba(150&comma;150&comma;150&comma;0.3);'>2.4 GHz<\/h4>\n<ul style='padding-left: 20px; margin: 0 0 15px 0; font-size: 14px; list-style-type: disc;'>\n<li style='margin-bottom: 5px;'><strong>1MBit\/s:<\/strong> 29 dBm \/ -100 dBm<\/li>\n<li style='margin-bottom: 5px;'><strong>11MBit\/s:<\/strong> 29 dBm \/ -93 dBm<\/li>\n<li style='margin-bottom: 5px;'><strong>6MBit\/s:<\/strong> 31 dBm \/ -96 dBm<\/li>\n<li style='margin-bottom: 5px;'><strong>54 MBit\/s:<\/strong> 27 dBm \/ -80 dBm<\/li>\n<li style='margin-bottom: 5px;'><strong>MCS0:<\/strong> 31 dBm \/ -96 dBm<\/li>\n<li style='margin-bottom: 5px;'><strong>MCS7:<\/strong> 26 dBm \/ -75 dBm<\/li>\n<\/ul>\n<h4 style='margin-top: 15px; margin-bottom: 10px; font-size: 16px; color: inherit; border-bottom: 1px solid rgba(150&comma;150&comma;150&comma;0.3);'>5 GHz<\/h4>\n<ul style='padding-left: 20px; margin: 0; font-size: 14px; list-style-type: disc;'>\n<li style='margin-bottom: 5px;'><strong>6MBit\/s:<\/strong> 30 dBm \/ -96 dBm<\/li>\n<li style='margin-bottom: 5px;'><strong>54 MBit\/s:<\/strong> 26 dBm \/ -80 dBm<\/li>\n<li style='margin-bottom: 5px;'><strong>MCS0:<\/strong> 30 dBm \/ -96 dBm<\/li>\n<li style='margin-bottom: 5px;'><strong>MCS7:<\/strong> 25 dBm \/ -75 dBm<\/li>\n<li style='margin-bottom: 5px;'><strong>MCS9:<\/strong> 23 dBm \/ -70 dBm<\/li>\n<\/ul><\/div>\n<\/p><\/div>\n<\/p><\/div>\n<p> <!-- Piezas incluidas --> <\/p>\n<div style='margin-bottom: 30px;'>\n<h3 style='font-size: 22px; border-bottom: 2px solid currentColor; padding-bottom: 5px; margin-top: 0; margin-bottom: 15px; color: inherit; opacity: 0.8;'>Piezas incluidas<\/h3>\n<div style='display: grid; grid-template-columns: repeat(auto-fill&comma; minmax(140px&comma; 1fr)); gap: 20px;'>\n<div style='text-align: center;'> <a style='color: inherit; text-decoration: none;' href='https:\/\/i.mt.lv\/cdn\/rb_images\/part331393422988m.jpg' target='_blank' rel='noopener'> <img style='width: 80px; height: auto; margin-bottom: 8px; border: 1px solid rgba(150&comma;150&comma;150&comma;0.3); border-radius: 4px;' src='https:\/\/i.mt.lv\/cdn\/rb_images\/part331393422988s.jpg' alt='Adaptador de corriente'> <\/p>\n<div style='font-size: 14px; color: inherit;'>Adaptador de corriente 24V 1.2A<\/div>\n<p> <\/a> <\/div>\n<div style='text-align: center;'> <a style='color: inherit; text-decoration: none;' href='https:\/\/i.mt.lv\/cdn\/rb_images\/part761523879926m.jpg' target='_blank' rel='noopener'> <img style='width: 80px; height: auto; margin-bottom: 8px; border: 1px solid rgba(150&comma;150&comma;150&comma;0.3); border-radius: 4px;' src='https:\/\/i.mt.lv\/cdn\/rb_images\/part761523879926s.jpg' alt='Montaje'> <\/p>\n<div style='font-size: 14px; color: inherit;'>Montaje LHG<\/div>\n<p> <\/a> <\/div>\n<div style='text-align: center;'> <a style='color: inherit; text-decoration: none;' href='https:\/\/i.mt.lv\/cdn\/rb_images\/part111600929333m.jpg' target='_blank' rel='noopener'> <img style='width: 80px; height: auto; margin-bottom: 8px; border: 1px solid rgba(150&comma;150&comma;150&comma;0.3); border-radius: 4px;' src='https:\/\/i.mt.lv\/cdn\/rb_images\/part111600929333s.jpg' alt='Inyector PoE'> <\/p>\n<div style='font-size: 14px; color: inherit;'>Inyector Gigabit PoE<\/div>\n<p> <\/a> <\/div>\n<\/p><\/div>\n<\/p><\/div>\n<p> <!-- Nota de software --> <\/p>\n<div style='margin-bottom: 30px; font-size: 14px;'> <em style='color: inherit;'>El dispositivo tiene un sistema operativo preinstalado y licenciado. No es necesaria ninguna compra separada y el producto est\u00e1 listo para usar. El dispositivo incluye actualizaciones de software gratuitas durante la vida \u00fatil del producto o un m\u00ednimo de 5 a\u00f1os a partir de la fecha de compra.<\/em> <\/div>\n<p> <!-- Separador final --> <\/p>\n<hr style='border: 0; border-top: 1px solid rgba(150&comma;150&comma;150&comma;0.3); margin: 30px 0;'> <\/div>\n","protected":false},"excerpt":{"rendered":"<p>(LHG XL 52 ac) Backbone y CPE de Doble Banda con Antena de 27 dBi (5 GHz) y 18 dBi (2.4GHz), Hasta 1000 mW de Potencia y 860 Mbps, Soporta PoE af\/at<\/p>\n","protected":false},"featured_media":76458,"comment_status":"open","ping_status":"closed","template":"","meta":[],"product_brand":[],"product_cat":[1998],"product_tag":[1999,1980,643],"class_list":{"0":"post-76459","1":"product","2":"type-product","3":"status-publish","4":"has-post-thumbnail","6":"product_cat-5-y-6-ghz","7":"product_tag-5-y-6-ghz","8":"product_tag-enlaces-ptp-y-ptmp","9":"product_tag-mikrotik","11":"first","12":"outofstock","13":"sale","14":"shipping-taxable","15":"purchasable","16":"product-type-simple"},"_links":{"self":[{"href":"https:\/\/soydeaqui.ddns.net\/pachuca\/index.php\/wp-json\/wp\/v2\/product\/76459","targetHints":{"allow":["GET"]}}],"collection":[{"href":"https:\/\/soydeaqui.ddns.net\/pachuca\/index.php\/wp-json\/wp\/v2\/product"}],"about":[{"href":"https:\/\/soydeaqui.ddns.net\/pachuca\/index.php\/wp-json\/wp\/v2\/types\/product"}],"replies":[{"embeddable":true,"href":"https:\/\/soydeaqui.ddns.net\/pachuca\/index.php\/wp-json\/wp\/v2\/comments?post=76459"}],"wp:featuredmedia":[{"embeddable":true,"href":"https:\/\/soydeaqui.ddns.net\/pachuca\/index.php\/wp-json\/wp\/v2\/media\/76458"}],"wp:attachment":[{"href":"https:\/\/soydeaqui.ddns.net\/pachuca\/index.php\/wp-json\/wp\/v2\/media?parent=76459"}],"wp:term":[{"taxonomy":"product_brand","embeddable":true,"href":"https:\/\/soydeaqui.ddns.net\/pachuca\/index.php\/wp-json\/wp\/v2\/product_brand?post=76459"},{"taxonomy":"product_cat","embeddable":true,"href":"https:\/\/soydeaqui.ddns.net\/pachuca\/index.php\/wp-json\/wp\/v2\/product_cat?post=76459"},{"taxonomy":"product_tag","embeddable":true,"href":"https:\/\/soydeaqui.ddns.net\/pachuca\/index.php\/wp-json\/wp\/v2\/product_tag?post=76459"}],"curies":[{"name":"wp","href":"https:\/\/api.w.org\/{rel}","templated":true}]}}