{"id":76449,"date":"2026-03-19T15:21:05","date_gmt":"2026-03-19T15:21:05","guid":{"rendered":"https:\/\/soydeaqui.ddns.net\/pachuca\/index.php\/producto\/inyector-poe-industrial-con-ups-no-break-cuenta-con-2-puertos-gigabit-1-poe-24-48v-pasivo-salida-dc-12v\/"},"modified":"2026-03-19T15:21:16","modified_gmt":"2026-03-19T15:21:16","slug":"inyector-poe-industrial-con-ups-no-break-cuenta-con-2-puertos-gigabit-1-poe-24-48v-pasivo-salida-dc-12v","status":"publish","type":"product","link":"https:\/\/soydeaqui.ddns.net\/pachuca\/index.php\/producto\/inyector-poe-industrial-con-ups-no-break-cuenta-con-2-puertos-gigabit-1-poe-24-48v-pasivo-salida-dc-12v\/","title":{"rendered":"Inyector PoE industrial \/ Con UPS No-Break \/ Cuenta con 2 Puertos Gigabit (1 PoE 24\/48V pasivo) \/ Salida DC 12V"},"content":{"rendered":"<div style='width: 100%; max-width: 1200px; margin: 0 auto; font-family: sans-serif; line-height: 1.6; color: inherit; background-color: transparent;'> <!-- Imagen principal --> <\/p>\n<div style='margin-bottom: 30px;'> <img style='width: 100%; height: auto; border: 1px solid rgba(150&comma;150&comma;150&comma;0.3); border-radius: 8px;' src='https:\/\/ftp3.syscom.mx\/usuarios\/fotos\/WIPS302GUPS\/186619-20220708161601_77256.jpeg' alt='Inyector PoE industrial WI-TEK WIPS302GUPS'> <\/div>\n<p> <!-- Secciones de im\u00e1genes --> <\/p>\n<div style='display: flex; flex-direction: column; gap: 40px; margin-bottom: 40px;'>\n<div style='text-align: center;'>\n<h3 style='font-size: 22px; border-bottom: 2px solid currentColor; padding-bottom: 5px; margin-top: 0; color: inherit; opacity: 0.8;'>Caracteristicas f\u00edsicas del Inyector Industrial<\/h3>\n<p> <img style='width: 100%; height: auto; border: 1px solid rgba(150&comma;150&comma;150&comma;0.3); border-radius: 8px; margin-top: 15px;' src='https:\/\/ftp3.syscom.mx\/usuarios\/fotos\/WIPS302GUPS\/186619-20220708161612_31438.jpeg' alt='Caracter\u00edsticas f\u00edsicas'> <\/div>\n<div style='text-align: center;'>\n<h3 style='font-size: 22px; border-bottom: 2px solid currentColor; padding-bottom: 5px; margin-top: 0; color: inherit; opacity: 0.8;'>Aplicaciones para vehiculos<\/h3>\n<p> <img style='width: 100%; height: auto; border: 1px solid rgba(150&comma;150&comma;150&comma;0.3); border-radius: 8px; margin-top: 15px;' src='https:\/\/ftp3.syscom.mx\/usuarios\/fotos\/WIPS302GUPS\/186619-20220708161623_19575.jpeg' alt='Aplicaciones para veh\u00edculos'> <\/div>\n<div style='text-align: center;'>\n<h3 style='font-size: 22px; border-bottom: 2px solid currentColor; padding-bottom: 5px; margin-top: 0; color: inherit; opacity: 0.8;'>Aplicaciones Solares<\/h3>\n<p> <img style='width: 100%; height: auto; border: 1px solid rgba(150&comma;150&comma;150&comma;0.3); border-radius: 8px; margin-top: 15px;' src='https:\/\/ftp3.syscom.mx\/usuarios\/fotos\/WIPS302GUPS\/186619-20220708161633_18803.jpeg' alt='Aplicaciones solares'> <\/div>\n<div style='text-align: center;'>\n<h3 style='font-size: 22px; border-bottom: 2px solid currentColor; padding-bottom: 5px; margin-top: 0; color: inherit; opacity: 0.8;'>Aplicaciones AC<\/h3>\n<p> <img style='width: 100%; height: auto; border: 1px solid rgba(150&comma;150&comma;150&comma;0.3); border-radius: 8px; margin-top: 15px;' src='https:\/\/ftp3.syscom.mx\/usuarios\/fotos\/WIPS302GUPS\/186619-20220708161644_85621.jpeg' alt='Aplicaciones AC'> <\/div>\n<\/p><\/div>\n<p> <!-- Secci\u00f3n de especificaciones --> <\/p>\n<div style='display: flex; flex-wrap: wrap; gap: 20px; margin-bottom: 30px;'>\n<div style='flex: 1 1 250px; border: 1px solid rgba(150&comma; 150&comma; 150&comma; 0.4); border-radius: 8px; overflow: hidden; display: flex; flex-direction: column;'>\n<div style='padding: 15px; border-bottom: 1px solid rgba(150&comma; 150&comma; 150&comma; 0.2); font-weight: bold; font-size: 18px; color: inherit;'>Especificaciones<\/div>\n<div style='padding: 15px; color: inherit;'>\n<ul style='padding-left: 20px; margin: 0; font-size: 14px; list-style-type: disc;'>\n<li style='margin-bottom: 5px;'><strong>Dimensiones:<\/strong> 170 x 73 x 67 mm<\/li>\n<li style='margin-bottom: 5px;'><strong>Interfaces de Red:<\/strong> (2) 10\/100\/1000 Mbps RJ45<\/li>\n<li style='margin-bottom: 5px;'><strong>Alimentaci\u00f3n:<\/strong> Opci\u00f3n 1 12 Vcc 3A m\u00e1x Opci\u00f3n 2 90-240 Vca 5\/60 Hz<\/li>\n<li style='margin-bottom: 5px;'><strong>Tabla de MAC Address:<\/strong> 2k<\/li>\n<li style='margin-bottom: 5px;'><strong>Bandwidth:<\/strong> 4 Gbps<\/li>\n<li style='margin-bottom: 5px;'><strong>Paquetes por seg.:<\/strong> 2.98 Mpps<\/li>\n<li style='margin-bottom: 5px;'><strong>Ventiladores:<\/strong> Ventilador<\/li>\n<li style='margin-bottom: 5px;'><strong>Nivel de protecci\u00f3n:<\/strong> Lightning protection 6KV 6KV ESD Contact discharge<\/li>\n<li style='margin-bottom: 5px;'><strong>Temperatura de operaci\u00f3n:<\/strong> -30 to 70\u00b0 C<\/li>\n<li style='margin-bottom: 5px;'><strong>Certificaciones:<\/strong> CE&comma; FCC&comma; RoHS<\/li>\n<\/ul><\/div>\n<\/p><\/div>\n<div style='flex: 1 1 250px; border: 1px solid rgba(150&comma; 150&comma; 150&comma; 0.4); border-radius: 8px; overflow: hidden; display: flex; flex-direction: column;'>\n<div style='padding: 15px; border-bottom: 1px solid rgba(150&comma; 150&comma; 150&comma; 0.2); font-weight: bold; font-size: 18px; color: inherit;'>Caracter\u00edsticas<\/div>\n<div style='padding: 15px; color: inherit;'>\n<ul style='padding-left: 20px; margin: 0; font-size: 14px; list-style-type: disc;'>\n<li style='margin-bottom: 5px;'><strong>M\u00e9todo de Transmisi\u00f3n:<\/strong> Store-And-Forward<\/li>\n<li style='margin-bottom: 5px;'><strong>Entrada de bater\u00eda:<\/strong> 12V 30AH<\/li>\n<\/ul><\/div>\n<\/p><\/div>\n<div style='flex: 1 1 250px; border: 1px solid rgba(150&comma; 150&comma; 150&comma; 0.4); border-radius: 8px; overflow: hidden; display: flex; flex-direction: column;'>\n<div style='padding: 15px; border-bottom: 1px solid rgba(150&comma; 150&comma; 150&comma; 0.2); font-weight: bold; font-size: 18px; color: inherit;'>Otros<\/div>\n<div style='padding: 15px; color: inherit;'>\n<ul style='padding-left: 20px; margin: 0; font-size: 14px; list-style-type: disc;'>\n<li style='margin-bottom: 5px;'><strong>Contenido del Paquete:<\/strong> Inyector PoE UPS&comma; Cable de alimentaci\u00f3n&comma; Gu\u00eda de Usuario\/Garant\u00eda<\/li>\n<\/ul><\/div>\n<\/p><\/div>\n<\/p><\/div>\n<p> <!-- Separador final --> <\/p>\n<hr style='border: 0; border-top: 1px solid rgba(150&comma; 150&comma; 150&comma; 0.3); margin: 30px 0;'> <\/div>\n","protected":false},"excerpt":{"rendered":"<p>Inyector PoE industrial \/ Con UPS No-Break \/ Cuenta con 2 Puertos Gigabit (1 PoE 24\/48V pasivo) \/ Salida DC 12V<\/p>\n","protected":false},"featured_media":76448,"comment_status":"open","ping_status":"closed","template":"","meta":[],"product_brand":[],"product_cat":[1260],"product_tag":[1261,664,1262],"class_list":{"0":"post-76449","1":"product","2":"type-product","3":"status-publish","4":"has-post-thumbnail","6":"product_cat-inyectores-poe","7":"product_tag-inyectores-poe","8":"product_tag-networking","9":"product_tag-wi-tek","11":"first","12":"outofstock","13":"sale","14":"shipping-taxable","15":"purchasable","16":"product-type-simple"},"_links":{"self":[{"href":"https:\/\/soydeaqui.ddns.net\/pachuca\/index.php\/wp-json\/wp\/v2\/product\/76449","targetHints":{"allow":["GET"]}}],"collection":[{"href":"https:\/\/soydeaqui.ddns.net\/pachuca\/index.php\/wp-json\/wp\/v2\/product"}],"about":[{"href":"https:\/\/soydeaqui.ddns.net\/pachuca\/index.php\/wp-json\/wp\/v2\/types\/product"}],"replies":[{"embeddable":true,"href":"https:\/\/soydeaqui.ddns.net\/pachuca\/index.php\/wp-json\/wp\/v2\/comments?post=76449"}],"wp:featuredmedia":[{"embeddable":true,"href":"https:\/\/soydeaqui.ddns.net\/pachuca\/index.php\/wp-json\/wp\/v2\/media\/76448"}],"wp:attachment":[{"href":"https:\/\/soydeaqui.ddns.net\/pachuca\/index.php\/wp-json\/wp\/v2\/media?parent=76449"}],"wp:term":[{"taxonomy":"product_brand","embeddable":true,"href":"https:\/\/soydeaqui.ddns.net\/pachuca\/index.php\/wp-json\/wp\/v2\/product_brand?post=76449"},{"taxonomy":"product_cat","embeddable":true,"href":"https:\/\/soydeaqui.ddns.net\/pachuca\/index.php\/wp-json\/wp\/v2\/product_cat?post=76449"},{"taxonomy":"product_tag","embeddable":true,"href":"https:\/\/soydeaqui.ddns.net\/pachuca\/index.php\/wp-json\/wp\/v2\/product_tag?post=76449"}],"curies":[{"name":"wp","href":"https:\/\/api.w.org\/{rel}","templated":true}]}}