{"id":76444,"date":"2026-03-19T15:20:53","date_gmt":"2026-03-19T15:20:53","guid":{"rendered":"https:\/\/soydeaqui.ddns.net\/pachuca\/index.php\/producto\/radio-de-backhaul-de-alta-capacidad-hasta-1-2-gbps-banda-licenciada-11-ghz-10-7-11-7-ghz-incluye-antena-af-11g35-y-un-duplexer-banda-alta-af-11-dup-h\/"},"modified":"2026-03-19T15:21:02","modified_gmt":"2026-03-19T15:21:02","slug":"radio-de-backhaul-de-alta-capacidad-hasta-1-2-gbps-banda-licenciada-11-ghz-10-7-11-7-ghz-incluye-antena-af-11g35-y-un-duplexer-banda-alta-af-11-dup-h","status":"publish","type":"product","link":"https:\/\/soydeaqui.ddns.net\/pachuca\/index.php\/producto\/radio-de-backhaul-de-alta-capacidad-hasta-1-2-gbps-banda-licenciada-11-ghz-10-7-11-7-ghz-incluye-antena-af-11g35-y-un-duplexer-banda-alta-af-11-dup-h\/","title":{"rendered":"Radio de Backhaul de alta capacidad hasta 1.2 Gbps, banda licenciada 11 GHz (10.7-11.7 GHz), Incluye antena AF-11G35 y un duplexer banda alta AF-11-DUP-H"},"content":{"rendered":"<div style='width: 100%; max-width: 1200px; margin: 0 auto; font-family: sans-serif; line-height: 1.6; color: inherit; background-color: transparent;'> <!-- Secci\u00f3n de contenido con flex\/grid --> <\/p>\n<div style='display: flex; flex-direction: column; gap: 30px; margin-bottom: 30px;'>\n<div style='text-align: center;'>\n<h2 style='font-size: 24px; margin-top: 0; margin-bottom: 15px; color: inherit;'>Ingenier\u00eda Avanzada<\/h2>\n<p style='font-size: 20px; color: inherit; opacity: 0.8; margin-bottom: 15px;'>INVICTUS \u2122 2 de Ubiquiti y la arquitectura de radio patentada est\u00e1n dise\u00f1ados espec\u00edficamente para aplicaciones inal\u00e1mbricas de larga distancia al aire libre&comma; proporcionando un rendimiento superior&comma; capacidad de largo alcance y un mayor rendimiento.<\/p>\n<p> <img style='width: 100%; max-width: 800px; height: auto; border: 1px solid rgba(150&comma;150&comma;150&comma;0.3); border-radius: 8px; display: block; margin: 0 auto;' src='https:\/\/ftp3.syscom.mx\/usuarios\/adiaz\/vista-producto\/AF11\/AF11_1.png' alt=''> <\/div>\n<div style='text-align: center;'>\n<h2 style='font-size: 24px; margin-top: 0; margin-bottom: 15px; color: inherit;'>Opciones de Fuente de Energ\u00eda<\/h2>\n<p style='font-size: 20px; color: inherit; opacity: 0.8; margin-bottom: 15px;'>El soporte para alimentaci\u00f3n PoE o DC le brinda la flexibilidad de alimentar el AF-11 por separado del tr\u00e1fico Ethernet.<\/p>\n<p> <img style='width: 100%; max-width: 800px; height: auto; border: 1px solid rgba(150&comma;150&comma;150&comma;0.3); border-radius: 8px; display: block; margin: 0 auto;' src='https:\/\/ftp3.syscom.mx\/usuarios\/adiaz\/vista-producto\/AF11\/AF11_2.jpg' alt=''> <\/div>\n<div style='text-align: center;'>\n<h2 style='font-size: 24px; margin-top: 0; margin-bottom: 15px; color: inherit;'>Duplexers Reversibles<\/h2>\n<p style='font-size: 20px; color: inherit; opacity: 0.8; margin-bottom: 15px;'>Cada AF-11 requiere uno o dos Duplexers (se venden por separado; modelos AF-11-DUP-H y AF-11-DUP-L).<\/p>\n<p> <img style='width: 100%; max-width: 800px; height: auto; border: 1px solid rgba(150&comma;150&comma;150&comma;0.3); border-radius: 8px; display: block; margin: 0 auto;' src='https:\/\/ftp3.syscom.mx\/usuarios\/adiaz\/vista-producto\/AF11\/AF11_3.jpg' alt=''> <\/div>\n<div style='text-align: center;'>\n<h2 style='font-size: 24px; margin-top: 0; margin-bottom: 15px; color: inherit;'>Configuraci\u00f3n del Canal<\/h2>\n<p style='font-size: 20px; color: inherit; opacity: 0.8; margin-bottom: 15px;'>El airFiber AF-11 puede usar canales individuales (SISO) o unidos (MIMO)&comma; seg\u00fan sus requisitos de licencia espec\u00edficos. El AF-11 tambi\u00e9n presenta diferentes anchos de canal para satisfacer sus necesidades de implementaci\u00f3n&comma; y puede configurar de forma independiente las frecuencias de canal TX y RX.<\/p>\n<p> <img style='width: 100%; max-width: 800px; height: auto; border: 1px solid rgba(150&comma;150&comma;150&comma;0.3); border-radius: 8px; display: block; margin: 0 auto;' src='https:\/\/ftp3.syscom.mx\/usuarios\/adiaz\/vista-producto\/AF11\/AF11_4.jpg' alt=''> <\/div>\n<div style='text-align: center;'> <img style='width: 100%; max-width: 500px; height: auto; border: 1px solid rgba(150&comma;150&comma;150&comma;0.3); border-radius: 8px; display: block; margin: 0 auto;' src='https:\/\/ftp3.syscom.mx\/usuarios\/fotos\/AF11COMPLETELB\/186623-2b07f43c-9a98-469e-81c5-a8867b25f91f.png' alt=''> <\/div>\n<\/p><\/div>\n<p> <!-- Separador --> <\/p>\n<hr style='border: 0; border-top: 1px solid rgba(150&comma; 150&comma; 150&comma; 0.3); margin: 30px 0;'> <!-- Secci\u00f3n de especificaciones --> <\/p>\n<div style='display: flex; flex-wrap: wrap; gap: 20px; margin-bottom: 30px;'>\n<div style='flex: 1 1 250px; border: 1px solid rgba(150&comma; 150&comma; 150&comma; 0.4); border-radius: 8px; overflow: hidden; display: flex; flex-direction: column;'>\n<div style='padding: 15px; border-bottom: 1px solid rgba(150&comma; 150&comma; 150&comma; 0.2); font-weight: bold; font-size: 18px; color: inherit;'>Especificaci\u00f3n del producto<\/div>\n<div style='padding: 15px; color: inherit;'>\n<ul style='padding-left: 20px; margin: 0; font-size: 14px; list-style-type: disc;'>\n<li style='margin-bottom: 5px;'><strong>Dimensiones:<\/strong> 327 x 112 x 86 mm (12.87 x 4.41 x 3.39&#8242;)<\/li>\n<li style='margin-bottom: 5px;'><strong>Peso:<\/strong> 2.26 kg (5.0 lb)<\/li>\n<li style='margin-bottom: 5px;'><strong>Conectores RF:<\/strong> (4) SMA Weatherproof&comma; Two per Chain: TX 0&comma; RX 0 (Chain 0) and TX 1&comma; RX 1 (Chain 1) (2) N-Type Waterproof&comma; One per Duplexer<\/li>\n<li style='margin-bottom: 5px;'><strong>Fuente de Alimentaci\u00f3n:<\/strong> Adaptador Gigabit PoE&comma; 50V&comma; 1.2A (Incluido)<\/li>\n<li style='margin-bottom: 5px;'><strong>M\u00e9todo de Alimentaci\u00f3n:<\/strong> PoE Pasivo o terminal de alimentaci\u00f3n de CC<\/li>\n<li style='margin-bottom: 5px;'><strong>Rango de Voltaje Soportado:<\/strong> 38-56Vcc<\/li>\n<li style='margin-bottom: 5px;'><strong>Certificaciones:<\/strong> FCC Part 101&comma; ETSI EN 302 217<\/li>\n<li style='margin-bottom: 5px;'><strong>Temperatura de Operaci\u00f3n:<\/strong> -40 to 55\u00b0 C (-40 to 131\u00b0 F)<\/li>\n<li style='margin-bottom: 5px;'><strong>Interfaz de red:<\/strong> (1) 10\/100\/1000 Ethernet Port (1) 10\/100 Ethernet Port<\/li>\n<\/ul><\/div>\n<\/p><\/div>\n<div style='flex: 1 1 250px; border: 1px solid rgba(150&comma; 150&comma; 150&comma; 0.4); border-radius: 8px; overflow: hidden; display: flex; flex-direction: column;'>\n<div style='padding: 15px; border-bottom: 1px solid rgba(150&comma; 150&comma; 150&comma; 0.2); font-weight: bold; font-size: 18px; color: inherit;'>Sistema<\/div>\n<div style='padding: 15px; color: inherit;'>\n<ul style='padding-left: 20px; margin: 0; font-size: 14px; list-style-type: disc;'>\n<li style='margin-bottom: 5px;'><strong>Procesador:<\/strong> INVICTUS\u2122 2 IC<\/li>\n<li style='margin-bottom: 5px;'><strong>M\u00e1ximo rendimiento:<\/strong> 1.2+ Gbps<\/li>\n<li style='margin-bottom: 5px;'><strong>Encriptaci\u00f3n:<\/strong> 128-bit AES<\/li>\n<li style='margin-bottom: 5px;'><strong>OS:<\/strong> airOS F<\/li>\n<li style='margin-bottom: 5px;'><strong>Modos inal\u00e1mbricos:<\/strong> SISO\/MIMO<\/li>\n<\/ul><\/div>\n<\/p><\/div>\n<div style='flex: 1 1 250px; border: 1px solid rgba(150&comma; 150&comma; 150&comma; 0.4); border-radius: 8px; overflow: hidden; display: flex; flex-direction: column;'>\n<div style='padding: 15px; border-bottom: 1px solid rgba(150&comma; 150&comma; 150&comma; 0.2); font-weight: bold; font-size: 18px; color: inherit;'>Radio<\/div>\n<div style='padding: 15px; color: inherit;'>\n<ul style='padding-left: 20px; margin: 0; font-size: 14px; list-style-type: disc;'>\n<li style='margin-bottom: 5px;'><strong>Frecuencia de Operaci\u00f3n:<\/strong> 10.7-11.7 GHz (Depende de la Regi\u00f3n Reguladora*)<\/li>\n<li style='margin-bottom: 5px;'><strong>Max. TX Power:<\/strong> 30 dBm (Depende de la Regi\u00f3n Reguladora*)<\/li>\n<li style='margin-bottom: 5px;'><strong>Precisi\u00f3n de Frecuencia:<\/strong> \u00b1 1 ppm<\/li>\n<li style='margin-bottom: 5px;'><strong>Channel Bandwidth:<\/strong> 3.5\/5\/7\/10\/14\/20\/28\/30\/40\/50\/56 MHz** Ciclos de trabajo programables de enlace ascendente y enlace descendente<\/li>\n<\/ul><\/div>\n<\/p><\/div>\n<div style='flex: 1 1 250px; border: 1px solid rgba(150&comma; 150&comma; 150&comma; 0.4); border-radius: 8px; overflow: hidden; display: flex; flex-direction: column;'>\n<div style='padding: 15px; border-bottom: 1px solid rgba(150&comma; 150&comma; 150&comma; 0.2); font-weight: bold; font-size: 18px; color: inherit;'>Antena AF-11G35<\/div>\n<div style='padding: 15px; color: inherit;'>\n<ul style='padding-left: 20px; margin: 0; font-size: 14px; list-style-type: disc;'>\n<li style='margin-bottom: 5px;'><strong>Dimensiones:<\/strong> 811 x 811 x 460 mm (31.9 x 31.9 x 18.1&#8242;)<\/li>\n<li style='margin-bottom: 5px;'><strong>Peso:<\/strong> 7.14 kg (15.74 lb) sin montaje&comma; 11.85 kg (26.12 lb) con montaje<\/li>\n<li style='margin-bottom: 5px;'><strong>Frecuencia:<\/strong> 10.3 to 11.7 GHz<\/li>\n<li style='margin-bottom: 5px;'><strong>Ganancia:<\/strong> 35 dBi<\/li>\n<li style='margin-bottom: 5px;'><strong>HPOL Beamwidth:<\/strong> 2.5\u00b0<\/li>\n<li style='margin-bottom: 5px;'><strong>VPOL Beamwidth:<\/strong> 2.5\u00b0<\/li>\n<li style='margin-bottom: 5px;'><strong>Maximum VSWR:<\/strong> 2:1<\/li>\n<li style='margin-bottom: 5px;'><strong>Carga de Viento:<\/strong> 1538 N @ 200 km\/h (346 lbf @ 125 mph)<\/li>\n<li style='margin-bottom: 5px;'><strong>Wind Survivability:<\/strong> 200 km\/h (125 mph)<\/li>\n<li style='margin-bottom: 5px;'><strong>Polarizaci\u00f3n:<\/strong> H\/V (Default)&comma; \u00b1 45\u00b0 (After Rotating OMT)<\/li>\n<li style='margin-bottom: 5px;'><strong>Cross-Pol Isolation:<\/strong> 35 dB<\/li>\n<li style='margin-bottom: 5px;'><strong>Montaje:<\/strong> Montaje en Poste<\/li>\n<li style='margin-bottom: 5px;'><strong>Patr\u00f3n Regulatorio:<\/strong> ETSI 302 217-4-2&comma; Class 3 y FCC Cat B<\/li>\n<\/ul><\/div>\n<\/p><\/div>\n<\/p><\/div>\n<p> <!-- Nota final --> <\/p>\n<div style='font-size: 14px; color: inherit; opacity: 0.8; margin-top: 20px;'>\n<p style='margin: 0;'>* Incluye un duplexor de banda alta para el modo SISO (el modo MIMO requiere un segundo duplexor opcional)<\/p>\n<\/p><\/div>\n<\/p><\/div>\n","protected":false},"excerpt":{"rendered":"<p>Radio de Backhaul de alta capacidad hasta 1.2 Gbps, banda licenciada 11 GHz (10.7-11.7 GHz), Incluye antena AF-11G35 y un duplexer banda alta AF-11-DUP-H<\/p>\n","protected":false},"featured_media":76443,"comment_status":"open","ping_status":"closed","template":"","meta":[],"product_brand":[],"product_cat":[2086],"product_tag":[1991,2007,166],"class_list":{"0":"post-76444","1":"product","2":"type-product","3":"status-publish","4":"has-post-thumbnail","6":"product_cat-otras-bandas-enlaces-de-backhaul","7":"product_tag-enlaces-de-backhaul","8":"product_tag-otras-bandas","9":"product_tag-ubiquiti","11":"first","12":"outofstock","13":"sale","14":"shipping-taxable","15":"purchasable","16":"product-type-simple"},"_links":{"self":[{"href":"https:\/\/soydeaqui.ddns.net\/pachuca\/index.php\/wp-json\/wp\/v2\/product\/76444","targetHints":{"allow":["GET"]}}],"collection":[{"href":"https:\/\/soydeaqui.ddns.net\/pachuca\/index.php\/wp-json\/wp\/v2\/product"}],"about":[{"href":"https:\/\/soydeaqui.ddns.net\/pachuca\/index.php\/wp-json\/wp\/v2\/types\/product"}],"replies":[{"embeddable":true,"href":"https:\/\/soydeaqui.ddns.net\/pachuca\/index.php\/wp-json\/wp\/v2\/comments?post=76444"}],"wp:featuredmedia":[{"embeddable":true,"href":"https:\/\/soydeaqui.ddns.net\/pachuca\/index.php\/wp-json\/wp\/v2\/media\/76443"}],"wp:attachment":[{"href":"https:\/\/soydeaqui.ddns.net\/pachuca\/index.php\/wp-json\/wp\/v2\/media?parent=76444"}],"wp:term":[{"taxonomy":"product_brand","embeddable":true,"href":"https:\/\/soydeaqui.ddns.net\/pachuca\/index.php\/wp-json\/wp\/v2\/product_brand?post=76444"},{"taxonomy":"product_cat","embeddable":true,"href":"https:\/\/soydeaqui.ddns.net\/pachuca\/index.php\/wp-json\/wp\/v2\/product_cat?post=76444"},{"taxonomy":"product_tag","embeddable":true,"href":"https:\/\/soydeaqui.ddns.net\/pachuca\/index.php\/wp-json\/wp\/v2\/product_tag?post=76444"}],"curies":[{"name":"wp","href":"https:\/\/api.w.org\/{rel}","templated":true}]}}