{"id":76421,"date":"2026-03-19T15:19:55","date_gmt":"2026-03-19T15:19:55","guid":{"rendered":"https:\/\/soydeaqui.ddns.net\/pachuca\/index.php\/producto\/etapa-de-potencia-digital-1x240w-100v-millennium-ip-con-conectividad-ip-lan-supervison-calidad-de-sonido-hq-para-1-zona-en-formato-rack-2u\/"},"modified":"2026-03-19T15:19:59","modified_gmt":"2026-03-19T15:19:59","slug":"etapa-de-potencia-digital-1x240w-100v-millennium-ip-con-conectividad-ip-lan-supervison-calidad-de-sonido-hq-para-1-zona-en-formato-rack-2u","status":"publish","type":"product","link":"https:\/\/soydeaqui.ddns.net\/pachuca\/index.php\/producto\/etapa-de-potencia-digital-1x240w-100v-millennium-ip-con-conectividad-ip-lan-supervison-calidad-de-sonido-hq-para-1-zona-en-formato-rack-2u\/","title":{"rendered":"ETAPA DE POTENCIA DIGITAL 1x240W 100V  MILLENNIUM IP CON CONECTIVIDAD IP LAN, SUPERVISON, CALIDAD DE SONIDO HQ PARA 1 ZONA, EN FORMATO RACK 2U"},"content":{"rendered":"<div style='width: 100%; max-width: 1200px; margin: 0 auto; font-family: sans-serif; line-height: 1.6; color: inherit; background-color: transparent;'> <!-- Imagen logo --> <\/p>\n<div style='width: 100%; display: flex; justify-content: center; margin: 20px 0;'> <img style='width: 40%; height: auto; border: 1px solid rgba(150&comma;150&comma;150&comma;0.3); border-radius: 8px;' src='https:\/\/ftp3.syscom.mx\/usuarios\/luis.vargas\/EGI\/Logo.png' alt='Logo'> <\/div>\n<p> <!-- Secci\u00f3n de caracter\u00edsticas principales --> <\/p>\n<div style='display: flex; flex-wrap: wrap; gap: 30px; margin-bottom: 30px;'>\n<div style='flex: 1 1 300px; min-width: 280px;'>\n<h3 style='font-size: 22px; border-bottom: 2px solid currentColor; padding-bottom: 5px; margin-top: 0; color: inherit; opacity: 0.8;'>Caracter\u00edsticas Principales<\/h3>\n<ul style='padding-left: 20px; font-size: 15px; color: inherit;'>\n<li style='margin-bottom: 5px;'>Etapa de potencia de audio por IP 1 Zona de alta calidad (HQ)<\/li>\n<li style='margin-bottom: 5px;'>Salida a altavoces en l\u00ednea 100V Supervisada<\/li>\n<li style='margin-bottom: 5px;'><strong>Entrada de audio:<\/strong>\n<ul style='padding-left: 20px; margin-top: 5px; margin-bottom: 5px; color: inherit;'>\n<li style='margin-bottom: 5px;'>Streaming de audio como cliente IP<\/li>\n<li style='margin-bottom: 5px;'>Audio local LINE IN balanceada con detecci\u00f3n autom\u00e1tica de se\u00f1al&comma; VOX control<\/li>\n<li style='margin-bottom: 5px;'>Entrada de audio EGI PIN<\/li>\n<\/ul>\n<\/li>\n<li style='margin-bottom: 5px;'><strong>Modos de funcionamiento:<\/strong>\n<ul style='padding-left: 20px; margin-top: 5px; margin-bottom: 5px; color: inherit;'>\n<li style='margin-bottom: 5px;'>Entradas anal\u00f3gicas locales LINE IN y\/o PIN<\/li>\n<li style='margin-bottom: 5px;'>Reproductor de audio interno (WAV&comma; MP3&comma; radio por internet&comma; streaming&#8230;)<\/li>\n<li style='margin-bottom: 5px;'>Airplay\/DLNA<\/li>\n<li style='margin-bottom: 5px;'>Cliente VoIP&comma; Unicast o Multicast<\/li>\n<li style='margin-bottom: 5px;'>Protocolo RTP y telef\u00f3nia SIP<\/li>\n<li style='margin-bottom: 5px;'>Compatibilidad con Modbus<\/li>\n<li style='margin-bottom: 5px;'>Programador de eventos<\/li>\n<\/ul>\n<\/li>\n<\/ul><\/div>\n<div style='flex: 1 1 300px; min-width: 280px;'>\n<ul style='padding-left: 20px; font-size: 15px; color: inherit;'>\n<li style='margin-bottom: 5px;'>Memoria interna para almacenar audio con capacidad para 8-6 GB<\/li>\n<li style='margin-bottom: 5px;'>Firmware actualizable<\/li>\n<li style='margin-bottom: 5px;'>Configuraci\u00f3n a trav\u00e9s de interfaz web accesible desde PC&comma; Smartphone o Tablet<\/li>\n<li style='margin-bottom: 5px;'>Una sola conexi\u00f3n RJ45 Ethernet para todas las zonas<\/li>\n<li style='margin-bottom: 5px;'>Rel\u00e9 de salida y entrada libre de tensi\u00f3n programable por eventos<\/li>\n<li style='margin-bottom: 5px;'><strong>Dos tipos de supervisi\u00f3n y alerta integrados:<\/strong>\n<ul style='padding-left: 20px; margin-top: 5px; margin-bottom: 5px; color: inherit;'>\n<li style='margin-bottom: 5px;'>Cortocircuito l\u00ednea de altavoces y\/o estado del equipo: temperatura&comma; sobrecarga<\/li>\n<li style='margin-bottom: 5px;'>Todos los fallos generan una se\u00f1al de alarma que se integra en el software de control &#8216;Millennium IP&#8217; como un evento m\u00e1s<\/li>\n<\/ul>\n<\/li>\n<li style='margin-bottom: 5px;'>Incluye accesorios para rack<\/li>\n<li style='margin-bottom: 5px;'>Acabado: aluminio&comma; 2U rack<\/li>\n<\/ul><\/div>\n<\/p><\/div>\n<p> <!-- Imagen diagrama --> <\/p>\n<div style='width: 100%; display: flex; justify-content: center; margin: 20px 0;'> <img style='width: 60%; height: auto; border: 1px solid rgba(150&comma;150&comma;150&comma;0.3); border-radius: 8px;' src='https:\/\/ftp3.syscom.mx\/usuarios\/luis.vargas\/EGI\/Diagrama_EGI.png' alt='Diagrama'> <\/div>\n<p> <!-- Secci\u00f3n de especificaciones --> <\/p>\n<div style='display: flex; flex-wrap: wrap; gap: 20px; margin-bottom: 30px;'>\n<div style='flex: 1 1 250px; border: 1px solid rgba(150&comma; 150&comma; 150&comma; 0.4); border-radius: 8px; overflow: hidden; display: flex; flex-direction: column;'>\n<div style='padding: 15px; border-bottom: 1px solid rgba(150&comma; 150&comma; 150&comma; 0.2); font-weight: bold; font-size: 18px; color: inherit;'>Caracter\u00edsticas Generales<\/div>\n<div style='padding: 15px; color: inherit;'>\n<ul style='padding-left: 20px; margin: 0; font-size: 14px; list-style-type: disc; color: inherit;'>\n<li style='margin-bottom: 5px;'><strong>N\u00famero de zonas:<\/strong> 1<\/li>\n<li style='margin-bottom: 5px;'><strong>Potencia por zona:<\/strong> 1x240W<\/li>\n<li style='margin-bottom: 5px;'><strong>Consumo m\u00e1ximo:<\/strong> 300W<\/li>\n<li style='margin-bottom: 5px;'><strong>M\u00e1ximo de corriente consumida:<\/strong>\n<ul style='padding-left: 20px; margin-top: 5px; margin-bottom: 5px; color: inherit;'>\n<li style='margin-bottom: 5px;'>2.1 @ 230V~<\/li>\n<li style='margin-bottom: 5px;'>4.2 @ 115V~<\/li>\n<\/ul>\n<\/li>\n<li style='margin-bottom: 5px;'><strong>Alimentaci\u00f3n:<\/strong> 115\/230V 50\/60Hz<\/li>\n<li style='margin-bottom: 5px;'><strong>Impedancia de entrada PIN:<\/strong> 60K\u03a9<\/li>\n<li style='margin-bottom: 5px;'><strong>Sensibilidad de entrada PIN:<\/strong> 3 V~ + 7 Vdc<\/li>\n<\/ul><\/div>\n<\/p><\/div>\n<div style='flex: 1 1 250px; border: 1px solid rgba(150&comma; 150&comma; 150&comma; 0.4); border-radius: 8px; overflow: hidden; display: flex; flex-direction: column;'>\n<div style='padding: 15px; border-bottom: 1px solid rgba(150&comma; 150&comma; 150&comma; 0.2); font-weight: bold; font-size: 18px; color: inherit;'>Especificaciones T\u00e9cnicas<\/div>\n<div style='padding: 15px; color: inherit;'>\n<ul style='padding-left: 20px; margin: 0; font-size: 14px; list-style-type: disc; color: inherit;'>\n<li style='margin-bottom: 5px;'><strong>Impedancia de entrada LINE IN XLR:<\/strong> >10 K\u03a9<\/li>\n<li style='margin-bottom: 5px;'><strong>Sensibilidad de entrada AUX-VOX Control:<\/strong> 0.3 V &#8211; 1.2 V<\/li>\n<li style='margin-bottom: 5px;'><strong>Rel\u00e9 IN:<\/strong> Activado al cerrar contacto IN con GND<\/li>\n<li style='margin-bottom: 5px;'><strong>L\u00edmite de uso de rel\u00e9 OUT:<\/strong> 3A &#8211; 24 Vdc m\u00e1x&comma; NO o NC<\/li>\n<li style='margin-bottom: 5px;'><strong>Respuesta en frecuencia (@-3dB):<\/strong> 45 Hz &#8211; 22 KHz<\/li>\n<li style='margin-bottom: 5px;'><strong>Velocidad de red:<\/strong> 10\/100 Mb<\/li>\n<li style='margin-bottom: 5px;'><strong>Frecuencia de muestreo de audio:<\/strong> 44.1 KHz 16 bits<\/li>\n<li style='margin-bottom: 5px;'><strong>Dimensiones:<\/strong> 442 x 87 x 350 mm<\/li>\n<li style='margin-bottom: 5px;'><strong>Peso:<\/strong> 6Kg<\/li>\n<\/ul><\/div>\n<\/p><\/div>\n<\/p><\/div>\n<p> <!-- Imagen del producto --> <\/p>\n<div style='width: 100%; display: flex; justify-content: center; margin: 20px 0;'> <img style='width: 80%; height: auto; border: 1px solid rgba(150&comma;150&comma;150&comma;0.3); border-radius: 8px;' src='https:\/\/ftp3.syscom.mx\/usuarios\/luis.vargas\/EGI\/136X\/1360.png' alt='Producto'> <\/div>\n<\/p><\/div>\n","protected":false},"excerpt":{"rendered":"<p>ETAPA DE POTENCIA DIGITAL 1x240W 100V  MILLENNIUM IP CON CONECTIVIDAD IP LAN, SUPERVISON, CALIDAD DE SONIDO HQ PARA 1 ZONA, EN FORMATO RACK 2U<\/p>\n","protected":false},"featured_media":76420,"comment_status":"open","ping_status":"closed","template":"","meta":[],"product_brand":[],"product_cat":[2041],"product_tag":[697,2042,2004],"class_list":{"0":"post-76421","1":"product","2":"type-product","3":"status-publish","4":"has-post-thumbnail","6":"product_cat-sistemas-de-voceo-ip","7":"product_tag-egi-audio-solutions","8":"product_tag-sistemas-de-voceo-ip","9":"product_tag-voip-telefonia-ip-videoconferencia","11":"first","12":"outofstock","13":"sale","14":"shipping-taxable","15":"purchasable","16":"product-type-simple"},"_links":{"self":[{"href":"https:\/\/soydeaqui.ddns.net\/pachuca\/index.php\/wp-json\/wp\/v2\/product\/76421","targetHints":{"allow":["GET"]}}],"collection":[{"href":"https:\/\/soydeaqui.ddns.net\/pachuca\/index.php\/wp-json\/wp\/v2\/product"}],"about":[{"href":"https:\/\/soydeaqui.ddns.net\/pachuca\/index.php\/wp-json\/wp\/v2\/types\/product"}],"replies":[{"embeddable":true,"href":"https:\/\/soydeaqui.ddns.net\/pachuca\/index.php\/wp-json\/wp\/v2\/comments?post=76421"}],"wp:featuredmedia":[{"embeddable":true,"href":"https:\/\/soydeaqui.ddns.net\/pachuca\/index.php\/wp-json\/wp\/v2\/media\/76420"}],"wp:attachment":[{"href":"https:\/\/soydeaqui.ddns.net\/pachuca\/index.php\/wp-json\/wp\/v2\/media?parent=76421"}],"wp:term":[{"taxonomy":"product_brand","embeddable":true,"href":"https:\/\/soydeaqui.ddns.net\/pachuca\/index.php\/wp-json\/wp\/v2\/product_brand?post=76421"},{"taxonomy":"product_cat","embeddable":true,"href":"https:\/\/soydeaqui.ddns.net\/pachuca\/index.php\/wp-json\/wp\/v2\/product_cat?post=76421"},{"taxonomy":"product_tag","embeddable":true,"href":"https:\/\/soydeaqui.ddns.net\/pachuca\/index.php\/wp-json\/wp\/v2\/product_tag?post=76421"}],"curies":[{"name":"wp","href":"https:\/\/api.w.org\/{rel}","templated":true}]}}