{"id":7642,"date":"2026-03-18T06:58:51","date_gmt":"2026-03-18T06:58:51","guid":{"rendered":"https:\/\/soydeaqui.ddns.net\/pachuca\/index.php\/producto\/12-o-24-vcc-6-a-fuente-de-alimentacion-1-salida-capacidad-de-respaldo-requiere-bateria\/"},"modified":"2026-03-18T06:58:54","modified_gmt":"2026-03-18T06:58:54","slug":"12-o-24-vcc-6-a-fuente-de-alimentacion-1-salida-capacidad-de-respaldo-requiere-bateria","status":"publish","type":"product","link":"https:\/\/soydeaqui.ddns.net\/pachuca\/index.php\/producto\/12-o-24-vcc-6-a-fuente-de-alimentacion-1-salida-capacidad-de-respaldo-requiere-bateria\/","title":{"rendered":"12 o 24 Vcc @ 6 A \/ fuente de alimentaci\u00f3n \/ 1 salida \/ capacidad de respaldo \/ requiere bater\u00eda"},"content":{"rendered":"<div style='width: 100%; max-width: 1200px; margin: 0 auto; font-family: sans-serif; line-height: 1.6; color: inherit; background-color: transparent;'> <!-- Secci\u00f3n principal con imagen y descripci\u00f3n --> <\/p>\n<div style='display: flex; flex-wrap: wrap; gap: 30px; margin-bottom: 30px;'>\n<div style='flex: 1 1 300px; min-width: 280px;'> <img style='width: 100%; height: auto; border: 1px solid rgba(150&comma;150&comma;150&comma;0.3); border-radius: 8px;' src='http:\/\/ftp3.syscom.mx\/usuarios\/hallende\/Altronix\/AL-600-ULX\/AL600ULX-A.png' alt=''> <\/div>\n<div style='flex: 1 1 300px; min-width: 280px;'>\n<h2 style='font-size: 22px; margin-top: 0; color: inherit; opacity: 0.8;'>Fuente de poder ALTRONIX de 12\/24 Vcc @ 6 Amper seleccionable&comma; 1 Salida&comma; capacidad de respaldo.<\/h2>\n<p style='font-size: 15px; color: inherit; margin-bottom: 15px;'>Las fuentes de alimentaci\u00f3n de la serie Altronix AL600ULX convierten una entrada de 115VAC y 60Hz en una salida&comma; protegida por PTC. Las salidas son seleccionables para 12 o 24 VCC con un total de 6A m\u00e1x. Soporta 2 bater\u00edas de respaldo (no incluidas). Cuenta con aprobaciones UL294 para control de acceso&comma; UL1481 Se\u00f1alizaci\u00f3n de protecci\u00f3n contra incendios&comma; c UL&comma; CSFM&comma; MEA&comma; NFPA 72 y FM.<\/p>\n<p style='font-size: 15px; color: inherit; margin-bottom: 15px;'>Sin duda la mejor fuente de poder para tus proyectos cr\u00edticos&comma; donde se requiere alta seguridad para proteger vidas y bienes de los efectos devastadores de los incendios y otros peligros.<\/p>\n<\/p><\/div>\n<\/p><\/div>\n<p> <!-- Secci\u00f3n de caracter\u00edsticas con tres columnas --> <\/p>\n<div style='display: flex; flex-wrap: wrap; gap: 30px; margin-bottom: 30px;'> <!-- Caracter\u00edsticas Principales --> <\/p>\n<div style='flex: 1 1 300px; min-width: 280px;'> <img style='width: 100%; height: auto; border: 1px solid rgba(150&comma;150&comma;150&comma;0.3); border-radius: 8px;' src='http:\/\/ftp3.syscom.mx\/usuarios\/hallende\/Altronix\/AL-600-ULX\/AL600ULX-B.png' alt=''> <\/p>\n<div style='border: 1px solid rgba(150&comma;150&comma;150&comma;0.4); border-radius: 8px; overflow: hidden; margin-top: 15px;'>\n<div style='padding: 15px; background-color: rgba(54&comma; 199&comma; 6&comma; 0.1); border-bottom: 1px solid rgba(150&comma;150&comma;150&comma;0.2); font-weight: bold; font-size: 18px; color: inherit;'>Caracter\u00edsticas Principales:<\/div>\n<div style='padding: 15px; color: inherit;'>\n<ul style='padding-left: 20px; margin: 0; font-size: 14px; list-style-type: disc;'>\n<li style='margin-bottom: 5px;'><strong>Salida seleccionable de 12 o 24 VCC.<\/strong><\/li>\n<li style='margin-bottom: 5px;'><strong>Corriente de suministro continuo de 6A.<\/strong><\/li>\n<li style='margin-bottom: 5px;'>Salida filtrada y regulada electr\u00f3nicamente.<\/li>\n<li style='margin-bottom: 5px;'>Protecci\u00f3n contra cortocircuitos y sobrecargas t\u00e9rmica.<\/li>\n<li style='margin-bottom: 5px;'>Cargador integrado para bater\u00edas selladas de plomo-\u00e1cido o de gel.<\/li>\n<li style='margin-bottom: 5px;'>Cambio autom\u00e1tico a bater\u00eda de reserva cuando falla la CA.<\/li>\n<li style='margin-bottom: 5px;'>Indicadores LED de entrada de CA y salida de CC.<\/li>\n<li style='margin-bottom: 5px;'>Supervisi\u00f3n de falla de CA (contactos de forma &#8216;C&#8217;).<\/li>\n<li style='margin-bottom: 5px;'>Supervisi\u00f3n de bater\u00eda baja (contactos forma &#8216;C&#8217;).<\/li>\n<li style='margin-bottom: 5px;'>Supervisi\u00f3n de presencia de bater\u00eda (contactos forma &#8216;C&#8217;).<\/li>\n<li style='margin-bottom: 5px;'>El activador de notificaci\u00f3n se puede seleccionar durante 30 segundos (configurado de f\u00e1brica) o 6 horas.<\/li>\n<\/ul><\/div>\n<\/p><\/div>\n<\/p><\/div>\n<p> <!-- Caracter\u00edsticas F\u00edsicas y El\u00e9ctricas --> <\/p>\n<div style='flex: 1 1 300px; min-width: 280px;'> <img style='width: 100%; height: auto; border: 1px solid rgba(150&comma;150&comma;150&comma;0.3); border-radius: 8px;' src='http:\/\/ftp3.syscom.mx\/usuarios\/hallende\/Altronix\/AL-600-ULX\/AL600ULX-C.png' alt=''> <\/p>\n<div style='border: 1px solid rgba(150&comma;150&comma;150&comma;0.4); border-radius: 8px; overflow: hidden; margin-top: 15px;'>\n<div style='padding: 15px; background-color: rgba(54&comma; 199&comma; 6&comma; 0.1); border-bottom: 1px solid rgba(150&comma;150&comma;150&comma;0.2); font-weight: bold; font-size: 18px; color: inherit;'>Caracter\u00edsticas F\u00edsicas y El\u00e9ctricas:<\/div>\n<div style='padding: 15px; color: inherit;'>\n<ul style='padding-left: 20px; margin: 0; font-size: 14px; list-style-type: disc;'>\n<li style='margin-bottom: 5px;'>Voltaje de alimentaci\u00f3n 115VAC&comma; 60Hz&comma; 3.5A m\u00e1x.<\/li>\n<li style='margin-bottom: 5px;'>Dimensiones: 330.0(W) x 343.0(H) x 83.0(D)mm.<\/li>\n<li style='margin-bottom: 5px;'>Temperatura en funcionamiento: 0 \u00b0C a 49 \u00b0C.<\/li>\n<li style='margin-bottom: 5px;'>Temperatura en almacenamiento: -20 \u00b0C a 70 \u00b0C.<\/li>\n<li style='margin-bottom: 5px;'>Humedad relativa: 85% \u00b1 5%<\/li>\n<li style='margin-bottom: 5px;'>BTU\/Hr (Aprox.) 12VDC: 37 BTU\/Hr. \/ 24VDC: 74 BTU\/Hr.<\/li>\n<li style='margin-bottom: 5px;'>Peso del producto: 3.2 kg.<\/li>\n<li style='margin-bottom: 5px;'>Peso de env\u00edo: 4.1 kg.<\/li>\n<\/ul><\/div>\n<\/p><\/div>\n<\/p><\/div>\n<p> <!-- Caracter\u00edsticas Destacadas --> <\/p>\n<div style='flex: 1 1 300px; min-width: 280px;'> <img style='width: 100%; height: auto; border: 1px solid rgba(150&comma;150&comma;150&comma;0.3); border-radius: 8px;' src='http:\/\/ftp3.syscom.mx\/usuarios\/hallende\/Altronix\/AL-600-ULX\/AL600ULX-D.png' alt=''> <\/p>\n<div style='border: 1px solid rgba(150&comma;150&comma;150&comma;0.4); border-radius: 8px; overflow: hidden; margin-top: 15px;'>\n<div style='padding: 15px; background-color: rgba(54&comma; 199&comma; 6&comma; 0.1); border-bottom: 1px solid rgba(150&comma;150&comma;150&comma;0.2); font-weight: bold; font-size: 18px; color: inherit;'>Caracter\u00edsticas Destacadas:<\/div>\n<div style='padding: 15px; color: inherit;'>\n<ul style='padding-left: 20px; margin: 0; font-size: 14px; list-style-type: disc;'>\n<li style='margin-bottom: 5px;'>Caja de montaje en pared para uso en interiores<\/li>\n<li style='margin-bottom: 5px;'>No incluye baterias&comma; se recomienda el modelo: <a style='color: #fc1e0a; text-decoration: none;' href='https:\/\/www.syscom.mx\/producto\/PL912FR-EPCOM-POWERLINE-195489.html' target='_blank' rel='noopener'>PL912FR;<\/a><\/li>\n<li style='margin-bottom: 5px;'>No incluye cable de alimentaci\u00f3n&comma; se recomienda el modelo: <a style='color: #fc1e0a; text-decoration: none;' href='https:\/\/www.syscom.mx\/producto\/AC-CORD-1.8M-EPCOM-POWERLINE-162897.html' target='_blank' rel='noopener'>AC-CORD-1.8M;<\/a><\/li>\n<li style='margin-bottom: 5px;'>Forma C= Com\u00fan&comma; NC y NO<\/li>\n<li style='margin-bottom: 5px;'><strong>UL para sistemas de control de acceso (UL294)<\/strong><\/li>\n<li style='margin-bottom: 5px;'><strong>UL para sistemas de se\u00f1alizaci\u00f3n y protecci\u00f3n de incendios (UL1481)<\/strong><\/li>\n<li style='margin-bottom: 5px;'><strong>Listado cUL CSA Estandart C22.2 No.205-M1983<\/strong><\/li>\n<li style='margin-bottom: 5px;'><strong>CSFM &#8211; California State Fire Marshal<\/strong><\/li>\n<li style='margin-bottom: 5px;'><strong>MEA &#8211; NYC Department of Buildings Approved<\/strong><\/li>\n<li style='margin-bottom: 5px;'><strong>FM &#8211; Factory Mutual Approved<\/strong><\/li>\n<li style='margin-bottom: 5px;'><strong>Cumple con NFPA 72<\/strong><\/li>\n<\/ul><\/div>\n<\/p><\/div>\n<\/p><\/div>\n<\/p><\/div>\n<p> <!-- Separador final --> <\/p>\n<hr style='border: 0; border-top: 1px solid rgba(150&comma;150&comma;150&comma;0.3); margin: 30px 0;'> <\/div>\n","protected":false},"excerpt":{"rendered":"<p>12 o 24 Vcc @ 6 A \/ fuente de alimentaci\u00f3n \/ 1 salida \/ capacidad de respaldo \/ requiere bater\u00eda<\/p>\n","protected":false},"featured_media":7641,"comment_status":"open","ping_status":"closed","template":"","meta":[],"product_brand":[],"product_cat":[404],"product_tag":[495,142,405],"class_list":{"0":"post-7642","1":"product","2":"type-product","3":"status-publish","4":"has-post-thumbnail","6":"product_cat-fuentes-de-poder","7":"product_tag-altronix","8":"product_tag-energia","9":"product_tag-fuentes-de-poder","11":"first","12":"instock","13":"sale","14":"shipping-taxable","15":"purchasable","16":"product-type-simple"},"_links":{"self":[{"href":"https:\/\/soydeaqui.ddns.net\/pachuca\/index.php\/wp-json\/wp\/v2\/product\/7642","targetHints":{"allow":["GET"]}}],"collection":[{"href":"https:\/\/soydeaqui.ddns.net\/pachuca\/index.php\/wp-json\/wp\/v2\/product"}],"about":[{"href":"https:\/\/soydeaqui.ddns.net\/pachuca\/index.php\/wp-json\/wp\/v2\/types\/product"}],"replies":[{"embeddable":true,"href":"https:\/\/soydeaqui.ddns.net\/pachuca\/index.php\/wp-json\/wp\/v2\/comments?post=7642"}],"wp:featuredmedia":[{"embeddable":true,"href":"https:\/\/soydeaqui.ddns.net\/pachuca\/index.php\/wp-json\/wp\/v2\/media\/7641"}],"wp:attachment":[{"href":"https:\/\/soydeaqui.ddns.net\/pachuca\/index.php\/wp-json\/wp\/v2\/media?parent=7642"}],"wp:term":[{"taxonomy":"product_brand","embeddable":true,"href":"https:\/\/soydeaqui.ddns.net\/pachuca\/index.php\/wp-json\/wp\/v2\/product_brand?post=7642"},{"taxonomy":"product_cat","embeddable":true,"href":"https:\/\/soydeaqui.ddns.net\/pachuca\/index.php\/wp-json\/wp\/v2\/product_cat?post=7642"},{"taxonomy":"product_tag","embeddable":true,"href":"https:\/\/soydeaqui.ddns.net\/pachuca\/index.php\/wp-json\/wp\/v2\/product_tag?post=7642"}],"curies":[{"name":"wp","href":"https:\/\/api.w.org\/{rel}","templated":true}]}}