{"id":76414,"date":"2026-03-19T15:19:38","date_gmt":"2026-03-19T15:19:38","guid":{"rendered":"https:\/\/soydeaqui.ddns.net\/pachuca\/index.php\/producto\/consola-de-avisos-multizona-ip-con-display-microfono-y-grabador-de-mensajes\/"},"modified":"2026-03-19T15:19:47","modified_gmt":"2026-03-19T15:19:47","slug":"consola-de-avisos-multizona-ip-con-display-microfono-y-grabador-de-mensajes","status":"publish","type":"product","link":"https:\/\/soydeaqui.ddns.net\/pachuca\/index.php\/producto\/consola-de-avisos-multizona-ip-con-display-microfono-y-grabador-de-mensajes\/","title":{"rendered":"CONSOLA DE AVISOS MULTIZONA IP CON DISPLAY, MICR\u00d3FONO Y GRABADOR DE MENSAJES"},"content":{"rendered":"<div style='width: 100%; max-width: 1200px; margin: 0 auto; font-family: sans-serif; line-height: 1.6; color: inherit; background-color: transparent;'> <!-- Logo --> <\/p>\n<p style='text-align: center; margin: 30px 0 15px;'> <img style='width: 40%; height: auto; border: 1px solid rgba(150&comma;150&comma;150&comma;0.3); border-radius: 8px;' src='https:\/\/ftp3.syscom.mx\/usuarios\/luis.vargas\/EGI\/Logo.png' alt='Logo EGI AUDIO SOLUTIONS'> <\/p>\n<p> <!-- Caracter\u00edsticas principales --> <\/p>\n<div style='display: flex; flex-wrap: wrap; gap: 30px; margin-bottom: 30px;'>\n<div style='flex: 1 1 300px; min-width: 280px; border-left: 5px solid #0091ff; border-radius: 5px; padding: 15px; box-shadow: 2px 2px 10px rgba(216&comma;216&comma;216&comma;0.4);'>\n<ul style='padding-left: 20px; font-size: 15px; color: inherit;'>\n<li style='margin-bottom: 5px;'>Consola de megafon\u00eda para env\u00edo de mensajes por redes IP.<\/li>\n<li style='margin-bottom: 5px;'>Env\u00edo de streaming de audio de calidad (16 bits 44.1 KHz sin compresi\u00f3n).<\/li>\n<li style='margin-bottom: 5px;'>Display de tinta electr\u00f3nica para un contraste y nitidez m\u00e1ximos&comma; en cualquier condici\u00f3n de luz y \u00e1ngulo de visi\u00f3n.<\/li>\n<li style='margin-bottom: 5px;'>La funcionalidad de la consola y los textos que aparecen en el display&comma; se programan mediante una p\u00e1gina web.<\/li>\n<li style='margin-bottom: 5px;'>Acabado: gris\/negro con frontal en metacrilato.<\/li>\n<\/ul><\/div>\n<div style='flex: 1 1 300px; min-width: 280px; border-left: 5px solid #0091ff; border-radius: 5px; padding: 15px; box-shadow: 2px 2px 10px rgba(216&comma;216&comma;216&comma;0.4);'>\n<ul style='padding-left: 20px; font-size: 15px; color: inherit;'>\n<li style='margin-bottom: 5px;'>Posibilidad de grabar y reproducir el mensaje antes de enviarlo.<\/li>\n<li style='margin-bottom: 5px;'>Puede definirse teclas de acci\u00f3n para&comma; por ejemplo&comma; enviar mensajes pregrabados&comma; activar la m\u00fasica de la instalaci\u00f3n o abrir una puerta remotamente.<\/li>\n<li style='margin-bottom: 5px;'>Micr\u00f3fono Electret unidireccional de calidad para inteligibilidad de la palabra.<\/li>\n<li style='margin-bottom: 5px;'>Toma USB para actualizaci\u00f3n de firmware y configuraci\u00f3n.<\/li>\n<li style='margin-bottom: 5px;'>6 teclas de acceso directo a zonas y\/o grupos&comma; con hasta 10 pantallas definibles por el usuario&comma; accesibles mediante las teclas de navegaci\u00f3n.<\/li>\n<\/ul><\/div>\n<\/p><\/div>\n<p> <!-- Diagrama --> <\/p>\n<p style='text-align: center; margin: 30px 0 15px;'> <img style='width: 60%; height: auto; border: 1px solid rgba(150&comma;150&comma;150&comma;0.3); border-radius: 8px;' src='https:\/\/ftp3.syscom.mx\/usuarios\/luis.vargas\/EGI\/1211M\/Diagrama.png' alt='Diagrama de conexi\u00f3n'> <\/p>\n<p> <!-- Especificaciones t\u00e9cnicas --> <\/p>\n<div style='display: flex; flex-wrap: wrap; gap: 20px; margin-bottom: 30px;'>\n<div style='flex: 1 1 250px; border: 1px solid rgba(150&comma; 150&comma; 150&comma; 0.4); border-radius: 8px; overflow: hidden; display: flex; flex-direction: column;'>\n<div style='padding: 15px; border-bottom: 1px solid rgba(150&comma; 150&comma; 150&comma; 0.2); font-weight: bold; font-size: 18px; color: inherit;'>Caracter\u00edsticas Generales<\/div>\n<div style='padding: 15px; color: inherit;'>\n<ul style='padding-left: 20px; margin: 0; font-size: 14px; list-style-type: disc;'>\n<li style='margin-bottom: 5px;'><strong>Alimentaci\u00f3n:<\/strong> 12-15 Vdc (No incluida)<\/li>\n<li style='margin-bottom: 5px;'><strong>Consumo m\u00e1ximo:<\/strong> 5W<\/li>\n<li style='margin-bottom: 5px;'><strong>Respuesta en frecuencia (@ -3dB):<\/strong> 50Hz &#8211; 20KHz<\/li>\n<li style='margin-bottom: 5px;'><strong>Potencia en altavoz:<\/strong> 2W RMS<\/li>\n<\/ul><\/div>\n<\/p><\/div>\n<div style='flex: 1 1 250px; border: 1 1 250px; border: 1px solid rgba(150&comma; 150&comma; 150&comma; 0.4); border-radius: 8px; overflow: hidden; display: flex; flex-direction: column;'>\n<div style='padding: 15px; border-bottom: 1px solid rgba(150&comma; 150&comma; 150&comma; 0.2); font-weight: bold; font-size: 18px; color: inherit;'>Especificaciones<\/div>\n<div style='padding: 15px; color: inherit;'>\n<ul style='padding-left: 20px; margin: 0; font-size: 14px; list-style-type: disc;'>\n<li style='margin-bottom: 5px;'><strong>Tipo de micr\u00f3fono:<\/strong> Electret unidireccional<\/li>\n<li style='margin-bottom: 5px;'><strong>Relaci\u00f3n se\u00f1al\/ruido micr\u00f3fono:<\/strong> 55 dB<\/li>\n<li style='margin-bottom: 5px;'><strong>Temperatura de trabajo:<\/strong> 0\u00baC &#8211; 50\u00baC<\/li>\n<li style='margin-bottom: 5px;'><strong>Peso:<\/strong> 1.1 KG<\/li>\n<li style='margin-bottom: 5px;'><strong>Dimensiones:<\/strong> 150x150x55mm (Longitud del flexo:140mm)<\/li>\n<\/ul><\/div>\n<\/p><\/div>\n<\/p><\/div>\n<p> <!-- Im\u00e1genes del producto --> <\/p>\n<div style='display: flex; flex-wrap: wrap; gap: 20px; justify-content: center; margin: 30px 0;'>\n<div style='flex: 1 1 40%; min-width: 280px;'> <img style='width: 100%; height: auto; border: 1px solid rgba(150&comma;150&comma;150&comma;0.3); border-radius: 8px;' src='https:\/\/ftp3.syscom.mx\/usuarios\/luis.vargas\/EGI\/1211M\/1211m.png' alt='Vista frontal'> <\/div>\n<div style='flex: 1 1 40%; min-width: 280px;'> <img style='width: 100%; height: auto; border: 1px solid rgba(150&comma;150&comma;150&comma;0.3); border-radius: 8px;' src='https:\/\/ftp3.syscom.mx\/usuarios\/luis.vargas\/EGI\/1211M\/1211gif.gif' alt='Funcionamiento'> <\/div>\n<\/p><\/div>\n<\/p><\/div>\n","protected":false},"excerpt":{"rendered":"<p>CONSOLA DE AVISOS MULTIZONA IP CON DISPLAY, MICR\u00d3FONO Y GRABADOR DE MENSAJES<\/p>\n","protected":false},"featured_media":76413,"comment_status":"open","ping_status":"closed","template":"","meta":[],"product_brand":[],"product_cat":[2041],"product_tag":[697,2042,2004],"class_list":{"0":"post-76414","1":"product","2":"type-product","3":"status-publish","4":"has-post-thumbnail","6":"product_cat-sistemas-de-voceo-ip","7":"product_tag-egi-audio-solutions","8":"product_tag-sistemas-de-voceo-ip","9":"product_tag-voip-telefonia-ip-videoconferencia","11":"first","12":"outofstock","13":"sale","14":"shipping-taxable","15":"purchasable","16":"product-type-simple"},"_links":{"self":[{"href":"https:\/\/soydeaqui.ddns.net\/pachuca\/index.php\/wp-json\/wp\/v2\/product\/76414","targetHints":{"allow":["GET"]}}],"collection":[{"href":"https:\/\/soydeaqui.ddns.net\/pachuca\/index.php\/wp-json\/wp\/v2\/product"}],"about":[{"href":"https:\/\/soydeaqui.ddns.net\/pachuca\/index.php\/wp-json\/wp\/v2\/types\/product"}],"replies":[{"embeddable":true,"href":"https:\/\/soydeaqui.ddns.net\/pachuca\/index.php\/wp-json\/wp\/v2\/comments?post=76414"}],"wp:featuredmedia":[{"embeddable":true,"href":"https:\/\/soydeaqui.ddns.net\/pachuca\/index.php\/wp-json\/wp\/v2\/media\/76413"}],"wp:attachment":[{"href":"https:\/\/soydeaqui.ddns.net\/pachuca\/index.php\/wp-json\/wp\/v2\/media?parent=76414"}],"wp:term":[{"taxonomy":"product_brand","embeddable":true,"href":"https:\/\/soydeaqui.ddns.net\/pachuca\/index.php\/wp-json\/wp\/v2\/product_brand?post=76414"},{"taxonomy":"product_cat","embeddable":true,"href":"https:\/\/soydeaqui.ddns.net\/pachuca\/index.php\/wp-json\/wp\/v2\/product_cat?post=76414"},{"taxonomy":"product_tag","embeddable":true,"href":"https:\/\/soydeaqui.ddns.net\/pachuca\/index.php\/wp-json\/wp\/v2\/product_tag?post=76414"}],"curies":[{"name":"wp","href":"https:\/\/api.w.org\/{rel}","templated":true}]}}