{"id":76404,"date":"2026-03-19T15:19:16","date_gmt":"2026-03-19T15:19:16","guid":{"rendered":"https:\/\/soydeaqui.ddns.net\/pachuca\/index.php\/producto\/modulo-de-entrada-para-senal-de-audio-auxiliar-con-encendido-apagado-y-regulacion-de-volume-color-blanco\/"},"modified":"2026-03-19T15:19:22","modified_gmt":"2026-03-19T15:19:22","slug":"modulo-de-entrada-para-senal-de-audio-auxiliar-con-encendido-apagado-y-regulacion-de-volume-color-blanco","status":"publish","type":"product","link":"https:\/\/soydeaqui.ddns.net\/pachuca\/index.php\/producto\/modulo-de-entrada-para-senal-de-audio-auxiliar-con-encendido-apagado-y-regulacion-de-volume-color-blanco\/","title":{"rendered":"M\u00f3dulo De Entrada Para Se\u00f1al De Audio Auxiliar Con Encendido\/Apagado Y Regulaci\u00f3n De Volume, Color Blanco"},"content":{"rendered":"<div style='width: 100%; max-width: 1200px; margin: 0 auto; font-family: sans-serif; line-height: 1.6; color: inherit; background-color: transparent;'> <!-- Imagen logo --> <\/p>\n<div style='width: 100%; text-align: center; margin: 30px 0;'> <img style='width: 40%; height: auto; border: 1px solid rgba(150&comma;150&comma;150&comma;0.3); border-radius: 8px;' src='https:\/\/ftp3.syscom.mx\/usuarios\/luis.vargas\/EGI\/Logo.png' alt='Logo'> <\/div>\n<p> <!-- Imagen principal --> <\/p>\n<div style='width: 100%; margin: 30px 0;'> <img style='width: 100%; height: auto; border: 1px solid rgba(150&comma;150&comma;150&comma;0.3); border-radius: 8px;' src='https:\/\/ftp3.syscom.mx\/usuarios\/luis.vargas\/EGI\/110610\/1106-1.png' alt='Producto'> <\/div>\n<p> <!-- Contenido con imagen y descripci\u00f3n --> <\/p>\n<div style='display: flex; flex-wrap: wrap; gap: 30px; margin: 30px 0;'>\n<div style='flex: 1 1 300px; min-width: 280px;'> <img style='width: 100%; height: auto; border: 1px solid rgba(150&comma;150&comma;150&comma;0.3); border-radius: 8px;' src='https:\/\/ftp3.syscom.mx\/usuarios\/luis.vargas\/EGI\/110610\/1106-2.png' alt='Producto'> <\/div>\n<div style='flex: 1 1 300px; min-width: 280px;'>\n<div style='font-size: 18px; color: inherit; margin-bottom: 20px;'> Regulador de volumen&comma; con entrada auxiliar para fuentes de audio locales (CD&comma; pletina&comma; micro inal\u00e1mbrico&#8230;) con interruptor de encendido y piloto luminoso. Incorpora compresor lento de se\u00f1al para evitar la distorsi\u00f3n. Automezclable hasta 5 unidades Datos T\u00e9cnicos <\/div>\n<\/p><\/div>\n<\/p><\/div>\n<p> <!-- Separador --> <\/p>\n<hr style='border: 0; border-top: 1px solid rgba(150&comma; 150&comma; 150&comma; 0.3); margin: 30px 0;'> <!-- Caracter\u00edsticas y imagen --> <\/p>\n<div style='display: flex; flex-wrap: wrap; gap: 30px; margin: 30px 0;'>\n<div style='flex: 1 1 300px; min-width: 280px;'>\n<h3 style='font-size: 22px; border-bottom: 2px solid currentColor; padding-bottom: 5px; margin-top: 0; color: inherit; opacity: 0.8;'>Caracter\u00edsticas Generales<\/h3>\n<ul style='padding-left: 20px; font-size: 15px; color: inherit;'>\n<li style='margin-bottom: 5px;'><strong>Power supply:<\/strong> 15 Vdc<\/li>\n<li style='margin-bottom: 5px;'><strong>Maximum Consumption:<\/strong> 2.43 W<\/li>\n<li style='margin-bottom: 5px;'><strong>RMS Output Power:<\/strong> 1.25 W<\/li>\n<li style='margin-bottom: 5px;'><strong>Input Impedance:<\/strong> 20 k\u03a9<\/li>\n<li style='margin-bottom: 5px;'><strong>Input Sensitivity:<\/strong> 1.9 V<\/li>\n<li style='margin-bottom: 5px;'><strong>No incluye embellecedor (Faceplate)<\/strong><\/li>\n<\/ul><\/div>\n<div style='flex: 1 1 300px; min-width: 280px;'> <img style='width: 100%; height: auto; border: 1px solid rgba(150&comma;150&comma;150&comma;0.3); border-radius: 8px;' src='https:\/\/ftp3.syscom.mx\/usuarios\/luis.vargas\/EGI\/110610\/1106-3.png' alt='Producto'> <\/div>\n<\/p><\/div>\n<\/p><\/div>\n","protected":false},"excerpt":{"rendered":"<p>M\u00f3dulo De Entrada Para Se\u00f1al De Audio Auxiliar Con Encendido\/Apagado Y Regulaci\u00f3n De Volume, Color Blanco<\/p>\n","protected":false},"featured_media":76403,"comment_status":"open","ping_status":"closed","template":"","meta":[],"product_brand":[],"product_cat":[240],"product_tag":[93,241,697],"class_list":{"0":"post-76404","1":"product","2":"type-product","3":"status-publish","4":"has-post-thumbnail","6":"product_cat-accesorios-audio-ip","7":"product_tag-accesorios","8":"product_tag-audio-ip","9":"product_tag-egi-audio-solutions","11":"first","12":"instock","13":"sale","14":"shipping-taxable","15":"purchasable","16":"product-type-simple"},"_links":{"self":[{"href":"https:\/\/soydeaqui.ddns.net\/pachuca\/index.php\/wp-json\/wp\/v2\/product\/76404","targetHints":{"allow":["GET"]}}],"collection":[{"href":"https:\/\/soydeaqui.ddns.net\/pachuca\/index.php\/wp-json\/wp\/v2\/product"}],"about":[{"href":"https:\/\/soydeaqui.ddns.net\/pachuca\/index.php\/wp-json\/wp\/v2\/types\/product"}],"replies":[{"embeddable":true,"href":"https:\/\/soydeaqui.ddns.net\/pachuca\/index.php\/wp-json\/wp\/v2\/comments?post=76404"}],"wp:featuredmedia":[{"embeddable":true,"href":"https:\/\/soydeaqui.ddns.net\/pachuca\/index.php\/wp-json\/wp\/v2\/media\/76403"}],"wp:attachment":[{"href":"https:\/\/soydeaqui.ddns.net\/pachuca\/index.php\/wp-json\/wp\/v2\/media?parent=76404"}],"wp:term":[{"taxonomy":"product_brand","embeddable":true,"href":"https:\/\/soydeaqui.ddns.net\/pachuca\/index.php\/wp-json\/wp\/v2\/product_brand?post=76404"},{"taxonomy":"product_cat","embeddable":true,"href":"https:\/\/soydeaqui.ddns.net\/pachuca\/index.php\/wp-json\/wp\/v2\/product_cat?post=76404"},{"taxonomy":"product_tag","embeddable":true,"href":"https:\/\/soydeaqui.ddns.net\/pachuca\/index.php\/wp-json\/wp\/v2\/product_tag?post=76404"}],"curies":[{"name":"wp","href":"https:\/\/api.w.org\/{rel}","templated":true}]}}