{"id":76391,"date":"2026-03-19T15:18:45","date_gmt":"2026-03-19T15:18:45","guid":{"rendered":"https:\/\/soydeaqui.ddns.net\/pachuca\/index.php\/producto\/interfaz-millennium-ip-para-gestion-de-avisos-y-musica-pre-grabados-ip-con-8-reles-in-out\/"},"modified":"2026-03-19T15:19:02","modified_gmt":"2026-03-19T15:19:02","slug":"interfaz-millennium-ip-para-gestion-de-avisos-y-musica-pre-grabados-ip-con-8-reles-in-out","status":"publish","type":"product","link":"https:\/\/soydeaqui.ddns.net\/pachuca\/index.php\/producto\/interfaz-millennium-ip-para-gestion-de-avisos-y-musica-pre-grabados-ip-con-8-reles-in-out\/","title":{"rendered":"Interfaz Millennium IP para gesti\u00f3n de avisos y m\u00fasica pre-grabados IP con 8 rel\u00e9s IN\/OUT"},"content":{"rendered":"<div style=\"width: 100%; max-width: 1200px; margin: 0px auto; font-family: sans-serif; line-height: 1.6; color: inherit; background-color: transparent; --darkreader-inline-color: inherit; --darkreader-inline-bgcolor: transparent;\" data-darkreader-inline-color=\"\" data-darkreader-inline-bgcolor=\"\">\n<div style=\"display: flex; flex-direction: column; align-items: center; margin-bottom: 30px;\"><img decoding=\"async\" style=\"width: 40%; height: auto; border: 1px solid rgba(150&comma; 150&comma; 150&comma; 0.3); border-radius: 8px; --darkreader-inline-border-top: var(--darkreader-border-9696964d&comma; rgba(87&comma; 95&comma; 100&comma; 0.3)); --darkreader-inline-border-right: var(--darkreader-border-9696964d&comma; rgba(87&comma; 95&comma; 100&comma; 0.3)); --darkreader-inline-border-bottom: var(--darkreader-border-9696964d&comma; rgba(87&comma; 95&comma; 100&comma; 0.3)); --darkreader-inline-border-left: var(--darkreader-border-9696964d&comma; rgba(87&comma; 95&comma; 100&comma; 0.3));\" src=\"https:\/\/ftp3.syscom.mx\/usuarios\/luis.vargas\/EGI\/Logo.png\" alt=\"Logo\" class=\"fr-fil fr-dib\" data-darkreader-inline-border-top=\"\" data-darkreader-inline-border-right=\"\" data-darkreader-inline-border-bottom=\"\" data-darkreader-inline-border-left=\"\"><\/div>\n<div style=\"display: flex; flex-wrap: wrap; gap: 30px; margin-bottom: 30px;\">\n<div style=\"flex: 1 1 300px; min-width: 280px;\">\n<ul style=\"padding-left: 20px; font-size: 15px; color: inherit; --darkreader-inline-color: inherit;\" data-darkreader-inline-color=\"\">\n<li style=\"margin-bottom: 5px;\">Interfaz de audio IP que permite la emisi&oacute;n\/recepci&oacute;n de audio y mensajes pregrabados a trav&eacute;s de redes Ethernet. Con 8 rel&eacute;s IN\/OUT para su conexi&oacute;n con sistemas de seguridad&comma; alarmas de incendio&comma; dom&oacute;ticos&comma; etc.<\/li>\n<li style=\"margin-bottom: 5px;\">Compatible con ModBus y Webservice.<\/li>\n<li style=\"margin-bottom: 5px;\"><strong>3 Modos de funcionamiento:<\/strong>\n<ul style=\"margin-top: 5px; margin-bottom: 5px; padding-left: 20px;\">\n<li style=\"margin-bottom: 5px;\">Server: Audio In&comma; reproductor y programador de m&uacute;sica.<\/li>\n<li style=\"margin-bottom: 5px;\">Cliente: Reproductor de m&uacute;sica&comma; Air Play&comma; DLNA&comma; programador Multicast&comma; audio link y VoIP-SIP<\/li>\n<li style=\"margin-bottom: 5px;\">PBX: Centralita telef&oacute;nica IP (Asterisk).<\/li>\n<\/ul>\n<\/li>\n<li style=\"margin-bottom: 5px;\">Permite la prioridad de avisos sobre la m&uacute;sica ambiental.<\/li>\n<li style=\"margin-bottom: 5px;\">8 entradas de control y 8+1 rel&eacute;s OUT (NO\/NC\/COM) libres de tensi&oacute;n.<\/li>\n<\/ul>\n<\/div>\n<div style=\"flex: 1 1 300px; min-width: 280px;\">\n<ul style=\"padding-left: 20px; font-size: 15px; color: inherit; --darkreader-inline-color: inherit;\" data-darkreader-inline-color=\"\">\n<li style=\"margin-bottom: 5px;\">Entrada y salida de audio con conectores XLR o regletas PIN.<\/li>\n<li style=\"margin-bottom: 5px;\">Memoria interna con disco duro en red de 6GB para audio y archivos.<\/li>\n<li style=\"margin-bottom: 5px;\">Control remoto desde smartphone&comma; tablet y PC.<\/li>\n<li style=\"margin-bottom: 5px;\">Configuraci&oacute;n a trav&eacute;s de p&aacute;gina web.<\/li>\n<li style=\"margin-bottom: 5px;\">Conexi&oacute;n RJ45 Ethernet a velocidad 10\/100 Mb.<\/li>\n<li style=\"margin-bottom: 5px;\">Conexi&oacute;n USB 2.0<\/li>\n<li style=\"margin-bottom: 5px;\">Alimentaci&oacute;n de 15Vcc (No incluida) \/\/ Fuente recomendada P15DC3A<\/li>\n<li style=\"margin-bottom: 5px;\">Reloj aut&oacute;nomo incluido y actualizable a trav&eacute;s de red IP.<\/li>\n<li style=\"margin-bottom: 5px;\">Firmware actualizable.<\/li>\n<li style=\"margin-bottom: 5px;\">Acabado: Aluminio.<\/li>\n<\/ul>\n<\/div>\n<\/div>\n<hr style=\"border-width: 1px 0px 0px; border-right-style: initial; border-bottom-style: initial; border-left-style: initial; border-right-color: initial; border-bottom-color: initial; border-left-color: initial; border-image: initial; border-top-style: solid; border-top-color: rgba(150&comma; 150&comma; 150&comma; 0.3); margin: 30px 0px; --darkreader-inline-border-right: 0px; --darkreader-inline-border-bottom: 0px; --darkreader-inline-border-left: 0px; --darkreader-inline-border-top: var(--darkreader-border-9696964d&comma; rgba(87&comma; 95&comma; 100&comma; 0.3));\" data-darkreader-inline-border-right=\"\" data-darkreader-inline-border-bottom=\"\" data-darkreader-inline-border-left=\"\" data-darkreader-inline-border-top=\"\">\n<div style=\"display: flex; flex-wrap: wrap; gap: 30px; margin-bottom: 30px;\">\n<div style=\"flex: 1 1 300px; min-width: 280px;\">\n<h3 style=\"font-size: 22px; border-bottom: 2px solid currentcolor; padding-bottom: 5px; margin-top: 0px; color: inherit; opacity: 0.8; --darkreader-inline-border-bottom: currentcolor; --darkreader-inline-color: inherit;\" data-darkreader-inline-border-bottom=\"\" data-darkreader-inline-color=\"\">Caracter&iacute;sticas Generales<\/h3>\n<ul style=\"padding-left: 20px; font-size: 15px; color: inherit; --darkreader-inline-color: inherit;\" data-darkreader-inline-color=\"\">\n<li style=\"margin-bottom: 5px;\"><strong>Alimentaci&oacute;n de la consola:<\/strong> 12-15 Vdc (No incluida) Fuente sugerida <a href=\"https:\/\/www.syscom.mx\/producto\/P15DC3A-EPCOM-POWERLINE-213355.html\" style=\"color: inherit; text-decoration: underline; --darkreader-inline-color: inherit;\" target=\"_blank\" data-darkreader-inline-color=\"\">P15DC3A<\/a><\/li>\n<li style=\"margin-bottom: 5px;\"><strong>Consumo m&aacute;ximo:<\/strong> 350mA<\/li>\n<li style=\"margin-bottom: 5px;\"><strong>Sensibilidad de entrada y salida PIN:<\/strong> 3 Vac (Audio) + 7V<\/li>\n<li style=\"margin-bottom: 5px;\"><strong>Sensibilidad de entrada y salida XLR:<\/strong> 0.3 &#8211; 1.2V<\/li>\n<li style=\"margin-bottom: 5px;\"><strong>L&iacute;mite de uso rel&eacute;s (OUT):<\/strong> 3A &#8211; 24 Vdc Max.<\/li>\n<\/ul>\n<\/div>\n<div style=\"flex: 1 1 300px; min-width: 280px;\">\n<ul style=\"padding-left: 20px; font-size: 15px; color: inherit; --darkreader-inline-color: inherit;\" data-darkreader-inline-color=\"\">\n<li style=\"margin-bottom: 5px;\"><strong>Memoria interna:<\/strong> 6GB<\/li>\n<li style=\"margin-bottom: 5px;\"><strong>Memoria Externa:<\/strong> USB 2.0<\/li>\n<li style=\"margin-bottom: 5px;\"><strong>Velocidad de red:<\/strong> 10\/100 Mb<\/li>\n<li style=\"margin-bottom: 5px;\"><strong>Frecuencia de muestreo de audio:<\/strong> 44.1KHz &#8211; 16 Bits<\/li>\n<li style=\"margin-bottom: 5px;\"><strong>Unidades de rack:<\/strong> 28 UP; 3 UA<\/li>\n<\/ul>\n<\/div>\n<\/div>\n<hr style=\"border-width: 1px 0px 0px; border-right-style: initial; border-bottom-style: initial; border-left-style: initial; border-right-color: initial; border-bottom-color: initial; border-left-color: initial; border-image: initial; border-top-style: solid; border-top-color: rgba(150&comma; 150&comma; 150&comma; 0.3); margin: 30px 0px; --darkreader-inline-border-right: 0px; --darkreader-inline-border-bottom: 0px; --darkreader-inline-border-left: 0px; --darkreader-inline-border-top: var(--darkreader-border-9696964d&comma; rgba(87&comma; 95&comma; 100&comma; 0.3));\" data-darkreader-inline-border-right=\"\" data-darkreader-inline-border-bottom=\"\" data-darkreader-inline-border-left=\"\" data-darkreader-inline-border-top=\"\">\n<div style=\"display: flex; flex-direction: column; align-items: center; margin-bottom: 30px;\"><img decoding=\"async\" style=\"width: 60%; height: auto; border: 1px solid rgba(150&comma; 150&comma; 150&comma; 0.3); border-radius: 8px; --darkreader-inline-border-top: var(--darkreader-border-9696964d&comma; rgba(87&comma; 95&comma; 100&comma; 0.3)); --darkreader-inline-border-right: var(--darkreader-border-9696964d&comma; rgba(87&comma; 95&comma; 100&comma; 0.3)); --darkreader-inline-border-bottom: var(--darkreader-border-9696964d&comma; rgba(87&comma; 95&comma; 100&comma; 0.3)); --darkreader-inline-border-left: var(--darkreader-border-9696964d&comma; rgba(87&comma; 95&comma; 100&comma; 0.3));\" src=\"https:\/\/ftp3.syscom.mx\/usuarios\/luis.vargas\/EGI\/1211M\/Diagrama.png\" alt=\"Diagrama\" class=\"fr-fil fr-dib\" data-darkreader-inline-border-top=\"\" data-darkreader-inline-border-right=\"\" data-darkreader-inline-border-bottom=\"\" data-darkreader-inline-border-left=\"\"><\/div>\n<div style=\"text-align: center; margin: 30px 0;\"><strong style=\"font-size: 18px; color: inherit; opacity: 0.8; --darkreader-inline-color: inherit;\" data-darkreader-inline-color=\"\">Ejemplo de Conexi&oacute;n<\/strong><\/div>\n<div style=\"display: flex; flex-direction: column; align-items: center; margin-bottom: 30px;\"><img decoding=\"async\" style=\"width: 90%; height: auto; border: 1px solid rgba(150&comma; 150&comma; 150&comma; 0.3); border-radius: 8px; --darkreader-inline-border-top: var(--darkreader-border-9696964d&comma; rgba(87&comma; 95&comma; 100&comma; 0.3)); --darkreader-inline-border-right: var(--darkreader-border-9696964d&comma; rgba(87&comma; 95&comma; 100&comma; 0.3)); --darkreader-inline-border-bottom: var(--darkreader-border-9696964d&comma; rgba(87&comma; 95&comma; 100&comma; 0.3)); --darkreader-inline-border-left: var(--darkreader-border-9696964d&comma; rgba(87&comma; 95&comma; 100&comma; 0.3));\" src=\"https:\/\/ftp3.syscom.mx\/usuarios\/luis.vargas\/EGI\/1113\/1113.png\" alt=\"Interfaz Millennium IP\" class=\"fr-fil fr-dib\" data-darkreader-inline-border-top=\"\" data-darkreader-inline-border-right=\"\" data-darkreader-inline-border-bottom=\"\" data-darkreader-inline-border-left=\"\"><\/div>\n<div style=\"display: flex; flex-direction: column; align-items: center; margin-bottom: 30px;\"><img decoding=\"async\" style=\"width: 90%; height: auto; border: 1px solid rgba(150&comma; 150&comma; 150&comma; 0.3); border-radius: 8px; --darkreader-inline-border-top: var(--darkreader-border-9696964d&comma; rgba(87&comma; 95&comma; 100&comma; 0.3)); --darkreader-inline-border-right: var(--darkreader-border-9696964d&comma; rgba(87&comma; 95&comma; 100&comma; 0.3)); --darkreader-inline-border-bottom: var(--darkreader-border-9696964d&comma; rgba(87&comma; 95&comma; 100&comma; 0.3)); --darkreader-inline-border-left: var(--darkreader-border-9696964d&comma; rgba(87&comma; 95&comma; 100&comma; 0.3));\" src=\"https:\/\/ftp3.syscom.mx\/usuarios\/luis.vargas\/EGI\/1113\/Ejemplo1113.png\" alt=\"Ejemplo de conexi\u00f3n 1113\" class=\"fr-fil fr-dib\" data-darkreader-inline-border-top=\"\" data-darkreader-inline-border-right=\"\" data-darkreader-inline-border-bottom=\"\" data-darkreader-inline-border-left=\"\"><\/div>\n<\/div>\n","protected":false},"excerpt":{"rendered":"<p>Interfaz Millennium IP para gesti\u00f3n de avisos y m\u00fasica pre-grabados IP con 8 rel\u00e9s IN\/OUT<\/p>\n","protected":false},"featured_media":76390,"comment_status":"open","ping_status":"closed","template":"","meta":[],"product_brand":[],"product_cat":[2041],"product_tag":[697,2042,2004],"class_list":{"0":"post-76391","1":"product","2":"type-product","3":"status-publish","4":"has-post-thumbnail","6":"product_cat-sistemas-de-voceo-ip","7":"product_tag-egi-audio-solutions","8":"product_tag-sistemas-de-voceo-ip","9":"product_tag-voip-telefonia-ip-videoconferencia","11":"first","12":"instock","13":"sale","14":"shipping-taxable","15":"purchasable","16":"product-type-simple"},"_links":{"self":[{"href":"https:\/\/soydeaqui.ddns.net\/pachuca\/index.php\/wp-json\/wp\/v2\/product\/76391","targetHints":{"allow":["GET"]}}],"collection":[{"href":"https:\/\/soydeaqui.ddns.net\/pachuca\/index.php\/wp-json\/wp\/v2\/product"}],"about":[{"href":"https:\/\/soydeaqui.ddns.net\/pachuca\/index.php\/wp-json\/wp\/v2\/types\/product"}],"replies":[{"embeddable":true,"href":"https:\/\/soydeaqui.ddns.net\/pachuca\/index.php\/wp-json\/wp\/v2\/comments?post=76391"}],"wp:featuredmedia":[{"embeddable":true,"href":"https:\/\/soydeaqui.ddns.net\/pachuca\/index.php\/wp-json\/wp\/v2\/media\/76390"}],"wp:attachment":[{"href":"https:\/\/soydeaqui.ddns.net\/pachuca\/index.php\/wp-json\/wp\/v2\/media?parent=76391"}],"wp:term":[{"taxonomy":"product_brand","embeddable":true,"href":"https:\/\/soydeaqui.ddns.net\/pachuca\/index.php\/wp-json\/wp\/v2\/product_brand?post=76391"},{"taxonomy":"product_cat","embeddable":true,"href":"https:\/\/soydeaqui.ddns.net\/pachuca\/index.php\/wp-json\/wp\/v2\/product_cat?post=76391"},{"taxonomy":"product_tag","embeddable":true,"href":"https:\/\/soydeaqui.ddns.net\/pachuca\/index.php\/wp-json\/wp\/v2\/product_tag?post=76391"}],"curies":[{"name":"wp","href":"https:\/\/api.w.org\/{rel}","templated":true}]}}