{"id":7638,"date":"2026-03-18T06:58:49","date_gmt":"2026-03-18T06:58:49","guid":{"rendered":"https:\/\/soydeaqui.ddns.net\/pachuca\/index.php\/producto\/respuesta-rapida-de-alarmas-securithor-software-de-despacho-y-monitoreo-avanzado-para-1-estacion-cuentas-ilimitadas\/"},"modified":"2026-03-18T06:58:50","modified_gmt":"2026-03-18T06:58:50","slug":"respuesta-rapida-de-alarmas-securithor-software-de-despacho-y-monitoreo-avanzado-para-1-estacion-cuentas-ilimitadas","status":"publish","type":"product","link":"https:\/\/soydeaqui.ddns.net\/pachuca\/index.php\/producto\/respuesta-rapida-de-alarmas-securithor-software-de-despacho-y-monitoreo-avanzado-para-1-estacion-cuentas-ilimitadas\/","title":{"rendered":"(RESPUESTA R\u00e1pida de Alarmas) Securithor Software de Despacho y Monitoreo Avanzado. Para 1 Estaci\u00f3n. Cuentas Ilimitadas"},"content":{"rendered":"<div style='width: 100%; max-width: 1200px; margin: 0 auto; font-family: sans-serif; line-height: 1.6; color: inherit; background-color: transparent;'> <!-- T\u00edtulos principales --> <\/p>\n<div style='text-align: center; margin-bottom: 30px;'>\n<h1 style='color: inherit; margin: 0; font-size: 32px; font-weight: bold;'>Securithor v2<\/h1>\n<h3 style='color: inherit; margin-top: 10px; margin-bottom: 20px; font-size: 18px; opacity: 0.8;'>Software de Despacho Avanzado y Soluci\u00f3n Integral de Monitoreo para Empresas de Seguridad Profesional<\/h3>\n<\/p><\/div>\n<p> <!-- Descripci\u00f3n principal --> <\/p>\n<div style='margin-bottom: 30px;'>\n<p style='margin: 0; text-align: justify; font-size: 15px; color: inherit;'>SECURITHOR&comma; dise\u00f1ado para la administraci\u00f3n de centrales de monitoreo. Con m\u00e1s de 20 a\u00f1os de experiencia en el desarrollo est\u00e1 preparado para el futuro y es compatible con sistemas operativos como Windows 8&comma; 8.1&comma; 10&comma; Professional y 11.<\/p>\n<\/p><\/div>\n<div style='margin-bottom: 30px;'>\n<p style='margin: 0; text-align: justify; font-size: 15px; color: inherit;'>Securithor es una soluci\u00f3n l\u00edder en el mercado utilizada en universidades&comma; hoteles&comma; f\u00e1bricas e industrias para monitorear y gestionar la seguridad. Nuestro software asegura que los protocolos de seguridad se sigan al pie de la letra&comma; incluso en las horas m\u00e1s cr\u00edticas&comma; como a las 4 AM. Gracias a su compatibilidad con todos los paneles de alarma y su enfoque en cumplir con los procesos y protocolos de seguridad&comma; Securithor es la elecci\u00f3n perfecta para cualquier empresa que busque mejorar su sistema de monitoreo y despacho.<\/p>\n<\/p><\/div>\n<p> <!-- Secci\u00f3n de caracter\u00edsticas en 3 columnas --> <\/p>\n<div style='display: flex; flex-wrap: wrap; gap: 30px; margin-bottom: 30px;'>\n<div style='flex: 1 1 300px; min-width: 280px;'>\n<div style='border-left: 5px solid #ff9d00; border-radius: 8px; padding: 15px; box-shadow: 2px 2px 10px rgba(216&comma;216&comma;216&comma;0.5); background-color: rgba(255&comma; 255&comma; 255&comma; 0.02);'> <strong style='color: inherit; font-size: 16px; display: block; margin-bottom: 10px;'>Caracter\u00edsticas principales:<\/strong> <\/p>\n<ul style='padding-left: 20px; font-size: 14px; color: inherit; list-style-type: disc;'>\n<li style='margin-bottom: 8px;'>Video verificacion por Ip o dominio incluida&comma; P2P es necesario modulo CAMHIKAX&comma; consulte previamente las marcas compatibles.<\/li>\n<li style='margin-bottom: 8px;'>Licencia unica estacion y servidor.<\/li>\n<li style='margin-bottom: 8px;'>Sin limite de cuentas abonados.<\/li>\n<li style='margin-bottom: 8px;'>Notificaciones&comma; Push Notification (con el modulo <a href='https:\/\/www.syscom.mx\/principal\/searchcont?route=PUSH1-MCDI-SECURITY-PRODUCTS&comma;-INC-95082&#038;autodetect=mcdi' style='color: #005cb9; text-decoration: none;'>PUSH1<\/a> o <a href='https:\/\/www.syscom.mx\/producto\/VERIFICATHOR1-MCDI-SECURITY-PRODUCTS&comma;-INC-195805.html' style='color: #005cb9; text-decoration: none;'>VERIFICATHOR1<\/a>)&comma; email.<\/li>\n<li style='margin-bottom: 8px;'>Programacion de envio de reportes automaticamente.<\/li>\n<li style='margin-bottom: 8px;'>Editor para reportes personalizados a su empresa.<\/li>\n<li style='margin-bottom: 8px;'>Alerta de alarma por sonido y color personalizado.<\/li>\n<\/ul>\n<p style='margin-top: 15px; font-size: 14px; color: inherit;'>Descargue el DEMO de forma gratuita <a href='https:\/\/securithor.com\/descargue-el-demo\/?lang=es' style='color: #005cb9; text-decoration: none;'>Aqu\u00ed<\/a><\/p>\n<\/p><\/div>\n<\/p><\/div>\n<div style='flex: 1 1 300px; min-width: 280px;'>\n<div style='border-left: 5px solid #ff9d00; border-radius: 8px; padding: 15px; box-shadow: 2px 2px 10px rgba(216&comma;216&comma;216&comma;0.5); background-color: rgba(255&comma; 255&comma; 255&comma; 0.02);'> <strong style='color: inherit; font-size: 16px; display: block; margin-bottom: 10px;'>Caracter\u00edsticas principales:<\/strong> <\/p>\n<ul style='padding-left: 20px; font-size: 14px; color: inherit; list-style-type: disc;'>\n<li style='margin-bottom: 8px;'>Georreferenciaci\u00f3n de las cuentas en mapa Google<\/li>\n<li style='margin-bottom: 8px;'>Notas fijas en cada cuenta.<\/li>\n<li style='margin-bottom: 8px;'>Calendarios de Aperturas&comma; Cierra&comma; AutoTest&comma; Rondin&comma; etc.<\/li>\n<li style='margin-bottom: 8px;'>Desativaci\u00f3n de cuenta&comma; partici\u00f3n&comma; zona&comma; en cuenta de cliente.<\/li>\n<li style='margin-bottom: 8px;'>Respaldo automatico de base de datos.<\/li>\n<li style='margin-bottom: 8px;'>Modulo orden de servicio y carga de loyout para mapa de instalaci\u00f3n.<\/li>\n<li style='margin-bottom: 8px;'>Multiples sesiones de operadores trabajando al mismo tiempo.<\/li>\n<li style='margin-bottom: 8px;'>Para el uso de Video HikConnect&comma; es necesario Securithor version 2.5.0 y modulo CAMHIKAX<\/li>\n<li style='margin-bottom: 8px;'>Para uso de Video HikConnect y HikProConnect&comma; es necesario Securithor 2.5.0 y modulo CAMHIKAX<\/li>\n<li style='margin-bottom: 8px;'>Recepcion de imagen de PIRCAM AXPRO&comma; es necesario Securithor 2.5.0 y modulo CAMHIKAX<\/li>\n<li style='margin-bottom: 8px;'>Para Armar\/Desarmar Relay HikVision&comma; es necesario M2M2W y Securithor 2.3.1<\/li>\n<\/ul><\/div>\n<\/p><\/div>\n<div style='flex: 1 1 300px; min-width: 280px;'>\n<div style='border-left: 5px solid #ff9d00; border-radius: 8px; padding: 15px; box-shadow: 2px 2px 10px rgba(216&comma;216&comma;216&comma;0.5); background-color: rgba(255&comma; 255&comma; 255&comma; 0.02);'> <strong style='color: inherit; font-size: 16px; display: block; margin-bottom: 10px;'>Caracter\u00edsticas Destacadas:<\/strong> <\/p>\n<ul style='padding-left: 20px; font-size: 14px; color: inherit; list-style-type: disc;'>\n<li style='margin-bottom: 8px;'>Campatible con todas las receptoras de alarma.<\/li>\n<li style='margin-bottom: 8px;'>Soporte gratis directo con MCDI en espa\u00f1ol 1 a\u00f1o.<\/li>\n<li style='margin-bottom: 8px;'>Compatibilidad con base de datos WinSamm.<\/li>\n<li style='margin-bottom: 8px;'>Ejecutable en 32 y 64 bits.<\/li>\n<li style='margin-bottom: 8px;'>Arquitectura PostgreSQL&comma; no requiere licencia SQL<\/li>\n<li style='margin-bottom: 8px;'>Soporte Windows &comma;8&comma;10 y 11 Professional original y Windows Server.<\/li>\n<li style='margin-bottom: 8px;'>Requerimientos minimos o superiores para PC Securithor&comma; <a href='https:\/\/soporte.syscom.mx\/es\/articles\/1602653-mcdi-requerimientos-minimos-pc-securithor-v2' style='color: #005cb9; text-decoration: none;'>Aqu\u00ed<\/a><\/li>\n<li style='margin-bottom: 8px;'>Algunas caracteristicas requieren un modulo adicional y otras una programacion previamente. Consulte al departamento de Ingenieria Syscom.<\/li>\n<li style='margin-bottom: 8px;'>PC recomendada <a href='https:\/\/www.syscom.mx\/producto\/NUCI7-16G-128G-INTEL-202255.html' style='color: #005cb9; text-decoration: none; font-weight: 600;'>NUCI7-16G-128G<\/a>. no incluye sistema operativo&comma; instalar un Windows 8&comma;10&comma; 11 Pro o superior.<\/li>\n<li style='margin-bottom: 8px;'><a href='https:\/\/soporte.syscom.mx\/es\/articles\/5823893-mcdi-videos-de-apoyo-para-el-uso-de-securithor-v2-de-2-0-7-a-2-3-0' style='color: #005cb9; text-decoration: none;'>Material de apoyo video tutoriales.<\/a><\/li>\n<li style='margin-bottom: 8px;'>Receptor virtual Hikvision y Securithor. <a href='https:\/\/soporte.syscom.mx\/es\/articles\/6313766-mcdi-receptora-virtual-hikvision-con-securithor-v2' style='color: #005cb9; text-decoration: none;'>Aqui.<\/a><\/li>\n<li style='margin-bottom: 8px;'>Nivel de Soporte Tecnico que abarca SYSCOM. <a href='https:\/\/docs.google.com\/document\/d\/1qn0BlQ8NMcm2h4fP7z5LhVv4qkL8LjOiGPfN4hvstuU\/edit?usp=sharing' style='color: #005cb9; text-decoration: none;'>Aqui.<\/a><\/li>\n<li style='margin-bottom: 8px;'>Consideraciones para centrales. <a href='https:\/\/sites.google.com\/syscom.mx\/operaciondecentraldemonitoreo\/inicio' style='color: #005cb9; text-decoration: none;'>Aqui<\/a><\/li>\n<\/ul><\/div>\n<\/p><\/div>\n<\/p><\/div>\n<p> <!-- Separador --> <\/p>\n<hr style='border: 0; border-top: 1px solid rgba(150&comma; 150&comma; 150&comma; 0.3); margin: 30px 0;'> <!-- Videos --> <\/p>\n<div style='display: flex; flex-wrap: wrap; gap: 30px; margin-bottom: 30px;'>\n<div style='flex: 1 1 500px; min-width: 300px;'>\n<div style='position: relative; padding-bottom: 56.25%; height: 0; overflow: hidden;'>   <\/div>\n<\/p><\/div>\n<div style='flex: 1 1 500px; min-width: 300px;'>\n<div style='position: relative; padding-bottom: 56.25%; height: 0; overflow: hidden;'>   <\/div>\n<\/p><\/div>\n<\/p><\/div>\n<p> <!-- Imagen y descripci\u00f3n de m\u00f3dulos --> <\/p>\n<div style='display: flex; flex-wrap: wrap; gap: 30px; align-items: flex-start;'>\n<div style='flex: 1 1 500px; min-width: 300px;'> <img style='width: 100%; height: auto; border: 1px solid rgba(150&comma;150&comma;150&comma;0.3); border-radius: 8px;' src='https:\/\/i.ibb.co\/Czf6rQQ\/MODULOS.png' alt='M\u00f3dulos adicionales Securithor V2'> <\/div>\n<div style='flex: 1 1 500px; min-width: 300px;'>\n<h2 style='font-size: 22px; margin-top: 0; margin-bottom: 15px; color: inherit;'>Agregue valor a su servicio de monitoreo con los m\u00f3dulos adicionales de MCDI<\/h2>\n<p style='margin: 0 0 15px; text-align: justify; font-size: 14px; color: inherit;'>Estos m\u00f3dulos opcionales est\u00e1n dise\u00f1ados para mejorar a\u00fan m\u00e1s su servicio de monitoreo y ofrecer soluciones personalizadas para las necesidades espec\u00edficas de sus clientes. Algunos de los m\u00f3dulos disponibles incluyen:<\/p>\n<ul style='padding-left: 20px; font-size: 14px; color: inherit; list-style-type: disc;'>\n<li style='margin-bottom: 10px; text-align: justify;'><strong>M\u00f3dulo de Video Verificaci\u00f3n:<\/strong> Este m\u00f3dulo permite la integraci\u00f3n de c\u00e1maras de seguridad para verificar visualmente las alertas recibidas en tiempo real. Aumente la efectividad de su equipo de monitoreo y evite falsas alarmas al proporcionar pruebas visuales de eventos sospechosos.<\/li>\n<li style='margin-bottom: 10px; text-align: justify;'><strong>M\u00f3dulo de Control de Acceso:<\/strong> Ampl\u00ede sus servicios al incluir el monitoreo y control de acceso a \u00e1reas restringidas. Este m\u00f3dulo ofrece una soluci\u00f3n completa para la administraci\u00f3n de sistemas de control de acceso&comma; como tarjetas de acceso&comma; lectores biom\u00e9tricos y cerraduras electr\u00f3nicas.<\/li>\n<li style='margin-bottom: 10px; text-align: justify;'><strong>M\u00f3dulo de Automatizaci\u00f3n y Control Remoto:<\/strong> Proporcione a sus clientes la capacidad de controlar y automatizar sistemas de iluminaci\u00f3n&comma; calefacci\u00f3n&comma; refrigeraci\u00f3n y m\u00e1s&comma; directamente desde sus dispositivos m\u00f3viles. Este m\u00f3dulo ofrece un enfoque integral para la gesti\u00f3n de sistemas dom\u00e9sticos y comerciales inteligentes.<\/li>\n<\/ul>\n<p style='margin: 15px 0; text-align: justify; font-size: 14px; color: inherit;'>SECURITHOR V2 le brinda la posibilidad de personalizar su oferta de servicios seg\u00fan las demandas del mercado y las necesidades de sus clientes. Con estos m\u00f3dulos adicionales&comma; puede aumentar la eficiencia y el valor de su negocio&comma; asegurando el \u00e9xito continuo en la industria de seguridad y monitoreo.<\/p>\n<\/p><\/div>\n<\/p><\/div>\n<p> <!-- Separador --> <\/p>\n<hr style='border: 0; border-top: 1px solid rgba(150&comma; 150&comma; 150&comma; 0.3); margin: 30px 0;'> <!-- Contacto y cierre --> <\/p>\n<div style='margin-top: 30px;'>\n<h2 style='font-size: 22px; margin-bottom: 15px; color: inherit;'>Contacte a MCDI hoy para una demostraci\u00f3n<\/h2>\n<p style='margin: 0; text-align: justify; font-size: 14px; color: inherit;'>Si est\u00e1 interesado en conocer m\u00e1s acerca de SECURITHOR V2 y c\u00f3mo puede mejorar su empresa de seguridad&comma; p\u00f3ngase en contacto con nuestro equipo de expertos. Estaremos encantados de ofrecerle una demostraci\u00f3n personalizada del software y responder a cualquier pregunta que pueda tener. No espere m\u00e1s para llevar su negocio al siguiente nivel con SECURITHOR V2.<\/p>\n<\/p><\/div>\n<\/p><\/div>\n","protected":false},"excerpt":{"rendered":"<p>(RESPUESTA R\u00e1pida de Alarmas) Securithor Software de Despacho y Monitoreo Avanzado. Para 1 Estaci\u00f3n. Cuentas Ilimitadas<\/p>\n","protected":false},"featured_media":7637,"comment_status":"open","ping_status":"closed","template":"","meta":[],"product_brand":[],"product_cat":[39],"product_tag":[40,41,165,164],"class_list":{"0":"post-7638","1":"product","2":"type-product","3":"status-publish","4":"has-post-thumbnail","6":"product_cat-centrales-de-monitoreo-de-alarmas","7":"product_tag-centrales-de-monitoreo","8":"product_tag-centrales-de-monitoreo-de-alarmas","9":"product_tag-inc","10":"product_tag-mcdi-security-products","12":"first","13":"outofstock","14":"sale","15":"shipping-taxable","16":"purchasable","17":"product-type-simple"},"_links":{"self":[{"href":"https:\/\/soydeaqui.ddns.net\/pachuca\/index.php\/wp-json\/wp\/v2\/product\/7638","targetHints":{"allow":["GET"]}}],"collection":[{"href":"https:\/\/soydeaqui.ddns.net\/pachuca\/index.php\/wp-json\/wp\/v2\/product"}],"about":[{"href":"https:\/\/soydeaqui.ddns.net\/pachuca\/index.php\/wp-json\/wp\/v2\/types\/product"}],"replies":[{"embeddable":true,"href":"https:\/\/soydeaqui.ddns.net\/pachuca\/index.php\/wp-json\/wp\/v2\/comments?post=7638"}],"wp:featuredmedia":[{"embeddable":true,"href":"https:\/\/soydeaqui.ddns.net\/pachuca\/index.php\/wp-json\/wp\/v2\/media\/7637"}],"wp:attachment":[{"href":"https:\/\/soydeaqui.ddns.net\/pachuca\/index.php\/wp-json\/wp\/v2\/media?parent=7638"}],"wp:term":[{"taxonomy":"product_brand","embeddable":true,"href":"https:\/\/soydeaqui.ddns.net\/pachuca\/index.php\/wp-json\/wp\/v2\/product_brand?post=7638"},{"taxonomy":"product_cat","embeddable":true,"href":"https:\/\/soydeaqui.ddns.net\/pachuca\/index.php\/wp-json\/wp\/v2\/product_cat?post=7638"},{"taxonomy":"product_tag","embeddable":true,"href":"https:\/\/soydeaqui.ddns.net\/pachuca\/index.php\/wp-json\/wp\/v2\/product_tag?post=7638"}],"curies":[{"name":"wp","href":"https:\/\/api.w.org\/{rel}","templated":true}]}}