{"id":76377,"date":"2026-03-19T15:18:14","date_gmt":"2026-03-19T15:18:14","guid":{"rendered":"https:\/\/soydeaqui.ddns.net\/pachuca\/index.php\/producto\/telefono-ip-portatil-con-conexion-a-traves-de-wi-fi-2-lineas-2-cuentas-sip\/"},"modified":"2026-03-19T15:18:27","modified_gmt":"2026-03-19T15:18:27","slug":"telefono-ip-portatil-con-conexion-a-traves-de-wi-fi-2-lineas-2-cuentas-sip","status":"publish","type":"product","link":"https:\/\/soydeaqui.ddns.net\/pachuca\/index.php\/producto\/telefono-ip-portatil-con-conexion-a-traves-de-wi-fi-2-lineas-2-cuentas-sip\/","title":{"rendered":"Tel\u00e9fono IP port\u00e1til con conexi\u00f3n a trav\u00e9s de  Wi-Fi, 2 l\u00edneas, 2 cuentas SIP"},"content":{"rendered":"<div style='width: 100%; max-width: 1200px; margin: 0 auto; font-family: sans-serif; line-height: 1.6; color: inherit; background-color: transparent;'>\n<div style='display: flex; flex-wrap: wrap; gap: 30px; margin-bottom: 30px;'>\n<div style='flex: 1 1 300px; min-width: 280px;'>\n<h3 style='font-size: 22px; border-bottom: 2px solid currentColor; padding-bottom: 5px; margin-top: 0; color: inherit; opacity: 0.8;'>Tel\u00e9fono IP port\u00e1til con Wi-Fi<\/h3>\n<p style='font-size: 15px; color: inherit;'>El WP810 es un tel\u00e9fono IP port\u00e1til con Wi-Fi dise\u00f1ado para adaptarse a una variedad de empresas y aplicaciones de mercados verticales&comma; que incluyen comercio minorista&comma; log\u00edstica&comma; medicina y seguridad. Este tel\u00e9fono Wi-Fi simple y port\u00e1til viene equipado con soporte integrado Wi-Fi 802.11a\/b\/g\/n\/ac de doble banda&comma; un dise\u00f1o de antena avanzado y soporte de roaming.<\/p>\n<\/p><\/div>\n<div style='flex: 1 1 300px; min-width: 280px;'>\n<div style='position: relative; padding-bottom: 56.25%; height: 0; overflow: hidden; margin-bottom: 30px;'>   <\/div>\n<\/p><\/div>\n<\/p><\/div>\n<div style='display: flex; flex-wrap: wrap; gap: 30px; margin-bottom: 30px;'>\n<div style='flex: 1 1 300px; min-width: 280px;'>\n<h3 style='font-size: 22px; border-bottom: 2px solid currentColor; padding-bottom: 5px; margin-top: 0; color: inherit; opacity: 0.8;'>Caracter\u00edsticas Competitivas<\/h3>\n<ul style='padding-left: 20px; font-size: 15px; color: inherit;'>\n<li style='margin-bottom: 5px;'><strong>2 l\u00edneas&comma; 2 cuentas SIP<\/strong><\/li>\n<li style='margin-bottom: 5px;'><strong>Bater\u00eda recargable de 1500 mAh<\/strong>&comma; tiempo de conversaci\u00f3n de 6 horas&comma; espera de 120 horas<\/li>\n<li style='margin-bottom: 5px;'><strong>Voz HD y dise\u00f1o de doble micr\u00f3fono<\/strong><\/li>\n<li style='margin-bottom: 5px;'><strong>Bot\u00f3n configurable para pulsar para hablar<\/strong><\/li>\n<li style='margin-bottom: 5px;'><strong>Wi-Fi de doble banda<\/strong><\/li>\n<li style='margin-bottom: 5px;'><strong>Puerto micro USB y conector para auriculares de 3.5 mm<\/strong><\/li>\n<\/ul><\/div>\n<div style='flex: 1 1 300px; min-width: 280px;'>\n<h3 style='font-size: 22px; border-bottom: 2px solid currentColor; padding-bottom: 5px; margin-top: 0; color: inherit; opacity: 0.8;'>Especificaciones t\u00e9cnicas<\/h3>\n<div style='display: flex; flex-wrap: wrap; gap: 20px; margin-bottom: 30px;'>\n<div style='flex: 1 1 250px; border: 1px solid rgba(150&comma; 150&comma; 150&comma; 0.4); border-radius: 8px; overflow: hidden; display: flex; flex-direction: column;'>\n<div style='padding: 15px; border-bottom: 1px solid rgba(150&comma; 150&comma; 150&comma; 0.2); font-weight: bold; font-size: 18px; color: inherit;'>Pantalla<\/div>\n<div style='padding: 15px; color: inherit;'>\n<ul style='padding-left: 20px; margin: 0; font-size: 14px; list-style-type: disc;'>\n<li style='margin-bottom: 5px;'>LCD a color TFT de 1&comma;8 pulgadas (128&#215;160)<\/li>\n<\/ul><\/div>\n<\/p><\/div>\n<div style='flex: 1 1 250px; border: 1px solid rgba(150&comma; 150&comma; 150&comma; 0.4); border-radius: 8px; overflow: hidden; display: flex; flex-direction: column;'>\n<div style='padding: 15px; border-bottom: 1px solid rgba(150&comma; 150&comma; 150&comma; 0.2); font-weight: bold; font-size: 18px; color: inherit;'>Perif\u00e9ricos<\/div>\n<div style='padding: 15px; color: inherit;'>\n<ul style='padding-left: 20px; margin: 0; font-size: 14px; list-style-type: disc;'>\n<li style='margin-bottom: 5px;'>2 teclas programables<\/li>\n<li style='margin-bottom: 5px;'>Marcar&comma; colgar&comma; altavoz<\/li>\n<li style='margin-bottom: 5px;'>Agenda telef\u00f3nica<\/li>\n<li style='margin-bottom: 5px;'>Teclado retroiluminado<\/li>\n<li style='margin-bottom: 5px;'>Sensor de proximidad<\/li>\n<li style='margin-bottom: 5px;'>Motor de vibraci\u00f3n<\/li>\n<li style='margin-bottom: 5px;'>Bot\u00f3n de volumen y teclas de navegaci\u00f3n<\/li>\n<\/ul><\/div>\n<\/p><\/div>\n<div style='flex: 1 1 250px; border: 1px solid rgba(150&comma; 150&comma; 150&comma; 0.4); border-radius: 8px; overflow: hidden; display: flex; flex-direction: column;'>\n<div style='padding: 15px; border-bottom: 1px solid rgba(150&comma; 150&comma; 150&comma; 0.2); font-weight: bold; font-size: 18px; color: inherit;'>Puertos Auxiliares<\/div>\n<div style='padding: 15px; color: inherit;'>\n<ul style='padding-left: 20px; margin: 0; font-size: 14px; list-style-type: disc;'>\n<li style='margin-bottom: 5px;'>Conector para auriculares de 3&comma;5 mm<\/li>\n<li style='margin-bottom: 5px;'>Puerto micro USB para cargar<\/li>\n<li style='margin-bottom: 5px;'>LED de doble color<\/li>\n<li style='margin-bottom: 5px;'>MWI de doble color<\/li>\n<\/ul><\/div>\n<\/p><\/div>\n<div style='flex: 1 1 250px; border: 1px solid rgba(150&comma; 150&comma; 150&comma; 0.4); border-radius: 8px; overflow: hidden; display: flex; flex-direction: column;'>\n<div style='padding: 15px; border-bottom: 1px solid rgba(150&comma; 150&comma; 150&comma; 0.2); font-weight: bold; font-size: 18px; color: inherit;'>Bater\u00eda<\/div>\n<div style='padding: 15px; color: inherit;'>\n<ul style='padding-left: 20px; margin: 0; font-size: 14px; list-style-type: disc;'>\n<li style='margin-bottom: 5px;'>6 horas de tiempo de conversaci\u00f3n<\/li>\n<li style='margin-bottom: 5px;'>120 horas en espera<\/li>\n<\/ul><\/div>\n<\/p><\/div>\n<div style='flex: 1 1 250px; border: 1px solid rgba(150&comma; 150&comma; 150&comma; 0.4); border-radius: 8px; overflow: hidden; display: flex; flex-direction: column;'>\n<div style='padding: 15px; border-bottom: 1px solid rgba(150&comma; 150&comma; 150&comma; 0.2); font-weight: bold; font-size: 18px; color: inherit;'>Push-to-Talk<\/div>\n<div style='padding: 15px; color: inherit;'>\n<ul style='padding-left: 20px; margin: 0; font-size: 14px; list-style-type: disc;'>\n<li style='margin-bottom: 5px;'>Bot\u00f3n personalizable para pulsar para hablar<\/li>\n<\/ul><\/div>\n<\/p><\/div>\n<div style='flex: 1 1 250px; border: 1px solid rgba(150&comma; 150&comma; 150&comma; 0.4); border-radius: 8px; overflow: hidden; display: flex; flex-direction: column;'>\n<div style='padding: 15px; border-bottom: 1px solid rgba(150&comma; 150&comma; 150&comma; 0.2); font-weight: bold; font-size: 18px; color: inherit;'>Codecs de Voz y Capacidades<\/div>\n<div style='padding: 15px; color: inherit;'>\n<ul style='padding-left: 20px; margin: 0; font-size: 14px; list-style-type: disc;'>\n<li style='margin-bottom: 5px;'>Soporte para G.711\u03bc \/ a<\/li>\n<li style='margin-bottom: 5px;'>G.729A \/ B<\/li>\n<li style='margin-bottom: 5px;'>G.722 (banda ancha)<\/li>\n<li style='margin-bottom: 5px;'>iLBC<\/li>\n<li style='margin-bottom: 5px;'>Opus<\/li>\n<li style='margin-bottom: 5px;'>Dentro de banda y fuera de banda DTMF (en audio&comma; RFC2833&comma; SIP INFO)<\/li>\n<li style='margin-bottom: 5px;'>VAD&comma; CNG&comma; AEC&comma; PLC&comma; AJB&comma; AGC&comma; ANS<\/li>\n<\/ul><\/div>\n<\/p><\/div>\n<\/p><\/div>\n<\/p><\/div>\n<\/p><\/div>\n<div style='display: flex; flex-wrap: wrap; gap: 30px; margin-bottom: 30px;'>\n<div style='flex: 1 1 300px; min-width: 280px;'>\n<h3 style='font-size: 22px; border-bottom: 2px solid currentColor; padding-bottom: 5px; margin-top: 0; color: inherit; opacity: 0.8;'>Contenido del paquete<\/h3>\n<p style='font-size: 15px; color: inherit;'>Unidad de auricular&comma; fuente de alimentaci\u00f3n universal&comma; base de cargador&comma; clip para cintur\u00f3n&comma; 1 bater\u00eda Li-Ion&comma; Gu\u00eda de Inicio R\u00e1pido<\/p>\n<\/p><\/div>\n<\/p><\/div>\n<hr style='border: 0; border-top: 1px solid rgba(150&comma; 150&comma; 150&comma; 0.3); margin: 30px 0;'> <\/div>\n","protected":false},"excerpt":{"rendered":"<p>Tel\u00e9fono IP port\u00e1til con conexi\u00f3n a trav\u00e9s de  Wi-Fi, 2 l\u00edneas, 2 cuentas SIP<\/p>\n","protected":false},"featured_media":76376,"comment_status":"open","ping_status":"closed","template":"","meta":[],"product_brand":[],"product_cat":[2003],"product_tag":[909,2005,2004],"class_list":{"0":"post-76377","1":"product","2":"type-product","3":"status-publish","4":"has-post-thumbnail","6":"product_cat-telefonos-ip","7":"product_tag-grandstream","8":"product_tag-telefonos-ip","9":"product_tag-voip-telefonia-ip-videoconferencia","11":"first","12":"instock","13":"sale","14":"shipping-taxable","15":"purchasable","16":"product-type-simple"},"_links":{"self":[{"href":"https:\/\/soydeaqui.ddns.net\/pachuca\/index.php\/wp-json\/wp\/v2\/product\/76377","targetHints":{"allow":["GET"]}}],"collection":[{"href":"https:\/\/soydeaqui.ddns.net\/pachuca\/index.php\/wp-json\/wp\/v2\/product"}],"about":[{"href":"https:\/\/soydeaqui.ddns.net\/pachuca\/index.php\/wp-json\/wp\/v2\/types\/product"}],"replies":[{"embeddable":true,"href":"https:\/\/soydeaqui.ddns.net\/pachuca\/index.php\/wp-json\/wp\/v2\/comments?post=76377"}],"wp:featuredmedia":[{"embeddable":true,"href":"https:\/\/soydeaqui.ddns.net\/pachuca\/index.php\/wp-json\/wp\/v2\/media\/76376"}],"wp:attachment":[{"href":"https:\/\/soydeaqui.ddns.net\/pachuca\/index.php\/wp-json\/wp\/v2\/media?parent=76377"}],"wp:term":[{"taxonomy":"product_brand","embeddable":true,"href":"https:\/\/soydeaqui.ddns.net\/pachuca\/index.php\/wp-json\/wp\/v2\/product_brand?post=76377"},{"taxonomy":"product_cat","embeddable":true,"href":"https:\/\/soydeaqui.ddns.net\/pachuca\/index.php\/wp-json\/wp\/v2\/product_cat?post=76377"},{"taxonomy":"product_tag","embeddable":true,"href":"https:\/\/soydeaqui.ddns.net\/pachuca\/index.php\/wp-json\/wp\/v2\/product_tag?post=76377"}],"curies":[{"name":"wp","href":"https:\/\/api.w.org\/{rel}","templated":true}]}}