{"id":76371,"date":"2026-03-19T15:17:58","date_gmt":"2026-03-19T15:17:58","guid":{"rendered":"https:\/\/soydeaqui.ddns.net\/pachuca\/index.php\/producto\/router-inalambrico-doble-banda-ac-2-4-ghz-y-5-ghz-hasta-1200-mbps-4-antenas-externas-omnidireccional-4-puertos-lan-10-1000-mbps-1-puerto-wan-10-1000-mbps\/"},"modified":"2026-03-19T15:18:05","modified_gmt":"2026-03-19T15:18:05","slug":"router-inalambrico-doble-banda-ac-2-4-ghz-y-5-ghz-hasta-1200-mbps-4-antenas-externas-omnidireccional-4-puertos-lan-10-1000-mbps-1-puerto-wan-10-1000-mbps","status":"publish","type":"product","link":"https:\/\/soydeaqui.ddns.net\/pachuca\/index.php\/producto\/router-inalambrico-doble-banda-ac-2-4-ghz-y-5-ghz-hasta-1200-mbps-4-antenas-externas-omnidireccional-4-puertos-lan-10-1000-mbps-1-puerto-wan-10-1000-mbps\/","title":{"rendered":"Router Inal\u00e1mbrico doble banda AC, 2.4 GHz y 5 GHz Hasta 1200 Mbps, 4 antenas externas omnidireccional, 4 Puertos LAN 10\/1000 Mbps, 1 Puerto WAN 10\/1000 Mbps"},"content":{"rendered":"<div style='width: 100%; max-width: 1200px; margin: 0 auto; font-family: sans-serif; line-height: 1.6; color: inherit; background-color: transparent;'> <!-- Secci\u00f3n de caracter\u00edsticas de hardware --> <\/p>\n<div style='display: flex; flex-wrap: wrap; gap: 30px; margin-bottom: 30px;'>\n<div style='flex: 1 1 300px; min-width: 280px;'>\n<h3 style='font-size: 22px; border-bottom: 2px solid currentColor; padding-bottom: 5px; margin-top: 0; color: inherit; opacity: 0.8;'>CARACTER\u00cdSTICAS DE HARDWARE<\/h3>\n<ul style='padding-left: 20px; font-size: 15px; color: inherit;'>\n<li style='margin-bottom: 5px;'><strong>Interfaz:<\/strong> 4 puertos LAN 10\/1000Mbps<br \/> 1 puerto 10\/1000Mbps WAN<br \/> 1 puerto USB 2.0<\/li>\n<li style='margin-bottom: 5px;'><strong>Fuente de Alimentaci\u00f3n:<\/strong> 12VDC\/1.0A<\/li>\n<li style='margin-bottom: 5px;'><strong>Dimensiones:<\/strong> 230.0 * 144.0 * 37.0 mm<\/li>\n<li style='margin-bottom: 5px;'><strong>Tipo de Antena:<\/strong> 4 Antenas fijas<\/li>\n<\/ul><\/div>\n<\/p><\/div>\n<p> <!-- Secci\u00f3n de caracter\u00edsticas inal\u00e1mbricas --> <\/p>\n<div style='display: flex; flex-wrap: wrap; gap: 30px; margin-bottom: 30px;'>\n<div style='flex: 1 1 300px; min-width: 280px;'>\n<h3 style='font-size: 22px; border-bottom: 2px solid currentColor; padding-bottom: 5px; margin-top: 0; color: inherit; opacity: 0.8;'>CARACTER\u00cdSTICAS INAL\u00c1MBRICAS<\/h3>\n<ul style='padding-left: 20px; font-size: 15px; color: inherit;'>\n<li style='margin-bottom: 5px;'><strong>Est\u00e1ndares Inal\u00e1mbricos:<\/strong> IEEE 802.11n\/g\/b 2.4GHz<br \/> IEEE 802.11ac\/n\/a 5GHz<\/li>\n<li style='margin-bottom: 5px;'><strong>Frecuencia:<\/strong> 2.4GHz y 5GHz<\/li>\n<li style='margin-bottom: 5px;'><strong>Tasa de Se\u00f1al:<\/strong> 2.4GHz: Up to 300Mbps<br \/> 5GHz: Up to 867Mbps<\/li>\n<li style='margin-bottom: 5px;'><strong>Sensibilidad de Recepci\u00f3n:<\/strong> 5GHz:<br \/> 11a 54M: -73dBm;<br \/> 11ac VHT20 MCS8: -66dBm;<br \/> 11ac VHT40 MCS9: -61dBm;<br \/> 11ac VHT80 MCS9: -58dBm.<br \/> 2.4GHz:<br \/> 11g 54M: -75dBm;<br \/> 11n HT20 MCS7: -73dBm;<br \/> 11n HT40 MCS7: -70dBm<\/li>\n<li style='margin-bottom: 5px;'><strong>Potencia de Transmisi\u00f3n:<\/strong> CE: <20dBm(2.4GHz)&comma; <23dBm(5GHz)<br \/> FCC: <30dBm<\/li>\n<li style='margin-bottom: 5px;'><strong>Funciones Inal\u00e1mbricas:<\/strong> On\/Off Radio Inal\u00e1mbrica&comma; WDS Bridge&comma; WMM&comma; Estad\u00edsticas Inal\u00e1mbricas Wireless<\/li>\n<li style='margin-bottom: 5px;'><strong>Seguridad Inal\u00e1mbrica:<\/strong> Autenticaci\u00f3n WPA\/WPA2 y WPA-PSK\/WPA2-PSK y Seguridad Encriptaci\u00f3n TKIP\/AES<br \/> Seguridad de Encriptaci\u00f3n 64\/128-bit WEP y ACL LAN Inal\u00e1mbrica (Lista Control Acceso).<\/li>\n<\/ul><\/div>\n<\/p><\/div>\n<p> <!-- Secci\u00f3n de caracter\u00edsticas de software --> <\/p>\n<div style='display: flex; flex-wrap: wrap; gap: 30px; margin-bottom: 30px;'>\n<div style='flex: 1 1 300px; min-width: 280px;'>\n<h3 style='font-size: 22px; border-bottom: 2px solid currentColor; padding-bottom: 5px; margin-top: 0; color: inherit; opacity: 0.8;'>CARACTER\u00cdSTICAS DE SOFTWARE<\/h3>\n<ul style='padding-left: 20px; font-size: 15px; color: inherit;'>\n<li style='margin-bottom: 5px;'><strong>Calidad de Servicio:<\/strong> WMM&comma; Control Ancho de Banda<\/li>\n<li style='margin-bottom: 5px;'><strong>Tipo de WAN:<\/strong> IP Din\u00e1mica&comma; IP Est\u00e1tica&comma; PPPoE<\/li>\n<li style='margin-bottom: 5px;'><strong>Gesti\u00f3n:<\/strong> Control de Acceso&comma; Gesti\u00f3n Local&comma; Gesti\u00f3n Remota<\/li>\n<li style='margin-bottom: 5px;'><strong>DHCP:<\/strong> Servidor&comma; Cliente&comma; Lista Clientes DHCP&comma; Reserva de Direcciones<\/li>\n<li style='margin-bottom: 5px;'><strong>Reenv\u00edo de Puertos:<\/strong> Servidor Virtual&comma; Activaci\u00f3n Puerto&comma; UPnP&comma; DMZ<\/li>\n<li style='margin-bottom: 5px;'><strong>DNS Din\u00e1mico:<\/strong> DynDns&comma; NO-IP<\/li>\n<li style='margin-bottom: 5px;'><strong>Control de Acceso:<\/strong> Control Parental&comma; Control Gesti\u00f3n Local&comma; Lista Host&comma; Acceso Agendado&comma; Reglas de Gesti\u00f3n<\/li>\n<li style='margin-bottom: 5px;'><strong>Protocolos:<\/strong> IPv4 y IPv6<\/li>\n<\/ul><\/div>\n<\/p><\/div>\n<p> <!-- Secci\u00f3n de otros --> <\/p>\n<div style='display: flex; flex-wrap: wrap; gap: 30px; margin-bottom: 30px;'>\n<div style='flex: 1 1 300px; min-width: 280px;'>\n<h3 style='font-size: 22px; border-bottom: 2px solid currentColor; padding-bottom: 5px; margin-top: 0; color: inherit; opacity: 0.8;'>OTROS<\/h3>\n<ul style='padding-left: 20px; font-size: 15px; color: inherit;'>\n<li style='margin-bottom: 5px;'><strong>Contenido del Paquete:<\/strong> Router Gigabit Inal\u00e1mbrico de Doble Banda AC1200<br \/> Fuente de alimentaci\u00f3n<br \/> Gu\u00eda de Instalaci\u00f3n R\u00e1pida<br \/> Cable RJ45<\/li>\n<li style='margin-bottom: 5px;'><strong>Requisitos del sistema:<\/strong> Microsoft Windows 10\/8.1\/8\/7\/Vista\/XP\/2000\/NT\/98SE&comma; MAC OS&comma; NetWare&comma; UNIX o Linux<\/li>\n<li style='margin-bottom: 5px;'><strong>Factores Ambientales:<\/strong> Temperatura de Funcionamiento: 0\u00b0C~40\u00b0C (32\u00b0F ~104\u00b0F)<br \/> Temperatura de Almacenamiento: -40\u00b0C~70\u00b0C (-40\u00b0F ~158\u00b0F)<br \/> Humedad de Funcionamiento: 10%~90% sin condensaci\u00f3n<br \/> Humedad de Almacenamiento: 5%~90% sin condensaci\u00f3n<\/li>\n<li style='margin-bottom: 5px;'><strong>Certificaciones:<\/strong> CE&comma; FCC&comma; RoHS<\/li>\n<\/ul><\/div>\n<\/p><\/div>\n<p> <!-- Enlace a soporte --> <\/p>\n<div style='margin: 30px 0; padding: 20px; border-top: 1px solid rgba(150&comma;150&comma;150&comma;0.3); border-bottom: 1px solid rgba(150&comma;150&comma;150&comma;0.3);'>\n<p style='margin: 0; font-size: 16px; color: inherit;'> Para m\u00e1s informaci\u00f3n sobre su versi\u00f3n de hardware&comma; por favor&comma; vaya a la p\u00e1gina de soporte&comma; y consulte el datasheet de su versi\u00f3n. <a href='https:\/\/www.tp-link.com\/es\/support\/download\/archer-c5-v4\/' style='color: inherit; text-decoration: underline; font-weight: bold;'> Ir a la p\u00e1gina de soporte de TP-Link Archer C5 v4 <\/a> <\/p>\n<\/p><\/div>\n<p> <!-- Separador final --> <\/p>\n<hr style='border: 0; border-top: 1px solid rgba(150&comma; 150&comma; 150&comma; 0.3); margin: 30px 0;'> <\/div>\n","protected":false},"excerpt":{"rendered":"<p>Router Inal\u00e1mbrico doble banda AC, 2.4 GHz y 5 GHz Hasta 1200 Mbps, 4 antenas externas omnidireccional, 4 Puertos LAN 10\/1000 Mbps, 1 Puerto WAN 10\/1000 Mbps<\/p>\n","protected":false},"featured_media":76370,"comment_status":"open","ping_status":"closed","template":"","meta":[],"product_brand":[],"product_cat":[2024],"product_tag":[1479,2025,71],"class_list":{"0":"post-76371","1":"product","2":"type-product","3":"status-publish","4":"has-post-thumbnail","6":"product_cat-routers-inalambricos","7":"product_tag-redes-wifi","8":"product_tag-routers-inalambricos","9":"product_tag-tp-link","11":"first","12":"outofstock","13":"sale","14":"shipping-taxable","15":"purchasable","16":"product-type-simple"},"_links":{"self":[{"href":"https:\/\/soydeaqui.ddns.net\/pachuca\/index.php\/wp-json\/wp\/v2\/product\/76371","targetHints":{"allow":["GET"]}}],"collection":[{"href":"https:\/\/soydeaqui.ddns.net\/pachuca\/index.php\/wp-json\/wp\/v2\/product"}],"about":[{"href":"https:\/\/soydeaqui.ddns.net\/pachuca\/index.php\/wp-json\/wp\/v2\/types\/product"}],"replies":[{"embeddable":true,"href":"https:\/\/soydeaqui.ddns.net\/pachuca\/index.php\/wp-json\/wp\/v2\/comments?post=76371"}],"wp:featuredmedia":[{"embeddable":true,"href":"https:\/\/soydeaqui.ddns.net\/pachuca\/index.php\/wp-json\/wp\/v2\/media\/76370"}],"wp:attachment":[{"href":"https:\/\/soydeaqui.ddns.net\/pachuca\/index.php\/wp-json\/wp\/v2\/media?parent=76371"}],"wp:term":[{"taxonomy":"product_brand","embeddable":true,"href":"https:\/\/soydeaqui.ddns.net\/pachuca\/index.php\/wp-json\/wp\/v2\/product_brand?post=76371"},{"taxonomy":"product_cat","embeddable":true,"href":"https:\/\/soydeaqui.ddns.net\/pachuca\/index.php\/wp-json\/wp\/v2\/product_cat?post=76371"},{"taxonomy":"product_tag","embeddable":true,"href":"https:\/\/soydeaqui.ddns.net\/pachuca\/index.php\/wp-json\/wp\/v2\/product_tag?post=76371"}],"curies":[{"name":"wp","href":"https:\/\/api.w.org\/{rel}","templated":true}]}}