{"id":7636,"date":"2026-03-18T06:58:48","date_gmt":"2026-03-18T06:58:48","guid":{"rendered":"https:\/\/soydeaqui.ddns.net\/pachuca\/index.php\/producto\/comunicador-gsm-4g-compatible-con-paneles-vista-48la-20p-128fbpt-ver-tabla-de-compatibilidad\/"},"modified":"2026-03-18T06:58:48","modified_gmt":"2026-03-18T06:58:48","slug":"comunicador-gsm-4g-compatible-con-paneles-vista-48la-20p-128fbpt-ver-tabla-de-compatibilidad","status":"publish","type":"product","link":"https:\/\/soydeaqui.ddns.net\/pachuca\/index.php\/producto\/comunicador-gsm-4g-compatible-con-paneles-vista-48la-20p-128fbpt-ver-tabla-de-compatibilidad\/","title":{"rendered":"Comunicador GSM 4G. Compatible con Paneles VISTA 48LA \/ 20P \/ 128FBPT. Ver Tabla de Compatibilidad."},"content":{"rendered":"<div style='width: 100%; max-width: 1200px; margin: 0 auto; font-family: sans-serif; line-height: 1.6; color: inherit; background-color: transparent;'>\n<div style='display: flex; flex-wrap: wrap; gap: 30px; margin-bottom: 30px;'>\n<div style='flex: 1 1 300px; min-width: 280px;'>\n<p style='font-size: 15px; color: inherit; margin-bottom: 15px;'> El Comunicador GSMX4G permite comunicar el panel de Alarma a trav\u00e9s de la plataforma de Alarmnet&comma; permitiendo tener monitoreo del sistema de alarma utilizando la red Celular. El equipo ya incluye la Tarjeta SIM&comma; por lo que no es necesario realizar contratos con ninguna compa\u00f1\u00eda de Tel\u00e9fono. Permite tener acceso a la Aplicaci\u00f3n Total Connect para poder tener el Control del Panel de Alarma. <\/p>\n<p style='font-size: 15px; color: inherit; margin-bottom: 15px;'> Para el Monitoreo de este equipo es necesario tener la receptora 7810i-RENT de Honeywell. <\/p>\n<\/p><\/div>\n<\/p><\/div>\n<div style='display: flex; flex-wrap: wrap; gap: 20px; margin-bottom: 30px;'>\n<div style='flex: 1 1 250px; border: 1px solid rgba(150&comma; 150&comma; 150&comma; 0.4); border-radius: 8px; overflow: hidden; display: flex; flex-direction: column;'>\n<div style='padding: 15px; border-bottom: 1px solid rgba(150&comma; 150&comma; 150&comma; 0.2); font-weight: bold; font-size: 18px; color: inherit;'>Caracter\u00edsticas<\/div>\n<div style='padding: 15px; color: inherit;'>\n<ul style='padding-left: 20px; margin: 0; font-size: 14px; list-style-type: disc;'>\n<li style='margin-bottom: 5px;'>Conexi\u00f3n en paralelo al teclado comunicaci\u00f3n ECP.<\/li>\n<li style='margin-bottom: 5px;'>Alimentado directamente por el panel por lo que no requiere respaldo. Incluye SIM compatible con Telcel y Movistar&comma; no requiere contratos.<\/li>\n<li style='margin-bottom: 5px;'>Requiere pago de anualidad de TotalConnect.<\/li>\n<li style='margin-bottom: 5px;'>Compatible con AlarmNet\u00ae y Total ConnectTM.<\/li>\n<li style='margin-bottom: 5px;'>Compatible con la receptora 7810iRENT o software 7810PCAM<\/li>\n<\/ul><\/div>\n<\/p><\/div>\n<\/p><\/div>\n<div style='display: flex; flex-wrap: wrap; gap: 30px; margin-bottom: 30px;'>\n<div style='flex: 1 1 300px; min-width: 280px;'>\n<p style='font-size: 15px; color: inherit; margin-bottom: 15px;'> Ver el siguiente Video y el Diagrama adjunto para el funcionamiento del sistema: <\/p>\n<\/p><\/div>\n<\/p><\/div>\n<div style='display: flex; flex-wrap: wrap; gap: 30px; margin-bottom: 30px;'>\n<div style='flex: 1 1 500px; min-width: 300px;'>\n<div style='position: relative; padding-bottom: 56.25%; height: 0; overflow: hidden; margin-bottom: 30px;'>   <\/div>\n<\/p><\/div>\n<\/p><\/div>\n<div style='display: flex; flex-wrap: wrap; gap: 30px; margin-bottom: 30px;'>\n<div style='flex: 1 1 500px; min-width: 300px;'> <img style='width: 100%; height: auto; border: 1px solid rgba(150&comma;150&comma;150&comma;0.3); border-radius: 8px;' src='http:\/\/ftp3.syscom.mx\/usuarios\/fotos\/GSM100KB\/89635-alarmnet1.png' alt=''> <\/div>\n<\/p><\/div>\n<hr style='border: 0; border-top: 1px solid rgba(150&comma; 150&comma; 150&comma; 0.3); margin: 30px 0;'> <\/div>\n","protected":false},"excerpt":{"rendered":"<p>Comunicador GSM 4G. Compatible con Paneles VISTA 48LA \/ 20P \/ 128FBPT. Ver Tabla de Compatibilidad.<\/p>\n","protected":false},"featured_media":7635,"comment_status":"open","ping_status":"closed","template":"","meta":[],"product_brand":[],"product_cat":[206],"product_tag":[207,209,180],"class_list":{"0":"post-7636","1":"product","2":"type-product","3":"status-publish","4":"has-post-thumbnail","6":"product_cat-comunicadores","7":"product_tag-comunicadores","8":"product_tag-honeywell","9":"product_tag-total-connect-honeywell","11":"first","12":"outofstock","13":"sale","14":"shipping-taxable","15":"purchasable","16":"product-type-simple"},"_links":{"self":[{"href":"https:\/\/soydeaqui.ddns.net\/pachuca\/index.php\/wp-json\/wp\/v2\/product\/7636","targetHints":{"allow":["GET"]}}],"collection":[{"href":"https:\/\/soydeaqui.ddns.net\/pachuca\/index.php\/wp-json\/wp\/v2\/product"}],"about":[{"href":"https:\/\/soydeaqui.ddns.net\/pachuca\/index.php\/wp-json\/wp\/v2\/types\/product"}],"replies":[{"embeddable":true,"href":"https:\/\/soydeaqui.ddns.net\/pachuca\/index.php\/wp-json\/wp\/v2\/comments?post=7636"}],"wp:featuredmedia":[{"embeddable":true,"href":"https:\/\/soydeaqui.ddns.net\/pachuca\/index.php\/wp-json\/wp\/v2\/media\/7635"}],"wp:attachment":[{"href":"https:\/\/soydeaqui.ddns.net\/pachuca\/index.php\/wp-json\/wp\/v2\/media?parent=7636"}],"wp:term":[{"taxonomy":"product_brand","embeddable":true,"href":"https:\/\/soydeaqui.ddns.net\/pachuca\/index.php\/wp-json\/wp\/v2\/product_brand?post=7636"},{"taxonomy":"product_cat","embeddable":true,"href":"https:\/\/soydeaqui.ddns.net\/pachuca\/index.php\/wp-json\/wp\/v2\/product_cat?post=7636"},{"taxonomy":"product_tag","embeddable":true,"href":"https:\/\/soydeaqui.ddns.net\/pachuca\/index.php\/wp-json\/wp\/v2\/product_tag?post=7636"}],"curies":[{"name":"wp","href":"https:\/\/api.w.org\/{rel}","templated":true}]}}