{"id":76357,"date":"2026-03-19T15:17:29","date_gmt":"2026-03-19T15:17:29","guid":{"rendered":"https:\/\/soydeaqui.ddns.net\/pachuca\/index.php\/producto\/switch-industrial-capa-3-16x-10-100-1000-t-poe-2x-sfp-1g\/"},"modified":"2026-03-19T15:17:30","modified_gmt":"2026-03-19T15:17:30","slug":"switch-industrial-capa-3-16x-10-100-1000-t-poe-2x-sfp-1g","status":"publish","type":"product","link":"https:\/\/soydeaqui.ddns.net\/pachuca\/index.php\/producto\/switch-industrial-capa-3-16x-10-100-1000-t-poe-2x-sfp-1g\/","title":{"rendered":"Switch Industrial Capa 3, 16x 10\/100\/1000-T PoE+, 2x SFP 1G"},"content":{"rendered":"<div style='width: 100%; max-width: 1200px; margin: 0 auto; font-family: sans-serif; line-height: 1.6; color: inherit; background-color: transparent;'>\n<h1 style='font-size: 28px; margin: 0 0 1em 0; color: inherit; font-weight: 400;'>Serie IE340<\/h1>\n<div style='margin-bottom: 1.5em; font-size: 16px; color: inherit;'> Conmutadores de capa 3 Gigabit de Ethernet industrial <\/div>\n<div style='margin-bottom: 2em; font-size: 15px; color: inherit;'>\n<p style='margin: 0 0 1em 0; color: inherit;'>Conmutadores reforzados creados para proporcionar un rendimiento duradero en entornos hostiles&comma; como la fabricaci\u00f3n&comma; el transporte y la seguridad f\u00edsica. Los switches IE340 brindan el rendimiento y la confiabilidad que exigen las implementaciones en la era de Internet de las cosas (IoT).<\/p>\n<\/p><\/div>\n<p> <!-- Secci\u00f3n de caracter\u00edsticas --> <\/p>\n<div style='display: flex; flex-wrap: wrap; gap: 30px; margin-bottom: 30px;'>\n<div style='flex: 1 1 300px; min-width: 280px;'>\n<h3 style='font-size: 22px; border-bottom: 2px solid currentColor; padding-bottom: 5px; margin-top: 0; color: inherit; opacity: 0.8;'>Visi\u00f3n general<\/h3>\n<ul style='padding-left: 20px; font-size: 15px; color: inherit;'>\n<li style='margin-bottom: 5px;'><span style='color: inherit;'>Ofreciendo alto rendimiento&comma; rica funcionalidad y caracter\u00edsticas de seguridad avanzadas<\/span><\/li>\n<li style='margin-bottom: 5px;'><span style='color: inherit;'>Robusto para cumplir con los \u00faltimos est\u00e1ndares de Ethernet industrial para temperatura&comma; vibraci\u00f3n y ruido el\u00e9ctrico<\/span><\/li>\n<li style='margin-bottom: 5px;'><span style='color: inherit;'>Admite conmutaci\u00f3n de red altamente estable y confiable&comma; con un tiempo de recuperaci\u00f3n de menos de 50 ms<\/span><\/li>\n<li style='margin-bottom: 5px;'><span style='color: inherit;'>Seguridad superior que incluye SSL&comma; SSH&comma; 802.1X&comma; MAC&comma; filtrado de IP&comma; RADIUS&comma; TACACS+ y VLAN<\/span><\/li>\n<li style='margin-bottom: 5px;'><span style='color: inherit;'>Gesti\u00f3n de dispositivos a trav\u00e9s de Web GUI&comma; SNMP&comma; Telnet&comma; SSH o Allied Telesis Autonomous Management Framework\u2122 (AMF)<\/span><\/li>\n<\/ul><\/div>\n<\/p><\/div>\n<p> <!-- Secci\u00f3n de caracter\u00edsticas clave --> <\/p>\n<div style='display: flex; flex-wrap: wrap; gap: 30px; margin-bottom: 30px;'>\n<div style='flex: 1 1 300px; min-width: 280px;'>\n<h3 style='font-size: 22px; border-bottom: 2px solid currentColor; padding-bottom: 5px; margin-top: 0; color: inherit; opacity: 0.8;'>Caracter\u00edsticas clave<\/h3>\n<ul style='padding-left: 20px; font-size: 15px; color: inherit;'>\n<li style='margin-bottom: 5px;'><span style='color: inherit;'>Sistema operativo rico en funciones AlliedWare Plus\u2122<\/span><\/li>\n<li style='margin-bottom: 5px;'><span style='color: inherit;'>Nodo de Autonomous Management Framework\u2122 (AMF)<\/span><\/li>\n<li style='margin-bottom: 5px;'><span style='color: inherit;'>OpenFlow para SDN<\/span><\/li>\n<li style='margin-bottom: 5px;'><span style='color: inherit;'>Active Fiber Monitoring\u2122 (AFM) detecta y evita intentos de manipulaci\u00f3n de enlaces de fibra<\/span><\/li>\n<li style='margin-bottom: 5px;'><span style='color: inherit;'>Soporte de protocolo de automatizaci\u00f3n industrial (Modbus\/TCP)<\/span><\/li>\n<li style='margin-bottom: 5px;'><span style='color: inherit;'>Anillo conmutado de protecci\u00f3n Ethernet (EPSRing\u2122)<\/span><\/li>\n<li style='margin-bottom: 5px;'><span style='color: inherit;'>Conmutaci\u00f3n de protecci\u00f3n de anillo Ethernet (ITU-T G.8032)<\/span><\/li>\n<li style='margin-bottom: 5px;'><span style='color: inherit;'>Capacidad de enrutamiento (ECMP&comma; OSPF&comma; RIP&comma; est\u00e1tico y BGP)<\/span><\/li>\n<li style='margin-bottom: 5px;'><span style='color: inherit;'>Solo reenv\u00edo ascendente (UFO)<\/span><\/li>\n<li style='margin-bottom: 5px;'><span style='color: inherit;'>Sincronizaci\u00f3n de tiempo precisa (IEEE 1588 PTP)<\/span><\/li>\n<li style='margin-bottom: 5px;'><span style='color: inherit;'>Fuente IEEE 802.3at PoE+ (30W)<\/span><\/li>\n<li style='margin-bottom: 5px;'><span style='color: inherit;'>Asignaci\u00f3n din\u00e1mica de energ\u00eda PoE<\/span><\/li>\n<li style='margin-bottom: 5px;'><span style='color: inherit;'>El PoE continuo garantiza el tiempo de actividad del punto final&comma; incluso durante una actualizaci\u00f3n de firmware del switch<\/span><\/li>\n<li style='margin-bottom: 5px;'><span style='color: inherit;'>Apagado t\u00e9rmico mejorado<\/span><\/li>\n<li style='margin-bottom: 5px;'><span style='color: inherit;'>Entradas de energ\u00eda redundantes<\/span><\/li>\n<li style='margin-bottom: 5px;'><span style='color: inherit;'>Puertos de entrada y salida de alarma<\/span><\/li>\n<li style='margin-bottom: 5px;'><span style='color: inherit;'>Dise\u00f1o sin ventilador para una operaci\u00f3n silenciosa y de alta confiabilidad<\/span><\/li>\n<\/ul><\/div>\n<\/p><\/div>\n<p> <!-- Secci\u00f3n de certificaciones --> <\/p>\n<div style='display: flex; flex-wrap: wrap; gap: 30px; margin-bottom: 30px;'>\n<div style='flex: 1 1 300px; min-width: 280px;'>\n<h3 style='font-size: 22px; border-bottom: 2px solid currentColor; padding-bottom: 5px; margin-top: 0; color: inherit; opacity: 0.8;'>Certificaciones y Cumplimiento<\/h3>\n<div style='margin-bottom: 1.5em;'>\n<h4 style='font-size: 18px; margin: 0.5em 0 0.3em 0; color: inherit; font-weight: bold;'>Listo para IPv6<\/h4>\n<p style='margin: 0 0 1em 0; font-size: 14px; color: inherit;'>Dirigida por IPv6 Forum&comma; la certificaci\u00f3n IPv6 Ready demuestra la conformidad con los est\u00e1ndares de IPv6 y valida la interoperabilidad de los productos IPv6.<\/p>\n<\/p><\/div>\n<div style='margin-bottom: 1.5em;'>\n<h4 style='font-size: 18px; margin: 0.5em 0 0.3em 0; color: inherit; font-weight: bold;'>Conformidad con OpenFlow<\/h4>\n<p style='margin: 0 0 1em 0; font-size: 14px; color: inherit;'>OpenFlow Conformance es la garant\u00eda m\u00e1s alta de Open Networking Foundation que valida los productos conforme a la especificaci\u00f3n OpenFlow.<\/p>\n<\/p><\/div>\n<div style='margin-bottom: 1.5em;'>\n<h4 style='font-size: 18px; margin: 0.5em 0 0.3em 0; color: inherit; font-weight: bold;'>Ley de Acuerdos Comerciales (TAA)<\/h4>\n<p style='margin: 0 0 1em 0; font-size: 14px; color: inherit;'>El cumplimiento de TAA es obligatorio para las compras del gobierno de los EE. UU. para demostrar que los productos se fabrican solo en los EE. UU. u otros pa\u00edses aprobados.<\/p>\n<\/p><\/div>\n<\/p><\/div>\n<\/p><\/div>\n<\/p><\/div>\n","protected":false},"excerpt":{"rendered":"<p>Switch Industrial Capa 3, 16x 10\/100\/1000-T PoE+, 2x SFP 1G<\/p>\n","protected":false},"featured_media":76356,"comment_status":"open","ping_status":"closed","template":"","meta":[],"product_brand":[],"product_cat":[1984],"product_tag":[1995,1985,664],"class_list":{"0":"post-76357","1":"product","2":"type-product","3":"status-publish","4":"has-post-thumbnail","6":"product_cat-industrial","7":"product_tag-allied-telesis","8":"product_tag-industrial","9":"product_tag-networking","11":"first","12":"outofstock","13":"sale","14":"shipping-taxable","15":"purchasable","16":"product-type-simple"},"_links":{"self":[{"href":"https:\/\/soydeaqui.ddns.net\/pachuca\/index.php\/wp-json\/wp\/v2\/product\/76357","targetHints":{"allow":["GET"]}}],"collection":[{"href":"https:\/\/soydeaqui.ddns.net\/pachuca\/index.php\/wp-json\/wp\/v2\/product"}],"about":[{"href":"https:\/\/soydeaqui.ddns.net\/pachuca\/index.php\/wp-json\/wp\/v2\/types\/product"}],"replies":[{"embeddable":true,"href":"https:\/\/soydeaqui.ddns.net\/pachuca\/index.php\/wp-json\/wp\/v2\/comments?post=76357"}],"wp:featuredmedia":[{"embeddable":true,"href":"https:\/\/soydeaqui.ddns.net\/pachuca\/index.php\/wp-json\/wp\/v2\/media\/76356"}],"wp:attachment":[{"href":"https:\/\/soydeaqui.ddns.net\/pachuca\/index.php\/wp-json\/wp\/v2\/media?parent=76357"}],"wp:term":[{"taxonomy":"product_brand","embeddable":true,"href":"https:\/\/soydeaqui.ddns.net\/pachuca\/index.php\/wp-json\/wp\/v2\/product_brand?post=76357"},{"taxonomy":"product_cat","embeddable":true,"href":"https:\/\/soydeaqui.ddns.net\/pachuca\/index.php\/wp-json\/wp\/v2\/product_cat?post=76357"},{"taxonomy":"product_tag","embeddable":true,"href":"https:\/\/soydeaqui.ddns.net\/pachuca\/index.php\/wp-json\/wp\/v2\/product_tag?post=76357"}],"curies":[{"name":"wp","href":"https:\/\/api.w.org\/{rel}","templated":true}]}}