{"id":76352,"date":"2026-03-19T15:17:16","date_gmt":"2026-03-19T15:17:16","guid":{"rendered":"https:\/\/soydeaqui.ddns.net\/pachuca\/index.php\/producto\/modulo-de-baterias-externas-de-240v-a-30-amp-para-extension-de-tiempo-de-respaldo-para-ups-serie-ol-de-6-kva-a-10-kva-2\/"},"modified":"2026-03-19T15:17:25","modified_gmt":"2026-03-19T15:17:25","slug":"modulo-de-baterias-externas-de-240v-a-30-amp-para-extension-de-tiempo-de-respaldo-para-ups-serie-ol-de-6-kva-a-10-kva-2","status":"publish","type":"product","link":"https:\/\/soydeaqui.ddns.net\/pachuca\/index.php\/producto\/modulo-de-baterias-externas-de-240v-a-30-amp-para-extension-de-tiempo-de-respaldo-para-ups-serie-ol-de-6-kva-a-10-kva-2\/","title":{"rendered":"M\u00f3dulo de Bater\u00edas Externas de 240V a 30 Amp, para Extensi\u00f3n de Tiempo de Respaldo, Para UPS Serie OL de 6 KVA a 10 KVA"},"content":{"rendered":"<div style='width: 100%; max-width: 1200px; margin: 0 auto; font-family: sans-serif; line-height: 1.6; color: inherit; background-color: transparent;'> <!-- Imagen del producto --> <\/p>\n<div style='width: 100%; margin-bottom: 30px;'> <img style='width: 100%; max-width: 600px; height: auto; border: 1px solid rgba(150&comma;150&comma;150&comma;0.3); border-radius: 8px;' src='https:\/\/ftp3.syscom.mx\/usuarios\/fotos\/logotipos\/cyberpower.png' alt=''> <\/div>\n<p> <!-- Descripci\u00f3n principal --> <\/p>\n<div style='width: 100%; margin-bottom: 30px;'>\n<p>El m\u00f3dulo de bater\u00edas BP240VL3U01 admiten enchufes polarizados de 50 Amp y est\u00e1n dise\u00f1ados para una gran variedad de sistemas UPS de CyberPower. Cuando se combina con el UPS&comma; el m\u00f3dulo de bater\u00eda proporciona un tiempo de ejecuci\u00f3n extendido con una conexi\u00f3n externa de 240 Vca. Los m\u00f3dulos de bater\u00eda conectados en paralelo adicionales proporcionan al UPS una operaci\u00f3n de tiempo de respaldo extendida m\u00e1s larga.<\/p>\n<p>Tambi\u00e9n tiene cargador de bater\u00eda&comma; proveyendo Tecnolog\u00eda de Carga R\u00e1pida para r\u00e1pidamente restaurar el respaldo de la fuente de suministro a su m\u00e1xima capacidad. Hasta 10 M\u00f3dulos de Bater\u00eda Externa (EBM) pueden ser agregados a un UPS&comma; y los conectores de poder plug-and-play permiten conectar en cadena a un UPS.<\/p>\n<\/p><\/div>\n<p> <!-- Secci\u00f3n de especificaciones --> <\/p>\n<div style='display: flex; flex-wrap: wrap; gap: 30px; margin-bottom: 30px;'>\n<div style='flex: 1 1 300px; min-width: 280px;'>\n<h3 style='font-size: 22px; border-bottom: 2px solid currentColor; padding-bottom: 5px; margin-top: 0; color: inherit; opacity: 0.8;'>Especificaciones t\u00e9cnicas<\/h3>\n<ul style='padding-left: 20px; font-size: 15px; color: inherit;'>\n<li style='margin-bottom: 5px;'><strong>Voltaje de Entrada:<\/strong> 200 &#8211; 240 Vca<\/li>\n<li style='margin-bottom: 5px;'><strong>Voltaje de Salida:<\/strong> 240 Vcc<\/li>\n<li style='margin-bottom: 5px;'><strong>Corriente:<\/strong> 30 Amp<\/li>\n<li style='margin-bottom: 5px;'><strong>Bater\u00edas:<\/strong> (20) 12 Vcc\/7.0 Ah<\/li>\n<li style='margin-bottom: 5px;'><strong>Dimensiones:<\/strong> 433 x 132 x 660 mm (Ancho x Alto x Profundidad)<\/li>\n<li style='margin-bottom: 5px;'><strong>Peso:<\/strong> 76 kg<\/li>\n<li style='margin-bottom: 5px;'><strong>Tama\u00f1o en Rack:<\/strong> 3 UR<\/li>\n<li style='margin-bottom: 5px;'><strong>(incluye bater\u00eda)<\/strong><\/li>\n<\/ul><\/div>\n<\/p><\/div>\n<p> <!-- Secci\u00f3n de compatibilidad --> <\/p>\n<div style='display: flex; flex-wrap: wrap; gap: 30px; margin-bottom: 30px;'>\n<div style='flex: 1 1 300px; min-width: 280px;'>\n<h3 style='font-size: 22px; border-bottom: 2px solid currentColor; padding-bottom: 5px; margin-top: 0; color: inherit; opacity: 0.8;'>Compatibilidad<\/h3>\n<p style='margin-top: 0;'><strong>El BP240VL3U01 es compatible con los modelos de Cyberpower de la serie OL:<\/strong><\/p>\n<ul style='padding-left: 20px; font-size: 15px; color: inherit;'>\n<li style='margin-bottom: 5px;'>OL6KRT<\/li>\n<li style='margin-bottom: 5px;'>OL6KRTF<\/li>\n<li style='margin-bottom: 5px;'>OL8KRT<\/li>\n<li style='margin-bottom: 5px;'>OL8KRTF<\/li>\n<li style='margin-bottom: 5px;'>OL10KRT<\/li>\n<li style='margin-bottom: 5px;'>OL10KRTF<\/li>\n<li style='margin-bottom: 5px;'>OL10KRTHW<\/li>\n<\/ul><\/div>\n<\/p><\/div>\n<p> <!-- Separador --> <\/p>\n<hr style='border: 0; border-top: 1px solid rgba(150&comma; 150&comma; 150&comma; 0.3); margin: 30px 0;'> <\/div>\n","protected":false},"excerpt":{"rendered":"<p>M\u00f3dulo de Bater\u00edas Externas de 240V a 30 Amp, para Extensi\u00f3n de Tiempo de Respaldo, Para UPS Serie OL de 6 KVA a 10 KVA<\/p>\n","protected":false},"featured_media":76351,"comment_status":"open","ping_status":"closed","template":"","meta":[],"product_brand":[],"product_cat":[1222],"product_tag":[677,62,1062],"class_list":{"0":"post-76352","1":"product","2":"type-product","3":"status-publish","4":"has-post-thumbnail","6":"product_cat-todos-ups-respaldo","7":"product_tag-cyberpower","8":"product_tag-todos","9":"product_tag-ups-respaldo","11":"first","12":"outofstock","13":"sale","14":"shipping-taxable","15":"purchasable","16":"product-type-simple"},"_links":{"self":[{"href":"https:\/\/soydeaqui.ddns.net\/pachuca\/index.php\/wp-json\/wp\/v2\/product\/76352","targetHints":{"allow":["GET"]}}],"collection":[{"href":"https:\/\/soydeaqui.ddns.net\/pachuca\/index.php\/wp-json\/wp\/v2\/product"}],"about":[{"href":"https:\/\/soydeaqui.ddns.net\/pachuca\/index.php\/wp-json\/wp\/v2\/types\/product"}],"replies":[{"embeddable":true,"href":"https:\/\/soydeaqui.ddns.net\/pachuca\/index.php\/wp-json\/wp\/v2\/comments?post=76352"}],"wp:featuredmedia":[{"embeddable":true,"href":"https:\/\/soydeaqui.ddns.net\/pachuca\/index.php\/wp-json\/wp\/v2\/media\/76351"}],"wp:attachment":[{"href":"https:\/\/soydeaqui.ddns.net\/pachuca\/index.php\/wp-json\/wp\/v2\/media?parent=76352"}],"wp:term":[{"taxonomy":"product_brand","embeddable":true,"href":"https:\/\/soydeaqui.ddns.net\/pachuca\/index.php\/wp-json\/wp\/v2\/product_brand?post=76352"},{"taxonomy":"product_cat","embeddable":true,"href":"https:\/\/soydeaqui.ddns.net\/pachuca\/index.php\/wp-json\/wp\/v2\/product_cat?post=76352"},{"taxonomy":"product_tag","embeddable":true,"href":"https:\/\/soydeaqui.ddns.net\/pachuca\/index.php\/wp-json\/wp\/v2\/product_tag?post=76352"}],"curies":[{"name":"wp","href":"https:\/\/api.w.org\/{rel}","templated":true}]}}