{"id":7634,"date":"2026-03-18T06:58:47","date_gmt":"2026-03-18T06:58:47","guid":{"rendered":"https:\/\/soydeaqui.ddns.net\/pachuca\/index.php\/producto\/calefactor-a-12v-250ma-para-columnas-modelos-malta-cav-y-cav-w\/"},"modified":"2026-03-18T06:58:47","modified_gmt":"2026-03-18T06:58:47","slug":"calefactor-a-12v-250ma-para-columnas-modelos-malta-cav-y-cav-w","status":"publish","type":"product","link":"https:\/\/soydeaqui.ddns.net\/pachuca\/index.php\/producto\/calefactor-a-12v-250ma-para-columnas-modelos-malta-cav-y-cav-w\/","title":{"rendered":"Calefactor a 12V\/250mA Para Columnas Modelos MALTA, CAV y CAV-W."},"content":{"rendered":"<div style='width: 100%; max-width: 1200px; margin: 0 auto; font-family: sans-serif; line-height: 1.6; color: inherit; background-color: transparent;'>\n<div style='display: flex; flex-wrap: wrap; gap: 30px; margin-bottom: 30px;'>\n<div style='flex: 1 1 300px; min-width: 280px;'>\n<h3 style='font-size: 22px; border-bottom: 2px solid currentColor; padding-bottom: 5px; margin-top: 0; color: inherit; opacity: 0.8;'>Descripci\u00f3n<\/h3>\n<p style='margin-bottom: 15px; font-size: 15px; color: inherit;'>El calefactor MAH24V&comma; fabricado por Bunker Seguridad&comma; es un accesorio imprescindible en aquellos ambientes con un porcentaje de humedad elevada o para aquellas zonas con alto riesgo de condensaci\u00f3n de agua.<\/p>\n<p style='margin-bottom: 15px; font-size: 15px; color: inherit;'>Se utiliza para hacer frente a la condensaci\u00f3n que en ocasiones se puede producir sobre las lentes esf\u00e9ricas de las Barreras de Infrarrojos de Takex \/ fotoel\u00e9ctricos de Optex o Barreras IR de cualquier otro fabricante que se est\u00e9 utilizando&comma; as\u00ed como tambi\u00e9n la condensaci\u00f3n y empa\u00f1amiento que se produce sobre los perfiles de policarbonato antiv\u00e1ndalico de la Columna de Infrarrojos perimetral.<\/p>\n<p style='margin-bottom: 15px; font-size: 15px; color: inherit;'>Por lo general se recomienda su instalaci\u00f3n junto con un termostato PTS que act\u00faa como interruptor&comma; permitiendo el paso de corriente el\u00e9ctrica hacia el calefactor o calefactores MAH24 una vez la temperatura desciende de los 4\u00baC aproximadamente. El MAH24 ha de instalarse justo debajo de la Barrera de Infrarrojos ubicada en la parte m\u00e1s baja de la Columna IR de Seguridad Perimetral. En caso de que en la instalaci\u00f3n se fueran a utilizar m\u00e1s de un MAH24 dentro de cada Columna de Infrarrojos&comma; se ir\u00edan instalando debajo de cada Tx y\/o Rx de la Barrera IR empezando por el detector m\u00e1s bajo&comma; dejando si fuera el caso (menos MAH24 que transmisores y\/o receptores en la Columna IR)&comma; el detector de la parte superior sin MAH24. El motivo l\u00f3gico es que el aire caliente tiende a ascender con lo que esta \u00faltima Barrera fotoel\u00e9ctrica estar\u00eda recibiendo calor de los calefactores MAH24&comma; ubicados en la parte inferior.<\/p>\n<p style='margin-bottom: 15px; font-size: 15px; color: inherit;'>En zonas con mayor riesgo de condensaci\u00f3n y temperaturas muy bajas&comma; se recomienda apoyar la labor de los PTH24V dentro de la Columna de Infrarrojos Perimetral con el uso de ventiladores tipo MAFAN12 de Bunker (en instalaciones a 12V) o tipo MAFAN24 de Bunker (en instalaciones de 24V).<\/p>\n<p style='margin-bottom: 15px; font-size: 15px; color: inherit;'>Datos de consumo del MAH24V: a 12V\/24V o 12V doble potencia&comma; 250\/250\/500mA.<\/p>\n<p style='margin-bottom: 15px; font-size: 15px; color: inherit;'>Bunker Seguridad recomienda el uso de al menos un calefactor MAH24V por cada Transmisor y cada Receptor que componen una barrera de Infrarrojos.<\/p>\n<p style='margin-bottom: 15px; font-size: 15px; color: inherit;'>Compatible con las Garden Guard (Columnas IR tipo luminaria): Malta&comma; CAV y CAV-W.<\/p>\n<\/p><\/div>\n<\/p><\/div>\n<div style='display: flex; flex-wrap: wrap; gap: 20px; margin-bottom: 30px;'>\n<div style='flex: 1 1 250px; border: 1px solid rgba(150&comma; 150&comma; 150&comma; 0.4); border-radius: 8px; overflow: hidden; display: flex; flex-direction: column;'>\n<div style='padding: 15px; border-bottom: 1px solid rgba(150&comma; 150&comma; 150&comma; 0.2); font-weight: bold; font-size: 18px; color: inherit;'>Especificaciones<\/div>\n<div style='padding: 15px; color: inherit;'>\n<ul style='padding-left: 20px; margin: 0; font-size: 14px; list-style-type: disc;'>\n<li style='margin-bottom: 5px;'><span style='color: inherit;'>Requiere un termostato para activarse (PTS).<\/span><\/li>\n<li style='margin-bottom: 5px;'><span style='color: inherit;'>Imprescindible en lugares con alta probabilidad de condensaci\u00f3n.<\/span><\/li>\n<li style='margin-bottom: 5px;'><span style='color: inherit;'>Se recomienda colocar al menos una unidad bajo cada elemento Tx\/Rx. Para alimentaci\u00f3n de 24V son necesarios al menos dos MAH cableados seg\u00fan instrucciones.<\/span><\/li>\n<\/ul><\/div>\n<\/p><\/div>\n<div style='flex: 1 1 250px; border: 1px solid rgba(150&comma; 150&comma; 150&comma; 0.4); border-radius: 8px; overflow: hidden; display: flex; flex-direction: column;'>\n<div style='padding: 15px; border-bottom: 1px solid rgba(150&comma; 150&comma; 150&comma; 0.2); font-weight: bold; font-size: 18px; color: inherit;'>Compatibilidad<\/div>\n<div style='padding: 15px; color: inherit;'>\n<ul style='padding-left: 20px; margin: 0; font-size: 14px; list-style-type: disc;'>\n<li style='margin-bottom: 5px;'><span style='color: inherit;'>CAV<\/span><\/li>\n<li style='margin-bottom: 5px;'><span style='color: inherit;'>CAVW<\/span><\/li>\n<li style='margin-bottom: 5px;'><span style='color: inherit;'>MALTA<\/span><\/li>\n<\/ul><\/div>\n<\/p><\/div>\n<\/p><\/div>\n<div style='display: flex; flex-wrap: wrap; gap: 30px; margin-bottom: 30px;'>\n<div style='flex: 1 1 300px; min-width: 280px;'>\n<h3 style='font-size: 22px; border-bottom: 2px solid currentColor; padding-bottom: 5px; margin-top: 0; color: inherit; opacity: 0.8;'>Notas<\/h3>\n<p style='margin-bottom: 15px; font-size: 15px; color: inherit;'><strong style='color: inherit;'>*Pregunte por disponibilidad.<\/strong><\/p>\n<\/p><\/div>\n<\/p><\/div>\n<div style='display: flex; flex-wrap: wrap; gap: 30px; margin-bottom: 30px;'>\n<div style='flex: 1 1 300px; min-width: 280px;'>\n<h3 style='font-size: 22px; border-bottom: 2px solid currentColor; padding-bottom: 5px; margin-top: 0; color: inherit; opacity: 0.8;'>Ilustraci\u00f3n<\/h3>\n<p> <img style='width: 100%; height: auto; border: 1px solid rgba(150&comma;150&comma;150&comma;0.3); border-radius: 8px;' src='http:\/\/ftp3.syscom.mx\/usuarios\/fotos\/pdfs\/MAHilustracion.jpg' alt=''> <\/div>\n<\/p><\/div>\n<hr style='border: 0; border-top: 1px solid rgba(150&comma; 150&comma; 150&comma; 0.3); margin: 30px 0;'> <\/div>\n","protected":false},"excerpt":{"rendered":"<p>Calefactor a 12V\/250mA Para Columnas Modelos MALTA, CAV y CAV-W.<\/p>\n","protected":false},"featured_media":7633,"comment_status":"open","ping_status":"closed","template":"","meta":[],"product_brand":[],"product_cat":[199],"product_tag":[509,201,200],"class_list":{"0":"post-7634","1":"product","2":"type-product","3":"status-publish","4":"has-post-thumbnail","6":"product_cat-carcasas","7":"product_tag-bunker-seguridad","8":"product_tag-carcasas","9":"product_tag-gabinetes-y-carcasas","11":"first","12":"outofstock","13":"sale","14":"shipping-taxable","15":"purchasable","16":"product-type-simple"},"_links":{"self":[{"href":"https:\/\/soydeaqui.ddns.net\/pachuca\/index.php\/wp-json\/wp\/v2\/product\/7634","targetHints":{"allow":["GET"]}}],"collection":[{"href":"https:\/\/soydeaqui.ddns.net\/pachuca\/index.php\/wp-json\/wp\/v2\/product"}],"about":[{"href":"https:\/\/soydeaqui.ddns.net\/pachuca\/index.php\/wp-json\/wp\/v2\/types\/product"}],"replies":[{"embeddable":true,"href":"https:\/\/soydeaqui.ddns.net\/pachuca\/index.php\/wp-json\/wp\/v2\/comments?post=7634"}],"wp:featuredmedia":[{"embeddable":true,"href":"https:\/\/soydeaqui.ddns.net\/pachuca\/index.php\/wp-json\/wp\/v2\/media\/7633"}],"wp:attachment":[{"href":"https:\/\/soydeaqui.ddns.net\/pachuca\/index.php\/wp-json\/wp\/v2\/media?parent=7634"}],"wp:term":[{"taxonomy":"product_brand","embeddable":true,"href":"https:\/\/soydeaqui.ddns.net\/pachuca\/index.php\/wp-json\/wp\/v2\/product_brand?post=7634"},{"taxonomy":"product_cat","embeddable":true,"href":"https:\/\/soydeaqui.ddns.net\/pachuca\/index.php\/wp-json\/wp\/v2\/product_cat?post=7634"},{"taxonomy":"product_tag","embeddable":true,"href":"https:\/\/soydeaqui.ddns.net\/pachuca\/index.php\/wp-json\/wp\/v2\/product_tag?post=7634"}],"curies":[{"name":"wp","href":"https:\/\/api.w.org\/{rel}","templated":true}]}}